{"id":81048,"date":"2026-03-19T18:28:48","date_gmt":"2026-03-19T18:28:48","guid":{"rendered":"https:\/\/soydeaqui.ddns.net\/pachuca\/index.php\/producto\/switch-kvm-16-puertos-4k-usb-3-0-video-dynasync-conexion-en-cascada-funcion-pantalla-multiple\/"},"modified":"2026-03-19T18:28:54","modified_gmt":"2026-03-19T18:28:54","slug":"switch-kvm-16-puertos-4k-usb-3-0-video-dynasync-conexion-en-cascada-funcion-pantalla-multiple","status":"publish","type":"product","link":"https:\/\/soydeaqui.ddns.net\/pachuca\/index.php\/producto\/switch-kvm-16-puertos-4k-usb-3-0-video-dynasync-conexion-en-cascada-funcion-pantalla-multiple\/","title":{"rendered":"Switch KVM | 16 Puertos | 4K USB 3.0 | Video DynaSync\u2122 | Conexi\u00f3n en Cascada | Funci\u00f3n Pantalla M\u00faltiple"},"content":{"rendered":"<div style='width: 100%; max-width: 1200px; margin: 0 auto; font-family: sans-serif; line-height: 1.6; color: inherit; background-color: transparent;'> <!-- Imagen principal --> <\/p>\n<div style='margin-bottom: 30px;'> <img style='width: 100%; height: auto; border: 1px solid rgba(150&comma;150&comma;150&comma;0.3); border-radius: 8px;' src='https:\/\/ftp3.syscom.mx\/usuarios\/luis.vargas\/ATEN\/CS18216\/CS18216_1.png' alt='Switch KVM CS18216'> <\/div>\n<p> <!-- Contenido principal con grid --> <\/p>\n<div style='display: grid; grid-template-columns: 1fr; gap: 30px; margin-bottom: 30px;'>\n<div style='display: grid; grid-template-columns: 1fr 1fr; gap: 20px;'>\n<div> <img style='width: 80%; height: auto; margin: 0 auto; display: block; border: 1px solid rgba(150&comma;150&comma;150&comma;0.3); border-radius: 8px;' src='https:\/\/ftp3.syscom.mx\/usuarios\/luis.vargas\/ATEN\/CS18216\/CS18216_2.png' alt='Panel frontal Switch KVM'> <\/div>\n<div style='display: flex; flex-direction: column; justify-content: center;'>\n<h3 style='font-size: 24px; border-bottom: 2px solid currentColor; padding-bottom: 5px; margin-top: 0; color: inherit; opacity: 0.8;'>KVM Switch<\/h3>\n<p style='font-size: 15px; color: inherit; text-align: justify;'>Mantener operaciones de TI efectivas es crucial para el funcionamiento continuo de negocios y servicios. Con las fuerzas laborales adapt\u00e1ndose a la nueva normalidad&comma; mantener los servicios de TI ininterrumpidos las 24 horas&comma; los 7 d\u00edas de la semana&comma; y seguir siendo competitivo se ha vuelto m\u00e1s cr\u00edtico que nunca. Al mismo tiempo&comma; con el crecimiento exponencial de la cantidad de datos a lo largo de los a\u00f1os&comma; mejorar la eficiencia operativa sigue siendo el punto focal para profesionales de centros de datos y salas de servidores mientras buscan optimizar procedimientos rutinarios en procesos automatizados&comma; como la entrada de datos&comma; pruebas de funciones&comma; actualizaciones del sistema&comma; y mucho m\u00e1s.<\/p>\n<\/p><\/div>\n<\/p><\/div>\n<div style='display: grid; grid-template-columns: 1fr 1fr; gap: 20px;'>\n<div style='display: flex; flex-direction: column; justify-content: center;'>\n<p style='font-size: 15px; color: inherit; text-align: justify;'>El CS18216&comma; con calidad de v\u00eddeo 4K superior&comma; agilidad perif\u00e9rica USB 3.0 y capacidad de montaje en rack que ahorra espacio&comma; permite controlar centralmente 16 computadoras a trav\u00e9s de una sola consola. Los ingenieros de TI pueden acelerar las operaciones del sistema al configurar m\u00faltiples unidades simult\u00e1neamente en lugar de trabajar una por una. Las tareas rutinarias o repetitivas pueden replicarse y transmitirse r\u00e1pidamente en M\u00faltiples computadoras en segundos&comma; reduciendo tiempo&comma; espacio y costos&comma; al mismo tiempo que se busca aumentar la productividad empresarial.<\/p>\n<\/p><\/div>\n<div> <img style='width: 80%; height: auto; margin: 0 auto; display: block; border: 1px solid rgba(150&comma;150&comma;150&comma;0.3); border-radius: 8px;' src='https:\/\/ftp3.syscom.mx\/usuarios\/luis.vargas\/ATEN\/CS18216\/CS18216_3.png' alt='Instalaci\u00f3n Switch KVM'> <\/div>\n<\/p><\/div>\n<\/p><\/div>\n<p> <!-- Secci\u00f3n de caracter\u00edsticas --> <\/p>\n<div style='margin-bottom: 30px;'>\n<h3 style='font-size: 22px; border-bottom: 2px solid currentColor; padding-bottom: 5px; margin-top: 0; color: inherit; opacity: 0.8;'>Caracter\u00edsticas generales<\/h3>\n<div style='display: grid; grid-template-columns: 1fr 1fr; gap: 30px; margin-top: 20px;'> <!-- Columna 1 --> <\/p>\n<div>\n<ul style='padding-left: 20px; font-size: 15px; color: inherit;'>\n<li style='margin-bottom: 15px;'><strong>Conexiones de computadora:<\/strong>\n<ul style='padding-left: 20px; margin-top: 8px;'>\n<li>Directo: 16<\/li>\n<li>M\u00e1ximo: 256 (a trav\u00e9s de Cascada)<\/li>\n<\/ul>\n<\/li>\n<li style='margin-bottom: 15px;'><strong>Selecci\u00f3n de puertos:<\/strong>\n<ul style='padding-left: 20px; margin-top: 8px;'>\n<li>OSD&comma; tecla de acceso r\u00e1pido&comma; pulsador&comma; comandos RS-232<\/li>\n<\/ul>\n<\/li>\n<li style='margin-bottom: 15px;'><strong>Conectores:<\/strong>\n<ul style='padding-left: 20px; margin-top: 8px;'>\n<li>Puertos de consola:\n<ul style='padding-left: 20px; margin-top: 8px;'>\n<li>1 HDMI hembra (negro)<\/li>\n<li>2 x USB tipo A hembra<\/li>\n<li>2 x conector de audio hembra de 3&comma;5 mm (verde; 1 x frontal&comma; 1 x trasero)<\/li>\n<\/ul>\n<\/li>\n<li>Puertos KVM\n<ul style='padding-left: 20px; margin-top: 8px;'>\n<li>16 HDMI hembra<\/li>\n<li>16 x USB3.1 Gen1 Tipo B hembra (azul)<\/li>\n<li>Conector de audio hembra de 16 x 3&comma;5 mm (verde)<\/li>\n<\/ul>\n<\/li>\n<\/ul>\n<\/li>\n<\/ul><\/div>\n<p> <!-- Columna 2 --> <\/p>\n<div>\n<ul style='padding-left: 20px; font-size: 15px; color: inherit;'>\n<li style='margin-bottom: 15px;'><strong>Conectores (continuaci\u00f3n):<\/strong>\n<ul style='padding-left: 20px; margin-top: 8px;'>\n<li>Actualizaci\u00f3n de firmware\n<ul style='padding-left: 20px; margin-top: 8px;'>\n<li>1 x RJ11 hembra (negro)<\/li>\n<\/ul>\n<\/li>\n<li>Alimentaci\u00f3n\n<ul style='padding-left: 20px; margin-top: 8px;'>\n<li>1 Conector CC<\/li>\n<\/ul>\n<\/li>\n<li>Concetradores USB\n<ul style='padding-left: 20px; margin-top: 8px;'>\n<li>2 x USB3.1 Gen1 Tipo A hembra (azul; 2 x frontales)<\/li>\n<\/ul>\n<\/li>\n<\/ul>\n<\/li>\n<li style='margin-bottom: 15px;'><strong>Switches:<\/strong>\n<ul style='padding-left: 20px; margin-top: 8px;'>\n<li>Selecci\u00f3n de puerto\n<ul style='padding-left: 20px; margin-top: 8px;'>\n<li>16 pulsadores<\/li>\n<\/ul>\n<\/li>\n<li>Reiniciar\n<ul style='padding-left: 20px; margin-top: 8px;'>\n<li>1 x pulsador semiempotrado<\/li>\n<\/ul>\n<\/li>\n<li>Recuperaci\u00f3n de actualizaci\u00f3n de firmware\n<ul style='padding-left: 20px; margin-top: 8px;'>\n<li>1 x interruptor deslizante<\/li>\n<\/ul>\n<\/li>\n<\/ul>\n<\/li>\n<\/ul><\/div>\n<\/p><\/div>\n<p> <!-- Secci\u00f3n de LEDs y especificaciones adicionales --> <\/p>\n<div style='margin-top: 30px;'>\n<ul style='padding-left: 20px; font-size: 15px; color: inherit;'>\n<li style='margin-bottom: 15px;'><strong>Leds:<\/strong>\n<ul style='padding-left: 20px; margin-top: 8px;'>\n<li>En L\u00ednea \/Seleccionados: 16 (Naranja)<\/li>\n<li>Potencia: 1 (verde)<\/li>\n<li>Enlace USB: 16 (verde)<\/li>\n<\/ul>\n<\/li>\n<li style='margin-bottom: 15px;'><strong>Emulaci\u00f3n:<\/strong>\n<ul style='padding-left: 20px; margin-top: 8px;'>\n<li>Rat\u00f3n\/Mouse: USB<\/li>\n<\/ul>\n<\/li>\n<li style='margin-bottom: 15px;'><strong>Video:<\/strong>\n<ul style='padding-left: 20px; margin-top: 8px;'>\n<li>HDMI: 4096&#215;2160 @ 60Hz<\/li>\n<\/ul>\n<\/li>\n<li style='margin-bottom: 15px;'><strong>Intervalo de escaneo:<\/strong>\n<ul style='padding-left: 20px; margin-top: 8px;'>\n<li>0-255 segundos (default: 5s)<\/li>\n<\/ul>\n<\/li>\n<li style='margin-bottom: 15px;'><strong>Consumo:<\/strong>\n<ul style='padding-left: 20px; margin-top: 8px;'>\n<li>CC 12 V: 13&comma;12 W: 104 BTU<\/li>\n<\/ul>\n<\/li>\n<li style='margin-bottom: 15px;'><strong>Ambiental:<\/strong>\n<ul style='padding-left: 20px; margin-top: 8px;'>\n<li>Temperatura de funcionamiento 0 \u2013 40\u00b0C<\/li>\n<li>Temperatura de almacenamiento -20 \u2013 60\u00b0C<\/li>\n<li>Humedad 0 \u2013 80 % HR&comma; sin condensaci\u00f3n<\/li>\n<\/ul>\n<\/li>\n<li style='margin-bottom: 15px;'><strong>Propiedades F\u00edsicas:<\/strong>\n<ul style='padding-left: 20px; margin-top: 8px;'>\n<li>Carcasa Met\u00e1lica<\/li>\n<li>Peso 3&comma;54 kg (7&comma;8 libras)<\/li>\n<li>Dimensiones (largo x ancho x alto) 43&comma;24 x 21&comma;43 x 4&comma;40 cm (17&comma;02 x 8&comma;44 x 1&comma;73 pulgadas)<\/li>\n<\/ul>\n<\/li>\n<\/ul><\/div>\n<\/p><\/div>\n<p> <!-- Secci\u00f3n de contenido adicional --> <\/p>\n<div style='margin-bottom: 30px;'>\n<div style='display: flex; flex-wrap: wrap; gap: 20px;'>\n<div style='flex: 1 1 300px; min-width: 280px;'>\n<h3 style='font-size: 18px; border-bottom: 2px solid currentColor; padding-bottom: 5px; margin-top: 0; color: inherit; opacity: 0.8;'>Contenido del paquete<\/h3>\n<ul style='padding-left: 20px; font-size: 15px; color: inherit;'>\n<li>1x CS18216 16-Port USB 3.0 4K HDMI KVM Switch with Rack Mounting Kit<\/li>\n<li>2x Cables HDMI<\/li>\n<li>2x Cables USB 3.0<\/li>\n<li>2x Cables de audio<\/li>\n<li>1x Cable de actualizaci\u00f3n de firmware<\/li>\n<li>1x Juego de almohadillas antideslizantes (4 piezas)<\/li>\n<li>1x Adaptador de corriente<\/li>\n<li>1x Instrucciones del usuario<\/li>\n<\/ul><\/div>\n<\/p><\/div>\n<\/p><\/div>\n<p> <!-- Separador final --> <\/p>\n<hr style='border: 0; border-top: 1px solid rgba(150&comma; 150&comma; 150&comma; 0.3); margin: 30px 0;'> <\/div>\n","protected":false},"excerpt":{"rendered":"<p>Switch KVM | 16 Puertos | 4K USB 3.0 | Video DynaSync\u2122 | Conexi\u00f3n en Cascada | Funci\u00f3n Pantalla M\u00faltiple<\/p>\n","protected":false},"featured_media":81047,"comment_status":"open","ping_status":"closed","template":"","meta":[],"product_brand":[],"product_cat":[2132],"product_tag":[2121,2133,2120],"class_list":{"0":"post-81048","1":"product","2":"type-product","3":"status-publish","4":"has-post-thumbnail","6":"product_cat-kvm","7":"product_tag-aten","8":"product_tag-kvm","9":"product_tag-proav","11":"first","12":"outofstock","13":"sale","14":"shipping-taxable","15":"purchasable","16":"product-type-simple"},"_links":{"self":[{"href":"https:\/\/soydeaqui.ddns.net\/pachuca\/index.php\/wp-json\/wp\/v2\/product\/81048","targetHints":{"allow":["GET"]}}],"collection":[{"href":"https:\/\/soydeaqui.ddns.net\/pachuca\/index.php\/wp-json\/wp\/v2\/product"}],"about":[{"href":"https:\/\/soydeaqui.ddns.net\/pachuca\/index.php\/wp-json\/wp\/v2\/types\/product"}],"replies":[{"embeddable":true,"href":"https:\/\/soydeaqui.ddns.net\/pachuca\/index.php\/wp-json\/wp\/v2\/comments?post=81048"}],"wp:featuredmedia":[{"embeddable":true,"href":"https:\/\/soydeaqui.ddns.net\/pachuca\/index.php\/wp-json\/wp\/v2\/media\/81047"}],"wp:attachment":[{"href":"https:\/\/soydeaqui.ddns.net\/pachuca\/index.php\/wp-json\/wp\/v2\/media?parent=81048"}],"wp:term":[{"taxonomy":"product_brand","embeddable":true,"href":"https:\/\/soydeaqui.ddns.net\/pachuca\/index.php\/wp-json\/wp\/v2\/product_brand?post=81048"},{"taxonomy":"product_cat","embeddable":true,"href":"https:\/\/soydeaqui.ddns.net\/pachuca\/index.php\/wp-json\/wp\/v2\/product_cat?post=81048"},{"taxonomy":"product_tag","embeddable":true,"href":"https:\/\/soydeaqui.ddns.net\/pachuca\/index.php\/wp-json\/wp\/v2\/product_tag?post=81048"}],"curies":[{"name":"wp","href":"https:\/\/api.w.org\/{rel}","templated":true}]}}