{"id":81038,"date":"2026-03-19T18:28:25","date_gmt":"2026-03-19T18:28:25","guid":{"rendered":"https:\/\/soydeaqui.ddns.net\/pachuca\/index.php\/producto\/huawei-miniftto-cable-hibrido-fotoelectrico-monomodo-xc-upc-xc-upc-interior-fibra-g-657a2-cobre-26-awg-30m\/"},"modified":"2026-03-19T18:28:33","modified_gmt":"2026-03-19T18:28:33","slug":"huawei-miniftto-cable-hibrido-fotoelectrico-monomodo-xc-upc-xc-upc-interior-fibra-g-657a2-cobre-26-awg-30m","status":"publish","type":"product","link":"https:\/\/soydeaqui.ddns.net\/pachuca\/index.php\/producto\/huawei-miniftto-cable-hibrido-fotoelectrico-monomodo-xc-upc-xc-upc-interior-fibra-g-657a2-cobre-26-awg-30m\/","title":{"rendered":"HUAWEI MiniFTTO &#8211; Cable Hibrido Fotoel\u00e9ctrico \/ Monomodo \/ (XC\/UPC)-(XC\/UPC)\/ Interior \/ Fibra G.657A2 \/ Cobre 26 AWG \/ 30m"},"content":{"rendered":"<div style='width: 100%; max-width: 1200px; margin: 0 auto; font-family: sans-serif; line-height: 1.6; color: inherit; background-color: transparent;'>\n<p style='text-align: justify;'>Un cable compuesto fotoel\u00e9ctrico es un cable compuesto que integra fibras y alambres de cobre para proporcionar transmisi\u00f3n de datos y funciones de alimentaci\u00f3n remota para terminales<\/p>\n<div style='display: flex; flex-wrap: wrap; gap: 15px; margin-bottom: 30px;'>\n<div style='flex: 1 1 300px; min-width: 280px;'>\n<div style='position: relative; padding-bottom: 56.25%; height: 0; overflow: hidden;'> <img style='position: absolute; top: 0; left: 0; width: 100%; height: auto; border: 1px solid rgba(150&comma;150&comma;150&comma;0.3); border-radius: 8px;' src='https:\/\/ftp3.syscom.mx\/usuarios\/fotos\/E0SDC2052\/225015-captura_de_pantalla_2024-01-15_a_la(s)_14.40.59.png' alt=''> <\/div>\n<\/p><\/div>\n<div style='flex: 1 1 300px; min-width: 280px;'>\n<div style='position: relative; padding-bottom: 56.25%; height: 0; overflow: hidden;'> <img style='position: absolute; top: 0; left: 0; width: 100%; height: auto; border: 1px solid rgba(150&comma;150&comma;150&comma;0.3); border-radius: 8px;' src='https:\/\/ftp3.syscom.mx\/usuarios\/fotos\/E0SDC2052\/225015-captura_de_pantalla_2024-01-15_a_la(s)_14.41.07.png' alt=''> <\/div>\n<\/p><\/div>\n<\/p><\/div>\n<div style='display: flex; flex-wrap: wrap; gap: 30px; margin-bottom: 30px;'>\n<div style='flex: 1 1 300px; min-width: 280px;'>\n<h3 style='font-size: 22px; border-bottom: 2px solid currentColor; padding-bottom: 5px; margin-top: 0; color: inherit; opacity: 0.8;'>Caracter\u00edsticas Principales<\/h3>\n<ul style='padding-left: 20px; font-size: 15px; color: inherit;'>\n<li style='margin-bottom: 5px;'><strong>Tipo de cable compuesto fotoel\u00e9ctrico:<\/strong> Cable derivado<\/li>\n<li style='margin-bottom: 5px;'><strong>Entorno de instalaci\u00f3n:<\/strong> Interior<\/li>\n<li style='margin-bottom: 5px;'><strong>Embalaje:<\/strong> Independiente<\/li>\n<li style='margin-bottom: 5px;'><strong>Tipo de puerto:<\/strong> Compuesto fotoel\u00e9ctrico prefabricado XC\/UPC peque\u00f1o y microconectores en ambos extremos<\/li>\n<li style='margin-bottom: 5px;'><strong>Temperatura de trabajo:<\/strong> \u201310\u00b0C a +60\u00b0C<\/li>\n<li style='margin-bottom: 5px;'><strong>Temperatura m\u00ednima de instalaci\u00f3n:<\/strong> \u201310\u00b0C<\/li>\n<li style='margin-bottom: 5px;'><strong>Tensi\u00f3n de funcionamiento nominal (CC):<\/strong> 48-56 V<\/li>\n<li style='margin-bottom: 5px;'><strong>Corriente de funcionamiento nominal (CC):<\/strong> 0&comma;25 A<\/li>\n<li style='margin-bottom: 5px;'><strong>Potencia m\u00e1xima:<\/strong> Cuando la longitud del cable compuesto fotoel\u00e9ctrico del alimentador es de 20 m&comma; la longitud m\u00e1xima de la rama fotoel\u00e9ctrica es de 80 m. Cuando la longitud del cable compuesto fotoel\u00e9ctrico del alimentador es de 2 m&comma; la longitud m\u00e1xima de la rama fotoel\u00e9ctrica es de 150 m.<\/li>\n<li style='margin-bottom: 5px;'><strong>Clasificaci\u00f3n retardante de llama:<\/strong> UL94-V0<\/li>\n<\/ul><\/div>\n<div style='flex: 1 1 300px; min-width: 280px;'>\n<h3 style='font-size: 22px; border-bottom: 2px solid currentColor; padding-bottom: 5px; margin-top: 0; color: inherit; opacity: 0.8;'>Dimensiones y estructura del cable fotoelectrico compuesto<\/h3>\n<ul style='padding-left: 20px; font-size: 15px; color: inherit;'>\n<li style='margin-bottom: 5px;'><strong>Fibra N\u00facleos de fibra:<\/strong> 1<\/li>\n<li style='margin-bottom: 5px;'><strong>Tipo de fibra:<\/strong> G.657A2<\/li>\n<li style='margin-bottom: 5px;'><strong>Tubo apretado:<\/strong> Di\u00e1metro: 0&comma;6 mm&comma; Material: LSZH<\/li>\n<li style='margin-bottom: 5px;'><strong>Material del conductor:<\/strong> Cobre&comma; Di\u00e1metro: Calibre 26&comma; Cantidad: 2<\/li>\n<li style='margin-bottom: 5px;'><strong>Material de la cubierta aislante:<\/strong> PVC&comma; Color Polo positivo: rojo; Polo negativo: azul&comma; Espesor: 0&comma;3 mm<\/li>\n<li style='margin-bottom: 5px;'><strong>Compuesto fotoel\u00e9ctrico funda de cable:<\/strong> Material PVC&comma; Color Blanco marfil<\/li>\n<li style='margin-bottom: 5px;'><strong>Dimensiones del cable fotoel\u00e9ctrico compuesto:<\/strong> 1&comma;8 mm x 4&comma;2 mm<\/li>\n<li style='margin-bottom: 5px;'><strong>Peso del cable fotoel\u00e9ctrico compuesto:<\/strong> 12 kg\/km<\/li>\n<li style='margin-bottom: 5px;'><strong>Longitud del cable fotoel\u00e9ctrico compuesto:<\/strong> 20 m<\/li>\n<li style='margin-bottom: 5px;'><strong>Radio m\u00ednimo de curvatura Est\u00e1tico:<\/strong> 18 mm<\/li>\n<li style='margin-bottom: 5px;'><strong>Din\u00e1mico:<\/strong> 36 mm<\/li>\n<\/ul><\/div>\n<div style='flex: 1 1 300px; min-width: 280px;'>\n<h3 style='font-size: 22px; border-bottom: 2px solid currentColor; padding-bottom: 5px; margin-top: 0; color: inherit; opacity: 0.8;'>Especificaciones \u00f3pticas y mec\u00e1nicas de conectores<\/h3>\n<ul style='padding-left: 20px; font-size: 15px; color: inherit;'>\n<li style='margin-bottom: 5px;'><strong>Tipo de conector:<\/strong> Conector compuesto fotoel\u00e9ctrico XC\/UPC<\/li>\n<li style='margin-bottom: 5px;'><strong>Dimensiones (alto x ancho x fondo):<\/strong> 6&comma;5 mm x 6 mm x 27 mm<\/li>\n<li style='margin-bottom: 5px;'><strong>P\u00e9rdida de inserci\u00f3n:<\/strong> \u2264 0&comma;50 dB<\/li>\n<li style='margin-bottom: 5px;'><strong>P\u00e9rdida de retorno:<\/strong> \u2265 50 dB<\/li>\n<li style='margin-bottom: 5px;'><strong>Tensi\u00f3n:<\/strong> 70N<\/li>\n<li style='margin-bottom: 5px;'><strong>Tiempos de inserci\u00f3n:<\/strong> \u2265 50 veces<\/li>\n<\/ul>\n<h3 style='font-size: 22px; border-bottom: 2px solid currentColor; padding-bottom: 5px; margin-top: 25px; margin-bottom: 15px; color: inherit; opacity: 0.8;'>Especificaciones el\u00e9ctricas de cables<\/h3>\n<ul style='padding-left: 20px; font-size: 15px; color: inherit;'>\n<li style='margin-bottom: 5px;'><strong>Resistencia de aislamiento:<\/strong> \u2265 500 M\u03a9; probado usando 500 V CC a temperatura normal durante 1 minuto<\/li>\n<li style='margin-bottom: 5px;'><strong>Tensi\u00f3n soportada diel\u00e9ctrica:<\/strong> Corriente de fuga inferior a 0&comma;5 mA a 1000 V durante 1 minuto<\/li>\n<li style='margin-bottom: 5px;'><strong>Prueba de conectividad:<\/strong> Sin cortocircuito ni circuito abierto a temperatura normal<\/li>\n<li style='margin-bottom: 5px;'><strong>En resistencia Rtest:<\/strong> \u2264 (Rcable) + 2 x 50 m\u03a9<\/li>\n<\/ul><\/div>\n<\/p><\/div>\n<div style='margin: 30px 0;'>\n<hr style='border: 0; border-top: 1px solid rgba(150&comma; 150&comma; 150&comma; 0.3); margin: 30px 0;'> <\/div>\n<h2 style='font-size: 24px; margin-bottom: 20px; color: inherit;'>Tutoriales<\/h2>\n<div style='display: flex; flex-wrap: wrap; gap: 30px; margin-bottom: 30px;'>\n<div style='flex: 1 1 300px; min-width: 280px;'>\n<div style='position: relative; padding-bottom: 56.25%; height: 0; overflow: hidden; margin-bottom: 30px;'>   <\/div>\n<\/p><\/div>\n<div style='flex: 1 1 300px; min-width: 280px;'>\n<div style='position: relative; padding-bottom: 56.25%; height: 0; overflow: hidden; margin-bottom: 30px;'>   <\/div>\n<\/p><\/div>\n<div style='flex: 1 1 300px; min-width: 280px;'>\n<div style='position: relative; padding-bottom: 56.25%; height: 0; overflow: hidden; margin-bottom: 30px;'>   <\/div>\n<\/p><\/div>\n<\/p><\/div>\n<\/p><\/div>\n","protected":false},"excerpt":{"rendered":"<p>HUAWEI MiniFTTO &#8211; Cable Hibrido Fotoel\u00e9ctrico \/ Monomodo \/ (XC\/UPC)-(XC\/UPC)\/ Interior \/ Fibra G.657A2 \/ Cobre 26 AWG \/ 30m<\/p>\n","protected":false},"featured_media":81037,"comment_status":"open","ping_status":"closed","template":"","meta":[],"product_brand":[],"product_cat":[2101],"product_tag":[2102,718,2011],"class_list":{"0":"post-81038","1":"product","2":"type-product","3":"status-publish","4":"has-post-thumbnail","6":"product_cat-cable-de-fibra-optica","7":"product_tag-cable-de-fibra-optica","8":"product_tag-huawei","9":"product_tag-redes-ftth-pon","11":"first","12":"instock","13":"sale","14":"shipping-taxable","15":"purchasable","16":"product-type-simple"},"_links":{"self":[{"href":"https:\/\/soydeaqui.ddns.net\/pachuca\/index.php\/wp-json\/wp\/v2\/product\/81038","targetHints":{"allow":["GET"]}}],"collection":[{"href":"https:\/\/soydeaqui.ddns.net\/pachuca\/index.php\/wp-json\/wp\/v2\/product"}],"about":[{"href":"https:\/\/soydeaqui.ddns.net\/pachuca\/index.php\/wp-json\/wp\/v2\/types\/product"}],"replies":[{"embeddable":true,"href":"https:\/\/soydeaqui.ddns.net\/pachuca\/index.php\/wp-json\/wp\/v2\/comments?post=81038"}],"wp:featuredmedia":[{"embeddable":true,"href":"https:\/\/soydeaqui.ddns.net\/pachuca\/index.php\/wp-json\/wp\/v2\/media\/81037"}],"wp:attachment":[{"href":"https:\/\/soydeaqui.ddns.net\/pachuca\/index.php\/wp-json\/wp\/v2\/media?parent=81038"}],"wp:term":[{"taxonomy":"product_brand","embeddable":true,"href":"https:\/\/soydeaqui.ddns.net\/pachuca\/index.php\/wp-json\/wp\/v2\/product_brand?post=81038"},{"taxonomy":"product_cat","embeddable":true,"href":"https:\/\/soydeaqui.ddns.net\/pachuca\/index.php\/wp-json\/wp\/v2\/product_cat?post=81038"},{"taxonomy":"product_tag","embeddable":true,"href":"https:\/\/soydeaqui.ddns.net\/pachuca\/index.php\/wp-json\/wp\/v2\/product_tag?post=81038"}],"curies":[{"name":"wp","href":"https:\/\/api.w.org\/{rel}","templated":true}]}}