{"id":81009,"date":"2026-03-19T18:27:15","date_gmt":"2026-03-19T18:27:15","guid":{"rendered":"https:\/\/soydeaqui.ddns.net\/pachuca\/index.php\/producto\/huawei-miniftto-punto-de-acceso-optico-wi-fi-6-2-976-gbps-1-puerto-10-100-1000-mbps-poe-1-gpon-sc-upc-pof-downstream-2-488-gbps-upstream-1-244-gbps-mimo-2x2-ganancia-de-antena-5dbi\/"},"modified":"2026-03-19T18:27:21","modified_gmt":"2026-03-19T18:27:21","slug":"huawei-miniftto-punto-de-acceso-optico-wi-fi-6-2-976-gbps-1-puerto-10-100-1000-mbps-poe-1-gpon-sc-upc-pof-downstream-2-488-gbps-upstream-1-244-gbps-mimo-2x2-ganancia-de-antena-5dbi","status":"publish","type":"product","link":"https:\/\/soydeaqui.ddns.net\/pachuca\/index.php\/producto\/huawei-miniftto-punto-de-acceso-optico-wi-fi-6-2-976-gbps-1-puerto-10-100-1000-mbps-poe-1-gpon-sc-upc-pof-downstream-2-488-gbps-upstream-1-244-gbps-mimo-2x2-ganancia-de-antena-5dbi\/","title":{"rendered":"HUAWEI MiniFTTO &#8211; Punto de Acceso \u00d3ptico Wi-Fi 6 \/ 2.976 Gbps \/ 1 puerto 10\/100\/1000 Mbps PoE + 1  GPON (SC\/UPC) PoF \/ Downstream 2.488 Gbps \/ Upstream 1.244 Gbps \/ MIMO 2X2 \/ Ganancia de Antena 5dBi \/ Wi-Fi Roaming \/ Administraci\u00f3n Nube"},"content":{"rendered":"<div style='width: 100%; max-width: 1200px; margin: 0 auto; font-family: sans-serif; line-height: 1.6; color: inherit; background-color: transparent;'> <!-- Descripci\u00f3n principal --> <\/p>\n<div style='margin-bottom: 30px;'>\n<p style='text-align: justify; font-size: 15px; color: inherit;'>Huawei OptiXstar <strong style='background-color: #ed0000; color: #ffffff; padding: 2px 6px; border-radius: 4px;'>F600C-30-1GH<\/strong> es un AP \u00f3ptico que admite Wi-Fi 6 para empresas. Proporciona acceso de banda ultra ancha a trav\u00e9s de fibras \u00f3pticas en direcci\u00f3n ascendente y funciona con un dispositivo de puerta de enlace principal para lograr una cobertura Wi-Fi gigabit para empresas.<\/p>\n<\/p><\/div>\n<p> <!-- Imagen principal --> <\/p>\n<div style='margin-bottom: 30px;'> <img style='width: 100%; height: auto; border: 1px solid rgba(150&comma;150&comma;150&comma;0.3); border-radius: 8px;' src='https:\/\/ftp3.syscom.mx\/usuarios\/fotos\/F600C301GH\/225009-captura_de_pantalla_2024-01-15_a_la(s)_11.31.49.png' alt='Huawei F600C301GH'> <\/div>\n<p> <!-- Videos --> <\/p>\n<div style='display: flex; flex-wrap: wrap; gap: 20px; margin-bottom: 30px;'>\n<div style='flex: 1 1 45%; min-width: 300px;'>\n<div style='position: relative; padding-bottom: 56.25%; height: 0; overflow: hidden;'>   <\/div>\n<\/p><\/div>\n<div style='flex: 1 1 45%; min-width: 300px;'>\n<div style='position: relative; padding-bottom: 56.25%; height: 0; overflow: hidden;'>   <\/div>\n<\/p><\/div>\n<\/p><\/div>\n<p> <!-- Caracter\u00edsticas y Especificaciones --> <\/p>\n<div style='display: flex; flex-wrap: wrap; gap: 30px; margin-bottom: 30px;'> <!-- Caracter\u00edsticas Generales --> <\/p>\n<div style='flex: 1 1 45%; min-width: 300px;'>\n<div style='border: 1px solid rgba(150&comma; 150&comma; 150&comma; 0.4); border-radius: 8px; overflow: hidden; display: flex; flex-direction: column;'>\n<div style='padding: 15px; border-bottom: 1px solid rgba(150&comma; 150&comma; 150&comma; 0.2); font-weight: bold; font-size: 18px; color: inherit; background-color: rgba(255&comma; 0&comma; 0&comma; 0.1);'>Caracter\u00edsticas Generales<\/div>\n<div style='padding: 15px; color: inherit;'>\n<ul style='padding-left: 20px; margin: 0; font-size: 14px; list-style-type: disc; color: inherit;'>\n<li style='margin-bottom: 5px;'>Administraci\u00f3n v\u00eda Navegador web (Stand Alone)&comma; App eKit o Nube eKit.<\/li>\n<li style='margin-bottom: 5px;'><strong style='background-color: #ed0000; color: #ffffff; padding: 2px 6px; border-radius: 4px;'>Nube Gratuita&comma; libre de licenciamientos.<\/strong><\/li>\n<li style='margin-bottom: 5px;'><strong>Modo de operaci\u00f3n: <\/strong>Puente.<\/li>\n<li style='margin-bottom: 5px;'><strong>Velocidad Wi-Fi 6<\/strong>: 574 Mbps (2.4 GHz) 2402 Mbps (5 GHz).<\/li>\n<li style='margin-bottom: 5px;'>Wi-Fi Roaming.<\/li>\n<li style='margin-bottom: 5px;'>Downstream rate: 2.488 Gbit\/s; upstream rate: 1.244 Gbit\/s.<\/li>\n<li style='margin-bottom: 5px;'>Admite 64 conexiones simult\u00e1neas.<\/li>\n<li style='margin-bottom: 5px;'><strong>Modo de instalaci\u00f3n:<\/strong> Techo.<\/li>\n<li style='margin-bottom: 5px;'><strong>Puertos:<\/strong> 1 puerto GPON&comma; 1 puertos x 10\/100\/1000 Mbps<\/li>\n<li style='margin-bottom: 5px;'>Alimentaci\u00f3n el\u00e9ctrica v\u00eda PoE y PoF.<\/li>\n<\/ul><\/div>\n<\/p><\/div>\n<\/p><\/div>\n<p> <!-- Especificaciones Electricas y Fisicas --> <\/p>\n<div style='flex: 1 1 45%; min-width: 300px;'>\n<div style='border: 1px solid rgba(150&comma; 150&comma; 150&comma; 0.4); border-radius: 8px; overflow: hidden; display: flex; flex-direction: column;'>\n<div style='padding: 15px; border-bottom: 1px solid rgba(150&comma; 150&comma; 150&comma; 0.2); font-weight: bold; font-size: 18px; color: inherit; background-color: rgba(255&comma; 0&comma; 0&comma; 0.1);'>Especificaciones El\u00e9ctricas y F\u00edsicas<\/div>\n<div style='padding: 15px; color: inherit;'>\n<ul style='padding-left: 20px; margin: 0; font-size: 14px; list-style-type: disc; color: inherit;'>\n<li style='margin-bottom: 5px;'>Dimensiones (Altura&comma; ancho y largo) 38 mm x 200 mm x 200 mm<\/li>\n<li style='margin-bottom: 5px;'>Peso: 0.6 kg.<\/li>\n<li style='margin-bottom: 5px;'>Alimentaci\u00f3n el\u00e9ctrica: 12 Vcc&comma; 1.5 A&comma; PoF.<\/li>\n<li style='margin-bottom: 5px;'>Fuente el\u00e9ctrica recomendada: <a href='https:\/\/www.syscom.mx\/principal\/searchcont?route=PSD1202DT-EPCOM-POWERLINE-189843&#038;autodetect=PSD1202DT' target='_blank' rel='noopener nofollow noreferrer' style='color: #1d4e8f; text-decoration: none; font-weight: bold;'>PSD1202DT<\/a><\/li>\n<li style='margin-bottom: 5px;'>M\u00e1ximo consumo el\u00e9ctrico 11W.<\/li>\n<li style='margin-bottom: 5px;'>Temperatura de operaci\u00f3n: -10\u00b0C a +50\u00b0C.<\/li>\n<li style='margin-bottom: 5px; font-weight: bold; color: inherit; font-size: 16px;'>Contenido del Paquete<\/li>\n<li style='margin-bottom: 5px;'>1 F600C-30-1GH.<\/li>\n<li style='margin-bottom: 5px;'>Manual de Instalaci\u00f3n.<\/li>\n<\/ul><\/div>\n<\/p><\/div>\n<\/p><\/div>\n<\/p><\/div>\n<p> <!-- \u00bfQu\u00e9 es MiniFTTO? --> <\/p>\n<div style='margin-bottom: 30px;'>\n<h2 style='font-size: 20px; margin-top: 0; margin-bottom: 15px; color: inherit; border-bottom: 2px solid currentColor; padding-bottom: 5px; width: fit-content;'>\u00bfQu\u00e9 es MiniFTTO?: Conexi\u00f3n de red para PyMEs<\/h2>\n<p style='text-align: justify; font-size: 15px; color: inherit;'>Basada en tecnolog\u00edas F5G&comma; la soluci\u00f3n Mini Fiber To The Office (MiniFTTO) presenta medios&comma; arquitectura y operaci\u00f3n y mantenimiento innovadores&comma; extendiendo las fibras a todos los rincones de los campus. Ayuda a las peque\u00f1as y microempresas a construir una red \u00f3ptica simplificada con operaci\u00f3n y mantenimiento sencillos y brinda a los usuarios una experiencia Wi-Fi 6 premium.<\/p>\n<\/p><\/div>\n<p> <!-- Imagen F5G --> <\/p>\n<div style='margin-bottom: 30px;'> <img style='width: 100%; height: auto; border: 1px solid rgba(150&comma;150&comma;150&comma;0.3); border-radius: 8px;' src='https:\/\/ftp3.syscom.mx\/usuarios\/fotos\/F1001AC\/225007-captura_de_pantalla_2024-01-12_a_la(s)_13.52.57.png' alt='Tecnolog\u00eda F5G'> <\/div>\n<p> <!-- Escenarios de Aplicaci\u00f3n --> <\/p>\n<div style='margin-bottom: 30px;'>\n<h2 style='font-size: 20px; margin-top: 0; margin-bottom: 15px; color: inherit; border-bottom: 2px solid currentColor; padding-bottom: 5px; width: fit-content;'>Escenarios de Aplicaci\u00f3n<\/h2>\n<p> <!-- Video de Escenario --> <\/p>\n<div style='margin-bottom: 20px;'>\n<h3 style='font-size: 18px; margin-top: 0; margin-bottom: 10px; color: inherit;'>Video de Escenario<\/h3>\n<div style='display: flex; flex-wrap: wrap; gap: 20px;'>\n<div style='flex: 1 1 45%; min-width: 300px;'>\n<div style='position: relative; padding-bottom: 56.25%; height: 0; overflow: hidden;'>   <\/div>\n<\/p><\/div>\n<div style='flex: 1 1 45%; min-width: 300px;'>\n<div style='position: relative; padding-bottom: 56.25%; height: 0; overflow: hidden;'>   <\/div>\n<\/p><\/div>\n<div style='flex: 1 1 45%; min-width: 300px;'>\n<div style='position: relative; padding-bottom: 56.25%; height: 0; overflow: hidden;'>   <\/div>\n<\/p><\/div>\n<div style='flex: 1 1 45%; min-width: 300px;'>\n<div style='position: relative; padding-bottom: 56.25%; height: 0; overflow: hidden;'>   <\/div>\n<\/p><\/div>\n<\/p><\/div>\n<\/p><\/div>\n<p> <!-- Red totalmente \u00f3ptica para peque\u00f1as y medianas empresas --> <\/p>\n<div style='margin-bottom: 20px;'>\n<h3 style='font-size: 18px; margin-top: 0; margin-bottom: 10px; color: inherit;'>Red totalmente \u00f3ptica para peque\u00f1as y medianas empresas<\/h3>\n<div style='display: flex; flex-wrap: wrap; gap: 20px;'>\n<div style='flex: 1 1 45%; min-width: 300px;'> <img style='width: 100%; height: auto; border: 1px solid rgba(150&comma;150&comma;150&comma;0.3); border-radius: 8px;' src='https:\/\/ftp3.syscom.mx\/usuarios\/fotos\/F1001AC\/225007-captura_de_pantalla_2024-01-12_a_la(s)_15.35.01.png' alt='Red \u00f3ptica PyME'> <\/div>\n<div style='flex: 1 1 45%; min-width: 300px;'>\n<h4 style='font-size: 16px; margin-top: 0; margin-bottom: 10px; color: inherit; font-weight: bold;'>Equipos Recomendados:<\/h4>\n<ul style='padding-left: 20px; margin: 0; font-size: 14px; list-style-type: disc; color: inherit;'>\n<li style='margin-bottom: 5px;'><strong>Gateway \u00d3ptico:<\/strong> <a href='https:\/\/www.syscom.mx\/producto\/F1001-AC-HUAWEI-eKIT-225007.html' target='_blank' rel='noopener' style='color: #1d4e8f; text-decoration: none; font-weight: bold;'>F1001-AC<\/a><\/li>\n<li style='margin-bottom: 5px;'><strong>AP \u00d3ptico:<\/strong> <a href='https:\/\/www.syscom.mx\/producto\/F600C301GH-HUAWEI-eKIT-225009.html' target='_blank' rel='noopener' style='color: #1d4e8f; text-decoration: none; font-weight: bold;'>F600C301GH<\/a><\/li>\n<li style='margin-bottom: 5px;'><strong>ONU PoE:<\/strong> <a href='https:\/\/www.syscom.mx\/producto\/F200D-8P-HUAWEI-eKIT-225008.html' target='_blank' rel='noopener' style='color: #1d4e8f; text-decoration: none; font-weight: bold;'>F200D-8P<\/a><\/li>\n<\/ul><\/div>\n<\/p><\/div>\n<\/p><\/div>\n<p> <!-- Red totalmente \u00f3ptica para tiendas --> <\/p>\n<div style='margin-bottom: 20px;'>\n<h3 style='font-size: 18px; margin-top: 0; margin-bottom: 10px; color: inherit;'>Red totalmente \u00f3ptica para tiendas<\/h3>\n<div style='display: flex; flex-wrap: wrap; gap: 20px;'>\n<div style='flex: 1 1 45%; min-width: 300px;'> <img style='width: 100%; height: auto; border: 1px solid rgba(150&comma;150&comma;150&comma;0.3); border-radius: 8px;' src='https:\/\/ftp3.syscom.mx\/usuarios\/fotos\/F1001AC\/225007-captura_de_pantalla_2024-01-12_a_la(s)_15.47.23.png' alt='Red \u00f3ptica para tiendas 1'> <\/div>\n<div style='flex: 1 1 45%; min-width: 300px;'> <img style='width: 100%; height: auto; border: 1px solid rgba(150&comma;150&comma;150&comma;0.3); border-radius: 8px;' src='https:\/\/ftp3.syscom.mx\/usuarios\/fotos\/F200D8G\/225005-captura_de_pantalla_2024-01-16_a_la(s)_9.33.31.png' alt='Red \u00f3ptica para tiendas 2'> <\/div>\n<\/p><\/div>\n<h4 style='font-size: 16px; margin-top: 15px; margin-bottom: 10px; color: inherit; font-weight: bold;'>Equipos Recomendados:<\/h4>\n<ul style='padding-left: 20px; margin: 0; font-size: 14px; list-style-type: disc; color: inherit;'>\n<li style='margin-bottom: 5px;'><strong>Gateway \u00d3ptico:<\/strong> <a href='https:\/\/www.syscom.mx\/producto\/F1001-AC-HUAWEI-eKIT-225007.html' target='_blank' rel='noopener' style='color: #1d4e8f; text-decoration: none; font-weight: bold;'>F1001-AC<\/a><\/li>\n<li style='margin-bottom: 5px;'><strong>AP \u00d3ptico:<\/strong> <a href='https:\/\/www.syscom.mx\/producto\/F600C301GH-HUAWEI-eKIT-225009.html' target='_blank' rel='noopener' style='color: #1d4e8f; text-decoration: none; font-weight: bold;'>F600C301GH<\/a><\/li>\n<li style='margin-bottom: 5px;'><strong>ONU PoE:<\/strong> <a href='https:\/\/www.syscom.mx\/producto\/F200D-8P-HUAWEI-eKIT-225008.html' target='_blank' rel='noopener' style='color: #1d4e8f; text-decoration: none; font-weight: bold;'>F200D-8P<\/a><\/li>\n<\/ul><\/div>\n<p> <!-- Red totalmente \u00f3ptica para casa Habitaci\u00f3n --> <\/p>\n<div style='margin-bottom: 20px;'>\n<h3 style='font-size: 18px; margin-top: 0; margin-bottom: 10px; color: inherit;'>Red totalmente \u00f3ptica para casa Habitaci\u00f3n<\/h3>\n<div style='display: flex; flex-wrap: wrap; gap: 20px;'>\n<div style='flex: 1 1 45%; min-width: 300px;'> <img style='width: 100%; height: auto; border: 1px solid rgba(150&comma;150&comma;150&comma;0.3); border-radius: 8px;' src='https:\/\/ftp3.syscom.mx\/usuarios\/fotos\/F1001AC\/225007-captura_de_pantalla_2024-01-12_a_la(s)_15.40.33.png' alt='Red \u00f3ptica para casa'> <\/div>\n<div style='flex: 1 1 45%; min-width: 300px;'>\n<h4 style='font-size: 16px; margin-top: 0; margin-bottom: 10px; color: inherit; font-weight: bold;'>Equipos Recomendados:<\/h4>\n<ul style='padding-left: 20px; margin: 0; font-size: 14px; list-style-type: disc; color: inherit;'>\n<li style='margin-bottom: 5px;'><strong>Gateway \u00d3ptico:<\/strong> <a href='https:\/\/www.syscom.mx\/producto\/F1001-AC-HUAWEI-eKIT-225007.html' target='_blank' rel='noopener' style='color: #1d4e8f; text-decoration: none; font-weight: bold;'>F1001-AC<\/a><\/li>\n<li style='margin-bottom: 5px;'><strong>AP \u00d3ptico:<\/strong> <a href='https:\/\/www.syscom.mx\/producto\/F600C301GH-HUAWEI-eKIT-225009.html' target='_blank' rel='noopener' style='color: #1d4e8f; text-decoration: none; font-weight: bold;'>F600C301GH<\/a><\/li>\n<li style='margin-bottom: 5px;'><strong>ONU PoE:<\/strong> <a href='https:\/\/www.syscom.mx\/producto\/F200D-8P-HUAWEI-eKIT-225008.html' target='_blank' rel='noopener' style='color: #1d4e8f; text-decoration: none; font-weight: bold;'>F200D-8P<\/a><\/li>\n<\/ul><\/div>\n<\/p><\/div>\n<\/p><\/div>\n<\/p><\/div>\n<p> <!-- Descargue app eKit --> <\/p>\n<div style='margin-bottom: 30px;'>\n<h2 style='font-size: 20px; margin-top: 0; margin-bottom: 15px; color: inherit; border-bottom: 2px solid currentColor; padding-bottom: 5px; width: fit-content;'>Descargue app eKit<\/h2>\n<div style='display: flex; flex-wrap: wrap; gap: 20px;'>\n<div style='flex: 1 1 45%; min-width: 300px;'> <img style='width: 100%; height: auto; border: 1px solid rgba(150&comma;150&comma;150&comma;0.3); border-radius: 8px;' src='https:\/\/ftp3.syscom.mx\/usuarios\/fotos\/F1001AC\/225007-qrcode.cb140cdb.jpg' alt='C\u00f3digo QR eKit App'> <\/div>\n<div style='flex: 1 1 45%; min-width: 300px;'>\n<div style='position: relative; padding-bottom: 56.25%; height: 0; overflow: hidden;'>   <\/div>\n<\/p><\/div>\n<\/p><\/div>\n<\/p><\/div>\n<p> <!-- Separador final --> <\/p>\n<hr style='border: 0; border-top: 1px solid rgba(150&comma; 150&comma; 150&comma; 0.3); margin: 30px 0;'> <\/div>\n","protected":false},"excerpt":{"rendered":"<p>HUAWEI MiniFTTO &#8211; Punto de Acceso \u00d3ptico Wi-Fi 6 \/ 2.976 Gbps \/ 1 puerto 10\/100\/1000 Mbps PoE + 1  GPON (SC\/UPC) PoF \/ Downstream 2.488 Gbps \/ Upstream 1.244 Gbps \/ MIMO 2X2 \/ Ganancia de Antena 5dBi \/ Wi-Fi Roaming \/ Administraci\u00f3n Nube<\/p>\n","protected":false},"featured_media":81008,"comment_status":"open","ping_status":"closed","template":"","meta":[],"product_brand":[],"product_cat":[1794],"product_tag":[718,1795,1479],"class_list":{"0":"post-81009","1":"product","2":"type-product","3":"status-publish","4":"has-post-thumbnail","6":"product_cat-puntos-de-acceso","7":"product_tag-huawei","8":"product_tag-puntos-de-acceso","9":"product_tag-redes-wifi","11":"first","12":"instock","13":"sale","14":"shipping-taxable","15":"purchasable","16":"product-type-simple"},"_links":{"self":[{"href":"https:\/\/soydeaqui.ddns.net\/pachuca\/index.php\/wp-json\/wp\/v2\/product\/81009","targetHints":{"allow":["GET"]}}],"collection":[{"href":"https:\/\/soydeaqui.ddns.net\/pachuca\/index.php\/wp-json\/wp\/v2\/product"}],"about":[{"href":"https:\/\/soydeaqui.ddns.net\/pachuca\/index.php\/wp-json\/wp\/v2\/types\/product"}],"replies":[{"embeddable":true,"href":"https:\/\/soydeaqui.ddns.net\/pachuca\/index.php\/wp-json\/wp\/v2\/comments?post=81009"}],"wp:featuredmedia":[{"embeddable":true,"href":"https:\/\/soydeaqui.ddns.net\/pachuca\/index.php\/wp-json\/wp\/v2\/media\/81008"}],"wp:attachment":[{"href":"https:\/\/soydeaqui.ddns.net\/pachuca\/index.php\/wp-json\/wp\/v2\/media?parent=81009"}],"wp:term":[{"taxonomy":"product_brand","embeddable":true,"href":"https:\/\/soydeaqui.ddns.net\/pachuca\/index.php\/wp-json\/wp\/v2\/product_brand?post=81009"},{"taxonomy":"product_cat","embeddable":true,"href":"https:\/\/soydeaqui.ddns.net\/pachuca\/index.php\/wp-json\/wp\/v2\/product_cat?post=81009"},{"taxonomy":"product_tag","embeddable":true,"href":"https:\/\/soydeaqui.ddns.net\/pachuca\/index.php\/wp-json\/wp\/v2\/product_tag?post=81009"}],"curies":[{"name":"wp","href":"https:\/\/api.w.org\/{rel}","templated":true}]}}