{"id":81001,"date":"2026-03-19T18:26:55","date_gmt":"2026-03-19T18:26:55","guid":{"rendered":"https:\/\/soydeaqui.ddns.net\/pachuca\/index.php\/producto\/llave-de-impacto-bl-con-cuadro-de-1-2-4-velocidades-electricas-incluye-2-baterias-li-ion-de-40-v-cargador-rapido-y-maletin-makpac\/"},"modified":"2026-03-19T18:26:59","modified_gmt":"2026-03-19T18:26:59","slug":"llave-de-impacto-bl-con-cuadro-de-1-2-4-velocidades-electricas-incluye-2-baterias-li-ion-de-40-v-cargador-rapido-y-maletin-makpac","status":"publish","type":"product","link":"https:\/\/soydeaqui.ddns.net\/pachuca\/index.php\/producto\/llave-de-impacto-bl-con-cuadro-de-1-2-4-velocidades-electricas-incluye-2-baterias-li-ion-de-40-v-cargador-rapido-y-maletin-makpac\/","title":{"rendered":"Llave de Impacto BL con Cuadro de 1\/2&#8243;, 4 Velocidades el\u00e9ctricas, Incluye 2 bater\u00edas Li-ION de 40 V, cargador r\u00e1pido y malet\u00edn Makpac."},"content":{"rendered":"<div style='width: 100%; max-width: 1200px; margin: 0 auto; font-family: sans-serif; line-height: 1.6; color: inherit; background-color: transparent;'>\n<div style='display: flex; flex-wrap: wrap; gap: 30px; margin-bottom: 30px;'>\n<div style='flex: 1 1 300px; min-width: 280px;'> <img style='width: 100%; height: auto; border: 1px solid rgba(150&comma;150&comma;150&comma;0.3); border-radius: 8px;' src='https:\/\/ftp3.syscom.mx\/usuarios\/nortega\/makita\/imagenes\/makita.png' alt='Logo Makita' \/> <\/div>\n<div style='flex: 1 1 300px; min-width: 280px;'>\n<h3 style='font-size: 22px; border-bottom: 2px solid currentColor; padding-bottom: 5px; margin-top: 0; color: inherit; opacity: 0.8;'>Descripci\u00f3n<\/h3>\n<p style='font-size: 15px; color: inherit;'>La llave de impacto sin escobillas 40 V max. con adaptador de 1\/2&#8242; proporciona un mejor control de fijaci\u00f3n&comma; ideal para automoci\u00f3n&comma; instalaci\u00f3n y fabricaci\u00f3n. La llave de impacto combina un mayor tiempo de funcionamiento y control de velocidad para un rendimiento de apriete inigualable.<\/p>\n<\/p><\/div>\n<\/p><\/div>\n<div style='display: flex; flex-wrap: wrap; gap: 20px; margin-bottom: 30px;'>\n<div style='flex: 1 1 250px; border: 1px solid rgba(150&comma; 150&comma; 150&comma; 0.4); border-radius: 8px; overflow: hidden; display: flex; flex-direction: column;'>\n<div style='padding: 15px; border-bottom: 1px solid rgba(150&comma; 150&comma; 150&comma; 0.2); font-weight: bold; font-size: 18px; color: inherit;'>Caracter\u00edsticas destacadas<\/div>\n<div style='padding: 15px; color: inherit;'>\n<ul style='padding-left: 20px; margin: 0; font-size: 14px; list-style-type: disc;'>\n<li style='margin-bottom: 5px;'>3 modos de respuesta para la funci\u00f3n de parada autom\u00e1tica&comma; tanto en la derecha como en la izquierda.<\/li>\n<li style='margin-bottom: 5px;'>Ajuste electr\u00f3nico de fuerza de impacto de 4 niveles para una amplia gama de aplicaciones.<\/li>\n<li style='margin-bottom: 5px;'>El modo de parada autom\u00e1tica detiene la m\u00e1quina despu\u00e9s de que el tornillo\/tuerca se haya liberado lo suficiente.<\/li>\n<li style='margin-bottom: 5px;'>LED doble luminoso con funci\u00f3n de encendido y apagado previo y post-gripo ergon\u00f3mico y engomado para un agarre agradable y seguro.<\/li>\n<li style='margin-bottom: 5px;'>Motores sin escobillas: Los motores inal\u00e1mbricos sin escobillas funcionan sin escobillas de carb\u00f3n y&comma; por lo tanto&comma; representan un accionamiento casi sin desgaste. Para generar el movimiento de rotaci\u00f3n&comma; el motor BL requiere menos energ\u00eda a trav\u00e9s de los cepillos faltantes&comma; lo que tambi\u00e9n causa menos calor. Esto funciona con cualquier carga de bater\u00eda de manera m\u00e1s eficiente y m\u00e1s larga.<\/li>\n<li style='margin-bottom: 5px;'>XPT &#8211; Tecnolog\u00eda de protecci\u00f3n extrema: La carcasa resistente al polvo y a las salpicaduras permite el funcionamiento incluso en condiciones de construcci\u00f3n duras.<\/li>\n<\/ul><\/div>\n<\/p><\/div>\n<div style='flex: 1 1 250px; border: 1px solid rgba(150&comma; 150&comma; 150&comma; 0.4); border-radius: 8px; overflow: hidden; display: flex; flex-direction: column;'>\n<div style='padding: 15px; border-bottom: 1px solid rgba(150&comma; 150&comma; 150&comma; 0.2); font-weight: bold; font-size: 18px; color: inherit;'>Especificaciones t\u00e9cnicas<\/div>\n<div style='padding: 15px; color: inherit;'>\n<ul style='padding-left: 20px; margin: 0; font-size: 14px; list-style-type: disc;'>\n<li style='margin-bottom: 5px;'><strong>Tipo de alimentaci\u00f3n:<\/strong> a bater\u00eda<\/li>\n<li style='margin-bottom: 5px;'><strong>Voltaje:<\/strong> 40 V<\/li>\n<li style='margin-bottom: 5px;'><strong>Bater\u00eda incluida:<\/strong> s\u00ed<\/li>\n<li style='margin-bottom: 5px;'><strong>Cantidad de bater\u00edas:<\/strong> 2<\/li>\n<li style='margin-bottom: 5px;'><strong>Capacidad de bater\u00eda:<\/strong> 4&comma;0 Ah<\/li>\n<li style='margin-bottom: 5px;'><strong>Tipo de bater\u00eda:<\/strong> Li-Ion<\/li>\n<li style='margin-bottom: 5px;'><strong>Par de apriete m\u00e1x.:<\/strong> 760 Nm<\/li>\n<li style='margin-bottom: 5px;'><strong>Velocidad de giro:<\/strong> 600 \/ 1200 \/ 1900 \/ 2300 rpm<\/li>\n<li style='margin-bottom: 5px;'><strong>Frecuencia de impactos:<\/strong> 1200\/1900\/2700\/29001 min<\/li>\n<li style='margin-bottom: 5px;'><strong>Portabrocas de trabajo:<\/strong> 1\/2 in<\/li>\n<li style='margin-bottom: 5px;'><strong>Motor sin escobillas:<\/strong> s\u00ed<\/li>\n<li style='margin-bottom: 5px;'><strong>Embalaje:<\/strong> malet\u00edn del sistema<\/li>\n<li style='margin-bottom: 5px;'><strong>Peso:<\/strong> 3&comma;3 kg<\/li>\n<\/ul><\/div>\n<\/p><\/div>\n<div style='flex: 1 1 250px; border: 1px solid rgba(150&comma; 150&comma; 150&comma; 0.4); border-radius: 8px; overflow: hidden; display: flex; flex-direction: column;'>\n<div style='padding: 15px; border-bottom: 1px solid rgba(150&comma; 150&comma; 150&comma; 0.2); font-weight: bold; font-size: 18px; color: inherit;'>Incluye<\/div>\n<div style='padding: 15px; color: inherit;'>\n<ul style='padding-left: 20px; margin: 0; font-size: 14px; list-style-type: disc;'>\n<li style='margin-bottom: 5px;'>Cargador de bater\u00edas DC40RA XGT 191E07-8<\/li>\n<li style='margin-bottom: 5px;'>Clip para cintur\u00f3n 346949-3<\/li>\n<li style='margin-bottom: 5px;'>Malet\u00edn del Sistema Makpac Tipo 3 821551-8<\/li>\n<li style='margin-bottom: 5px;'>Bandeja de caja Makpac 835K85-1<\/li>\n<li style='margin-bottom: 5px;'>2 Bater\u00edas BL4040 (40V max\/4.0Ah)<\/li>\n<\/ul><\/div>\n<\/p><\/div>\n<\/p><\/div>\n<div style='display: flex; flex-wrap: wrap; gap: 30px; margin-bottom: 30px;'>\n<div style='flex: 1 1 300px; min-width: 280px;'> <img style='width: 100%; height: auto; border: 1px solid rgba(150&comma;150&comma;150&comma;0.3); border-radius: 8px;' src='https:\/\/industriasgsl.com\/cdn\/shop\/products\/TW008GM201-3.jpg?v=1668721577&#038;width=530' alt='Llave de impacto Makita TW008GM201 \u2013 Industrias GSL' \/> <\/div>\n<\/p><\/div>\n<\/p><\/div>\n","protected":false},"excerpt":{"rendered":"<p>Llave de Impacto BL con Cuadro de 1\/2&#8243;, 4 Velocidades el\u00e9ctricas, Incluye 2 bater\u00edas Li-ION de 40 V, cargador r\u00e1pido y malet\u00edn Makpac.<\/p>\n","protected":false},"featured_media":81000,"comment_status":"open","ping_status":"closed","template":"","meta":[],"product_brand":[],"product_cat":[130],"product_tag":[25,131,252],"class_list":{"0":"post-81001","1":"product","2":"type-product","3":"status-publish","4":"has-post-thumbnail","6":"product_cat-herramientas-electricas","7":"product_tag-herramientas","8":"product_tag-herramientas-electricas","9":"product_tag-makita","11":"first","12":"outofstock","13":"sale","14":"shipping-taxable","15":"purchasable","16":"product-type-simple"},"_links":{"self":[{"href":"https:\/\/soydeaqui.ddns.net\/pachuca\/index.php\/wp-json\/wp\/v2\/product\/81001","targetHints":{"allow":["GET"]}}],"collection":[{"href":"https:\/\/soydeaqui.ddns.net\/pachuca\/index.php\/wp-json\/wp\/v2\/product"}],"about":[{"href":"https:\/\/soydeaqui.ddns.net\/pachuca\/index.php\/wp-json\/wp\/v2\/types\/product"}],"replies":[{"embeddable":true,"href":"https:\/\/soydeaqui.ddns.net\/pachuca\/index.php\/wp-json\/wp\/v2\/comments?post=81001"}],"wp:featuredmedia":[{"embeddable":true,"href":"https:\/\/soydeaqui.ddns.net\/pachuca\/index.php\/wp-json\/wp\/v2\/media\/81000"}],"wp:attachment":[{"href":"https:\/\/soydeaqui.ddns.net\/pachuca\/index.php\/wp-json\/wp\/v2\/media?parent=81001"}],"wp:term":[{"taxonomy":"product_brand","embeddable":true,"href":"https:\/\/soydeaqui.ddns.net\/pachuca\/index.php\/wp-json\/wp\/v2\/product_brand?post=81001"},{"taxonomy":"product_cat","embeddable":true,"href":"https:\/\/soydeaqui.ddns.net\/pachuca\/index.php\/wp-json\/wp\/v2\/product_cat?post=81001"},{"taxonomy":"product_tag","embeddable":true,"href":"https:\/\/soydeaqui.ddns.net\/pachuca\/index.php\/wp-json\/wp\/v2\/product_tag?post=81001"}],"curies":[{"name":"wp","href":"https:\/\/api.w.org\/{rel}","templated":true}]}}