{"id":8100,"date":"2026-03-18T07:04:40","date_gmt":"2026-03-18T07:04:40","guid":{"rendered":"https:\/\/soydeaqui.ddns.net\/pachuca\/index.php\/producto\/sensor-fotoelectrico-inalambrico-sensor-de-luz\/"},"modified":"2026-03-18T07:04:40","modified_gmt":"2026-03-18T07:04:40","slug":"sensor-fotoelectrico-inalambrico-sensor-de-luz","status":"publish","type":"product","link":"https:\/\/soydeaqui.ddns.net\/pachuca\/index.php\/producto\/sensor-fotoelectrico-inalambrico-sensor-de-luz\/","title":{"rendered":"Sensor fotoel\u00e9ctrico inal\u00e1mbrico, sensor de luz."},"content":{"rendered":"<div style='width: 100%; max-width: 1200px; margin: 0 auto; font-family: sans-serif; line-height: 1.6; color: inherit; background-color: transparent;'> <!-- Secci\u00f3n de caracter\u00edsticas principales --> <\/p>\n<div style='display: flex; flex-wrap: wrap; gap: 30px; margin-bottom: 30px;'>\n<div style='flex: 1 1 300px; min-width: 280px;'>\n<h3 style='font-size: 22px; border-bottom: 2px solid currentColor; padding-bottom: 5px; margin-top: 0; color: inherit; opacity: 0.8;'>Caracter\u00edsticas Principales<\/h3>\n<ul style='padding-left: 20px; font-size: 15px; color: inherit;'>\n<li style='margin-bottom: 5px;'>Sensor fotoel\u00e9ctrico inal\u00e1mbrico de montaje en techo<\/li>\n<li style='margin-bottom: 5px;'>Controla zonas de interruptores y atenuadores Maestro<\/li>\n<li style='margin-bottom: 5px;'>Compatible con m\u00f3dulos atenuadores PowPak con control 0-10V<\/li>\n<li style='margin-bottom: 5px;'>Soporta hasta dos zonas por m\u00f3dulo atenuador PowPak con EcoSystem<\/li>\n<li style='margin-bottom: 5px;'>Altura de montaje recomendada: 1.6 a 2.4 m (6 a 8 pies)<\/li>\n<li style='margin-bottom: 5px;'>Altura m\u00e1xima permitida: 3.7 m (12 pies)<\/li>\n<\/ul><\/div>\n<div style='flex: 1 1 300px; min-width: 280px;'>\n<h3 style='font-size: 22px; border-bottom: 2px solid currentColor; padding-bottom: 5px; margin-top: 0; color: inherit; opacity: 0.8;'>Caracter\u00edsticas T\u00e9cnicas<\/h3>\n<ul style='padding-left: 20px; font-size: 15px; color: inherit;'>\n<li style='margin-bottom: 5px;'><strong>Rango de luz:<\/strong> 0 a 1600 lx (0 a 150 fc)<\/li>\n<li style='margin-bottom: 5px;'><strong>Tecnolog\u00eda:<\/strong> Clear Connect\u00ae<\/li>\n<li style='margin-bottom: 5px;'><strong>Vida \u00fatil de bater\u00eda:<\/strong> 10 a\u00f1os<\/li>\n<li style='margin-bottom: 5px;'><strong>Alimentaci\u00f3n:<\/strong> 3V (1 bater\u00eda CR2450)<\/li>\n<p> <strong>Consumo:<\/strong> 7 \u00b5A <\/ul>\n<\/p><\/div>\n<\/p><\/div>\n<p> <!-- Secci\u00f3n de compatibilidad y frecuencias --> <\/p>\n<div style='display: flex; flex-wrap: wrap; gap: 20px; margin-bottom: 30px;'>\n<div style='flex: 1 1 250px; border: 1px solid rgba(150&comma; 150&comma; 150&comma; 0.4); border-radius: 8px; overflow: hidden; display: flex; flex-direction: column;'>\n<div style='padding: 15px; border-bottom: 1px solid rgba(150&comma; 150&comma; 150&comma; 0.2); font-weight: bold; font-size: 18px; color: inherit;'>Frecuencias<\/div>\n<div style='padding: 15px; color: inherit;'>\n<ul style='padding-left: 20px; margin: 0; font-size: 14px; list-style-type: disc;'>\n<li style='margin-bottom: 5px;'><strong>2:<\/strong> 431.0\u2013437.0 MHz (EE.UU.&comma; Canad\u00e1&comma; M\u00e9xico&comma; Brasil)<\/li>\n<li style='margin-bottom: 5px;'><strong>3:<\/strong> 868.125\u2013869.850 MHz (Europa&comma; Emiratos \u00c1rabes)<\/li>\n<li style='margin-bottom: 5px;'><strong>4:<\/strong> 868.125\u2013868.475 MHz (China&comma; Singapur)<\/li>\n<li style='margin-bottom: 5px;'><strong>5:<\/strong> 865.5\u2013866.5 MHz (India)<\/li>\n<li style='margin-bottom: 5px;'><strong>6:<\/strong> 312.3\u2013314.8 MHz (Jap\u00f3n)<\/li>\n<li style='margin-bottom: 5px;'><strong>7:<\/strong> 433.05\u2013434.79 MHz (Hong Kong&comma; Macau)<\/li>\n<\/ul><\/div>\n<\/p><\/div>\n<div style='flex: 1 1 250px; border: 1px solid rgba(150&comma; 150&comma; 150&comma; 0.4); border-radius: 8px; overflow: hidden; display: flex; flex-direction: column;'>\n<div style='padding: 15px; border-bottom: 1px solid rgba(150&comma; 150&comma; 150&comma; 0.2); font-weight: bold; font-size: 18px; color: inherit;'>Compatibilidad<\/div>\n<div style='padding: 15px; color: inherit;'>\n<ul style='padding-left: 20px; margin: 0; font-size: 14px; list-style-type: disc;'>\n<li style='margin-bottom: 5px;'>Sistemas Lutron Radio Powr Savr<\/li>\n<li style='margin-bottom: 5px;'>Sensores de ocupaci\u00f3n\/vacancia Lutron<\/li>\n<li style='margin-bottom: 5px;'>Controles inal\u00e1mbricos Pico<\/li>\n<li style='margin-bottom: 5px;'>M\u00f3dulos atenuadores con control 0-10V<\/li>\n<\/ul><\/div>\n<\/p><\/div>\n<div style='flex: 1 1 250px; border: 1px solid rgba(150&comma; 150&comma; 150&comma; 0.4); border-radius: 8px; overflow: hidden; display: flex; flex-direction: column;'>\n<div style='padding: 15px; border-bottom: 1px solid rgba(150&comma; 150&comma; 150&comma; 0.2); font-weight: bold; font-size: 18px; color: inherit;'>Rango de Comunicaci\u00f3n<\/div>\n<div style='padding: 15px; color: inherit;'>\n<ul style='padding-left: 20px; margin: 0; font-size: 14px; list-style-type: disc;'>\n<li style='margin-bottom: 5px;'><strong>LRF2-&comma; LRF3-&comma; LRF4-&comma; LRF5-&comma; LRF7-:<\/strong> 18 m (60 ft) en l\u00ednea de visi\u00f3n&comma; 9 m (30 ft) a trav\u00e9s de paredes<\/li>\n<li style='margin-bottom: 5px;'><strong>LRF6-:<\/strong> 7 m (23 ft) a trav\u00e9s de paredes<\/li>\n<\/ul><\/div>\n<\/p><\/div>\n<\/p><\/div>\n<p> <!-- Secci\u00f3n de especificaciones t\u00e9cnicas --> <\/p>\n<div style='display: flex; flex-wrap: wrap; gap: 30px; margin-bottom: 30px;'>\n<div style='flex: 1 1 300px; min-width: 280px;'>\n<h3 style='font-size: 22px; border-bottom: 2px solid currentColor; padding-bottom: 5px; margin-top: 0; color: inherit; opacity: 0.8;'>Especificaciones T\u00e9cnicas<\/h3>\n<ul style='padding-left: 20px; font-size: 15px; color: inherit;'>\n<li style='margin-bottom: 5px;'><strong>Temperatura de operaci\u00f3n:<\/strong> 0 \u00baC a 40 \u00baC (32 \u00baF a 104 \u00baF)<\/li>\n<li style='margin-bottom: 5px;'><strong>Humedad:<\/strong> <90% sin condensaci\u00f3n<\/li>\n<li style='margin-bottom: 5px;'><strong>Memoria no vol\u00e1til:<\/strong> Configuraciones almacenadas durante corte de energ\u00eda<\/li>\n<li style='margin-bottom: 5px;'><strong>Conformidad:<\/strong> FCC&comma; IC&comma; COFETEL&comma; ASEP&comma; CRC&comma; SUBTEL&comma; SUPERTEL&comma; SUTEL&comma; cULus&comma; CE&comma; TRA&comma; CITC&comma; SRRC&comma; iDA&comma; WPC<\/li>\n<li style='margin-bottom: 5px;'><strong>Dimensiones:<\/strong> 41 mm (1.6 in)<\/li>\n<\/ul><\/div>\n<div style='flex: 1 1 300px; min-width: 280px;'>\n<h3 style='font-size: 22px; border-bottom: 2px solid currentColor; padding-bottom: 5px; margin-top: 0; color: inherit; opacity: 0.8;'>Requisitos de Montaje<\/h3>\n<ul style='padding-left: 20px; font-size: 15px; color: inherit;'>\n<li style='margin-bottom: 5px;'>Flecha del sensor apunta hacia el \u00e1rea a medir (hacia ventanas)<\/li>\n<li style='margin-bottom: 5px;'>Distancia \u00f3ptima a ventana: 1-2 veces la altura efectiva de la ventana<\/li>\n<li style='margin-bottom: 5px;'>Evitar obstrucciones (ventiladores de techo&comma; luminarias colgantes)<\/li>\n<li style='margin-bottom: 5px;'>No colocar sobre luz el\u00e9ctrica que ilumina hacia el techo o el sensor<\/li>\n<li style='margin-bottom: 5px;'>Evitar pozos de luz o sobre luminarias indirectas<\/li>\n<li style='margin-bottom: 5px;'>Mantener distancia de superficies met\u00e1licas<\/li>\n<\/ul><\/div>\n<\/p><\/div>\n<p> <!-- Separador --> <\/p>\n<hr style='border: 0; border-top: 1px solid rgba(150&comma; 150&comma; 150&comma; 0.3); margin: 30px 0;'> <\/div>\n","protected":false},"excerpt":{"rendered":"<p>Sensor fotoel\u00e9ctrico inal\u00e1mbrico, sensor de luz.<\/p>\n","protected":false},"featured_media":8099,"comment_status":"open","ping_status":"closed","template":"","meta":[],"product_brand":[],"product_cat":[34],"product_tag":[30,35,36],"class_list":{"0":"post-8100","1":"product","2":"type-product","3":"status-publish","4":"has-post-thumbnail","6":"product_cat-lutron","7":"product_tag-automatizacion-casa-inteligente","8":"product_tag-lutron","9":"product_tag-lutron-electronics","11":"first","12":"outofstock","13":"sale","14":"shipping-taxable","15":"purchasable","16":"product-type-simple"},"_links":{"self":[{"href":"https:\/\/soydeaqui.ddns.net\/pachuca\/index.php\/wp-json\/wp\/v2\/product\/8100","targetHints":{"allow":["GET"]}}],"collection":[{"href":"https:\/\/soydeaqui.ddns.net\/pachuca\/index.php\/wp-json\/wp\/v2\/product"}],"about":[{"href":"https:\/\/soydeaqui.ddns.net\/pachuca\/index.php\/wp-json\/wp\/v2\/types\/product"}],"replies":[{"embeddable":true,"href":"https:\/\/soydeaqui.ddns.net\/pachuca\/index.php\/wp-json\/wp\/v2\/comments?post=8100"}],"wp:featuredmedia":[{"embeddable":true,"href":"https:\/\/soydeaqui.ddns.net\/pachuca\/index.php\/wp-json\/wp\/v2\/media\/8099"}],"wp:attachment":[{"href":"https:\/\/soydeaqui.ddns.net\/pachuca\/index.php\/wp-json\/wp\/v2\/media?parent=8100"}],"wp:term":[{"taxonomy":"product_brand","embeddable":true,"href":"https:\/\/soydeaqui.ddns.net\/pachuca\/index.php\/wp-json\/wp\/v2\/product_brand?post=8100"},{"taxonomy":"product_cat","embeddable":true,"href":"https:\/\/soydeaqui.ddns.net\/pachuca\/index.php\/wp-json\/wp\/v2\/product_cat?post=8100"},{"taxonomy":"product_tag","embeddable":true,"href":"https:\/\/soydeaqui.ddns.net\/pachuca\/index.php\/wp-json\/wp\/v2\/product_tag?post=8100"}],"curies":[{"name":"wp","href":"https:\/\/api.w.org\/{rel}","templated":true}]}}