{"id":80984,"date":"2026-03-19T18:26:05","date_gmt":"2026-03-19T18:26:05","guid":{"rendered":"https:\/\/soydeaqui.ddns.net\/pachuca\/index.php\/producto\/ups-de-3000va-2700w-topologia-on-line-doble-conversion-con-baterias-internas-entrada-y-salida-de-120-vca-pantalla-lcd-configurable-formato-rack-o-torre-8-salidas\/"},"modified":"2026-03-19T18:26:21","modified_gmt":"2026-03-19T18:26:21","slug":"ups-de-3000va-2700w-topologia-on-line-doble-conversion-con-baterias-internas-entrada-y-salida-de-120-vca-pantalla-lcd-configurable-formato-rack-o-torre-8-salidas","status":"publish","type":"product","link":"https:\/\/soydeaqui.ddns.net\/pachuca\/index.php\/producto\/ups-de-3000va-2700w-topologia-on-line-doble-conversion-con-baterias-internas-entrada-y-salida-de-120-vca-pantalla-lcd-configurable-formato-rack-o-torre-8-salidas\/","title":{"rendered":"UPS de 3000VA\/2700W \/ Topolog\u00eda On-Line Doble Conversi\u00f3n con Bater\u00edas Internas \/ Entrada y Salida de 120 Vca  \/ Pantalla LCD Configurable \/ Formato Rack o Torre \/ 8 Salidas"},"content":{"rendered":"<div style='width: 100%; max-width: 1200px; margin: 0 auto; font-family: sans-serif; line-height: 1.6; color: inherit; background-color: transparent;'>\n<div style='display: flex; flex-direction: column; gap: 30px;'>\n<div style='width: 100%;'>\n<p style='margin: 0 0 15px;'>El equipo ideal para peque\u00f1as y medianas empresas<\/p>\n<p style='margin: 0;'>La l\u00ednea de UPS Linked Pro fue dise\u00f1ada para brindar alto desempe\u00f1o y una excelente calidad&comma; son usados para proteger y energizar equipos tales como computadoras personales&comma; conmutadores de peque\u00f1a escala&comma; puntos de venta&comma; etc. Prove\u00e9 protecci\u00f3n de potencia contra sobrevoltajes y picos. Tambi\u00e9n suministra voltaje puro con Regulador Autom\u00e1tico de Voltaje (AVR) en boost y buck. Es simple&comma; a bajo costo y su instalaci\u00f3n es sencilla y r\u00e1pida.<\/p>\n<\/p><\/div>\n<div style='display: flex; flex-wrap: wrap; gap: 30px;'>\n<div style='flex: 1 1 300px; min-width: 280px;'>\n<h3 style='font-size: 22px; border-bottom: 2px solid currentColor; padding-bottom: 5px; margin-top: 0; color: inherit; opacity: 0.8;'>Caracter\u00edsticas Generales<\/h3>\n<ul style='padding-left: 20px; font-size: 15px; color: inherit;'>\n<li style='margin-bottom: 5px;'>Capacidad: 3&comma;000 VA \/ 2&comma;700 W<\/li>\n<li style='margin-bottom: 5px;'>Topolog\u00eda: Doble Conversi\u00f3n<\/li>\n<li style='margin-bottom: 5px;'>Con pantalla LCD<\/li>\n<li style='margin-bottom: 5px;'>Tipo de onda: Onda senoidal pura<\/li>\n<li style='margin-bottom: 5px;'>Salida: 120 VCA \u00b1 5%<\/li>\n<li style='margin-bottom: 5px;'>Tipo de conector y cable: NEMA 5-30P (1.8 metros de longitud)<\/li>\n<li style='margin-bottom: 5px;'>Total de salidas: 8 \u00d7 NEMA 5-20R<\/li>\n<li style='margin-bottom: 5px;'>Bater\u00eda: 6 x 12V\/8 Ah (Compatible con EPU6PACKRT2U)<\/li>\n<\/ul><\/div>\n<div style='flex: 1 1 300px; min-width: 280px;'>\n<h3 style='font-size: 22px; border-bottom: 2px solid currentColor; padding-bottom: 5px; margin-top: 0; color: inherit; opacity: 0.8;'>Capacidad<\/h3>\n<ul style='padding-left: 20px; font-size: 15px; color: inherit;'>\n<li style='margin-bottom: 5px;'>3&comma;000VA \/ 2&comma;700W<\/li>\n<\/ul>\n<h3 style='font-size: 22px; border-bottom: 2px solid currentColor; padding-bottom: 5px; margin-top: 25px; color: inherit; opacity: 0.8;'>Entrada<\/h3>\n<ul style='padding-left: 20px; font-size: 15px; color: inherit;'>\n<li style='margin-bottom: 5px;'><strong>Voltaje Nominal:<\/strong> 110\/120 Vac<\/li>\n<li style='margin-bottom: 5px;'><strong>Rango de Voltaje:<\/strong> 81-145 Vac<\/li>\n<li style='margin-bottom: 5px;'><strong>Rango de Frecuencia:<\/strong> 60\/50Hz (Auto-sensing)<\/li>\n<\/ul><\/div>\n<div style='flex: 1 1 300px; min-width: 280px;'>\n<h3 style='font-size: 22px; border-bottom: 2px solid currentColor; padding-bottom: 5px; margin-top: 0; color: inherit; opacity: 0.8;'>Salida<\/h3>\n<ul style='padding-left: 20px; font-size: 15px; color: inherit;'>\n<li style='margin-bottom: 5px;'><strong>Regulaci\u00f3n de Voltaje en Bater\u00eda (V. CA):<\/strong> \u00b110%<\/li>\n<li style='margin-bottom: 5px;'><strong>Rango de Frecuencia en Bater\u00eda:<\/strong> 60\/50Hz \u00b11 Hz<\/li>\n<li style='margin-bottom: 5px;'><strong>Tiempo de Transferencia:<\/strong> Normalmente 0ms<\/li>\n<li style='margin-bottom: 5px;'><strong>Tipo de Onda:<\/strong> Pura<\/li>\n<\/ul>\n<h3 style='font-size: 22px; border-bottom: 2px solid currentColor; padding-bottom: 5px; margin-top: 25px; color: inherit; opacity: 0.8;'>Bater\u00eda<\/h3>\n<ul style='padding-left: 20px; font-size: 15px; color: inherit;'>\n<li style='margin-bottom: 5px;'><strong>Voltaje Nominal:<\/strong> 72Vcd<\/li>\n<li style='margin-bottom: 5px;'><strong>Capacidad de Bater\u00eda:<\/strong> 12V \/ 9Ah \u00d7 2<\/li>\n<li style='margin-bottom: 5px;'><strong>Tiempo de Carga:<\/strong> 4-6 horas al 90% de la carga<\/li>\n<\/ul><\/div>\n<div style='flex: 1 1 300px; min-width: 280px;'>\n<h3 style='font-size: 22px; border-bottom: 2px solid currentColor; padding-bottom: 5px; margin-top: 0; color: inherit; opacity: 0.8;'>Indicador<\/h3>\n<ul style='padding-left: 20px; font-size: 15px; color: inherit;'>\n<li style='margin-bottom: 5px;'>LCD<\/li>\n<\/ul>\n<h3 style='font-size: 22px; border-bottom: 2px solid currentColor; padding-bottom: 5px; margin-top: 25px; color: inherit; opacity: 0.8;'>Protecci\u00f3n<\/h3>\n<ul style='padding-left: 20px; font-size: 15px; color: inherit;'>\n<li style='margin-bottom: 5px;'><strong>Protecci\u00f3n Completa:<\/strong> Contra cortocircuito&comma; sobrecarga en salida&comma; sobrecarga de bater\u00eda&comma; sobredescarga<\/li>\n<\/ul><\/div>\n<div style='flex: 1 1 300px; min-width: 280px;'>\n<h3 style='font-size: 22px; border-bottom: 2px solid currentColor; padding-bottom: 5px; margin-top: 0; color: inherit; opacity: 0.8;'>Alarma<\/h3>\n<ul style='padding-left: 20px; font-size: 15px; color: inherit;'>\n<li style='margin-bottom: 5px;'><strong>Modo Bater\u00eda:<\/strong> Emite un beep cada 10 segundos<\/li>\n<li style='margin-bottom: 5px;'><strong>Bater\u00eda Baja:<\/strong> Emite un beep cada segundo<\/li>\n<li style='margin-bottom: 5px;'><strong>Sobrecarga:<\/strong> Emite un beep cada 0.5 segundos<\/li>\n<li style='margin-bottom: 5px;'><strong>Reemplazo de Bater\u00eda:<\/strong> Emite un beep cada 2 segundos<\/li>\n<li style='margin-bottom: 5px;'><strong>Falla:<\/strong> Beep continuo<\/li>\n<\/ul>\n<h3 style='font-size: 22px; border-bottom: 2px solid currentColor; padding-bottom: 5px; margin-top: 25px; color: inherit; opacity: 0.8;'>Administraci\u00f3n<\/h3>\n<ul style='padding-left: 20px; font-size: 15px; color: inherit;'>\n<li style='margin-bottom: 5px;'><strong>Puertos de Comunicaci\u00f3n:<\/strong> USB o RS232 (Compatible con Windows\u00ae 2000\/2003\/XP\/Vista\/2008&comma; Windows\u00ae 7&comma; Linux&comma; Unix&comma; y MAC)<\/li>\n<\/ul><\/div>\n<div style='flex: 1 1 300px; min-width: 280px;'>\n<h3 style='font-size: 22px; border-bottom: 2px solid currentColor; padding-bottom: 5px; margin-top: 0; color: inherit; opacity: 0.8;'>Ambiente de Operaci\u00f3n<\/h3>\n<ul style='padding-left: 20px; font-size: 15px; color: inherit;'>\n<li style='margin-bottom: 5px;'><strong>Humedad Relativa:<\/strong> 0-90% RH @ 0-40\u00b0C (sin condensaci\u00f3n)<\/li>\n<li style='margin-bottom: 5px;'><strong>Nivel de Ruido:<\/strong> Menor a 45dB<\/li>\n<\/ul>\n<h3 style='font-size: 22px; border-bottom: 2px solid currentColor; padding-bottom: 5px; margin-top: 25px; color: inherit; opacity: 0.8;'>Caracter\u00edsticas F\u00edsicas<\/h3>\n<ul style='padding-left: 20px; font-size: 15px; color: inherit;'>\n<li style='margin-bottom: 5px;'><strong>Dimensiones (Profundidad x Ancho x Alto):<\/strong> 640 \u00d7 440 \u00d7 86.5 mm<\/li>\n<li style='margin-bottom: 5px;'><strong>Peso Aproximado:<\/strong> 27 kg<\/li>\n<\/ul><\/div>\n<div style='flex: 1 1 300px; min-width: 280px;'>\n<h3 style='font-size: 22px; border-bottom: 2px solid currentColor; padding-bottom: 5px; margin-top: 0; color: inherit; opacity: 0.8;'>Certificaciones<\/h3>\n<ul style='padding-left: 20px; font-size: 15px; color: inherit;'>\n<li style='margin-bottom: 5px;'><strong>EMC:<\/strong> IEC\/EN 62040-2&comma; IEC 61000-4-2&comma; IEC 61000-4-3&comma; IEC 61000-4-4&comma; IEC 61000-4-5&comma; IEC 61000-4-6&comma; IEC 61000-4-8<\/li>\n<li style='margin-bottom: 5px;'><strong>Desempe\u00f1o:<\/strong> IEC\/EN 62040-1&comma; IEC\/EN 60950-1&comma; IEC\/EN 62040-3<\/li>\n<\/ul>\n<h3 style='font-size: 22px; border-bottom: 2px solid currentColor; padding-bottom: 5px; margin-top: 25px; color: inherit; opacity: 0.8;'>Notas<\/h3>\n<ul style='padding-left: 20px; font-size: 15px; color: inherit;'>\n<li style='margin-bottom: 5px;'>El tiempo de respaldo puede variar dependiendo de la carga conectada&comma; temperatura ambiente y estado de las bater\u00edas<\/li>\n<\/ul><\/div>\n<\/p><\/div>\n<div style='width: 100%; text-align: center;'>\n<p style='margin-bottom: 15px;'><strong>Tiempos de respaldo estimados (Click en la Imagen):<\/strong><\/p>\n<p> <a href='https:\/\/ftp3.syscom.mx\/usuarios\/mtopete\/Back%20up%20LinkedPro.xlsx'> <img style='width: 100%; height: auto; border: 1px solid rgba(150&comma;150&comma;150&comma;0.3); border-radius: 8px;' src='https:\/\/ftp3.syscom.mx\/usuarios\/mtopete\/respaldo.jpg' alt='Tiempos de respaldo estimados' \/> <\/a> <\/div>\n<hr style='border: 0; border-top: 1px solid rgba(150&comma; 150&comma; 150&comma; 0.3); margin: 30px 0;'>\n<div style='width: 100%;'>\n<p style='margin: 0;'>Este modelo es una soluci\u00f3n fiable y eficiente para la protecci\u00f3n de equipos electr\u00f3nicos sensibles&comma; con una bater\u00eda de respaldo que garantiza una operaci\u00f3n continua y segura frente a interrupciones el\u00e9ctricas. Ideal para entornos de oficina&comma; hogar y sistemas de seguridad.<\/p>\n<\/p><\/div>\n<div style='width: 100%; display: flex; flex-direction: column; align-items: center; gap: 30px; padding: 30px 0;'>\n<h2 style='margin: 0; font-size: 24px;'>La L\u00ednea de UPS m\u00e1s Confiable<\/h2>\n<h3 style='margin: 0; font-size: 20px;'>Conozca la L\u00ednea de UPS de Linked Pro<\/h3>\n<p style='max-width: 800px; text-align: center;'>La l\u00ednea de UPS de LinkedPro fue dise\u00f1ada para brindar alto desempe\u00f1o y una excelente calidad&comma; son usados para proteger y energizar equipos&comma; tambi\u00e9n suministra voltaje puro con regulador autom\u00e1tico de Voltaje (AVR) en boost y buck. Son simples&comma; a bajo costo y su instalaci\u00f3n es sencilla y r\u00e1pida.<\/p>\n<\/p><\/div>\n<div style='width: 100%; display: flex; flex-wrap: wrap; justify-content: center; gap: 30px;'>\n<div style='flex: 1 1 300px; min-width: 280px;'> <img style='width: 100%; height: auto; border: 1px solid rgba(150&comma;150&comma;150&comma;0.3); border-radius: 8px;' src='https:\/\/ftp3.syscom.mx\/usuarios\/fotos\/BancoFotografiasSyscom\/LINKEDPROBYEPCOM\/LP600L\/LP600L-AD-5-l.PNG' alt='UPS L\u00ednea Interactiva' \/> <\/p>\n<h3 style='margin-top: 15px; font-size: 20px;'>UPS L\u00ednea Interactiva<\/h3>\n<p> <img style='width: 100%; height: auto; border: 1px solid rgba(150&comma;150&comma;150&comma;0.3); border-radius: 8px;' src='https:\/\/ftp3.syscom.mx\/usuarios\/fotos\/BancoFotografiasSyscom\/LINKEDPROBYEPCOM\/LP600LCD\/LP600LCD-p.PNG' alt='UPS L\u00ednea Interactiva' \/> <\/p>\n<p style='margin-top: 15px;'>Los UPS de la interactiva de Linked Pro son especiales para suplir necesidades tales como hardware de redes&comma; computadoras&comma; etc.&comma; estos equipos corrigen fluctuaciones menores de energ\u00eda sin necesidad de cambiar a modo bater\u00eda&comma; haciendo m\u00e1s longevo el tiempo de vida de la bater\u00eda.<\/p>\n<\/p><\/div>\n<div style='flex: 1 1 300px; min-width: 280px;'> <img style='width: 100%; height: auto; border: 1px solid rgba(150&comma;150&comma;150&comma;0.3); border-radius: 8px;' src='https:\/\/ftp3.syscom.mx\/usuarios\/fotos\/BancoFotografiasSyscom\/LINKEDPROBYEPCOM\/LP1KRT\/LP1KRT-p.PNG' alt='UPS On-Line' \/> <img style='width: 100%; height: auto; border: 1px solid rgba(150&comma;150&comma;150&comma;0.3); border-radius: 8px;' src='http:\/\/ftp3.syscom.mx\/usuarios\/ftp\/single_page\/epcom_powerline\/ups_icono1.png' alt='UPS On-Line' \/> <\/p>\n<h3 style='margin-top: 15px; font-size: 20px;'>UPS On-Line<\/h3>\n<p style='margin-top: 15px;'>La tecnolog\u00eda de UPS On-Line (doble conversi\u00f3n) es la versi\u00f3n de alta densidad de Linked Pro&comma; est\u00e1 dise\u00f1ada para aplicaciones de voltajes de 100\/110\/115\/120\/127 VAC.<\/p>\n<p style='margin-top: 15px;'>Est\u00e1 equipado con correcci\u00f3n de factor de potencia (PFC) en la entrada&comma; factor de potencia de 0.9 en la salida&comma; ofreciendo altos niveles de confiabilidad y protecci\u00f3n para sistemas IT&comma; equipo de telecomunicaciones&comma; equipo m\u00e9dico y sistemas de misi\u00f3n cr\u00edtica. Es convertible a Rack o Torre y solo toma 2U unidades de Rack.<\/p>\n<\/p><\/div>\n<\/p><\/div>\n<div style='width: 100%; display: flex; flex-wrap: wrap; gap: 30px; margin-top: 30px;'>\n<div style='flex: 1 1 300px; min-width: 280px;'>\n<h3 style='font-size: 22px; border-bottom: 2px solid currentColor; padding-bottom: 5px; margin-top: 0; color: inherit; opacity: 0.8;'>Highlights<\/h3>\n<ul style='padding-left: 20px; font-size: 15px; color: inherit;'>\n<li style='margin-bottom: 5px;'>Los UPS On-Line ofrecen tecnolog\u00eda de alta eficiencia de conversi\u00f3n en l\u00ednea doble<\/li>\n<li style='margin-bottom: 5px;'>Onda senoidal pura<\/li>\n<li style='margin-bottom: 5px;'>Funcionamiento en modo Eco para el ahorro energ\u00e9tico<\/li>\n<li style='margin-bottom: 5px;'>Rango din\u00e1mico de voltaje<\/li>\n<li style='margin-bottom: 5px;'>Voltaje configurable de salida v\u00eda LCD<\/li>\n<li style='margin-bottom: 5px;'>Modulo de bater\u00edas para extender tiempo de respaldo<\/li>\n<li style='margin-bottom: 5px;'>Instalaci\u00f3n Rack\/Torre<\/li>\n<li style='margin-bottom: 5px;'>Los UPS de topolog\u00eda On-line pueden ser configurados horizontal o verticalmente<\/li>\n<\/ul><\/div>\n<div style='flex: 1 1 300px; min-width: 280px;'> <img style='width: 100%; height: auto; border: 1px solid rgba(150&comma;150&comma;150&comma;0.3); border-radius: 8px;' src='https:\/\/ftp3.syscom.mx\/usuarios\/fotos\/BancoFotografiasSyscom\/EPCOMPOWERLINE\/LP1KOLT\/LP1KOLT-p.PNG' alt='UPS On-Line' \/> <\/div>\n<\/p><\/div>\n<div style='width: 100%; display: flex; flex-wrap: wrap; gap: 30px; margin-top: 30px;'>\n<div style='flex: 1 1 300px; min-width: 280px;'>\n<h3 style='font-size: 22px; border-bottom: 2px solid currentColor; padding-bottom: 5px; margin-top: 0; color: inherit; opacity: 0.8;'>Rango din\u00e1mico de voltaje (AVR)<\/h3>\n<p style='margin-top: 15px;'>El rango din\u00e1mico de voltaje (AVR) en los UPS de Linked Pro ayuda a estabilizar la se\u00f1al entrante de CA&comma; se encarga de controlar los voltajes altos y bajos&comma; manteniendo la energ\u00eda de salida a un nivel nominal de 120v&comma; reduce fallas del sistema e incrementa significativamente la vida de la bater\u00eda.<\/p>\n<\/p><\/div>\n<div style='flex: 1 1 300px; min-width: 280px;'>\n<h3 style='font-size: 22px; border-bottom: 2px solid currentColor; padding-bottom: 5px; margin-top: 0; color: inherit; opacity: 0.8;'>Voltajes configurables de salida<\/h3>\n<p style='margin-top: 15px;'>Algunos modelos de Linked Pro pueden ser configurables con voltaje de salida seleccionable: 100 V \/ 110 V \/ 115 V \/ 120 V \/ 127 V AC.<\/p>\n<\/p><\/div>\n<\/p><\/div>\n<hr style='border: 0; border-top: 1px solid rgba(150&comma; 150&comma; 150&comma; 0.3); margin: 30px 0;'>\n<div style='width: 100%;'>\n<p style='margin: 0;'>La l\u00ednea de UPS Linked Pro fue dise\u00f1ada para brindar alto desempe\u00f1o y una excelente calidad&comma; son usados para proteger y energizar equipos tales como computadoras personales&comma; conmutadores de peque\u00f1a escala&comma; puntos de venta&comma; etc. Prove\u00e9 protecci\u00f3n de potencia contra sobrevoltajes y picos. Tambi\u00e9n suministra voltaje puro con Regulador Autom\u00e1tico de Voltaje (AVR) en boost y buck. Es simple&comma; a bajo costo y su instalaci\u00f3n es sencilla y r\u00e1pida.<\/p>\n<\/p><\/div>\n<\/p><\/div>\n<\/p><\/div>\n","protected":false},"excerpt":{"rendered":"<p>UPS de 3000VA\/2700W \/ Topolog\u00eda On-Line Doble Conversi\u00f3n con Bater\u00edas Internas \/ Entrada y Salida de 120 Vca  \/ Pantalla LCD Configurable \/ Formato Rack o Torre \/ 8 Salidas<\/p>\n","protected":false},"featured_media":80983,"comment_status":"open","ping_status":"closed","template":"","meta":[],"product_brand":[],"product_cat":[1231],"product_tag":[142,435,1232],"class_list":{"0":"post-80984","1":"product","2":"type-product","3":"status-publish","4":"has-post-thumbnail","6":"product_cat-ups-no-break-energia-videovigilancia","7":"product_tag-energia","8":"product_tag-linkedpro-by-epcom","9":"product_tag-ups-no-break-2","11":"first","12":"outofstock","13":"sale","14":"shipping-taxable","15":"purchasable","16":"product-type-simple"},"_links":{"self":[{"href":"https:\/\/soydeaqui.ddns.net\/pachuca\/index.php\/wp-json\/wp\/v2\/product\/80984","targetHints":{"allow":["GET"]}}],"collection":[{"href":"https:\/\/soydeaqui.ddns.net\/pachuca\/index.php\/wp-json\/wp\/v2\/product"}],"about":[{"href":"https:\/\/soydeaqui.ddns.net\/pachuca\/index.php\/wp-json\/wp\/v2\/types\/product"}],"replies":[{"embeddable":true,"href":"https:\/\/soydeaqui.ddns.net\/pachuca\/index.php\/wp-json\/wp\/v2\/comments?post=80984"}],"wp:featuredmedia":[{"embeddable":true,"href":"https:\/\/soydeaqui.ddns.net\/pachuca\/index.php\/wp-json\/wp\/v2\/media\/80983"}],"wp:attachment":[{"href":"https:\/\/soydeaqui.ddns.net\/pachuca\/index.php\/wp-json\/wp\/v2\/media?parent=80984"}],"wp:term":[{"taxonomy":"product_brand","embeddable":true,"href":"https:\/\/soydeaqui.ddns.net\/pachuca\/index.php\/wp-json\/wp\/v2\/product_brand?post=80984"},{"taxonomy":"product_cat","embeddable":true,"href":"https:\/\/soydeaqui.ddns.net\/pachuca\/index.php\/wp-json\/wp\/v2\/product_cat?post=80984"},{"taxonomy":"product_tag","embeddable":true,"href":"https:\/\/soydeaqui.ddns.net\/pachuca\/index.php\/wp-json\/wp\/v2\/product_tag?post=80984"}],"curies":[{"name":"wp","href":"https:\/\/api.w.org\/{rel}","templated":true}]}}