{"id":80961,"date":"2026-03-19T18:25:09","date_gmt":"2026-03-19T18:25:09","guid":{"rendered":"https:\/\/soydeaqui.ddns.net\/pachuca\/index.php\/producto\/conexion-caja-60-mm-xlr-hembra-de-pared-blanco\/"},"modified":"2026-03-19T18:25:12","modified_gmt":"2026-03-19T18:25:12","slug":"conexion-caja-60-mm-xlr-hembra-de-pared-blanco","status":"publish","type":"product","link":"https:\/\/soydeaqui.ddns.net\/pachuca\/index.php\/producto\/conexion-caja-60-mm-xlr-hembra-de-pared-blanco\/","title":{"rendered":"CONEXI\u00d3N CAJA 60 MM. XLR HEMBRA DE PARED. BLANCO."},"content":{"rendered":"<div style='width: 100%; max-width: 1200px; margin: 0 auto; font-family: sans-serif; line-height: 1.6; color: inherit; background-color: transparent;'> <!-- Logo --> <\/p>\n<p style='text-align: center; margin: 30px 0 10px;'> <img style='width: 40%; height: auto; border: 1px solid rgba(150&comma;150&comma;150&comma;0.3); border-radius: 8px;' src='https:\/\/ftp3.syscom.mx\/usuarios\/luis.vargas\/EGI\/Logo.png' alt='Logo'> <\/p>\n<p> <!-- Imagen principal --> <\/p>\n<p style='margin: 30px 0;'> <img style='width: 100%; height: auto; border: 1px solid rgba(150&comma;150&comma;150&comma;0.3); border-radius: 8px;' src='https:\/\/ftp3.syscom.mx\/usuarios\/luis.vargas\/EGI\/651010\/651010-connection.JPG' alt=''> <\/p>\n<p> <!-- Contenido con imagen y descripci\u00f3n --> <\/p>\n<div style='display: flex; flex-wrap: wrap; gap: 30px; margin: 30px 0;'>\n<div style='flex: 1 1 300px; min-width: 280px;'> <img style='width: 60%; height: auto; border: 1px solid rgba(150&comma;150&comma;150&comma;0.3); border-radius: 8px; display: block; margin: 0 auto;' src='https:\/\/ftp3.syscom.mx\/usuarios\/luis.vargas\/EGI\/651010\/651010.jpg' alt=''> <\/div>\n<div style='flex: 1 1 300px; min-width: 280px;'>\n<div style='font-size: 18px; color: inherit; opacity: 0.8; text-align: center; margin-bottom: 20px;'> <strong style='font-size: 18px; color: inherit;'>6510.10<\/strong> <\/div>\n<p style='font-size: 15px; color: inherit; text-align: justify;'> M\u00f3dulo o mando de pared para empotrar o superficie para cajas de 60mm&comma; con entrada hembra de cannon o XLR y salida a trav\u00e9s de regletas&comma; para se\u00f1ales de audio l\u00ednea o micr\u00f3fono&comma; balanceado. Dispone de chasis zincado y carcasa en color blanca. <\/p>\n<\/p><\/div>\n<\/p><\/div>\n<p> <!-- Caracter\u00edsticas y segunda imagen --> <\/p>\n<div style='display: flex; flex-wrap: wrap; gap: 30px; margin: 30px 0;'>\n<div style='flex: 1 1 300px; min-width: 280px;'>\n<h3 style='font-size: 22px; border-bottom: 2px solid currentColor; padding-bottom: 5px; margin-top: 0; color: inherit; opacity: 0.8;'>Caracter\u00edsticas Generales<\/h3>\n<ul style='padding-left: 20px; font-size: 15px; color: inherit;'>\n<li style='margin-bottom: 5px;'><strong style='color: inherit;'>Alimentaci\u00f3n:<\/strong> 0 a 48 Vdc phantom<\/li>\n<li style='margin-bottom: 5px;'><strong style='color: inherit;'>Conexi\u00f3n:<\/strong> Balanceada (3&comma; 2&comma; 1); No balanceada (3 unido a 1&comma; 2)<\/li>\n<li style='margin-bottom: 5px;'><strong style='color: inherit;'>Acabado:<\/strong> Blanco<\/li>\n<li style='margin-bottom: 5px;'><strong style='color: inherit;'>Nota:<\/strong> No incluye embellecedor (Face Plate)<\/li>\n<\/ul><\/div>\n<div style='flex: 1 1 300px; min-width: 280px;'> <img style='width: 60%; height: auto; border: 1px solid rgba(150&comma;150&comma;150&comma;0.3); border-radius: 8px; display: block; margin: 0 auto;' src='https:\/\/ftp3.syscom.mx\/usuarios\/luis.vargas\/EGI\/651010\/651010-back.JPG' alt=''> <\/div>\n<\/p><\/div>\n<\/p><\/div>\n","protected":false},"excerpt":{"rendered":"<p>CONEXI\u00d3N CAJA 60 MM. XLR HEMBRA DE PARED. BLANCO.<\/p>\n","protected":false},"featured_media":80960,"comment_status":"open","ping_status":"closed","template":"","meta":[],"product_brand":[],"product_cat":[240],"product_tag":[93,241,697],"class_list":{"0":"post-80961","1":"product","2":"type-product","3":"status-publish","4":"has-post-thumbnail","6":"product_cat-accesorios-audio-ip","7":"product_tag-accesorios","8":"product_tag-audio-ip","9":"product_tag-egi-audio-solutions","11":"first","12":"instock","13":"sale","14":"shipping-taxable","15":"purchasable","16":"product-type-simple"},"_links":{"self":[{"href":"https:\/\/soydeaqui.ddns.net\/pachuca\/index.php\/wp-json\/wp\/v2\/product\/80961","targetHints":{"allow":["GET"]}}],"collection":[{"href":"https:\/\/soydeaqui.ddns.net\/pachuca\/index.php\/wp-json\/wp\/v2\/product"}],"about":[{"href":"https:\/\/soydeaqui.ddns.net\/pachuca\/index.php\/wp-json\/wp\/v2\/types\/product"}],"replies":[{"embeddable":true,"href":"https:\/\/soydeaqui.ddns.net\/pachuca\/index.php\/wp-json\/wp\/v2\/comments?post=80961"}],"wp:featuredmedia":[{"embeddable":true,"href":"https:\/\/soydeaqui.ddns.net\/pachuca\/index.php\/wp-json\/wp\/v2\/media\/80960"}],"wp:attachment":[{"href":"https:\/\/soydeaqui.ddns.net\/pachuca\/index.php\/wp-json\/wp\/v2\/media?parent=80961"}],"wp:term":[{"taxonomy":"product_brand","embeddable":true,"href":"https:\/\/soydeaqui.ddns.net\/pachuca\/index.php\/wp-json\/wp\/v2\/product_brand?post=80961"},{"taxonomy":"product_cat","embeddable":true,"href":"https:\/\/soydeaqui.ddns.net\/pachuca\/index.php\/wp-json\/wp\/v2\/product_cat?post=80961"},{"taxonomy":"product_tag","embeddable":true,"href":"https:\/\/soydeaqui.ddns.net\/pachuca\/index.php\/wp-json\/wp\/v2\/product_tag?post=80961"}],"curies":[{"name":"wp","href":"https:\/\/api.w.org\/{rel}","templated":true}]}}