{"id":8094,"date":"2026-03-18T07:04:35","date_gmt":"2026-03-18T07:04:35","guid":{"rendered":"https:\/\/soydeaqui.ddns.net\/pachuca\/index.php\/producto\/alarma-de-puerta-multifuncion-exit-stopper-inalambrica\/"},"modified":"2026-03-18T07:04:39","modified_gmt":"2026-03-18T07:04:39","slug":"alarma-de-puerta-multifuncion-exit-stopper-inalambrica","status":"publish","type":"product","link":"https:\/\/soydeaqui.ddns.net\/pachuca\/index.php\/producto\/alarma-de-puerta-multifuncion-exit-stopper-inalambrica\/","title":{"rendered":"Alarma de puerta multifunci\u00f3n Exit Stopper\u00ae inal\u00e1mbrica"},"content":{"rendered":"<div style='width: 100%; max-width: 1200px; margin: 0 auto; font-family: sans-serif; line-height: 1.6; color: inherit; background-color: transparent;'>\n<div style='display: flex; flex-wrap: wrap; gap: 30px; margin-bottom: 30px;'>\n<div style='flex: 1 1 300px; min-width: 280px;'>\n<h3 style='font-size: 22px; border-bottom: 2px solid currentColor; padding-bottom: 5px; margin-top: 0; color: inherit; opacity: 0.8;'>Descripci\u00f3n General<\/h3>\n<p style='font-size: 15px; color: inherit; margin-bottom: 15px;'>El Exit Stopper\u00ae altamente efectivo puede servir como una alarma de puerta econ\u00f3mica y pr\u00e1ctica que ayuda a detener el robo al alertar sobre salidas o entradas no autorizadas a trav\u00e9s de puertas de salida de emergencia o puertas restringidas. Si se abre la puerta protegida&comma; el Exit Stopper\u00ae electr\u00f3nico emite una potente sirena de aviso de 95\/105 dB.<\/p>\n<\/p><\/div>\n<\/p><\/div>\n<div style='display: flex; flex-wrap: wrap; gap: 20px; margin-bottom: 30px;'>\n<div style='flex: 1 1 250px; border: 1px solid rgba(150&comma; 150&comma; 150&comma; 0.4); border-radius: 8px; overflow: hidden; display: flex; flex-direction: column;'>\n<div style='padding: 15px; border-bottom: 1px solid rgba(150&comma; 150&comma; 150&comma; 0.2); font-weight: bold; font-size: 18px; color: inherit;'>Caracter\u00edsticas de Alarma STI-6400WIR<\/div>\n<div style='padding: 15px; color: inherit;'>\n<ul style='padding-left: 20px; margin: 0; font-size: 14px; list-style-type: disc;'>\n<li style='margin-bottom: 5px;'>Alarma de puerta multifuncion Exit Stopper\u00ae inal\u00e1mbrica<\/li>\n<li style='margin-bottom: 5px;'>Funciona a 433 MHz en un rango de hasta a 300 metros<\/li>\n<li style='margin-bottom: 5px;'>Requiere receptor <a style='color: #005cb9; text-decoration: none; font-weight: 600;' href='https:\/\/www.syscom.mx\/principal\/searchcont?route=STI-34108-STI-162763&#038;autodetect=STI-34098' target='_blank'>STI-34108<\/a> o <a style='color: #005cb9; text-decoration: none; font-weight: 600;' href='https:\/\/www.syscom.mx\/principal\/searchcont?route=STI-34098-STI-195169&#038;autodetect=STI-34098' target='_blank'>STI-34098<\/a> (no incluido)<\/li>\n<\/ul><\/div>\n<\/p><\/div>\n<div style='flex: 1 1 250px; border: 1px solid rgba(150&comma; 150&comma; 150&comma; 0.4); border-radius: 8px; overflow: hidden; display: flex; flex-direction: column;'>\n<div style='padding: 15px; border-bottom: 1px solid rgba(150&comma; 150&comma; 150&comma; 0.2); font-weight: bold; font-size: 18px; color: inherit;'>Caracter\u00edsticas Generales<\/div>\n<div style='padding: 15px; color: inherit;'>\n<ul style='padding-left: 20px; margin: 0; font-size: 14px; list-style-type: disc;'>\n<li style='margin-bottom: 5px;'>Alarma multifunci\u00f3n&comma; ayuda a prevenir salidas\/entradas no autorizadas<\/li>\n<li style='margin-bottom: 5px;'>La &#8216;se\u00f1al de alto&#8217; altamente visible act\u00faa como elemento disuasorio<\/li>\n<li style='margin-bottom: 5px;'>Mucho m\u00e1s f\u00e1cil de instalar y menos costoso que las unidades pesadas de tipo barra horizontal&comma; y muy pr\u00e1ctico para todas las puertas de emergencia<\/li>\n<li style='margin-bottom: 5px;'>Unidad aut\u00f3noma a 9V (incluida) o alimentaci\u00f3n de 12-24 Vcd<\/li>\n<li style='margin-bottom: 5px;'>Bocina de advertencia de 95\/105 dB<\/li>\n<li style='margin-bottom: 5px;'>Solo uso en interiores<\/li>\n<li style='margin-bottom: 5px;'>Advertencia visual y audible<\/li>\n<li style='margin-bottom: 5px;'>Garant\u00eda de 3 a\u00f1os contra rotura del policarbonato en uso normal (1 a\u00f1o en componentes electromec\u00e1nicos y electr\u00f3nicos)<\/li>\n<li style='margin-bottom: 5px;'>La etiqueta incluida permite advertir en dos idiomas<\/li>\n<li style='margin-bottom: 5px;'>Carcasa de policarbonato super resistente<\/li>\n<li style='margin-bottom: 5px;'>Se puede montar en cualquier marco de puerta o en la puerta<\/li>\n<li style='margin-bottom: 5px;'>Se puede programar para sonar en 30 seg&comma; 3 min o indefinidamente (hasta desactivar con la llave o agotar la bater\u00eda)<\/li>\n<li style='margin-bottom: 5px;'>Se puede programar con un retraso de 30 s o de inmediato<\/li>\n<li style='margin-bottom: 5px;'>En modo anunciador anuncia la entrada\/salida de la puerta con 2 pitidos repetidos 5 veces<\/li>\n<li style='margin-bottom: 5px;'>Pita y parpadea cuando se activa<\/li>\n<li style='margin-bottom: 5px;'>Agrega advertencia en un segundo idioma con las etiquetas proporcionadas (21 idiomas)<\/li>\n<li style='margin-bottom: 5px;'>Establezca la duraci\u00f3n de la alarma para sonar durante 30 segundos&comma; 3 minutos o indefinidamente<\/li>\n<li style='margin-bottom: 5px;'>Instalaci\u00f3n sumamente sencilla<\/li>\n<li style='margin-bottom: 5px;'>Advertencia de bater\u00eda baja (bater\u00eda alcalina de 9V incluida)<\/li>\n<li style='margin-bottom: 5px;'>Puede montarse en la parte superior&comma; derecha&comma; izquierda o junto a casi cualquier puerta<\/li>\n<li style='margin-bottom: 5px;'>No debe exponerse al agua&comma; no para uso en exteriores<\/li>\n<li style='margin-bottom: 5px;'>Aprobado por CE&comma; cumple con FCC e IC<\/li>\n<li style='margin-bottom: 5px;'>Dimensiones: 137 mm (5.375 in) x 137 mm (5.375 in) x 51 mm (2 in)<\/li>\n<\/ul><\/div>\n<\/p><\/div>\n<\/p><\/div>\n<div style='margin-bottom: 30px;'>\n<div style='position: relative; padding-bottom: 56.25%; height: 0; overflow: hidden; margin-bottom: 30px;'>   <\/div>\n<div style='position: relative; padding-bottom: 56.25%; height: 0; overflow: hidden; margin-bottom: 30px;'>   <\/div>\n<div style='position: relative; padding-bottom: 56.25%; height: 0; overflow: hidden; margin-bottom: 30px;'>   <\/div>\n<div style='position: relative; padding-bottom: 56.25%; height: 0; overflow: hidden; margin-bottom: 30px;'>   <\/div>\n<div style='position: relative; padding-bottom: 56.25%; height: 0; overflow: hidden; margin-bottom: 30px;'>   <\/div>\n<\/p><\/div>\n<hr style='border: 0; border-top: 1px solid rgba(150&comma; 150&comma; 150&comma; 0.3); margin: 30px 0;'> <\/div>\n","protected":false},"excerpt":{"rendered":"<p>Alarma de puerta multifunci\u00f3n Exit Stopper\u00ae inal\u00e1mbrica<\/p>\n","protected":false},"featured_media":8093,"comment_status":"open","ping_status":"closed","template":"","meta":[],"product_brand":[],"product_cat":[146],"product_tag":[93,147,169],"class_list":{"0":"post-8094","1":"product","2":"type-product","3":"status-publish","4":"has-post-thumbnail","6":"product_cat-sirenas-y-estrobos","7":"product_tag-accesorios","8":"product_tag-sirenas-y-estrobos","9":"product_tag-sti","11":"first","12":"instock","13":"sale","14":"shipping-taxable","15":"purchasable","16":"product-type-simple"},"_links":{"self":[{"href":"https:\/\/soydeaqui.ddns.net\/pachuca\/index.php\/wp-json\/wp\/v2\/product\/8094","targetHints":{"allow":["GET"]}}],"collection":[{"href":"https:\/\/soydeaqui.ddns.net\/pachuca\/index.php\/wp-json\/wp\/v2\/product"}],"about":[{"href":"https:\/\/soydeaqui.ddns.net\/pachuca\/index.php\/wp-json\/wp\/v2\/types\/product"}],"replies":[{"embeddable":true,"href":"https:\/\/soydeaqui.ddns.net\/pachuca\/index.php\/wp-json\/wp\/v2\/comments?post=8094"}],"wp:featuredmedia":[{"embeddable":true,"href":"https:\/\/soydeaqui.ddns.net\/pachuca\/index.php\/wp-json\/wp\/v2\/media\/8093"}],"wp:attachment":[{"href":"https:\/\/soydeaqui.ddns.net\/pachuca\/index.php\/wp-json\/wp\/v2\/media?parent=8094"}],"wp:term":[{"taxonomy":"product_brand","embeddable":true,"href":"https:\/\/soydeaqui.ddns.net\/pachuca\/index.php\/wp-json\/wp\/v2\/product_brand?post=8094"},{"taxonomy":"product_cat","embeddable":true,"href":"https:\/\/soydeaqui.ddns.net\/pachuca\/index.php\/wp-json\/wp\/v2\/product_cat?post=8094"},{"taxonomy":"product_tag","embeddable":true,"href":"https:\/\/soydeaqui.ddns.net\/pachuca\/index.php\/wp-json\/wp\/v2\/product_tag?post=8094"}],"curies":[{"name":"wp","href":"https:\/\/api.w.org\/{rel}","templated":true}]}}