{"id":80932,"date":"2026-03-19T18:24:01","date_gmt":"2026-03-19T18:24:01","guid":{"rendered":"https:\/\/soydeaqui.ddns.net\/pachuca\/index.php\/producto\/switch-gigabit-poe-monitoreable-16-puertos-1000-mbps-poe-1-puerto-1000-mbps-de-uplink-1-puerto-sfp-configuracion-nube-desde-hik-partnerpro-modo-extendido-hasta-300-metros-130-watts\/"},"modified":"2026-03-19T18:24:05","modified_gmt":"2026-03-19T18:24:05","slug":"switch-gigabit-poe-monitoreable-16-puertos-1000-mbps-poe-1-puerto-1000-mbps-de-uplink-1-puerto-sfp-configuracion-nube-desde-hik-partnerpro-modo-extendido-hasta-300-metros-130-watts","status":"publish","type":"product","link":"https:\/\/soydeaqui.ddns.net\/pachuca\/index.php\/producto\/switch-gigabit-poe-monitoreable-16-puertos-1000-mbps-poe-1-puerto-1000-mbps-de-uplink-1-puerto-sfp-configuracion-nube-desde-hik-partnerpro-modo-extendido-hasta-300-metros-130-watts\/","title":{"rendered":"Switch Gigabit PoE+ \/ Monitoreable \/ 16 Puertos 1000 Mbps PoE+ \/ 1 Puerto 1000 Mbps de Uplink \/ 1 Puerto SFP \/  Configuraci\u00f3n Nube desde Hik-PartnerPro \/ Modo Extendido hasta 300 Metros \/ 130 Watts"},"content":{"rendered":"<div style='width: 100%; max-width: 1200px; margin: 0 auto; font-family: sans-serif; line-height: 1.6; color: inherit; background-color: transparent;'>\n<p style='text-align: center; margin: 0; padding: 15px 0;'><img style='width: 100%; max-width: 500px; height: auto; border: 1px solid rgba(150&comma;150&comma;150&comma;0.3); border-radius: 8px;' src='https:\/\/ftp3.syscom.mx\/usuarios\/jsosa\/HIKVISION\/imagenes\/logo\/hikvision%20see%20far.png' alt='Logo Hikvision'><\/p>\n<div style='position: relative; padding-bottom: 56.25%; height: 0; overflow: hidden; margin: 30px 0;'>   <\/div>\n<div style='display: flex; flex-wrap: wrap; gap: 30px; margin: 30px 0;'>\n<div style='flex: 1 1 300px; min-width: 280px;'>\n<div style='position: relative; padding-bottom: 56.25%; height: 0; overflow: hidden; margin-bottom: 15px;'>   <\/div>\n<h3 style='font-size: 18px; text-align: center; margin: 0; color: inherit;'>\u00bfQu\u00e9 es Hik-Partner Pro?<\/h3>\n<\/p><\/div>\n<div style='flex: 1 1 300px; min-width: 280px;'>\n<div style='position: relative; padding-bottom: 56.25%; height: 0; overflow: hidden; margin-bottom: 15px;'>   <\/div>\n<h3 style='font-size: 18px; text-align: center; margin: 0; color: inherit;'>Activa tus Equipos en 3 Pasos<\/h3>\n<\/p><\/div>\n<div style='flex: 1 1 300px; min-width: 280px;'>\n<div style='position: relative; padding-bottom: 56.25%; height: 0; overflow: hidden; margin-bottom: 15px;'>   <\/div>\n<h3 style='font-size: 18px; text-align: center; margin: 0; color: inherit;'>\u00a1Vincula tus dispositivos!<\/h3>\n<\/p><\/div>\n<\/p><\/div>\n<h2 style='font-size: 24px; border-bottom: 2px solid currentColor; padding-bottom: 8px; margin: 30px 0 20px; color: inherit;'>Especificaciones<\/h2>\n<div style='display: flex; flex-wrap: wrap; gap: 20px; margin-bottom: 30px;'>\n<div style='flex: 1 1 250px; border: 1px solid rgba(150&comma; 150&comma; 150&comma; 0.4); border-radius: 8px; overflow: hidden; display: flex; flex-direction: column;'>\n<div style='padding: 15px; border-bottom: 1px solid rgba(150&comma; 150&comma; 150&comma; 0.2); font-weight: bold; font-size: 18px; background: #df001e; color: #ffffff;'>Caracter\u00edsticas Principales<\/div>\n<div style='padding: 15px; color: inherit;'>\n<ul style='padding-left: 20px; margin: 0; font-size: 14px; list-style-type: disc;'>\n<li style='margin-bottom: 8px;'>Switch de 16 puertos 10\/100\/1000 Mbps PoE<\/li>\n<li style='margin-bottom: 8px;'>1 Puerto UPLINK 10\/100\/1000 Mbps<\/li>\n<li style='margin-bottom: 8px;'>1 Puerto SFP<\/li>\n<li style='margin-bottom: 8px;'>Monitoreo y control de datos en puertos importantes<\/li>\n<li style='margin-bottom: 8px;'>Modo Extendido HASTA 300 Metros<\/li>\n<li style='margin-bottom: 8px;'>Optimizaci\u00f3n de buffer para garantizar la transmisi\u00f3n de video<\/li>\n<li style='margin-bottom: 8px;'><strong>Gesti\u00f3n WEB desde la IP (192.168.1.64)<\/strong><\/li>\n<li style='margin-bottom: 8px;'>Administraci\u00f3n desde HikPartner Pro<\/li>\n<li style='margin-bottom: 8px;'><strong>Tasa de reenv\u00edo de paquetes 41.66 MPPS<\/strong><\/li>\n<\/ul><\/div>\n<\/p><\/div>\n<div style='flex: 1 1 250px; border: 1px solid rgba(150&comma; 150&comma; 150&comma; 0.4); border-radius: 8px; overflow: hidden; display: flex; flex-direction: column;'>\n<div style='padding: 15px; border-bottom: 1px solid rgba(150&comma; 150&comma; 150&comma; 0.2); font-weight: bold; font-size: 18px; background: #df001e; color: #ffffff;'>Caracter\u00edsticas F\u00edsicas y El\u00e9ctricas<\/div>\n<div style='padding: 15px; color: inherit;'>\n<ul style='padding-left: 20px; margin: 0; font-size: 14px; list-style-type: disc;'>\n<li style='margin-bottom: 8px;'>Capacidad m\u00e1xima de Watts: 130 W<\/li>\n<li style='margin-bottom: 8px;'>Administraci\u00f3n m\u00e1xima de Watts por puerto: 30 W<\/li>\n<li style='margin-bottom: 8px;'>16 puertos PoE 802.3af\/at<\/li>\n<li style='margin-bottom: 8px;'>Alimentaci\u00f3n: 100-240 V AC&comma; 2.5 A (Incluye fuente de alimentaci\u00f3n)<\/li>\n<li style='margin-bottom: 8px;'>Dimensiones: 440.0 mm \u00d7 220.8 mm \u00d7 44.0 mm<\/li>\n<li style='margin-bottom: 8px;'>Peso: 2.7 Kg<\/li>\n<\/ul><\/div>\n<\/p><\/div>\n<div style='flex: 1 1 250px; border: 1px solid rgba(150&comma; 150&comma; 150&comma; 0.4); border-radius: 8px; overflow: hidden; display: flex; flex-direction: column;'>\n<div style='padding: 15px; border-bottom: 1px solid rgba(150&comma; 150&comma; 150&comma; 0.2); font-weight: bold; font-size: 18px; background: #df001e; color: #ffffff;'>Caracter\u00edsticas Avanzadas<\/div>\n<div style='padding: 15px; color: inherit;'>\n<ul style='padding-left: 20px; margin: 0; font-size: 14px; list-style-type: disc;'>\n<li style='margin-bottom: 8px;'>Aislado de puertos<\/li>\n<li style='margin-bottom: 8px;'>PoE Watchdog<\/li>\n<li style='margin-bottom: 8px;'>Link Aggregation<\/li>\n<li style='margin-bottom: 8px;'>Prevenci\u00f3n de loop<\/li>\n<li style='margin-bottom: 8px;'>VLANs<\/li>\n<\/ul><\/div>\n<\/p><\/div>\n<\/p><\/div>\n<div style='display: flex; flex-wrap: wrap; gap: 20px; margin-bottom: 30px;'>\n<div style='flex: 1 1 250px; border: 1px solid rgba(150&comma; 150&comma; 150&comma; 0.4); border-radius: 8px; overflow: hidden; display: flex; flex-direction: column;'>\n<div style='padding: 15px; border-bottom: 1px solid rgba(150&comma; 150&comma; 150&comma; 0.2); font-weight: bold; font-size: 18px; background: #df001e; color: #ffffff;'>Consideraciones<\/div>\n<div style='padding: 15px; color: inherit;'>\n<ul style='padding-left: 20px; margin: 0; font-size: 14px; list-style-type: disc;'>\n<li style='margin-bottom: 8px;'>Las distancias del modo extendido pueden variar seg\u00fan las condiciones de instalaci\u00f3n y los dispositivos utilizados&comma; es necesario usar cable UTP CAT 6 100% COBRE<\/li>\n<li style='margin-bottom: 8px;'>El modo extendido y el extensor PoE solo soportan equipos que trabajen con el est\u00e1ndar PoE (IEEE 802.3af\/at)<\/li>\n<li style='margin-bottom: 8px;'>El switch suministra PoE estandarizado (PoE Activo) no puede alimentar equipos que manejen PoE Pasivo<\/li>\n<li style='margin-bottom: 8px;'>El switch cuenta con un <strong>bot\u00f3n<\/strong> para regresar a valores de f\u00e1brica (es necesario dejar presionado por 10 seg)<\/li>\n<li style='margin-bottom: 8px; color: #e74c3c; font-weight: bold;'>Montable en rack<\/li>\n<\/ul><\/div>\n<\/p><\/div>\n<\/p><\/div>\n<h3 style='font-size: 20px; border-bottom: 2px solid currentColor; padding-bottom: 8px; margin: 30px 0 15px; color: inherit;'>Distancias Modo Extendido<\/h3>\n<p style='text-align: center; margin: 20px 0; padding: 0;'> <img style='width: 100%; max-width: 1200px; height: auto; border: 1px solid rgba(150&comma;150&comma;150&comma;0.3); border-radius: 8px;' src='https:\/\/ftp3.syscom.mx\/usuarios\/jsosa\/HIKVISION\/redes\/poeextended.PNG' alt='Distancias Modo Extendido'> <\/p>\n<h3 style='font-size: 20px; border-bottom: 2px solid currentColor; padding-bottom: 8px; margin: 30px 0 15px; color: inherit;'>Funcionamiento PoE Extended<\/h3>\n<p style='margin: 20px 0; padding: 0;'>Los Switches PoE de Hikvision permiten al momento de utilizar un extensor PoE Hikvision modelo <a href='https:\/\/www.syscom.mx\/producto\/DS-3E0103DP-E-R-HIKVISION-230170.html' style='color: inherit; text-decoration: underline;'>DS-3E0103DP-E\/R<\/a> o <a href='https:\/\/www.syscom.mx\/producto\/DS-3E0503DP-E-R-HIKVISION-230171.html' style='color: inherit; text-decoration: underline;'>DS-3E0503DP-E\/R<\/a> alcanzar distancias de hasta <strong style='color: inherit;'>200 metros<\/strong><\/p>\n<p style='text-align: center; margin: 20px 0; padding: 0;'> <img style='width: 100%; max-width: 983px; height: auto; border: 1px solid rgba(150&comma;150&comma;150&comma;0.3); border-radius: 8px;' src='https:\/\/ftp3.syscom.mx\/usuarios\/alexh\/Hikvision\/imagen\/Distancias.PNG' alt='Distancias de Instalaci\u00f3n'> <\/p>\n<\/p><\/div>\n","protected":false},"excerpt":{"rendered":"<p>Switch Gigabit PoE+ \/ Monitoreable \/ 16 Puertos 1000 Mbps PoE+ \/ 1 Puerto 1000 Mbps de Uplink \/ 1 Puerto SFP \/  Configuraci\u00f3n Nube desde Hik-PartnerPro \/ Modo Extendido hasta 300 Metros \/ 130 Watts<\/p>\n","protected":false},"featured_media":80931,"comment_status":"open","ping_status":"closed","template":"","meta":[],"product_brand":[],"product_cat":[1986],"product_tag":[54,664,1987],"class_list":{"0":"post-80932","1":"product","2":"type-product","3":"status-publish","4":"has-post-thumbnail","6":"product_cat-switches-poe","7":"product_tag-hikvision","8":"product_tag-networking","9":"product_tag-switches-poe","11":"first","12":"outofstock","13":"sale","14":"shipping-taxable","15":"purchasable","16":"product-type-simple"},"_links":{"self":[{"href":"https:\/\/soydeaqui.ddns.net\/pachuca\/index.php\/wp-json\/wp\/v2\/product\/80932","targetHints":{"allow":["GET"]}}],"collection":[{"href":"https:\/\/soydeaqui.ddns.net\/pachuca\/index.php\/wp-json\/wp\/v2\/product"}],"about":[{"href":"https:\/\/soydeaqui.ddns.net\/pachuca\/index.php\/wp-json\/wp\/v2\/types\/product"}],"replies":[{"embeddable":true,"href":"https:\/\/soydeaqui.ddns.net\/pachuca\/index.php\/wp-json\/wp\/v2\/comments?post=80932"}],"wp:featuredmedia":[{"embeddable":true,"href":"https:\/\/soydeaqui.ddns.net\/pachuca\/index.php\/wp-json\/wp\/v2\/media\/80931"}],"wp:attachment":[{"href":"https:\/\/soydeaqui.ddns.net\/pachuca\/index.php\/wp-json\/wp\/v2\/media?parent=80932"}],"wp:term":[{"taxonomy":"product_brand","embeddable":true,"href":"https:\/\/soydeaqui.ddns.net\/pachuca\/index.php\/wp-json\/wp\/v2\/product_brand?post=80932"},{"taxonomy":"product_cat","embeddable":true,"href":"https:\/\/soydeaqui.ddns.net\/pachuca\/index.php\/wp-json\/wp\/v2\/product_cat?post=80932"},{"taxonomy":"product_tag","embeddable":true,"href":"https:\/\/soydeaqui.ddns.net\/pachuca\/index.php\/wp-json\/wp\/v2\/product_tag?post=80932"}],"curies":[{"name":"wp","href":"https:\/\/api.w.org\/{rel}","templated":true}]}}