{"id":80914,"date":"2026-03-19T18:23:19","date_gmt":"2026-03-19T18:23:19","guid":{"rendered":"https:\/\/soydeaqui.ddns.net\/pachuca\/index.php\/producto\/telefono-ip-wi-fi-botones-braille-grandes-disenado-para-hospitales-asilos-bluetooth-integrado\/"},"modified":"2026-03-19T18:23:25","modified_gmt":"2026-03-19T18:23:25","slug":"telefono-ip-wi-fi-botones-braille-grandes-disenado-para-hospitales-asilos-bluetooth-integrado","status":"publish","type":"product","link":"https:\/\/soydeaqui.ddns.net\/pachuca\/index.php\/producto\/telefono-ip-wi-fi-botones-braille-grandes-disenado-para-hospitales-asilos-bluetooth-integrado\/","title":{"rendered":"Tel\u00e9fono IP Wi-Fi Botones Braille Grandes dise\u00f1ado para hospitales, Asilos, Bluetooth Integrado"},"content":{"rendered":"<div style='width: 100%; max-width: 1200px; margin: 0 auto; font-family: sans-serif; line-height: 1.6; color: inherit; background-color: transparent;'> <!-- Descripci\u00f3n principal --> <\/p>\n<div style='margin-bottom: 30px; font-size: 16px;'>\n<p style='margin: 0 0 20px; text-align: justify; font-size: 16px; color: inherit;'>Fanvil X305 es un tel\u00e9fono IP con botones grandes dise\u00f1ado para asilos&comma; hospitales y otros entornos. Cuenta con una pantalla a color de 3&comma;5 pulgadas y botones grandes&comma; soporta 2 l\u00edneas SIP y fuente de alimentaci\u00f3n PoE para ofrecer una experiencia f\u00e1cil de usar. X305 tiene Wi-Fi integrado de 2&comma;4 GHz y 5 GHz&comma; y admite botones de emergencia inal\u00e1mbricos de 433 MHz&comma; lo que proporciona una experiencia de comunicaci\u00f3n eficiente y de alta calidad para las personas mayores.<\/p>\n<\/p><\/div>\n<p> <!-- Secciones de caracter\u00edsticas --> <\/p>\n<div style='display: flex; flex-wrap: wrap; gap: 30px; margin-bottom: 30px;'>\n<div style='flex: 1 1 300px; min-width: 280px;'>\n<h3 style='font-size: 20px; border-bottom: 2px solid currentColor; padding-bottom: 5px; margin-top: 0; margin-bottom: 15px; color: inherit; opacity: 0.8;'>Caracter\u00edsticas principales<\/h3>\n<ul style='padding-left: 20px; margin: 0; font-size: 15px; color: inherit; list-style-type: disc;'>\n<li style='margin-bottom: 8px;'>2 l\u00edneas SIP<\/li>\n<li style='margin-bottom: 8px;'>Teclas con puntos Braille para satisfacer necesidades especiales<\/li>\n<li style='margin-bottom: 8px;'>Soporta botones inal\u00e1mbricos de 433 MHz<\/li>\n<li style='margin-bottom: 8px;'>Incorpora Bluetooth 4.2 y Wi-Fi 2.4GHz\/5GHz<\/li>\n<li style='margin-bottom: 8px;'>Pantalla de 3.5 Pulgadas<\/li>\n<li style='margin-bottom: 8px;'>Agenda local de 1000 registros<\/li>\n<li style='margin-bottom: 8px;'>Pantalla a matriz de puntos de 128&#215;48<\/li>\n<li style='margin-bottom: 8px;'>Doble puerto Fast Ethernet<\/li>\n<li style='margin-bottom: 8px;'>PoE habilitado<\/li>\n<li style='margin-bottom: 8px;'>Cancelador de eco ac\u00fastico d\u00faplex completo (AEC)<\/li>\n<li style='margin-bottom: 8px;'>Montaje en pared (requiere accesorio)<\/li>\n<li style='margin-bottom: 8px;'>Compatible con las principales plataformas: Grandstream UCM62XX&comma; UCM63XX&comma; Asterisk&comma; Broadsoft&comma; 3CX&comma; Metaswitch&comma; Elastix&comma; Avaya etc.<\/li>\n<li style='margin-bottom: 8px;'>Garant\u00eda: 2 a\u00f1os<\/li>\n<\/ul><\/div>\n<div style='flex: 1 1 300px; min-width: 280px;'>\n<h3 style='font-size: 20px; border-bottom: 2px solid currentColor; padding-bottom: 5px; margin-top: 0; margin-bottom: 15px; color: inherit; opacity: 0.8;'>Caracter\u00edsticas de red<\/h3>\n<ul style='padding-left: 20px; margin: 0; font-size: 15px; color: inherit; list-style-type: disc;'>\n<li style='margin-bottom: 8px;'>Doble puerto de red 10\/100\/1000 Mbps<\/li>\n<li style='margin-bottom: 8px;'>VPN: L2TP \/ OpenVPN<\/li>\n<li style='margin-bottom: 8px;'>VLAN<\/li>\n<li style='margin-bottom: 8px;'>LLDP<\/li>\n<li style='margin-bottom: 8px;'>IPv4\/IPv6\/IPv4&#038;IPv6<\/li>\n<li style='margin-bottom: 8px;'>SIP 2.0 sobre UDP\/TCP\/TLS<\/li>\n<li style='margin-bottom: 8px;'>PPPoE<\/li>\n<li style='margin-bottom: 8px;'>QoS<\/li>\n<\/ul><\/div>\n<div style='flex: 1 1 300px; min-width: 280px;'>\n<h3 style='font-size: 20px; border-bottom: 2px solid currentColor; padding-bottom: 5px; margin-top: 0; margin-bottom: 15px; color: inherit; opacity: 0.8;'>Caracter\u00edsticas F\u00edsicas y El\u00e9ctricas<\/h3>\n<ul style='padding-left: 20px; margin: 0; font-size: 15px; color: inherit; list-style-type: disc;'>\n<li style='margin-bottom: 8px;'>Alimentaci\u00f3n v\u00eda PoE (802.3af) o 5 Vcc&comma; 2 A (fuente no incluida)<\/li>\n<li style='margin-bottom: 8px;'>2 puertos RJ45<\/li>\n<li style='margin-bottom: 8px;'>2 puertos RJ9<\/li>\n<li style='margin-bottom: 8px;'>Material: pl\u00e1stico<\/li>\n<li style='margin-bottom: 8px;'>Temperatura de operaci\u00f3n: 0\u00ba ~ 45\u00ba C<\/li>\n<\/ul><\/div>\n<\/p><\/div>\n<p> <!-- Im\u00e1genes --> <\/p>\n<div style='display: flex; flex-wrap: wrap; gap: 20px; margin-bottom: 30px; justify-content: center;'>\n<div style='flex: 1 1 300px; max-width: 600px;'> <img style='width: 100%; height: auto; border: 1px solid rgba(150&comma;150&comma;150&comma;0.3); border-radius: 8px;' src='https:\/\/ftp3.syscom.mx\/usuarios\/fotos\/X305\/225941-1454dlfvjt.translated.jpg' alt=''> <\/div>\n<div style='flex: 1 1 300px; max-width: 600px;'> <img style='width: 100%; height: auto; border: 1px solid rgba(150&comma;150&comma;150&comma;0.3); border-radius: 8px;' src='https:\/\/ftp3.syscom.mx\/usuarios\/fotos\/X305\/225941-1454p2pnpf.translated.jpg' alt=''> <\/div>\n<\/p><\/div>\n<p> <!-- Video --> <\/p>\n<div style='margin-bottom: 30px;'>\n<div style='position: relative; padding-bottom: 56.25%; height: 0; overflow: hidden;'>   <\/div>\n<\/p><\/div>\n<\/p><\/div>\n","protected":false},"excerpt":{"rendered":"<p>Tel\u00e9fono IP Wi-Fi Botones Braille Grandes dise\u00f1ado para hospitales, Asilos, Bluetooth Integrado<\/p>\n","protected":false},"featured_media":80913,"comment_status":"open","ping_status":"closed","template":"","meta":[],"product_brand":[],"product_cat":[2003],"product_tag":[859,2005,2004],"class_list":{"0":"post-80914","1":"product","2":"type-product","3":"status-publish","4":"has-post-thumbnail","6":"product_cat-telefonos-ip","7":"product_tag-fanvil","8":"product_tag-telefonos-ip","9":"product_tag-voip-telefonia-ip-videoconferencia","11":"first","12":"instock","13":"sale","14":"shipping-taxable","15":"purchasable","16":"product-type-simple"},"_links":{"self":[{"href":"https:\/\/soydeaqui.ddns.net\/pachuca\/index.php\/wp-json\/wp\/v2\/product\/80914","targetHints":{"allow":["GET"]}}],"collection":[{"href":"https:\/\/soydeaqui.ddns.net\/pachuca\/index.php\/wp-json\/wp\/v2\/product"}],"about":[{"href":"https:\/\/soydeaqui.ddns.net\/pachuca\/index.php\/wp-json\/wp\/v2\/types\/product"}],"replies":[{"embeddable":true,"href":"https:\/\/soydeaqui.ddns.net\/pachuca\/index.php\/wp-json\/wp\/v2\/comments?post=80914"}],"wp:featuredmedia":[{"embeddable":true,"href":"https:\/\/soydeaqui.ddns.net\/pachuca\/index.php\/wp-json\/wp\/v2\/media\/80913"}],"wp:attachment":[{"href":"https:\/\/soydeaqui.ddns.net\/pachuca\/index.php\/wp-json\/wp\/v2\/media?parent=80914"}],"wp:term":[{"taxonomy":"product_brand","embeddable":true,"href":"https:\/\/soydeaqui.ddns.net\/pachuca\/index.php\/wp-json\/wp\/v2\/product_brand?post=80914"},{"taxonomy":"product_cat","embeddable":true,"href":"https:\/\/soydeaqui.ddns.net\/pachuca\/index.php\/wp-json\/wp\/v2\/product_cat?post=80914"},{"taxonomy":"product_tag","embeddable":true,"href":"https:\/\/soydeaqui.ddns.net\/pachuca\/index.php\/wp-json\/wp\/v2\/product_tag?post=80914"}],"curies":[{"name":"wp","href":"https:\/\/api.w.org\/{rel}","templated":true}]}}