{"id":80908,"date":"2026-03-19T18:23:04","date_gmt":"2026-03-19T18:23:04","guid":{"rendered":"https:\/\/soydeaqui.ddns.net\/pachuca\/index.php\/producto\/switch-l2-administrable-poe-con-16-puertos-gigabit-poe-802-3af-at-2-sfp-para-fibra-1gb-gestion-gratuita-desde-la-nube-240w\/"},"modified":"2026-03-19T18:23:10","modified_gmt":"2026-03-19T18:23:10","slug":"switch-l2-administrable-poe-con-16-puertos-gigabit-poe-802-3af-at-2-sfp-para-fibra-1gb-gestion-gratuita-desde-la-nube-240w","status":"publish","type":"product","link":"https:\/\/soydeaqui.ddns.net\/pachuca\/index.php\/producto\/switch-l2-administrable-poe-con-16-puertos-gigabit-poe-802-3af-at-2-sfp-para-fibra-1gb-gestion-gratuita-desde-la-nube-240w\/","title":{"rendered":"Switch L2 Administrable PoE con 16 puertos Gigabit PoE 802.3af\/at + 2 SFP para fibra 1Gb, gesti\u00f3n gratuita desde la nube, 240w"},"content":{"rendered":"<div style='width: 100%; max-width: 1200px; margin: 0 auto; font-family: sans-serif; line-height: 1.6; color: inherit; background-color: transparent;'>\n<h3 style='font-size: 22px; border-bottom: 2px solid currentColor; padding-bottom: 5px; margin-top: 0; color: inherit; opacity: 0.8;'>Key Specification<\/h3>\n<div style='display: flex; flex-wrap: wrap; gap: 30px; margin-bottom: 30px;'>\n<div style='flex: 1 1 300px; min-width: 280px;'>\n<ul style='padding-left: 20px; font-size: 15px; color: inherit;'>\n<li style='margin-bottom: 5px;'><strong>Ports:<\/strong> 18 x 10\/100\/1000Base-T&comma; 16 x PoE+ ports<\/li>\n<li style='margin-bottom: 5px;'><strong>PoE:<\/strong> 250W&comma; IEEE 802.3at \/ IEEE 802.3af<\/li>\n<li style='margin-bottom: 5px;'><strong>Switching Capacity:<\/strong> 40 Gbps<\/li>\n<li style='margin-bottom: 5px;'><strong>Forwarding Rate:<\/strong> 29.76 Mpps<\/li>\n<li style='margin-bottom: 5px;'><strong>MAC Address Table:<\/strong> 8000<\/li>\n<li style='margin-bottom: 5px;'><strong>Max. VLANs:<\/strong> 16<\/li>\n<\/ul><\/div>\n<div style='flex: 1 1 300px; min-width: 280px;'>\n<ul style='padding-left: 20px; font-size: 15px; color: inherit;'>\n<li style='margin-bottom: 5px;'><strong>Fan:<\/strong> Built-in&comma; lower than 25 \u2103 stop running<\/li>\n<li style='margin-bottom: 5px;'><strong>Port Surge:<\/strong> 4 kV<\/li>\n<li style='margin-bottom: 5px;'><strong>Dimensions (W x D x H):<\/strong> 300 mm x 223 mm x 43.6 mm<\/li>\n<li style='margin-bottom: 5px;'><strong>Weight (with Package):<\/strong> 2.8kg<\/li>\n<li style='margin-bottom: 5px;'><strong>MTBF:<\/strong> > 200&comma;000<\/li>\n<li style='margin-bottom: 5px;'><strong>Warranty:<\/strong> 3 Years<\/li>\n<li style='margin-bottom: 5px;'><strong>Certification:<\/strong> CE&comma; FCC<\/li>\n<\/ul><\/div>\n<\/p><\/div>\n<div style='display: flex; flex-wrap: wrap; gap: 30px; margin-bottom: 30px;'>\n<div style='flex: 1 1 300px; min-width: 280px; border: 1px solid rgba(150&comma; 150&comma; 150&comma; 0.4); border-radius: 8px; overflow: hidden; display: flex; flex-direction: column;'>\n<div style='padding: 15px; border-bottom: 1px solid rgba(150&comma; 150&comma; 150&comma; 0.2); font-weight: bold; font-size: 18px; color: inherit;'>Caracter\u00edsticas principales<\/div>\n<div style='padding: 15px; color: inherit;'>\n<ul style='padding-left: 20px; margin: 0; font-size: 14px; list-style-type: disc;'>\n<li style='margin-bottom: 5px;'>Administraci\u00f3n en la nube (Sin Costo)<\/li>\n<li style='margin-bottom: 5px;'>Garant\u00eda de 3 a\u00f1os<\/li>\n<li style='margin-bottom: 5px;'>Monitoreo y configuraci\u00f3n remota<\/li>\n<\/ul><\/div>\n<\/p><\/div>\n<div style='flex: 1 1 300px; min-width: 280px; border: 1px solid rgba(150&comma; 150&comma; 150&comma; 0.4); border-radius: 8px; overflow: hidden; display: flex; flex-direction: column;'>\n<div style='padding: 15px; border-bottom: 1px solid rgba(150&comma; 150&comma; 150&comma; 0.2); font-weight: bold; font-size: 18px; color: inherit;'>Contenido del Paquete<\/div>\n<div style='padding: 15px; color: inherit;'>\n<ul style='padding-left: 20px; margin: 0; font-size: 14px; list-style-type: disc;'>\n<li style='margin-bottom: 5px;'>1pz Switch PoE RG-ES220GS-P<\/li>\n<li style='margin-bottom: 5px;'>Gu\u00eda r\u00e1pida de instalaci\u00f3n<\/li>\n<li style='margin-bottom: 5px;'>Cable de energ\u00eda AC<\/li>\n<li style='margin-bottom: 5px;'>Tornilleria y montaje para rack<\/li>\n<\/ul><\/div>\n<\/p><\/div>\n<\/p><\/div>\n<hr style='border: 0; border-top: 1px solid rgba(150&comma; 150&comma; 150&comma; 0.3); margin: 30px 0;'>\n<div style='margin-bottom: 30px;'>\n<p style='color: inherit; font-size: 15px; margin: 15px 0;'>Monitoreo y administracion remota en tiempo real.<\/p>\n<div style='position: relative; padding-bottom: 56.25%; height: 0; overflow: hidden; margin-bottom: 30px;'> <video style='position: absolute; top: 0; left: 0; width: 100%; height: 100%; border: 1px solid rgba(150&comma;150&comma;150&comma;0.3); border-radius: 8px;' controls><source src='https:\/\/www.ruijienetworks.com\/res\/UIB\/v4.0\/product-detail\/ES200\/page2-video.m4v' type='video\/mp4'><\/video> <\/div>\n<\/p><\/div>\n<div style='margin-bottom: 30px;'>\n<p style='color: inherit; font-size: 15px; margin: 15px 0;'>La prevenci\u00f3n autom\u00e1tica de bucles garantiza la continuidad del servicio&comma; la red permanece conectada aun y cuando ocurre un bucle de red.<\/p>\n<div style='position: relative; padding-bottom: 56.25%; height: 0; overflow: hidden; margin-bottom: 30px;'> <video style='position: absolute; top: 0; left: 0; width: 100%; height: 100%; border: 1px solid rgba(150&comma;150&comma;150&comma;0.3); border-radius: 8px;' controls><source src='https:\/\/www.ruijienetworks.com\/res\/UIB\/v4.0\/product-detail\/ES200\/page4-video.m4v' type='video\/mp4'><\/video> <\/div>\n<\/p><\/div>\n<div style='margin-bottom: 30px;'>\n<p style='color: inherit; font-size: 15px; margin: 15px 0;'>Administraci\u00f3n remota ompatible con implementaciones de CCTV.<\/p>\n<div style='position: relative; padding-bottom: 56.25%; height: 0; overflow: hidden; margin-bottom: 30px;'> <video style='position: absolute; top: 0; left: 0; width: 100%; height: 100%; border: 1px solid rgba(150&comma;150&comma;150&comma;0.3); border-radius: 8px;' controls><source src='https:\/\/www.ruijienetworks.com\/res\/UIB\/v4.0\/product-detail\/ES200\/page3-video.m4v' type='video\/mp4'><\/video> <\/div>\n<\/p><\/div>\n<\/p><\/div>\n","protected":false},"excerpt":{"rendered":"<p>Switch L2 Administrable PoE con 16 puertos Gigabit PoE 802.3af\/at + 2 SFP para fibra 1Gb, gesti\u00f3n gratuita desde la nube, 240w<\/p>\n","protected":false},"featured_media":80907,"comment_status":"open","ping_status":"closed","template":"","meta":[],"product_brand":[],"product_cat":[1986],"product_tag":[664,2123,1987],"class_list":{"0":"post-80908","1":"product","2":"type-product","3":"status-publish","4":"has-post-thumbnail","6":"product_cat-switches-poe","7":"product_tag-networking","8":"product_tag-ruijie","9":"product_tag-switches-poe","11":"first","12":"instock","13":"sale","14":"shipping-taxable","15":"purchasable","16":"product-type-simple"},"_links":{"self":[{"href":"https:\/\/soydeaqui.ddns.net\/pachuca\/index.php\/wp-json\/wp\/v2\/product\/80908","targetHints":{"allow":["GET"]}}],"collection":[{"href":"https:\/\/soydeaqui.ddns.net\/pachuca\/index.php\/wp-json\/wp\/v2\/product"}],"about":[{"href":"https:\/\/soydeaqui.ddns.net\/pachuca\/index.php\/wp-json\/wp\/v2\/types\/product"}],"replies":[{"embeddable":true,"href":"https:\/\/soydeaqui.ddns.net\/pachuca\/index.php\/wp-json\/wp\/v2\/comments?post=80908"}],"wp:featuredmedia":[{"embeddable":true,"href":"https:\/\/soydeaqui.ddns.net\/pachuca\/index.php\/wp-json\/wp\/v2\/media\/80907"}],"wp:attachment":[{"href":"https:\/\/soydeaqui.ddns.net\/pachuca\/index.php\/wp-json\/wp\/v2\/media?parent=80908"}],"wp:term":[{"taxonomy":"product_brand","embeddable":true,"href":"https:\/\/soydeaqui.ddns.net\/pachuca\/index.php\/wp-json\/wp\/v2\/product_brand?post=80908"},{"taxonomy":"product_cat","embeddable":true,"href":"https:\/\/soydeaqui.ddns.net\/pachuca\/index.php\/wp-json\/wp\/v2\/product_cat?post=80908"},{"taxonomy":"product_tag","embeddable":true,"href":"https:\/\/soydeaqui.ddns.net\/pachuca\/index.php\/wp-json\/wp\/v2\/product_tag?post=80908"}],"curies":[{"name":"wp","href":"https:\/\/api.w.org\/{rel}","templated":true}]}}