{"id":80895,"date":"2026-03-19T18:22:33","date_gmt":"2026-03-19T18:22:33","guid":{"rendered":"https:\/\/soydeaqui.ddns.net\/pachuca\/index.php\/producto\/router-balanceador-con-funcion-sd-wan-hasta-9-servicios-de-internet-y-hasta-1500-clientes-con-desempeno-de-4-gbps\/"},"modified":"2026-03-19T18:22:47","modified_gmt":"2026-03-19T18:22:47","slug":"router-balanceador-con-funcion-sd-wan-hasta-9-servicios-de-internet-y-hasta-1500-clientes-con-desempeno-de-4-gbps","status":"publish","type":"product","link":"https:\/\/soydeaqui.ddns.net\/pachuca\/index.php\/producto\/router-balanceador-con-funcion-sd-wan-hasta-9-servicios-de-internet-y-hasta-1500-clientes-con-desempeno-de-4-gbps\/","title":{"rendered":"Router Balanceador con Funci\u00f3n SD-WAN, Hasta 9 Servicios de Internet y hasta 1500 clientes con desempe\u00f1o de 4 Gbps"},"content":{"rendered":"<div style='width: 100%; max-width: 1200px; margin: 0 auto; font-family: sans-serif; line-height: 1.6; color: inherit; background-color: transparent;'> <!-- Imagen principal --> <\/p>\n<div style='margin-bottom: 30px;'> <img style='width: 100%; height: auto; border: 1px solid rgba(150&comma;150&comma;150&comma;0.3); border-radius: 8px;' src='https:\/\/ftp3.syscom.mx\/usuarios\/fotos\/RGRAP2260(G)\/203964-output.png' alt='Router Ruijie RG-EG1510XS'> <\/div>\n<p> <!-- Descripci\u00f3n general --> <\/p>\n<div style='margin-bottom: 30px;'>\n<p>El Router de Gesti\u00f3n Centralizada RG-EG1510XS de Ruijie se erige como el cerebro brillante e ideal para redes empresariales que demandan capacidad suprema y administraci\u00f3n inteligente. Dise\u00f1ado para gestionar hasta 1500 clientes concurrentes&comma; este dispositivo ofrece un rendimiento excepcional en entornos de alta densidad. Su gesti\u00f3n simplificada permite conexiones f\u00e1ciles a la intranet&comma; reconocimiento autom\u00e1tico de terminales para un control y asignaci\u00f3n de ancho de banda eficientes&comma; y una configuraci\u00f3n sencilla de VPN. Es abierto y flexible&comma; permitiendo la integraci\u00f3n libre con sistemas de autenticaci\u00f3n de terceros. Adem\u00e1s&comma; cuenta con una bah\u00eda de expansi\u00f3n SATA de 2.5&#8242; para el almacenamiento local de syslogs y ofrece gesti\u00f3n en la nube&comma; haciendo que la administraci\u00f3n de su negocio sea notablemente m\u00e1s f\u00e1cil y centralizada.<\/p>\n<\/p><\/div>\n<p> <!-- Secci\u00f3n de caracter\u00edsticas y imagen --> <\/p>\n<div style='display: flex; flex-wrap: wrap; gap: 30px; margin-bottom: 30px;'>\n<div style='flex: 1 1 300px; min-width: 280px;'>\n<h3 style='font-size: 20px; border-bottom: 2px solid currentColor; padding-bottom: 5px; margin-top: 0; color: inherit; opacity: 0.8;'>Caracter\u00edsticas Generales<\/h3>\n<ul style='padding-left: 20px; font-size: 15px; color: inherit;'>\n<li style='margin-bottom: 5px;'><strong>Montaje:<\/strong> Escritorio \/ Pared \/ Rack<\/li>\n<li style='margin-bottom: 5px;'><strong>L\u00edneas ISP Soportadas:<\/strong> Hasta 9 servicios de Internet<\/li>\n<li style='margin-bottom: 5px;'><strong>Modos de operaci\u00f3n:<\/strong> Router&comma; Balanceador&comma; AC<\/li>\n<li style='margin-bottom: 5px;'><strong>Sesiones:<\/strong> Hasta 300&comma;000<\/li>\n<li style='margin-bottom: 5px;'><strong>SD-WAN:<\/strong> Hasta 1&comma;000 Sucursales \/ 3&comma;000 T\u00faneles \/ hasta 1&comma;200Mbps<\/li>\n<li style='margin-bottom: 5px;'><strong>Configuraci\u00f3n a trav\u00e9s de:<\/strong> Interfaz web (red local)&comma; aplicaci\u00f3n m\u00f3vil (remoto o en red local)&comma; plataforma cloud (remoto)<\/li>\n<li style='margin-bottom: 5px;'><strong>Puertos:<\/strong> Un WAN Gigabit&comma; Tres LAN\/WAN Gigabit&comma; Tres LAN\/WAN 2.5G&comma; Dos LAN\/WAN SFP+ 10G y Un WAN 2.5G<\/li>\n<li style='margin-bottom: 5px;'><strong>Garant\u00eda:<\/strong> 3 a\u00f1os<\/li>\n<\/ul><\/div>\n<div style='flex: 1 1 300px; min-width: 280px;'> <img style='width: 100%; height: auto; border: 1px solid rgba(150&comma;150&comma;150&comma;0.3); border-radius: 16px;' src='http:\/\/ftp3.syscom.mx\/usuarios\/ftp\/2025\/11\/10\/2251\/10prievadumarsrutizatoriusruijiereyeergeg1510xsgateway.jpg_froala_691283c6622e9' alt='Caracter\u00edsticas F\u00edsicas'> <\/div>\n<\/p><\/div>\n<p> <!-- Secci\u00f3n de especificaciones t\u00e9cnicas --> <\/p>\n<div style='display: flex; flex-wrap: wrap; gap: 20px; margin-bottom: 30px;'>\n<div style='flex: 1 1 300px; border: 1px solid rgba(150&comma; 150&comma; 150&comma; 0.4); border-radius: 8px; overflow: hidden; display: flex; flex-direction: column;'>\n<div style='padding: 15px; border-bottom: 1px solid rgba(150&comma; 150&comma; 150&comma; 0.2); font-weight: bold; font-size: 18px; color: inherit;'>Desempe\u00f1o<\/div>\n<div style='padding: 15px; color: inherit;'>\n<ul style='padding-left: 20px; margin: 0; font-size: 14px; list-style-type: disc;'>\n<li style='margin-bottom: 5px;'><strong>N\u00famero de Clientes:<\/strong> Hasta 1500 recomendados<\/li>\n<li style='margin-bottom: 5px;'><strong>Throughput:<\/strong> 4&comma;000 Mbps Normal Mode<\/li>\n<li style='margin-bottom: 5px;'><strong>VPNs:<\/strong> IPSec&comma; WireGuard&comma; L2TP&comma; PPTP&comma; y OpenVPN \/ Desempe\u00f1o de 1&comma;200-1&comma;700 Mbps \/ T\u00faneles 1&comma;000<\/li>\n<li style='margin-bottom: 5px;'><strong>VLANs:<\/strong> Hasta 128 segmentos de Red<\/li>\n<li style='margin-bottom: 5px;'><strong>Reyee APs Soportados:<\/strong> 1000 en Modo Router \/ 1000 en Modo AC<\/li>\n<\/ul>\n<p style='font-size: 14px; margin-top: 15px;'><em>*Notas: Rango general&comma; Ver dato espec\u00edfico para cada protocolo.<\/em><\/p>\n<\/p><\/div>\n<\/p><\/div>\n<div style='flex: 1 1 300px; border: 1px solid rgba(150&comma; 150&comma; 150&comma; 0.4); border-radius: 8px; overflow: hidden; display: flex; flex-direction: column;'>\n<div style='padding: 15px; border-bottom: 1px solid rgba(150&comma; 150&comma; 150&comma; 0.2); font-weight: bold; font-size: 18px; color: inherit;'>Caracter\u00edsticas F\u00edsicas y El\u00e9ctricas<\/div>\n<div style='padding: 15px; color: inherit;'>\n<ul style='padding-left: 20px; margin: 0; font-size: 14px; list-style-type: disc;'>\n<li style='margin-bottom: 5px;'><strong>Alimentaci\u00f3n:<\/strong> 100-240V &#8211; 1.5A (20 W)<\/li>\n<li style='margin-bottom: 5px;'><strong>Dimensiones:<\/strong> 440mm x 210mm x 43.6mm<\/li>\n<li style='margin-bottom: 5px;'><strong>Peso:<\/strong> 3 Kg<\/li>\n<li style='margin-bottom: 5px;'><strong>Temperatura en Operaci\u00f3n:<\/strong> 0\u00b0 a 40\u00b0C<\/li>\n<li style='margin-bottom: 5px;'><strong>Grado de protecci\u00f3n El\u00e9ctrica:<\/strong> \u00b14KV<\/li>\n<li style='margin-bottom: 5px;'><strong>Memoria Flash:<\/strong> 128 MB<\/li>\n<li style='margin-bottom: 5px;'><strong>SD RAM:<\/strong> 4 GB<\/li>\n<li style='margin-bottom: 5px;'><strong>CPU:<\/strong> 1800Mhz*4<\/li>\n<\/ul><\/div>\n<\/p><\/div>\n<div style='flex: 1 1 300px; border: 1px solid rgba(150&comma; 150&comma; 150&comma; 0.4); border-radius: 8px; overflow: hidden; display: flex; flex-direction: column;'>\n<div style='padding: 15px; border-bottom: 1px solid rgba(150&comma; 150&comma; 150&comma; 0.2); font-weight: bold; font-size: 18px; color: inherit;'>Contenido del Paquete<\/div>\n<div style='padding: 15px; color: inherit;'>\n<ul style='padding-left: 20px; margin: 0; font-size: 14px; list-style-type: disc;'>\n<li style='margin-bottom: 5px;'>1 Pieza Router modelo: RG-EG1510XS<\/li>\n<li style='margin-bottom: 5px;'>Cable de Alimentaci\u00f3n AC<\/li>\n<li style='margin-bottom: 5px;'>Montaje para Rack y Tornilleria<\/li>\n<li style='margin-bottom: 5px;'>Gu\u00eda r\u00e1pida de instalaci\u00f3n<\/li>\n<\/ul>\n<p> <img style='width: 100%; height: auto; border: 1px solid rgba(150&comma;150&comma;150&comma;0.3); border-radius: 8px; margin-top: 15px;' src='http:\/\/ftp3.syscom.mx\/usuarios\/ftp\/2025\/11\/10\/2251\/RGEG1510XSAD5h.png_froala_69127efd11337' alt='Contenido del Paquete'> <\/div>\n<\/p><\/div>\n<\/p><\/div>\n<p> <!-- Secci\u00f3n de recursos y enlaces --> <\/p>\n<div style='display: flex; flex-wrap: wrap; gap: 20px; margin-bottom: 30px;'>\n<div style='flex: 1 1 300px; border: 1px solid rgba(150&comma; 150&comma; 150&comma; 0.4); border-radius: 8px; overflow: hidden; display: flex; flex-direction: column;'>\n<div style='padding: 15px; border-bottom: 1px solid rgba(150&comma; 150&comma; 150&comma; 0.2); font-weight: bold; font-size: 18px; color: inherit;'>Documentaci\u00f3n y Firmware<\/div>\n<div style='padding: 15px; color: inherit;'>\n<ul style='padding-left: 20px; margin: 0; font-size: 14px; list-style-type: disc;'>\n<li style='margin-bottom: 5px;'><a href='https:\/\/ftp3.syscom.mx\/usuarios\/ftp\/2025\/11\/10\/2251\/RGEG209GS_Datasheet.pdf' target='_blank' rel='noopener noreferrer' style='color: inherit; text-decoration: underline;'>Hoja de Especificaciones<\/a><\/li>\n<li style='margin-bottom: 5px;'><a href='https:\/\/ftp3.syscom.mx\/usuarios\/ftp\/2025\/11\/10\/2251\/RGEG209GS_Router_Installation.pdf' target='_blank' rel='noopener noreferrer' style='color: inherit; text-decoration: underline;'>Especificaciones de Hardware<\/a><\/li>\n<li style='margin-bottom: 5px;'><a href='https:\/\/reyee.ruijie.com\/en-global\/support\/' target='_blank' rel='noopener noreferrer' style='color: inherit; text-decoration: underline;'>Firmware<\/a><\/li>\n<\/ul><\/div>\n<\/p><\/div>\n<div style='flex: 1 1 300px; border: 1px solid rgba(150&comma; 150&comma; 150&comma; 0.4); border-radius: 8px; overflow: hidden; display: flex; flex-direction: column;'>\n<div style='padding: 15px; border-bottom: 1px solid rgba(150&comma; 150&comma; 150&comma; 0.2); font-weight: bold; font-size: 18px; color: inherit;'>Accesorios Sugeridos<\/div>\n<div style='padding: 15px; color: inherit;'>\n<ul style='padding-left: 20px; margin: 0; font-size: 14px; list-style-type: disc;'>\n<li style='margin-bottom: 5px;'><a href='https:\/\/www.syscom.mx\/products\/162897' target='_blank' rel='noopener noreferrer' style='color: inherit; text-decoration: underline;'>Cable de Alimentaci\u00f3n AC modelo: AC-CORD-1.8M<\/a><\/li>\n<\/ul><\/div>\n<\/p><\/div>\n<div style='flex: 1 1 300px; border: 1px solid rgba(150&comma; 150&comma; 150&comma; 0.4); border-radius: 8px; overflow: hidden; display: flex; flex-direction: column;'>\n<div style='padding: 15px; border-bottom: 1px solid rgba(150&comma; 150&comma; 150&comma; 0.2); font-weight: bold; font-size: 18px; color: inherit;'>Enlaces \u00datiles<\/div>\n<div style='padding: 15px; color: inherit;'>\n<ul style='padding-left: 20px; margin: 0; font-size: 14px; list-style-type: disc;'>\n<li style='margin-bottom: 5px;'><a href='https:\/\/cloud-la.ruijienetworks.com\/' target='_blank' rel='noopener noreferrer' style='color: inherit; text-decoration: underline;'>Ruijie Cloud<\/a><\/li>\n<li style='margin-bottom: 5px;'><strong>Ruijie APP:<\/strong> <a href='https:\/\/play.google.com\/store\/apps\/details?id=cn.com.ruijie.cloudapp&#038;hl=es_MX&#038;pli=1' target='_blank' rel='noopener noreferrer' style='color: inherit; text-decoration: underline;'>Android<\/a> \/ <a href='https:\/\/apps.apple.com\/us\/app\/ruijie-reyee\/id1423429270' target='_blank' rel='noopener noreferrer' style='color: inherit; text-decoration: underline;'>iOS<\/a><\/li>\n<li style='margin-bottom: 5px;'><a href='https:\/\/soporte.syscom.mx\/es\/collections\/3797236-ruijie-networks' target='_blank' rel='noopener noreferrer' style='color: inherit; text-decoration: underline;'>Manuales y Gu\u00edas R\u00e1pidas<\/a><\/li>\n<\/ul><\/div>\n<\/p><\/div>\n<\/p><\/div>\n<p> <!-- Im\u00e1genes adicionales --> <\/p>\n<div style='display: flex; flex-wrap: wrap; gap: 20px; margin-bottom: 30px;'>\n<div style='flex: 1 1 100%;'> <img style='width: 100%; height: auto; border: 1px solid rgba(150&comma;150&comma;150&comma;0.3); border-radius: 16px;' src='http:\/\/ftp3.syscom.mx\/usuarios\/ftp\/2025\/11\/10\/2251\/22593220241018_12_20_07el_poderoso_eg_va_a_lo_grande_router_empresarial_de_gama_alta_de_proxima_genera.jpg_froala_6912836108f7e' alt='Router Ruijie en acci\u00f3n'> <\/div>\n<div style='flex: 1 1 100%;'> <img style='width: 100%; height: auto; border: 1px solid rgba(150&comma;150&comma;150&comma;0.3); border-radius: 16px;' src='http:\/\/ftp3.syscom.mx\/usuarios\/ftp\/2025\/11\/10\/2251\/22593220241018_12_21_08el_poderoso_eg_va_a_lo_grande_router_empresarial_de_gama_alta_de_proxima_genera.jpg_froala_691282ec423db' alt='Router Ruijie en rack'> <\/div>\n<\/p><\/div>\n<p> <!-- Separador final --> <\/p>\n<hr style='border: 0; border-top: 1px solid rgba(150&comma; 150&comma; 150&comma; 0.3); margin: 30px 0;'> <\/div>\n","protected":false},"excerpt":{"rendered":"<p>Router Balanceador con Funci\u00f3n SD-WAN, Hasta 9 Servicios de Internet y hasta 1500 clientes con desempe\u00f1o de 4 Gbps<\/p>\n","protected":false},"featured_media":80894,"comment_status":"open","ping_status":"closed","template":"","meta":[],"product_brand":[],"product_cat":[2036,2035,2034],"product_tag":[2039,2038,664,2037,2123],"class_list":{"0":"post-80895","1":"product","2":"type-product","3":"status-publish","4":"has-post-thumbnail","6":"product_cat-balanceadores","7":"product_cat-firewalls","8":"product_cat-routers","9":"product_tag-balanceadores","10":"product_tag-firewalls","11":"product_tag-networking","12":"product_tag-routers","13":"product_tag-ruijie","15":"first","16":"instock","17":"sale","18":"shipping-taxable","19":"purchasable","20":"product-type-simple"},"_links":{"self":[{"href":"https:\/\/soydeaqui.ddns.net\/pachuca\/index.php\/wp-json\/wp\/v2\/product\/80895","targetHints":{"allow":["GET"]}}],"collection":[{"href":"https:\/\/soydeaqui.ddns.net\/pachuca\/index.php\/wp-json\/wp\/v2\/product"}],"about":[{"href":"https:\/\/soydeaqui.ddns.net\/pachuca\/index.php\/wp-json\/wp\/v2\/types\/product"}],"replies":[{"embeddable":true,"href":"https:\/\/soydeaqui.ddns.net\/pachuca\/index.php\/wp-json\/wp\/v2\/comments?post=80895"}],"wp:featuredmedia":[{"embeddable":true,"href":"https:\/\/soydeaqui.ddns.net\/pachuca\/index.php\/wp-json\/wp\/v2\/media\/80894"}],"wp:attachment":[{"href":"https:\/\/soydeaqui.ddns.net\/pachuca\/index.php\/wp-json\/wp\/v2\/media?parent=80895"}],"wp:term":[{"taxonomy":"product_brand","embeddable":true,"href":"https:\/\/soydeaqui.ddns.net\/pachuca\/index.php\/wp-json\/wp\/v2\/product_brand?post=80895"},{"taxonomy":"product_cat","embeddable":true,"href":"https:\/\/soydeaqui.ddns.net\/pachuca\/index.php\/wp-json\/wp\/v2\/product_cat?post=80895"},{"taxonomy":"product_tag","embeddable":true,"href":"https:\/\/soydeaqui.ddns.net\/pachuca\/index.php\/wp-json\/wp\/v2\/product_tag?post=80895"}],"curies":[{"name":"wp","href":"https:\/\/api.w.org\/{rel}","templated":true}]}}