{"id":80887,"date":"2026-03-19T18:22:17","date_gmt":"2026-03-19T18:22:17","guid":{"rendered":"https:\/\/soydeaqui.ddns.net\/pachuca\/index.php\/producto\/transceptor-optico-esfp-velocidad-de-1gbps-monomodo-1310nm-conector-lc-distancia-de-hasta-10-km\/"},"modified":"2026-03-19T18:22:18","modified_gmt":"2026-03-19T18:22:18","slug":"transceptor-optico-esfp-velocidad-de-1gbps-monomodo-1310nm-conector-lc-distancia-de-hasta-10-km","status":"publish","type":"product","link":"https:\/\/soydeaqui.ddns.net\/pachuca\/index.php\/producto\/transceptor-optico-esfp-velocidad-de-1gbps-monomodo-1310nm-conector-lc-distancia-de-hasta-10-km\/","title":{"rendered":"Transceptor \u00d3ptico eSFP \/ Velocidad de 1Gbps \/ Monomodo \/ 1310nm \/ Conector LC \/ Distancia de hasta 10 Km"},"content":{"rendered":"<div style='width: 100%; max-width: 1200px; margin: 0 auto; font-family: sans-serif; line-height: 1.6; color: inherit; background-color: transparent;'>\n<div style='display: flex; flex-wrap: wrap; gap: 30px; margin-bottom: 30px;'>\n<div style='flex: 1 1 300px; min-width: 280px;'>\n<h3 style='font-size: 22px; border-bottom: 2px solid currentColor; padding-bottom: 5px; margin-top: 0; color: inherit; opacity: 0.8;'>Informaci\u00f3n b\u00e1sica<\/h3>\n<ul style='padding-left: 20px; font-size: 15px; color: inherit;'>\n<li style='margin-bottom: 5px;'><strong>Factor de forma:<\/strong> eSFP<\/li>\n<li style='margin-bottom: 5px;'><strong>Est\u00e1ndar de aplicaci\u00f3n:<\/strong> 1000BASE-LX10\/LH<\/li>\n<li style='margin-bottom: 5px;'><strong>Tipo de conector:<\/strong> LC<\/li>\n<li style='margin-bottom: 5px;'><strong>Tipo de fibra \u00f3ptica:<\/strong> SMF<\/li>\n<li style='margin-bottom: 5px;'><strong>Temperatura de la carcasa:<\/strong> 0\u00b0C a 70\u00b0C (32\u00b0F a 158\u00b0F)<\/li>\n<li style='margin-bottom: 5px;'><strong>Opciones DDM:<\/strong> Soportadas<\/li>\n<li style='margin-bottom: 5px;'><strong>Velocidad de transmisi\u00f3n:<\/strong> 1 Gbit\/s<\/li>\n<li style='margin-bottom: 5px;'><strong>Distancia de transmisi\u00f3n:<\/strong> Fibra monomodo: 10 km<\/li>\n<\/ul><\/div>\n<div style='flex: 1 1 300px; min-width: 280px;'>\n<h3 style='font-size: 22px; border-bottom: 2px solid currentColor; padding-bottom: 5px; margin-top: 0; color: inherit; opacity: 0.8;'>Caracter\u00edsticas transmisi\u00f3n \u00d3ptica<\/h3>\n<ul style='padding-left: 20px; font-size: 15px; color: inherit;'>\n<li style='margin-bottom: 5px;'><strong>Longitud de onda central:<\/strong> 1310 nm<\/li>\n<li style='margin-bottom: 5px;'><strong>Potencia \u00f3ptica m\u00e1xima de transmisi\u00f3n:<\/strong> -3&comma;0 dBm<\/li>\n<li style='margin-bottom: 5px;'><strong>Potencia \u00f3ptica m\u00ednima de transmisi\u00f3n:<\/strong> -9&comma;0 dBm<\/li>\n<li style='margin-bottom: 5px;'><strong>Relaci\u00f3n de extinci\u00f3n m\u00ednima:<\/strong> 9 dB<\/li>\n<\/ul><\/div>\n<div style='flex: 1 1 300px; min-width: 280px;'>\n<h3 style='font-size: 22px; border-bottom: 2px solid currentColor; padding-bottom: 5px; margin-top: 0; color: inherit; opacity: 0.8;'>Caracter\u00edsticas \u00f3pticas del receptor<\/h3>\n<ul style='padding-left: 20px; font-size: 15px; color: inherit;'>\n<li style='margin-bottom: 5px;'><strong>Sensibilidad Rx:<\/strong> -20&comma;0 dBm<\/li>\n<li style='margin-bottom: 5px;'><strong>Potencia de sobrecarga:<\/strong> -3&comma;0 dBm<\/li>\n<\/ul><\/div>\n<\/p><\/div>\n<hr style='border: 0; border-top: 1px solid rgba(150&comma; 150&comma; 150&comma; 0.3); margin: 30px 0;'> <\/div>\n","protected":false},"excerpt":{"rendered":"<p>Transceptor \u00d3ptico eSFP \/ Velocidad de 1Gbps \/ Monomodo \/ 1310nm \/ Conector LC \/ Distancia de hasta 10 Km<\/p>\n","protected":false},"featured_media":80886,"comment_status":"open","ping_status":"closed","template":"","meta":[],"product_brand":[],"product_cat":[663],"product_tag":[718,664,665],"class_list":{"0":"post-80887","1":"product","2":"type-product","3":"status-publish","4":"has-post-thumbnail","6":"product_cat-transceptores-de-fibra","7":"product_tag-huawei","8":"product_tag-networking","9":"product_tag-transceptores-de-fibra","11":"first","12":"instock","13":"sale","14":"shipping-taxable","15":"purchasable","16":"product-type-simple"},"_links":{"self":[{"href":"https:\/\/soydeaqui.ddns.net\/pachuca\/index.php\/wp-json\/wp\/v2\/product\/80887","targetHints":{"allow":["GET"]}}],"collection":[{"href":"https:\/\/soydeaqui.ddns.net\/pachuca\/index.php\/wp-json\/wp\/v2\/product"}],"about":[{"href":"https:\/\/soydeaqui.ddns.net\/pachuca\/index.php\/wp-json\/wp\/v2\/types\/product"}],"replies":[{"embeddable":true,"href":"https:\/\/soydeaqui.ddns.net\/pachuca\/index.php\/wp-json\/wp\/v2\/comments?post=80887"}],"wp:featuredmedia":[{"embeddable":true,"href":"https:\/\/soydeaqui.ddns.net\/pachuca\/index.php\/wp-json\/wp\/v2\/media\/80886"}],"wp:attachment":[{"href":"https:\/\/soydeaqui.ddns.net\/pachuca\/index.php\/wp-json\/wp\/v2\/media?parent=80887"}],"wp:term":[{"taxonomy":"product_brand","embeddable":true,"href":"https:\/\/soydeaqui.ddns.net\/pachuca\/index.php\/wp-json\/wp\/v2\/product_brand?post=80887"},{"taxonomy":"product_cat","embeddable":true,"href":"https:\/\/soydeaqui.ddns.net\/pachuca\/index.php\/wp-json\/wp\/v2\/product_cat?post=80887"},{"taxonomy":"product_tag","embeddable":true,"href":"https:\/\/soydeaqui.ddns.net\/pachuca\/index.php\/wp-json\/wp\/v2\/product_tag?post=80887"}],"curies":[{"name":"wp","href":"https:\/\/api.w.org\/{rel}","templated":true}]}}