{"id":80859,"date":"2026-03-19T18:21:12","date_gmt":"2026-03-19T18:21:12","guid":{"rendered":"https:\/\/soydeaqui.ddns.net\/pachuca\/index.php\/producto\/onu-ont-unidad-de-red-optica-xpon-dual-epon-gpon-1-puerto-rj45-10-100-1000-mbps-1-puerto-xpon-conector-sc-apc-equipo-bridge-longitud-de-onda-up-1310-nm-dw-1490-nm\/"},"modified":"2026-03-19T18:21:19","modified_gmt":"2026-03-19T18:21:19","slug":"onu-ont-unidad-de-red-optica-xpon-dual-epon-gpon-1-puerto-rj45-10-100-1000-mbps-1-puerto-xpon-conector-sc-apc-equipo-bridge-longitud-de-onda-up-1310-nm-dw-1490-nm","status":"publish","type":"product","link":"https:\/\/soydeaqui.ddns.net\/pachuca\/index.php\/producto\/onu-ont-unidad-de-red-optica-xpon-dual-epon-gpon-1-puerto-rj45-10-100-1000-mbps-1-puerto-xpon-conector-sc-apc-equipo-bridge-longitud-de-onda-up-1310-nm-dw-1490-nm\/","title":{"rendered":"ONU\/ONT &#8211; Unidad de Red \u00d3ptica XPON dual EPON\/GPON \/ 1 Puerto RJ45 10\/100\/1000 Mbps \/ 1 puerto XPON Conector SC\/APC \/ Equipo Bridge \/ Longitud de Onda Up: 1310 nm Dw: 1490 nm"},"content":{"rendered":"<div style='width: 100%; max-width: 1200px; margin: 0 auto; font-family: sans-serif; line-height: 1.6; color: inherit; background-color: transparent;'> <!-- Secci\u00f3n principal con imagen y descripci\u00f3n --> <\/p>\n<div style='display: flex; flex-wrap: wrap; gap: 30px; margin-bottom: 30px; align-items: center; border: 1px solid rgba(150&comma;150&comma;150&comma;0.3); border-radius: 8px; padding: 20px;'> <!-- Imagen --> <\/p>\n<div style='flex: 1 1 320px; min-width: 280px;'> <img style='width: 100%; height: auto; border: 1px solid rgba(150&comma;150&comma;150&comma;0.3); border-radius: 8px;' src='http:\/\/ftp3.syscom.mx\/usuarios\/ftp\/2025\/10\/13\/1908\/1.jpg_froala_68ed6d1d4802e' alt='Switch Industrial eKit S210I-8T4SX'> <\/div>\n<p> <!-- Descripci\u00f3n --> <\/p>\n<div style='flex: 1 1 360px; min-width: 280px;'>\n<h3 style='font-size: 22px; border-bottom: 2px solid currentColor; padding-bottom: 5px; margin-top: 0; color: inherit; opacity: 0.8;'>Router XPON (EPON\/GPON)<\/h3>\n<div style='margin: 10px 0; font-size: 15px; color: inherit; opacity: 0.7;'>Modelo: XZ000-G7<\/div>\n<p style='font-size: 15px; color: inherit;'>Maximiza el rendimiento de tu conexi\u00f3n de fibra con el dispositivo GPON XZ000-G7. Dise\u00f1ado como una unidad SFU (Unidad de Funci\u00f3n \u00danica)&comma; este equipo es la soluci\u00f3n definitiva para usuarios que buscan una conversi\u00f3n de se\u00f1al GPON estable&comma; eficiente y de bajo mantenimiento&comma; ideal para proyectos de instalaci\u00f3n&comma; proveedores de servicio y usuarios finales exigentes.<\/p>\n<\/p><\/div>\n<\/p><\/div>\n<p> <!-- Secci\u00f3n de cards con especificaciones --> <\/p>\n<div style='display: flex; flex-wrap: wrap; gap: 20px; margin-bottom: 30px;'> <!-- Card: Caracter\u00edsticas principales --> <\/p>\n<div style='flex: 1 1 250px; border: 1px solid rgba(150&comma; 150&comma; 150&comma; 0.4); border-radius: 8px; overflow: hidden; display: flex; flex-direction: column;'>\n<div style='padding: 15px; border-bottom: 1px solid rgba(150&comma; 150&comma; 150&comma; 0.2); font-weight: bold; font-size: 18px; color: inherit;'>Caracter\u00edsticas principales<\/div>\n<div style='padding: 15px; color: inherit;'>\n<ul style='padding-left: 20px; margin: 0; font-size: 14px; list-style-type: disc;'>\n<li style='margin-bottom: 5px;'>(1) Puertos LAN RJ45 (10\/100\/1000 Mbps)<\/li>\n<li style='margin-bottom: 5px;'>(1) Puerto SC\/APC GPON<\/li>\n<li style='margin-bottom: 5px;'>Gesti\u00f3n Web<\/li>\n<li style='margin-bottom: 5px;'>Certificaciones: CE&comma; RoHS<\/li>\n<li style='margin-bottom: 5px;'>Bot\u00f3n: Reset\/WPS<\/li>\n<li style='margin-bottom: 5px;'>M\u00f3dulo \u00f3ptico: Clase B+<\/li>\n<li style='margin-bottom: 5px;'><a href='https:\/\/service-provider.tp-link.com\/gpon\/' style='color: inherit; text-decoration: underline;'>Aprende M\u00e1s Sobre GPON<\/a><\/li>\n<\/ul><\/div>\n<\/p><\/div>\n<p> <!-- Card: Caracter\u00edsticas f\u00edsicas y el\u00e9ctricas --> <\/p>\n<div style='flex: 1 1 250px; border: 1px solid rgba(150&comma; 150&comma; 150&comma; 0.4); border-radius: 8px; overflow: hidden; display: flex; flex-direction: column;'>\n<div style='padding: 15px; border-bottom: 1px solid rgba(150&comma; 150&comma; 150&comma; 0.2); font-weight: bold; font-size: 18px; color: inherit;'>Caracter\u00edsticas f\u00edsicas y el\u00e9ctricas<\/div>\n<div style='padding: 15px; color: inherit;'>\n<ul style='padding-left: 20px; margin: 0; font-size: 14px; list-style-type: disc;'>\n<li style='margin-bottom: 5px;'>Dimensiones: 95 x 75 x 29.3 mm<\/li>\n<li style='margin-bottom: 5px;'>Alimentaci\u00f3n: 9 Vcd \/ 0.6A<\/li>\n<li style='margin-bottom: 5px;'>Consumo m\u00e1ximo: 5.4 W<\/li>\n<li style='margin-bottom: 5px;'>Temperatura de operaci\u00f3n: 0\u00ba a 40\u00ba<\/li>\n<li style='margin-bottom: 5px;'>Humedad de operaci\u00f3n: 10 a 90% sin condensaci\u00f3n<\/li>\n<li style='margin-bottom: 5px;'>Sensibilidad de recepci\u00f3n:<\/li>\n<li style='margin-bottom: 5px;'>Longitud de onda: 1310 nm \/ 1490 nm<\/li>\n<\/ul><\/div>\n<\/p><\/div>\n<p> <!-- Card: Contenido del paquete --> <\/p>\n<div style='flex: 1 1 250px; border: 1px solid rgba(150&comma; 150&comma; 150&comma; 0.4); border-radius: 8px; overflow: hidden; display: flex; flex-direction: column;'>\n<div style='padding: 15px; border-bottom: 1px solid rgba(150&comma; 150&comma; 150&comma; 0.2); font-weight: bold; font-size: 18px; color: inherit;'>Contenido del Paquete<\/div>\n<div style='padding: 15px; color: inherit;'>\n<ul style='padding-left: 20px; margin: 0; font-size: 14px; list-style-type: disc;'>\n<li style='margin-bottom: 5px;'>Router GPON(ONU\/ONT): XZ000-G7<\/li>\n<li style='margin-bottom: 5px;'>Adaptador de corriente<\/li>\n<li style='margin-bottom: 5px;'>Gu\u00eda de instalaci\u00f3n<\/li>\n<\/ul><\/div>\n<\/p><\/div>\n<p> <!-- Card: Funciones avanzadas --> <\/p>\n<div style='flex: 1 1 250px; border: 1px solid rgba(150&comma; 150&comma; 150&comma; 0.4); border-radius: 8px; overflow: hidden; display: flex; flex-direction: column;'>\n<div style='padding: 15px; border-bottom: 1px solid rgba(150&comma; 150&comma; 150&comma; 0.2); font-weight: bold; font-size: 18px; color: inherit;'>Funciones Avanzadas<\/div>\n<div style='padding: 15px; color: inherit;'>\n<ul style='padding-left: 20px; margin: 0; font-size: 14px; list-style-type: disc;'>\n<li style='margin-bottom: 5px;'>Gesti\u00f3n local: Web\/Telnet<\/li>\n<li style='margin-bottom: 5px;'>Gesti\u00f3n remota: OMCI<\/li>\n<li style='margin-bottom: 5px;'>VLAN<\/li>\n<li style='margin-bottom: 5px;'>Seguridad: Cifrado AES<\/li>\n<li style='margin-bottom: 5px;'>Filtrado de paquetes basado en VLAN<\/li>\n<li style='margin-bottom: 5px;'>IGMP V1\/V2\/V3<\/li>\n<\/ul><\/div>\n<\/p><\/div>\n<\/p><\/div>\n<p> <!-- Secci\u00f3n de caracter\u00edsticas t\u00e9cnicas --> <\/p>\n<div style='display: flex; flex-wrap: wrap; gap: 30px; margin-bottom: 30px;'> <!-- Secci\u00f3n de fibra \u00f3ptica --> <\/p>\n<div style='flex: 1 1 300px; min-width: 280px;'>\n<h3 style='font-size: 20px; border-bottom: 2px solid currentColor; padding-bottom: 5px; margin-top: 0; color: inherit; opacity: 0.8;'>Fibra \u00d3ptica<\/h3>\n<ul style='padding-left: 20px; font-size: 15px; color: inherit;'>\n<li style='margin-bottom: 5px;'>Servicio GPON de Alta Velocidad<\/li>\n<li style='margin-bottom: 5px;'>Compatible con los est\u00e1ndares ITU-T G.984 GPON<\/li>\n<li style='margin-bottom: 5px;'>Soporta velocidades de datos m\u00e1ximas de hasta 2&comma;488 Gbps de bajada y 1&comma;244 Gbps de subida<\/li>\n<\/ul><\/div>\n<p> <!-- Secci\u00f3n de rendimiento --> <\/p>\n<div style='flex: 1 1 300px; min-width: 280px;'>\n<h3 style='font-size: 20px; border-bottom: 2px solid currentColor; padding-bottom: 5px; margin-top: 0; color: inherit; opacity: 0.8;'>Rendimiento<\/h3>\n<ul style='padding-left: 20px; font-size: 15px; color: inherit;'>\n<li style='margin-bottom: 5px;'>Acceso Gigabit a Internet<\/li>\n<li style='margin-bottom: 5px;'>Un puerto PON y un puerto Gigabit Ethernet<\/li>\n<li style='margin-bottom: 5px;'>Capacidades de reenv\u00edo de alto rendimiento<\/li>\n<li style='margin-bottom: 5px;'>Garantiza experiencias fluidas de transmisi\u00f3n de video HD y VoIP<\/li>\n<\/ul><\/div>\n<p> <!-- Secci\u00f3n de administraci\u00f3n --> <\/p>\n<div style='flex: 1 1 300px; min-width: 280px;'>\n<h3 style='font-size: 20px; border-bottom: 2px solid currentColor; padding-bottom: 5px; margin-top: 0; color: inherit; opacity: 0.8;'>Administraci\u00f3n<\/h3>\n<ul style='padding-left: 20px; font-size: 15px; color: inherit;'>\n<li style='margin-bottom: 5px;'>F\u00e1cil Administraci\u00f3n Remota<\/li>\n<li style='margin-bottom: 5px;'>Admite OMCI para activaci\u00f3n&comma; configuraci\u00f3n y gesti\u00f3n remota<\/li>\n<li style='margin-bottom: 5px;'>Administraci\u00f3n mediante la OLT de TP-Link<\/li>\n<\/ul><\/div>\n<\/p><\/div>\n<p> <!-- Secci\u00f3n con im\u00e1genes adicionales --> <\/p>\n<div style='display: flex; flex-wrap: wrap; gap: 30px; margin-bottom: 30px; align-items: center; border: 1px solid rgba(150&comma;150&comma;150&comma;0.3); border-radius: 8px; padding: 20px;'> <!-- Imagen --> <\/p>\n<div style='flex: 1 1 320px; min-width: 280px;'> <img style='width: 100%; height: auto; border: 1px solid rgba(150&comma;150&comma;150&comma;0.3); border-radius: 8px;' src='http:\/\/ftp3.syscom.mx\/usuarios\/ftp\/2025\/10\/13\/1908\/2.jpg_froala_68ed6e4069d13' alt='Switch Industrial eKit S210I-8T4SX'> <\/div>\n<p> <!-- Descripci\u00f3n --> <\/p>\n<div style='flex: 1 1 360px; min-width: 280px;'>\n<h3 style='font-size: 20px; margin-top: 0; color: inherit;'>Haz la Fibra hasta a su Hogar<\/h3>\n<p style='font-size: 15px; color: inherit;'>El XZ000-G7 de TP-Link es un terminal combinado GPON (red \u00f3ptica pasiva Gigabit) + EPON (red \u00f3ptica pasiva Ethernet)&comma; ideal para soluciones de fibra hasta el hogar<\/p>\n<\/p><\/div>\n<\/p><\/div>\n<p> <!-- Secci\u00f3n con imagen y descripci\u00f3n invertida --> <\/p>\n<div style='display: flex; flex-wrap: wrap; gap: 30px; margin-bottom: 30px; align-items: center; border: 1px solid rgba(150&comma;150&comma;150&comma;0.3); border-radius: 8px; padding: 20px;'> <!-- Descripci\u00f3n --> <\/p>\n<div style='flex: 1 1 360px; min-width: 280px;'>\n<h3 style='font-size: 20px; margin-top: 0; color: inherit;'>F\u00e1cil Administraci\u00f3n Remota<\/h3>\n<p style='font-size: 15px; color: inherit;'>Admite OMCI&comma; lo que facilita activar&comma; configurar y gestionar de forma remota. Administraci\u00f3n mediante la OLT de TP-Link<\/p>\n<\/p><\/div>\n<p> <!-- Imagen --> <\/p>\n<div style='flex: 1 1 320px; min-width: 280px;'> <img style='width: 100%; height: auto; border: 1px solid rgba(150&comma;150&comma;150&comma;0.3); border-radius: 8px;' src='http:\/\/ftp3.syscom.mx\/usuarios\/ftp\/2025\/10\/13\/1908\/1.jpg_froala_68ed7e634c280' alt='Switch Industrial eKit S210I-8T4SX'> <\/div>\n<\/p><\/div>\n<\/p><\/div>\n","protected":false},"excerpt":{"rendered":"<p>ONU\/ONT &#8211; Unidad de Red \u00d3ptica XPON dual EPON\/GPON \/ 1 Puerto RJ45 10\/100\/1000 Mbps \/ 1 puerto XPON Conector SC\/APC \/ Equipo Bridge \/ Longitud de Onda Up: 1310 nm Dw: 1490 nm<\/p>\n","protected":false},"featured_media":80858,"comment_status":"open","ping_status":"closed","template":"","meta":[],"product_brand":[],"product_cat":[2010],"product_tag":[2012,2011,71],"class_list":{"0":"post-80859","1":"product","2":"type-product","3":"status-publish","4":"has-post-thumbnail","6":"product_cat-onus-onts","7":"product_tag-onus-onts","8":"product_tag-redes-ftth-pon","9":"product_tag-tp-link","11":"first","12":"outofstock","13":"sale","14":"shipping-taxable","15":"purchasable","16":"product-type-simple"},"_links":{"self":[{"href":"https:\/\/soydeaqui.ddns.net\/pachuca\/index.php\/wp-json\/wp\/v2\/product\/80859","targetHints":{"allow":["GET"]}}],"collection":[{"href":"https:\/\/soydeaqui.ddns.net\/pachuca\/index.php\/wp-json\/wp\/v2\/product"}],"about":[{"href":"https:\/\/soydeaqui.ddns.net\/pachuca\/index.php\/wp-json\/wp\/v2\/types\/product"}],"replies":[{"embeddable":true,"href":"https:\/\/soydeaqui.ddns.net\/pachuca\/index.php\/wp-json\/wp\/v2\/comments?post=80859"}],"wp:featuredmedia":[{"embeddable":true,"href":"https:\/\/soydeaqui.ddns.net\/pachuca\/index.php\/wp-json\/wp\/v2\/media\/80858"}],"wp:attachment":[{"href":"https:\/\/soydeaqui.ddns.net\/pachuca\/index.php\/wp-json\/wp\/v2\/media?parent=80859"}],"wp:term":[{"taxonomy":"product_brand","embeddable":true,"href":"https:\/\/soydeaqui.ddns.net\/pachuca\/index.php\/wp-json\/wp\/v2\/product_brand?post=80859"},{"taxonomy":"product_cat","embeddable":true,"href":"https:\/\/soydeaqui.ddns.net\/pachuca\/index.php\/wp-json\/wp\/v2\/product_cat?post=80859"},{"taxonomy":"product_tag","embeddable":true,"href":"https:\/\/soydeaqui.ddns.net\/pachuca\/index.php\/wp-json\/wp\/v2\/product_tag?post=80859"}],"curies":[{"name":"wp","href":"https:\/\/api.w.org\/{rel}","templated":true}]}}