{"id":80854,"date":"2026-03-19T18:20:59","date_gmt":"2026-03-19T18:20:59","guid":{"rendered":"https:\/\/soydeaqui.ddns.net\/pachuca\/index.php\/producto\/cnmaestro-x-5-ano-nse3000a\/"},"modified":"2026-03-19T18:21:01","modified_gmt":"2026-03-19T18:21:01","slug":"cnmaestro-x-5-ano-nse3000a","status":"publish","type":"product","link":"https:\/\/soydeaqui.ddns.net\/pachuca\/index.php\/producto\/cnmaestro-x-5-ano-nse3000a\/","title":{"rendered":"CNMAESTRO X 5 A\u00d1O NSE3000A"},"content":{"rendered":"<div style='width: 100%; max-width: 1200px; margin: 0 auto; font-family: sans-serif; line-height: 1.6; color: inherit; background-color: transparent;'> <!-- Secci\u00f3n de evaluaci\u00f3n de vulnerabilidad LAN --> <\/p>\n<div style='margin-bottom: 30px;'>\n<h3 style='font-size: 22px; border-bottom: 2px solid currentColor; padding-bottom: 5px; margin-top: 0; color: inherit; opacity: 0.8;'>Evaluaci\u00f3n de vulnerabilidad LAN<\/h3>\n<p style='font-size: 15px; color: inherit; margin-bottom: 20px; text-align: justify;'>NSE 3000 ofrece evaluaci\u00f3n de vulnerabilidades para dispositivos conectados. El servicio ejecuta escaneos peri\u00f3dicos para detectar CVE (vulnerabilidades y exposiciones comunes) y se proporciona una puntuaci\u00f3n con la correcci\u00f3n recomendada.<\/p>\n<p> <img style='width: 100%; height: auto; border: 1px solid rgba(150&comma;150&comma;150&comma;0.3); border-radius: 8px;' src='https:\/\/www.cambiumnetworks.com\/wp-content\/uploads\/lan-vulnerability-assessment.png' alt='Evaluaci\u00f3n de vulnerabilidad LAN'> <\/div>\n<p> <!-- Secci\u00f3n de seguridad IoT --> <\/p>\n<div style='margin-bottom: 30px;'>\n<h3 style='font-size: 22px; border-bottom: 2px solid currentColor; padding-bottom: 5px; margin-top: 0; color: inherit; opacity: 0.8;'>Seguridad IoT<\/h3>\n<p style='font-size: 15px; color: inherit; margin-bottom: 20px; text-align: justify;'>NSE 3000 ofrece visibilidad de dispositivos IOT al tomar huellas dactilares y compararlas con bases de datos de dispositivos que se actualizan con frecuencia. Proporciona una lista din\u00e1mica de dispositivos OT e IOT en la red.<\/p>\n<p> <img style='width: 100%; height: auto; border: 1px solid rgba(150&comma;150&comma;150&comma;0.3); border-radius: 8px;' src='https:\/\/www.cambiumnetworks.com\/wp-content\/uploads\/iot_visibility.png' alt='Seguridad IoT'> <\/div>\n<p> <!-- Secci\u00f3n de requisitos de licencias --> <\/p>\n<div style='margin-bottom: 30px;'>\n<h3 style='font-size: 22px; border-bottom: 2px solid currentColor; padding-bottom: 5px; margin-top: 0; color: inherit; opacity: 0.8;'>Necesita forzosamente alguna de las siguientes licencias<\/h3>\n<ul style='padding-left: 20px; font-size: 15px; color: inherit;'>\n<li style='margin-bottom: 10px;'><a href='https:\/\/www.syscom.mx\/producto\/NSE-SUB-3000-1-CAMBIUM-NETWORKS-226183.html' style='color: inherit; text-decoration: underline;'>NSE-SUB-3000-1<\/a> (Suscripci\u00f3n de cnMaestro por 1 a\u00f1o)<\/li>\n<li style='margin-bottom: 10px;'><a href='https:\/\/www.syscom.mx\/producto\/NSE-SUB-3000-3-CAMBIUM-NETWORKS-226184.html' style='color: inherit; text-decoration: underline;'>NSE-SUB-3000-3<\/a> (Suscripci\u00f3n de cnMaestro por 3 a\u00f1os)<\/li>\n<li style='margin-bottom: 10px;'><a href='https:\/\/www.syscom.mx\/producto\/NSE-SUB-3000-5-CAMBIUM-NETWORKS-226185.html' style='color: inherit; text-decoration: underline;'>NSE-SUB-3000-5<\/a> (Suscripci\u00f3n de cnMaestro por 5 a\u00f1os)<\/li>\n<\/ul><\/div>\n<p> <!-- Secci\u00f3n de seguridad con y sin licencia --> <\/p>\n<div style='margin-bottom: 30px;'>\n<h3 style='font-size: 22px; border-bottom: 2px solid currentColor; padding-bottom: 5px; margin-top: 0; color: inherit; opacity: 0.8;'>Seguridad con y sin licencia<\/h3>\n<div style='display: flex; flex-wrap: wrap; gap: 20px; margin-top: 20px;'> <!-- Sin licencia --> <\/p>\n<div style='flex: 1 1 300px; min-width: 250px; border: 1px solid rgba(150&comma;150&comma;150&comma;0.4); border-radius: 8px; overflow: hidden; display: flex; flex-direction: column;'>\n<div style='padding: 15px; border-bottom: 1px solid rgba(150&comma;150&comma;150&comma;0.2); font-weight: bold; font-size: 18px; color: inherit;'>Sin licenciamiento con funciones B\u00e1sicas de Seguridad<\/div>\n<div style='padding: 15px; color: inherit;'>\n<ul style='padding-left: 20px; margin: 0; font-size: 14px; list-style-type: disc;'>\n<li style='margin-bottom: 5px;'>SD-WAN<\/li>\n<li style='margin-bottom: 5px;'>WAN Activa-Activa y Activa-Backup<\/li>\n<li style='margin-bottom: 5px;'>Preferencias de flujo de Capa 3 y Capa 7<\/li>\n<li style='margin-bottom: 5px;'>VPN de sitio a sitio<\/li>\n<li style='margin-bottom: 5px;'>VPN remotas<\/li>\n<li style='margin-bottom: 5px;'>L2TP-IPSec&comma; IKEv2&comma; WireGuard<\/li>\n<li style='margin-bottom: 5px;'>Cortafuegos de nueva generaci\u00f3n<\/li>\n<li style='margin-bottom: 5px;'>Capa 3 y capa 7 (basado en aplicaciones)<\/li>\n<li style='margin-bottom: 5px;'>Detecci\u00f3n y prevenci\u00f3n de intrusiones<\/li>\n<li style='margin-bottom: 5px;'>Elecci\u00f3n de conjuntos de reglas gratuitos y comerciales<\/li>\n<li style='margin-bottom: 5px;'>Visibilidad y control de aplicaciones<\/li>\n<li style='margin-bottom: 5px;'>Servicios LAN (DHCP&comma; RADIUS)<\/li>\n<li style='margin-bottom: 0;'>Gesti\u00f3n en la nube a trav\u00e9s de cnMaestro<\/li>\n<\/ul><\/div>\n<\/p><\/div>\n<p> <!-- Con licencia --> <\/p>\n<div style='flex: 1 1 300px; min-width: 250px; border: 1px solid rgba(150&comma;150&comma;150&comma;0.4); border-radius: 8px; overflow: hidden; display: flex; flex-direction: column;'>\n<div style='padding: 15px; border-bottom: 1px solid rgba(150&comma;150&comma;150&comma;0.2); font-weight: bold; font-size: 18px; color: inherit;'>Con licencia<\/div>\n<div style='padding: 15px; color: inherit;'>\n<ul style='padding-left: 20px; margin: 0; font-size: 14px; list-style-type: disc;'>\n<li style='margin-bottom: 5px;'>Toda la seguridad<\/li>\n<li style='margin-bottom: 5px;'>Cortafuegos Geo-IP<\/li>\n<li style='margin-bottom: 5px;'>Filtrado de contenidos DNS<\/li>\n<li style='margin-bottom: 5px;'><strong>M\u00e1s de 80 categor\u00edas<\/strong><\/li>\n<li style='margin-bottom: 5px;'>R\u00e1pido con cach\u00e9s de datos en todo el mundo<\/li>\n<li style='margin-bottom: 5px;'>Evaluaci\u00f3n de vulnerabilidades de LAN<\/li>\n<li style='margin-bottom: 5px;'>Alta disponibilidad<\/li>\n<li style='margin-bottom: 5px;'>1 + 1 en modo de copia de seguridad activa<\/li>\n<li style='margin-bottom: 5px;'>VPN autom\u00e1tica<\/li>\n<li style='margin-bottom: 5px;'><strong>Configuraci\u00f3n de t\u00faneles VPN con un solo clic<\/strong><\/li>\n<li style='margin-bottom: 0;'>Identificaci\u00f3n de dispositivos IoT<\/li>\n<\/ul><\/div>\n<\/p><\/div>\n<\/p><\/div>\n<\/p><\/div>\n<p> <!-- Secci\u00f3n de cable de corriente --> <\/p>\n<div style='margin-bottom: 30px;'>\n<h3 style='font-size: 22px; border-bottom: 2px solid currentColor; padding-bottom: 5px; margin-top: 0; color: inherit; opacity: 0.8;'>Agregar el cable de corriente<\/h3>\n<p style='font-size: 15px; color: inherit; margin-bottom: 0;'><a href='https:\/\/www.syscom.mx\/producto\/AC-CORD-1.5M-EPCOM-POWERLINE-205295.html' style='color: inherit; text-decoration: underline;'><strong>AC-CORD-1.5M<\/strong><\/a><\/p>\n<\/p><\/div>\n<\/p><\/div>\n","protected":false},"excerpt":{"rendered":"<p>CNMAESTRO X 5 A\u00d1O NSE3000A<\/p>\n","protected":false},"featured_media":80853,"comment_status":"open","ping_status":"closed","template":"","meta":[],"product_brand":[],"product_cat":[1983],"product_tag":[93,1404,1316],"class_list":{"0":"post-80854","1":"product","2":"type-product","3":"status-publish","4":"has-post-thumbnail","6":"product_cat-accesorios-antenas-redes-e-it","7":"product_tag-accesorios","8":"product_tag-antenas","9":"product_tag-cambium-networks","11":"first","12":"outofstock","13":"sale","14":"shipping-taxable","15":"purchasable","16":"product-type-simple"},"_links":{"self":[{"href":"https:\/\/soydeaqui.ddns.net\/pachuca\/index.php\/wp-json\/wp\/v2\/product\/80854","targetHints":{"allow":["GET"]}}],"collection":[{"href":"https:\/\/soydeaqui.ddns.net\/pachuca\/index.php\/wp-json\/wp\/v2\/product"}],"about":[{"href":"https:\/\/soydeaqui.ddns.net\/pachuca\/index.php\/wp-json\/wp\/v2\/types\/product"}],"replies":[{"embeddable":true,"href":"https:\/\/soydeaqui.ddns.net\/pachuca\/index.php\/wp-json\/wp\/v2\/comments?post=80854"}],"wp:featuredmedia":[{"embeddable":true,"href":"https:\/\/soydeaqui.ddns.net\/pachuca\/index.php\/wp-json\/wp\/v2\/media\/80853"}],"wp:attachment":[{"href":"https:\/\/soydeaqui.ddns.net\/pachuca\/index.php\/wp-json\/wp\/v2\/media?parent=80854"}],"wp:term":[{"taxonomy":"product_brand","embeddable":true,"href":"https:\/\/soydeaqui.ddns.net\/pachuca\/index.php\/wp-json\/wp\/v2\/product_brand?post=80854"},{"taxonomy":"product_cat","embeddable":true,"href":"https:\/\/soydeaqui.ddns.net\/pachuca\/index.php\/wp-json\/wp\/v2\/product_cat?post=80854"},{"taxonomy":"product_tag","embeddable":true,"href":"https:\/\/soydeaqui.ddns.net\/pachuca\/index.php\/wp-json\/wp\/v2\/product_tag?post=80854"}],"curies":[{"name":"wp","href":"https:\/\/api.w.org\/{rel}","templated":true}]}}