{"id":80848,"date":"2026-03-19T18:20:45","date_gmt":"2026-03-19T18:20:45","guid":{"rendered":"https:\/\/soydeaqui.ddns.net\/pachuca\/index.php\/producto\/punto-de-acceso-en-de-alto-desempeno-wi-fi-6e-hasta-2-gbps-5725-7125-mhz-conectorizado\/"},"modified":"2026-03-19T18:20:47","modified_gmt":"2026-03-19T18:20:47","slug":"punto-de-acceso-en-de-alto-desempeno-wi-fi-6e-hasta-2-gbps-5725-7125-mhz-conectorizado","status":"publish","type":"product","link":"https:\/\/soydeaqui.ddns.net\/pachuca\/index.php\/producto\/punto-de-acceso-en-de-alto-desempeno-wi-fi-6e-hasta-2-gbps-5725-7125-mhz-conectorizado\/","title":{"rendered":"Punto de acceso en de alto Desempe\u00f1o \/ Wi-Fi 6E \/ Hasta 2 Gbps \/ 5725 &#8211; 7125 MHz \/ Conectorizado"},"content":{"rendered":"<div style='width: 100%; max-width: 1200px; margin: 0 auto; font-family: sans-serif; line-height: 1.6; color: inherit; background-color: transparent;'> <!-- Secci\u00f3n de contenido con flex\/grid --> <\/p>\n<div style='display: flex; flex-wrap: wrap; gap: 30px; margin-bottom: 30px;'>\n<div style='flex: 1 1 300px; min-width: 280px;'>\n<h3 style='font-size: 22px; border-bottom: 2px solid currentColor; padding-bottom: 5px; margin-top: 0; color: inherit; opacity: 0.8;'>Caracter\u00edsticas Principales<\/h3>\n<ul style='padding-left: 20px; font-size: 15px; color: inherit;'>\n<li style='margin-bottom: 5px;'><strong>Ancho de canal:<\/strong> 5 \/ 10 \/ 20 \/ 40 \/ 80 \/160.<\/li>\n<li style='margin-bottom: 5px;'><strong>Capa f\u00edsica propietaria:<\/strong> 4&#215;4 MU-MIMO\/OFDMA basado en la tecnolog\u00eda subyacente 802.11ax.<\/li>\n<li style='margin-bottom: 5px;'><strong>Rango de frecuencia:<\/strong> 5925\u20137125 MHz .<\/li>\n<li style='margin-bottom: 5px;'><strong>Interface Ethernet:<\/strong> 1*10\/100\/1000Mbps BaseT&comma; 1*10\/100\/1000\/2500Mbps BaseT&comma; Auto negociaci\u00f3n<\/li>\n<li style='margin-bottom: 5px;'><strong>Velocidad m\u00e1xima de datos:<\/strong> 4804 Mbps<\/li>\n<li style='margin-bottom: 5px;'><strong>Potencia TX:<\/strong> 30 dBm.<\/li>\n<li style='margin-bottom: 5px;'><strong>M\u00e9todos de alimentaci\u00f3n admitidos:<\/strong> 48V 30W PoE (incluido) o estandar 802.3at PoE.<\/li>\n<li style='margin-bottom: 5px;'><strong>Protocolos de uso:<\/strong> IPv4&comma; UDP&comma; TCP&comma; IP&comma; ICMP&comma; SNMP&comma; HTTP&comma; SSH.<\/li>\n<li style='margin-bottom: 5px;'><strong>Gesti\u00f3n de rede<\/strong><\/li>\n<\/ul><\/div>\n<div style='flex: 1 1 300px; min-width: 280px;'>\n<h3 style='font-size: 22px; border-bottom: 2px solid currentColor; padding-bottom: 5px; margin-top: 0; color: inherit; opacity: 0.8;'>Caracter\u00edsticas F\u00edsicas y El\u00e9ctricas<\/h3>\n<ul style='padding-left: 20px; font-size: 15px; color: inherit;'>\n<li style='margin-bottom: 5px;'><strong>Conector:<\/strong> SMA- hembra inverso.<\/li>\n<li style='margin-bottom: 5px;'><strong>Dimensiones:<\/strong> 236 x 117 x 28 mm.<\/li>\n<li style='margin-bottom: 5px;'><strong>Peso:<\/strong> 0.75 kg.<\/li>\n<li style='margin-bottom: 5px;'><strong>Temperatura de operaci\u00f3n:<\/strong> -40&comma; +65 \u00b0C<\/li>\n<\/ul><\/div>\n<\/p><\/div>\n<\/p><\/div>\n","protected":false},"excerpt":{"rendered":"<p>Punto de acceso en de alto Desempe\u00f1o \/ Wi-Fi 6E \/ Hasta 2 Gbps \/ 5725 &#8211; 7125 MHz \/ Conectorizado<\/p>\n","protected":false},"featured_media":32,"comment_status":"open","ping_status":"closed","template":"","meta":[],"product_brand":[],"product_cat":[1998],"product_tag":[1999,1980,560],"class_list":{"0":"post-80848","1":"product","2":"type-product","3":"status-publish","4":"has-post-thumbnail","6":"product_cat-5-y-6-ghz","7":"product_tag-5-y-6-ghz","8":"product_tag-enlaces-ptp-y-ptmp","9":"product_tag-txpro","11":"first","12":"outofstock","13":"sale","14":"shipping-taxable","15":"purchasable","16":"product-type-simple"},"_links":{"self":[{"href":"https:\/\/soydeaqui.ddns.net\/pachuca\/index.php\/wp-json\/wp\/v2\/product\/80848","targetHints":{"allow":["GET"]}}],"collection":[{"href":"https:\/\/soydeaqui.ddns.net\/pachuca\/index.php\/wp-json\/wp\/v2\/product"}],"about":[{"href":"https:\/\/soydeaqui.ddns.net\/pachuca\/index.php\/wp-json\/wp\/v2\/types\/product"}],"replies":[{"embeddable":true,"href":"https:\/\/soydeaqui.ddns.net\/pachuca\/index.php\/wp-json\/wp\/v2\/comments?post=80848"}],"wp:featuredmedia":[{"embeddable":true,"href":"https:\/\/soydeaqui.ddns.net\/pachuca\/index.php\/wp-json\/wp\/v2\/media\/32"}],"wp:attachment":[{"href":"https:\/\/soydeaqui.ddns.net\/pachuca\/index.php\/wp-json\/wp\/v2\/media?parent=80848"}],"wp:term":[{"taxonomy":"product_brand","embeddable":true,"href":"https:\/\/soydeaqui.ddns.net\/pachuca\/index.php\/wp-json\/wp\/v2\/product_brand?post=80848"},{"taxonomy":"product_cat","embeddable":true,"href":"https:\/\/soydeaqui.ddns.net\/pachuca\/index.php\/wp-json\/wp\/v2\/product_cat?post=80848"},{"taxonomy":"product_tag","embeddable":true,"href":"https:\/\/soydeaqui.ddns.net\/pachuca\/index.php\/wp-json\/wp\/v2\/product_tag?post=80848"}],"curies":[{"name":"wp","href":"https:\/\/api.w.org\/{rel}","templated":true}]}}