{"id":80827,"date":"2026-03-19T18:19:54","date_gmt":"2026-03-19T18:19:54","guid":{"rendered":"https:\/\/soydeaqui.ddns.net\/pachuca\/index.php\/producto\/pluma-limpiadora-de-2-5-mm-para-conectores-sc-fc-st-de-fibra-ptica-800-procesos-de-limpieza\/"},"modified":"2026-03-19T18:20:03","modified_gmt":"2026-03-19T18:20:03","slug":"pluma-limpiadora-de-2-5-mm-para-conectores-sc-fc-st-de-fibra-ptica-800-procesos-de-limpieza","status":"publish","type":"product","link":"https:\/\/soydeaqui.ddns.net\/pachuca\/index.php\/producto\/pluma-limpiadora-de-2-5-mm-para-conectores-sc-fc-st-de-fibra-ptica-800-procesos-de-limpieza\/","title":{"rendered":"Pluma Limpiadora de 2.5 mm, para Conectores SC, FC, ST de Fibra ?ptica, 800 Procesos de Limpieza"},"content":{"rendered":"<div style='width: 100%; max-width: 1200px; margin: 0 auto; font-family: sans-serif; line-height: 1.6; color: inherit; background-color: transparent;'>\n<div style='display: flex; flex-wrap: wrap; gap: 30px; margin-bottom: 30px;'>\n<div style='flex: 1 1 300px; min-width: 280px;'>\n<h3 style='font-size: 22px; border-bottom: 2px solid currentColor; padding-bottom: 5px; margin-top: 0; color: inherit; opacity: 0.8;'>Caracter\u00edsticas<\/h3>\n<p style='font-size: 15px; color: inherit; text-align: justify;'>El limpiador de conectores de fibra \u00f3ptica <strong>LP-1CC2.5<\/strong> tipo pluma facilita la limpieza en lugares de dif\u00edcil acceso tales como distribuidores de fibra&comma; acopladores&comma; paneles \u00f3pticos&comma; tranceptores de fibra \u00f3ptica as\u00ed como los conectores con ferulas de 2.5 mm con pulido PC&comma; UPC o APC<\/p>\n<\/p><\/div>\n<\/p><\/div>\n<div style='display: flex; flex-wrap: wrap; gap: 20px; margin-bottom: 30px;'>\n<div style='flex: 1 1 250px; border: 1px solid rgba(150&comma; 150&comma; 150&comma; 0.4); border-radius: 8px; overflow: hidden; display: flex; flex-direction: column;'>\n<div style='padding: 15px; border-bottom: 1px solid rgba(150&comma; 150&comma; 150&comma; 0.2); font-weight: bold; font-size: 18px; color: inherit;'>Especificaciones<\/div>\n<div style='padding: 15px; color: inherit;'>\n<ul style='padding-left: 20px; margin: 0; font-size: 14px; list-style-type: disc;'>\n<li style='margin-bottom: 5px;'><strong>Tipo:<\/strong> Pluma<\/li>\n<li style='margin-bottom: 5px;'><strong>Extensor de punta:<\/strong> S\u00ed<\/li>\n<li style='margin-bottom: 5px;'><strong>Limpiador de ferulas:<\/strong> 2.5 mm<\/li>\n<li style='margin-bottom: 5px;'><strong>Durabilidad:<\/strong> 800 ciclos de limpieza<\/li>\n<li style='margin-bottom: 5px;'><strong>Dimensiones:<\/strong> 175\u00d718\u00d718 mm<\/li>\n<li style='margin-bottom: 5px;'><strong>Aplicaci\u00f3n:<\/strong> Limpieza de aceite y polvo<\/li>\n<\/ul><\/div>\n<\/p><\/div>\n<\/p><\/div>\n<div style='display: flex; justify-content: center; margin: 30px 0;'> <img style='width: 100%; max-width: 432px; height: auto; border: 1px solid rgba(150&comma;150&comma;150&comma;0.3); border-radius: 8px;' src='https:\/\/ftp3.syscom.mx\/usuarios\/orobles\/LinkedPro\/linkedpro_logo.png' alt='Logo LinkedPro'> <\/div>\n<\/p><\/div>\n","protected":false},"excerpt":{"rendered":"<p>Pluma Limpiadora de 2.5 mm, para Conectores SC, FC, ST de Fibra ?ptica, 800 Procesos de Limpieza<\/p>\n","protected":false},"featured_media":80826,"comment_status":"open","ping_status":"closed","template":"","meta":[],"product_brand":[],"product_cat":[636],"product_tag":[611,25,435],"class_list":{"0":"post-80827","1":"product","2":"type-product","3":"status-publish","4":"has-post-thumbnail","6":"product_cat-herramientas-fibra-optica","7":"product_tag-fibra-optica","8":"product_tag-herramientas","9":"product_tag-linkedpro-by-epcom","11":"first","12":"instock","13":"sale","14":"shipping-taxable","15":"purchasable","16":"product-type-simple"},"_links":{"self":[{"href":"https:\/\/soydeaqui.ddns.net\/pachuca\/index.php\/wp-json\/wp\/v2\/product\/80827","targetHints":{"allow":["GET"]}}],"collection":[{"href":"https:\/\/soydeaqui.ddns.net\/pachuca\/index.php\/wp-json\/wp\/v2\/product"}],"about":[{"href":"https:\/\/soydeaqui.ddns.net\/pachuca\/index.php\/wp-json\/wp\/v2\/types\/product"}],"replies":[{"embeddable":true,"href":"https:\/\/soydeaqui.ddns.net\/pachuca\/index.php\/wp-json\/wp\/v2\/comments?post=80827"}],"wp:featuredmedia":[{"embeddable":true,"href":"https:\/\/soydeaqui.ddns.net\/pachuca\/index.php\/wp-json\/wp\/v2\/media\/80826"}],"wp:attachment":[{"href":"https:\/\/soydeaqui.ddns.net\/pachuca\/index.php\/wp-json\/wp\/v2\/media?parent=80827"}],"wp:term":[{"taxonomy":"product_brand","embeddable":true,"href":"https:\/\/soydeaqui.ddns.net\/pachuca\/index.php\/wp-json\/wp\/v2\/product_brand?post=80827"},{"taxonomy":"product_cat","embeddable":true,"href":"https:\/\/soydeaqui.ddns.net\/pachuca\/index.php\/wp-json\/wp\/v2\/product_cat?post=80827"},{"taxonomy":"product_tag","embeddable":true,"href":"https:\/\/soydeaqui.ddns.net\/pachuca\/index.php\/wp-json\/wp\/v2\/product_tag?post=80827"}],"curies":[{"name":"wp","href":"https:\/\/api.w.org\/{rel}","templated":true}]}}