{"id":80804,"date":"2026-03-19T18:18:58","date_gmt":"2026-03-19T18:18:58","guid":{"rendered":"https:\/\/soydeaqui.ddns.net\/pachuca\/index.php\/producto\/switch-kvm-8-puertos-dvi-vga-conexion-en-cascada-control-de-hasta-512-computadoras-usb-2-0-soporte-modo-difusion-funcion-multipantalla\/"},"modified":"2026-03-19T18:19:04","modified_gmt":"2026-03-19T18:19:04","slug":"switch-kvm-8-puertos-dvi-vga-conexion-en-cascada-control-de-hasta-512-computadoras-usb-2-0-soporte-modo-difusion-funcion-multipantalla","status":"publish","type":"product","link":"https:\/\/soydeaqui.ddns.net\/pachuca\/index.php\/producto\/switch-kvm-8-puertos-dvi-vga-conexion-en-cascada-control-de-hasta-512-computadoras-usb-2-0-soporte-modo-difusion-funcion-multipantalla\/","title":{"rendered":"Switch KVM | 8 Puertos | DVI\/VGA | Conexi\u00f3n en Cascada |\u00a0Control de hasta 512 computadoras | USB 2.0 | Soporte Modo Difusi\u00f3n | Funci\u00f3n Multipantalla"},"content":{"rendered":"<div style='width: 100%; max-width: 1200px; margin: 0 auto; font-family: sans-serif; line-height: 1.6; color: inherit; background-color: transparent;'> <!-- Logo ATEN --> <\/p>\n<div style='display: flex; justify-content: center; margin: 30px 0;'> <img style='width: 40%; height: auto; border: 1px solid rgba(150&comma;150&comma;150&comma;0.3); border-radius: 8px;' src='https:\/\/ftp3.syscom.mx\/usuarios\/luis.vargas\/ATEN\/VS184B\/Logo-Aten.jpg' alt='Logo ATEN'> <\/div>\n<p> <!-- Imagen del producto y descripci\u00f3n --> <\/p>\n<div style='display: flex; flex-wrap: wrap; gap: 30px; margin-bottom: 30px;'>\n<div style='flex: 1 1 300px; min-width: 280px;'> <img style='width: 100%; height: auto; border: 1px solid rgba(150&comma;150&comma;150&comma;0.3); border-radius: 8px;' src='https:\/\/ftp3.syscom.mx\/usuarios\/luis.vargas\/ATEN\/CS1768\/CS1768-1.png' alt='Switch KVM ATEN CS1768'> <\/div>\n<div style='flex: 2 1 400px; min-width: 300px;'>\n<p style='font-size: 15px; color: inherit; text-align: justify; margin-top: 0;'> El switch KVM ATEN CS1768 es una unidad multifuncional para controlar 8 ordenadores desde una consola central con teclado y rat\u00f3n USB&comma; y dos monitores (DVI-I y VGA). Se puede conectar en cascada hasta tres niveles&comma; permitiendo el control de hasta 512 computadoras. Ofrece funcionalidad multipantalla para hasta cuatro conmutadores&comma; simplificando entornos con varios monitores. Incluye un men\u00fa en pantalla (OSD) de ATEN para facilitar el acceso y configuraci\u00f3n&comma; con funciones de copia de seguridad. Compatible con teclados multimedia y transmite se\u00f1ales de audio&comma; permitiendo el env\u00edo de se\u00f1ales sonoras y la escucha en dos juegos de altavoces. Dise\u00f1ado para aplicaciones TI e industriales&comma; el CS1768 optimiza la gesti\u00f3n en entornos complejos. <\/p>\n<\/p><\/div>\n<\/p><\/div>\n<p> <!-- Caracter\u00edsticas generales --> <\/p>\n<div style='display: flex; flex-wrap: wrap; gap: 30px; margin-bottom: 30px;'>\n<div style='flex: 1 1 300px; min-width: 280px;'>\n<h3 style='font-size: 22px; border-bottom: 2px solid currentColor; padding-bottom: 5px; margin-top: 0; color: inherit; opacity: 0.8;'>Caracter\u00edsticas generales<\/h3>\n<ul style='padding-left: 20px; font-size: 15px; color: inherit;'>\n<li style='margin-bottom: 5px;'><strong>Conexiones de PC:<\/strong>\n<ul style='padding-left: 20px;'>\n<li style='margin-bottom: 5px;'>Directo: 8<\/li>\n<li style='margin-bottom: 5px;'>M\u00e1ximo: 512 (Cascada)<\/li>\n<\/ul>\n<\/li>\n<li style='margin-bottom: 5px;'><strong>Selecci\u00f3n de puerto:<\/strong>\n<ul style='padding-left: 20px;'>\n<li style='margin-bottom: 5px;'>OSD&comma; tecla de acceso r\u00e1pido&comma; pulsador<\/li>\n<\/ul>\n<\/li>\n<li style='margin-bottom: 5px;'><strong>Switches:<\/strong>\n<ul style='padding-left: 20px;'>\n<li style='margin-bottom: 5px;'>Selecci\u00f3n de puerto: 8 x Pulsador<\/li>\n<li style='margin-bottom: 5px;'>Reiniciar: 1 x Pulsador semiempotrado<\/li>\n<li style='margin-bottom: 5px;'>Actualizaci\u00f3n de firmware: 1x switch deslizante<\/li>\n<\/ul>\n<\/li>\n<li style='margin-bottom: 5px;'><strong>LEDs:<\/strong>\n<ul style='padding-left: 20px;'>\n<li style='margin-bottom: 5px;'>Enlace USB: 8 (Verde)<\/li>\n<li style='margin-bottom: 5px;'>Alimentaci\u00f3n: 1 (Verde Oscuro)<\/li>\n<li style='margin-bottom: 5px;'>En l\u00ednea\/Seleccionado: 8 (Naranja)<\/li>\n<\/ul>\n<\/li>\n<\/ul><\/div>\n<div style='flex: 1 1 300px; min-width: 280px;'>\n<h3 style='font-size: 22px; border-bottom: 2px solid currentColor; padding-bottom: 5px; margin-top: 0; color: inherit; opacity: 0.8;'>Especificaciones<\/h3>\n<ul style='padding-left: 20px; font-size: 15px; color: inherit;'>\n<li style='margin-bottom: 5px;'><strong>Conectores:<\/strong>\n<ul style='padding-left: 20px;'>\n<li style='margin-bottom: 5px;'>Puertos de consola:\n<ul style='padding-left: 20px;'>\n<li style='margin-bottom: 5px;'>1 x HDB-15 hembra (Azul)<\/li>\n<li style='margin-bottom: 5px;'>1 x DVI-I hembra (Blanco)<\/li>\n<li style='margin-bottom: 5px;'>2 x USB tipo A hembra<\/li>\n<li style='margin-bottom: 5px;'>2 x Conector de audio de 3&comma;5 mm hembra (Rosa; 1 x panel frontal&comma; 1 x panel posterior)<\/li>\n<li style='margin-bottom: 5px;'>2 x Conector de audio de 3&comma;5 mm hembra (Verde; 1 x panel frontal&comma; 1 x panel posterior)<\/li>\n<\/ul>\n<\/li>\n<li style='margin-bottom: 5px;'>Puertos KVM:\n<ul style='padding-left: 20px;'>\n<li style='margin-bottom: 5px;'>8 x DVI-I hembra (Blanco)<\/li>\n<li style='margin-bottom: 5px;'>8 x USB tipo B hembra<\/li>\n<li style='margin-bottom: 5px;'>8 x Conector de audio de 3&comma;5 mm hembra (Verde)<\/li>\n<li style='margin-bottom: 5px;'>8 x Conector de audio de 3&comma;5 mm hembra (Rosa)<\/li>\n<\/ul>\n<\/li>\n<li style='margin-bottom: 5px;'>Actualizaci\u00f3n de Firmware: 1xRJ11 hembra (Negro)<\/li>\n<li style='margin-bottom: 5px;'>Alimentaci\u00f3n: 1x Conector CC<\/li>\n<li style='margin-bottom: 5px;'>HUB USB: 2xUSB Tipo A hembra<\/li>\n<\/ul>\n<\/li>\n<li style='margin-bottom: 5px;'><strong>Emulaci\u00f3n:<\/strong>\n<ul style='padding-left: 20px;'>\n<li style='margin-bottom: 5px;'><strong>Teclado\/Rat\u00f3n: USB<\/strong><\/li>\n<\/ul>\n<\/li>\n<li style='margin-bottom: 5px;'><strong>Video:<\/strong>\n<ul style='padding-left: 20px;'>\n<li style='margin-bottom: 5px;'>DVI (un solo enlace): 1920 x 1200 a 60 Hz;<\/li>\n<li style='margin-bottom: 5px;'>VGA: 2048 x 1536 a 60Hz<\/li>\n<\/ul>\n<\/li>\n<li style='margin-bottom: 5px;'><strong>Intervalo de escaneado:<\/strong>\n<ul style='padding-left: 20px;'>\n<li style='margin-bottom: 5px;'>1-255 seg (predeterminado: 5seg)<\/li>\n<\/ul>\n<\/li>\n<li style='margin-bottom: 5px;'><strong>Consumo de energ\u00eda:<\/strong>\n<ul style='padding-left: 20px;'>\n<li style='margin-bottom: 5px;'>5.3 Vcc: 4.53 W: 47 BTU<\/li>\n<\/ul>\n<\/li>\n<li style='margin-bottom: 5px;'><strong>Condiciones medioambientales:<\/strong>\n<ul style='padding-left: 20px;'>\n<li style='margin-bottom: 5px;'>Temperatura de funcionamiento 0-50\u00b0C<\/li>\n<li style='margin-bottom: 5px;'>Temperatura de almacenamiento -20-60\u00b0C<\/li>\n<li style='margin-bottom: 5px;'>Humedad HR del 0 &#8211; 80%&comma; sin condensaci\u00f3n<\/li>\n<\/ul>\n<\/li>\n<li style='margin-bottom: 5px;'><strong>Propiedades f\u00edsicas:<\/strong>\n<ul style='padding-left: 20px;'>\n<li style='margin-bottom: 5px;'>Carcasa Met\u00e1lica<\/li>\n<li style='margin-bottom: 5px;'>Peso 2&comma;80 kg (6&comma;17 libras)<\/li>\n<li style='margin-bottom: 5px;'>Dimensiones (LA x AN x AL):\n<ul style='padding-left: 20px;'>\n<li style='margin-bottom: 5px;'>43.72 x 16.12 x 4.40 cm<\/li>\n<li style='margin-bottom: 5px;'>17&comma;21 x 6&comma;35 x 1&comma;73 pulgadas<\/li>\n<\/ul>\n<\/li>\n<\/ul>\n<\/li>\n<\/ul><\/div>\n<\/p><\/div>\n<p> <!-- Contenido del equipo --> <\/p>\n<div style='display: flex; flex-wrap: wrap; gap: 30px; margin-bottom: 30px;'>\n<div style='flex: 1 1 100%; min-width: 280px;'>\n<h3 style='font-size: 22px; border-bottom: 2px solid currentColor; padding-bottom: 5px; margin-top: 0; color: inherit; opacity: 0.8;'>Contenido del equipo<\/h3>\n<p style='font-size: 15px; color: inherit; margin-top: 10px;'> El equipo contiene: 1x CS1768 switch KVM de 8 puertos para USB con DVI y kit para montaje en rack&comma; 2x juegos de cables KVM para USB y DVI-D personalizados&comma; 1x cable para actualizar el firmware&comma; 1x adaptador de alimentaci\u00f3n&comma; 1x juego de patas (4 unidades)&comma; 1x manual del usuario <\/p>\n<\/p><\/div>\n<\/p><\/div>\n<p> <!-- Secci\u00f3n de especificaciones en cards --> <\/p>\n<div style='display: flex; flex-wrap: wrap; gap: 20px; margin-bottom: 30px;'>\n<div style='flex: 1 1 250px; border: 1px solid rgba(150&comma; 150&comma; 150&comma; 0.4); border-radius: 8px; overflow: hidden; display: flex; flex-direction: column;'>\n<div style='padding: 15px; border-bottom: 1px solid rgba(150&comma; 150&comma; 150&comma; 0.2); font-weight: bold; font-size: 18px; color: inherit;'>Especificaciones de Video<\/div>\n<div style='padding: 15px; color: inherit;'>\n<ul style='padding-left: 20px; margin: 0; font-size: 14px; list-style-type: disc;'>\n<li style='margin-bottom: 5px;'><strong>DVI:<\/strong> 1920 x 1200 a 60 Hz<\/li>\n<li style='margin-bottom: 5px;'><strong>VGA:<\/strong> 2048 x 1536 a 60Hz<\/li>\n<\/ul><\/div>\n<\/p><\/div>\n<div style='flex: 1 1 250px; border: 1px solid rgba(150&comma; 150&comma; 150&comma; 0.4); border-radius: 8px; overflow: hidden; display: flex; flex-direction: column;'>\n<div style='padding: 15px; border-bottom: 1px solid rgba(150&comma; 150&comma; 150&comma; 0.2); font-weight: bold; font-size: 18px; color: inherit;'>Conectividad<\/div>\n<div style='padding: 15px; color: inherit;'>\n<ul style='padding-left: 20px; margin: 0; font-size: 14px; list-style-type: disc;'>\n<li style='margin-bottom: 5px;'><strong>Puertos:<\/strong> 8<\/li>\n<li style='margin-bottom: 5px;'><strong>Conexi\u00f3n en cascada:<\/strong> Hasta 3 niveles<\/li>\n<li style='margin-bottom: 5px;'><strong>Control de computadoras:<\/strong> Hasta 512<\/li>\n<\/ul><\/div>\n<\/p><\/div>\n<div style='flex: 1 1 250px; border: 1px solid rgba(150&comma; 150&comma; 150&comma; 0.4); border-radius: 8px; overflow: hidden; display: flex; flex-direction: column;'>\n<div style='padding: 15px; border-bottom: 1px solid rgba(150&comma; 150&comma; 150&comma; 0.2); font-weight: bold; font-size: 18px; color: inherit;'>Caracter\u00edsticas F\u00edsicas<\/div>\n<div style='padding: 15px; color: inherit;'>\n<ul style='padding-left: 20px; margin: 0; font-size: 14px; list-style-type: disc;'>\n<li style='margin-bottom: 5px;'><strong>Carcasa:<\/strong> Met\u00e1lica<\/li>\n<li style='margin-bottom: 5px;'><strong>Peso:<\/strong> 2.80 kg (6.17 libras)<\/li>\n<li style='margin-bottom: 5px;'><strong>Dimensiones:<\/strong> 43.72 x 16.12 x 4.40 cm<\/li>\n<\/ul><\/div>\n<\/p><\/div>\n<div style='flex: 1 1 250px; border: 1px solid rgba(150&comma; 150&comma; 150&comma; 0.4); border-radius: 8px; overflow: hidden; display: flex; flex-direction: column;'>\n<div style='padding: 15px; border-bottom: 1px solid rgba(150&comma; 150&comma; 150&comma; 0.2); font-weight: bold; font-size: 18px; color: inherit;'>Especificaciones Adicionales<\/div>\n<div style='padding: 15px; color: inherit;'>\n<ul style='padding-left: 20px; margin: 0; font-size: 14px; list-style-type: disc;'>\n<li style='margin-bottom: 5px;'><strong>Modo de difusi\u00f3n:<\/strong> Soportado<\/li>\n<li style='margin-bottom: 5px;'><strong>Funci\u00f3n multipantalla:<\/strong> Soportado<\/li>\n<li style='margin-bottom: 5px;'><strong>USB 2.0:<\/strong> 2 puertos<\/li>\n<\/ul><\/div>\n<\/p><\/div>\n<\/p><\/div>\n<p> <!-- Separador final --> <\/p>\n<hr style='border: 0; border-top: 1px solid rgba(150&comma; 150&comma; 150&comma; 0.3); margin: 30px 0;'> <\/div>\n","protected":false},"excerpt":{"rendered":"<p>Switch KVM | 8 Puertos | DVI\/VGA | Conexi\u00f3n en Cascada |\u00a0Control de hasta 512 computadoras | USB 2.0 | Soporte Modo Difusi\u00f3n | Funci\u00f3n Multipantalla<\/p>\n","protected":false},"featured_media":80803,"comment_status":"open","ping_status":"closed","template":"","meta":[],"product_brand":[],"product_cat":[2143],"product_tag":[2121,2120,2144],"class_list":{"0":"post-80804","1":"product","2":"type-product","3":"status-publish","4":"has-post-thumbnail","6":"product_cat-switches-de-video","7":"product_tag-aten","8":"product_tag-proav","9":"product_tag-switches-de-video","11":"first","12":"outofstock","13":"sale","14":"shipping-taxable","15":"purchasable","16":"product-type-simple"},"_links":{"self":[{"href":"https:\/\/soydeaqui.ddns.net\/pachuca\/index.php\/wp-json\/wp\/v2\/product\/80804","targetHints":{"allow":["GET"]}}],"collection":[{"href":"https:\/\/soydeaqui.ddns.net\/pachuca\/index.php\/wp-json\/wp\/v2\/product"}],"about":[{"href":"https:\/\/soydeaqui.ddns.net\/pachuca\/index.php\/wp-json\/wp\/v2\/types\/product"}],"replies":[{"embeddable":true,"href":"https:\/\/soydeaqui.ddns.net\/pachuca\/index.php\/wp-json\/wp\/v2\/comments?post=80804"}],"wp:featuredmedia":[{"embeddable":true,"href":"https:\/\/soydeaqui.ddns.net\/pachuca\/index.php\/wp-json\/wp\/v2\/media\/80803"}],"wp:attachment":[{"href":"https:\/\/soydeaqui.ddns.net\/pachuca\/index.php\/wp-json\/wp\/v2\/media?parent=80804"}],"wp:term":[{"taxonomy":"product_brand","embeddable":true,"href":"https:\/\/soydeaqui.ddns.net\/pachuca\/index.php\/wp-json\/wp\/v2\/product_brand?post=80804"},{"taxonomy":"product_cat","embeddable":true,"href":"https:\/\/soydeaqui.ddns.net\/pachuca\/index.php\/wp-json\/wp\/v2\/product_cat?post=80804"},{"taxonomy":"product_tag","embeddable":true,"href":"https:\/\/soydeaqui.ddns.net\/pachuca\/index.php\/wp-json\/wp\/v2\/product_tag?post=80804"}],"curies":[{"name":"wp","href":"https:\/\/api.w.org\/{rel}","templated":true}]}}