{"id":80796,"date":"2026-03-19T18:18:36","date_gmt":"2026-03-19T18:18:36","guid":{"rendered":"https:\/\/soydeaqui.ddns.net\/pachuca\/index.php\/producto\/consola-de-mezcla-digital-de-audio-120-canales-48-mezclas-c-dante-i-o\/"},"modified":"2026-03-19T18:18:48","modified_gmt":"2026-03-19T18:18:48","slug":"consola-de-mezcla-digital-de-audio-120-canales-48-mezclas-c-dante-i-o","status":"publish","type":"product","link":"https:\/\/soydeaqui.ddns.net\/pachuca\/index.php\/producto\/consola-de-mezcla-digital-de-audio-120-canales-48-mezclas-c-dante-i-o\/","title":{"rendered":"CONSOLA DE MEZCLA DIGITAL DE AUDIO 120 CANALES 48 MEZCLAS C\/ DANTE I\/O"},"content":{"rendered":"<div style='width: 100%; max-width: 1200px; margin: 0 auto; font-family: sans-serif; line-height: 1.6; color: inherit;'> <!-- Banners --> <\/p>\n<div style='display: flex; flex-wrap: wrap; justify-content: center; gap: 20px; margin-bottom: 30px;'> <img style='width: 40%; border: 1px solid rgba(150&comma;150&comma;150&comma;0.3); border-radius: 8px;' src='https:\/\/ftp3.syscom.mx\/usuarios\/luis.vargas\/YAMAHA\/Yamaha_logo.png' alt='Logo Yamaha'> <img style='width: 100%; border: 1px solid rgba(150&comma;150&comma;150&comma;0.3); border-radius: 8px;' src='https:\/\/ftp3.syscom.mx\/usuarios\/luis.vargas\/YAMAHA\/Linea.PNG' alt='L\u00ednea Yamaha'> <img style='width: 100%; border: 1px solid rgba(150&comma;150&comma;150&comma;0.3); border-radius: 8px;' src='https:\/\/ftp3.syscom.mx\/usuarios\/cesar.garcia\/Yamaha\/Mixers\/DM7\/DM7%20Banner.png' alt='Banner DM7'> <\/div>\n<p> <!-- Secci\u00f3n de introducci\u00f3n --> <\/p>\n<div style='margin: 0 20px 30px;'>\n<h3 style='font-size: 24px; text-align: center; border-bottom: 2px solid currentColor; padding-bottom: 5px; margin-top: 0; color: inherit; opacity: 0.8;'>Serie DM7<\/h3>\n<p style='margin: 10px 70px 50px; font-size: 15px; color: inherit;'>La serie DM7 es una l\u00ednea de consolas de mezcla digital innovadora que no solo garantiza calidad de sonido inigualable&comma; facilidad de uso y alta fiabilidad para conectar ingenieros&comma; artistas y audiencias&comma; sino que adem\u00e1s es sumamente ampliable y flexible y se puede adaptar a varias presentaciones. Los ajustes de la DM7 se pueden configurar de muchas maneras dependiendo de las preferencias del ingeniero y se pueden adecuar a una amplia gama de espacios sonoros.<\/p>\n<p> <img style='width: 100%; border: 1px solid rgba(150&comma;150&comma;150&comma;0.3); border-radius: 8px;' src='https:\/\/ftp3.syscom.mx\/usuarios\/cesar.garcia\/Yamaha\/Mixers\/DM7\/DM7Caract.png' alt='Caracter\u00edsticas DM7'> <\/div>\n<p> <!-- Secci\u00f3n de aplicaciones --> <\/p>\n<div style='margin: 0 20px 30px;'>\n<h3 style='font-size: 24px; text-align: center; border-bottom: 2px solid currentColor; padding-bottom: 5px; margin-top: 0; color: inherit; opacity: 0.8;'>Aplicaciones<\/h3>\n<p style='margin: 10px 70px 50px; font-size: 15px; color: inherit;'>Gracias a su dise\u00f1o compacto y a la vez flexible&comma; las consolas de la serie DM7 se pueden usar en una amplia gama de aplicaciones. Con su funcionalidad integral&comma; las opciones de expansi\u00f3n y la facilidad de uso excepcional&comma; las consolas DM7 se destacan en una realmente impresionante variedad de situaciones.<\/p>\n<p> <img style='width: 100%; border: 1px solid rgba(150&comma;150&comma;150&comma;0.3); border-radius: 8px;' src='https:\/\/ftp3.syscom.mx\/usuarios\/cesar.garcia\/Yamaha\/Mixers\/DM7\/DM7Aplic.png' alt='Aplicaciones DM7'> <\/div>\n<p> <!-- Secci\u00f3n de descripci\u00f3n detallada --> <\/p>\n<div style='margin: 0 20px 30px;'>\n<h3 style='font-size: 24px; text-align: center; border-bottom: 2px solid currentColor; padding-bottom: 5px; margin-top: 0; color: inherit; opacity: 0.8;'>La Consola de Mezcla Perfecta para T\u00ed<\/h3>\n<p style='margin: 10px 70px 50px; font-size: 15px; color: inherit;'>La consola de mezcla digital de la serie DM7 combina calidad de sonido inigualable con uso simplificado y posibilidades de expansi\u00f3n que le dan a los usuarios un flujo de trabajo de ingenier\u00eda creativa agradable&comma; y a la vez le brindan a las audiencias una vivencia sonora memorable. Con su suite completa de herramientas de mezcla y opciones de expansi\u00f3n flexibles&comma; la serie DM7 te da lo que necesitas para cualquier entorno que requiera sonido de calidad superior&comma; y te permite satisfacer las siempre cambiantes demandas de una gama extensa de aplicaciones de mezcla.<\/p>\n<\/p><\/div>\n<p> <!-- Secci\u00f3n con imagen y descripci\u00f3n --> <\/p>\n<div style='display: flex; flex-wrap: wrap; gap: 30px; margin: 0 20px 30px;'>\n<div style='flex: 1 1 400px;'> <img style='width: 100%; border: 1px solid rgba(150&comma;150&comma;150&comma;0.3); border-radius: 8px;' src='https:\/\/ftp3.syscom.mx\/usuarios\/cesar.garcia\/Yamaha\/Mixers\/DM7\/DM7rear.png' alt='Panel trasero DM7'> <\/div>\n<div style='flex: 1 1 400px; display: flex; flex-direction: column; justify-content: center;'>\n<h2 style='font-size: 22px; color: inherit; margin-top: 0;'>Comienza con Firmeza<\/h2>\n<p style='font-size: 15px; color: inherit;'>Todo comienza con el sonido&comma; y si la secci\u00f3n de entradas de tu consola no es \u00f3ptima o tiene alguna carencia&comma; tu mezcla dif\u00edcilmente satisfar\u00e1 tus expectativas o las de tu audiencia. Para satisfacer nuestra propia norma de calidad de sonido&comma; las entradas de las consolas Yamaha y las E\/S se dise\u00f1an y fabrican meticulosamente. Tomamos en cuenta cada aspecto de la etapa incicial de entradas para alcanzar nuestro distintivo &#8216;sonido natural&#8217;&comma; desde los componentes individuales&comma; la fuente de alimentaci\u00f3n&comma; y la conexi\u00f3n a tierra&comma; hasta la disposici\u00f3n de los circuitos y la estructura mec\u00e1nica de las entradas.<\/p>\n<p style='font-size: 15px; color: inherit;'>Adem\u00e1s&comma; la serie DM7 admite frecuencias de muestreo de hasta 96kHz que alcanzan calidad de sonido de alta resoluci\u00f3n.<\/p>\n<\/p><\/div>\n<\/p><\/div>\n<\/p><\/div>\n","protected":false},"excerpt":{"rendered":"<p>CONSOLA DE MEZCLA DIGITAL DE AUDIO 120 CANALES 48 MEZCLAS C\/ DANTE I\/O<\/p>\n","protected":false},"featured_media":80795,"comment_status":"open","ping_status":"closed","template":"","meta":[],"product_brand":[],"product_cat":[2146],"product_tag":[2126,2147,2128],"class_list":{"0":"post-80796","1":"product","2":"type-product","3":"status-publish","4":"has-post-thumbnail","6":"product_cat-consolas","7":"product_tag-audio-profesional","8":"product_tag-consolas","9":"product_tag-yamaha","11":"first","12":"outofstock","13":"sale","14":"shipping-taxable","15":"purchasable","16":"product-type-simple"},"_links":{"self":[{"href":"https:\/\/soydeaqui.ddns.net\/pachuca\/index.php\/wp-json\/wp\/v2\/product\/80796","targetHints":{"allow":["GET"]}}],"collection":[{"href":"https:\/\/soydeaqui.ddns.net\/pachuca\/index.php\/wp-json\/wp\/v2\/product"}],"about":[{"href":"https:\/\/soydeaqui.ddns.net\/pachuca\/index.php\/wp-json\/wp\/v2\/types\/product"}],"replies":[{"embeddable":true,"href":"https:\/\/soydeaqui.ddns.net\/pachuca\/index.php\/wp-json\/wp\/v2\/comments?post=80796"}],"wp:featuredmedia":[{"embeddable":true,"href":"https:\/\/soydeaqui.ddns.net\/pachuca\/index.php\/wp-json\/wp\/v2\/media\/80795"}],"wp:attachment":[{"href":"https:\/\/soydeaqui.ddns.net\/pachuca\/index.php\/wp-json\/wp\/v2\/media?parent=80796"}],"wp:term":[{"taxonomy":"product_brand","embeddable":true,"href":"https:\/\/soydeaqui.ddns.net\/pachuca\/index.php\/wp-json\/wp\/v2\/product_brand?post=80796"},{"taxonomy":"product_cat","embeddable":true,"href":"https:\/\/soydeaqui.ddns.net\/pachuca\/index.php\/wp-json\/wp\/v2\/product_cat?post=80796"},{"taxonomy":"product_tag","embeddable":true,"href":"https:\/\/soydeaqui.ddns.net\/pachuca\/index.php\/wp-json\/wp\/v2\/product_tag?post=80796"}],"curies":[{"name":"wp","href":"https:\/\/api.w.org\/{rel}","templated":true}]}}