{"id":8079,"date":"2026-03-18T07:04:23","date_gmt":"2026-03-18T07:04:23","guid":{"rendered":"https:\/\/soydeaqui.ddns.net\/pachuca\/index.php\/producto\/modulo-con-6-entradas-y-6-salidas-para-integrar-con-fiber-command-via-ethernet\/"},"modified":"2026-03-18T07:04:25","modified_gmt":"2026-03-18T07:04:25","slug":"modulo-con-6-entradas-y-6-salidas-para-integrar-con-fiber-command-via-ethernet","status":"publish","type":"product","link":"https:\/\/soydeaqui.ddns.net\/pachuca\/index.php\/producto\/modulo-con-6-entradas-y-6-salidas-para-integrar-con-fiber-command-via-ethernet\/","title":{"rendered":"MODULO CON 6 ENTRADAS Y 6 SALIDAS PARA INTEGRAR CON FIBER COMMAND VIA ETHERNET"},"content":{"rendered":"<div style='width: 100%; max-width: 1200px; margin: 0 auto; font-family: sans-serif; line-height: 1.6; color: inherit; background-color: transparent;'> <!-- Secci\u00f3n de caracter\u00edsticas --> <\/p>\n<div style='display: flex; flex-wrap: wrap; gap: 30px; margin-bottom: 30px;'>\n<div style='flex: 1 1 300px; min-width: 280px;'>\n<h3 style='font-size: 22px; border-bottom: 2px solid currentColor; padding-bottom: 5px; margin-top: 0; color: inherit; opacity: 0.8;'>Caracter\u00edsticas principales<\/h3>\n<ul style='padding-left: 20px; font-size: 15px; color: inherit;'>\n<li style='margin-bottom: 5px;'>E\/S: rel\u00e9 de 6 canales\/entrada digital de 6 canales<\/li>\n<li style='margin-bottom: 5px;'>Protocolos: MQTT (TLS)&comma; SNMP&comma; Modbus TCP&comma; RESTful&comma; ASCII<\/li>\n<li style='margin-bottom: 5px;'>GCL para realizar reglas b\u00e1sicas de control l\u00f3gico<\/li>\n<li style='margin-bottom: 5px;'>Funci\u00f3n punto a punto para mapear el estado de E\/S<\/li>\n<li style='margin-bottom: 5px;'>Acceso a la nube: actualizaci\u00f3n de datos a Azure<\/li>\n<li style='margin-bottom: 5px;'>Servidor web incorporado<\/li>\n<li style='margin-bottom: 5px;'>Temporizador de vigilancia para recuperar el sistema<\/li>\n<\/ul><\/div>\n<\/p><\/div>\n<p> <!-- Secci\u00f3n de descripci\u00f3n --> <\/p>\n<div style='margin-bottom: 30px; font-size: 15px; color: inherit;'>\n<p style='text-align: justify; margin: 0 0 15px 0;'>ADAM-6000 logra la integraci\u00f3n de sistemas empresariales y de automatizaci\u00f3n f\u00e1cilmente a trav\u00e9s de la tecnolog\u00eda de Internet&comma; de modo que los usuarios pueden evitar cambiar toda la arquitectura del sistema de control e incluso monitorear de forma remota el estado del dispositivo de manera m\u00e1s flexible.<\/p>\n<p style='text-align: justify; margin: 0 0 15px 0;'>Los m\u00f3dulos ADAM-6000 est\u00e1n potenciados por peer-to-peer (P2P) y Graphic Condition Logic (GCL)&comma; y pueden funcionar como productos independientes para medici\u00f3n&comma; control y automatizaci\u00f3n. En lugar de tener controladores o programaci\u00f3n adicionales&comma; las configuraciones del sistema se pueden realizar en un tiempo extremadamente corto con la utilidad gr\u00e1fica intuitiva y f\u00e1cil de usar.<\/p>\n<\/p><\/div>\n<p> <!-- Secci\u00f3n de imagen --> <\/p>\n<div style='margin-bottom: 30px;'> <img style='width: 100%; height: auto; border: 1px solid rgba(150&comma;150&comma;150&comma;0.3); border-radius: 8px;' src='https:\/\/iotmartblob.blob.core.windows.net\/widgetunzip\/ABB\/19d557ba-f71e-4f2d-9e21-d05f0dbc8391\/images\/pic3.png' alt=''> <\/div>\n<p> <!-- Separador --> <\/p>\n<hr style='border: 0; border-top: 1px solid rgba(150&comma; 150&comma; 150&comma; 0.3); margin: 30px 0;'> <\/div>\n","protected":false},"excerpt":{"rendered":"<p>MODULO CON 6 ENTRADAS Y 6 SALIDAS PARA INTEGRAR CON FIBER COMMAND VIA ETHERNET<\/p>\n","protected":false},"featured_media":8078,"comment_status":"open","ping_status":"closed","template":"","meta":[],"product_brand":[],"product_cat":[154],"product_tag":[106,104,155],"class_list":{"0":"post-8079","1":"product","2":"type-product","3":"status-publish","4":"has-post-thumbnail","6":"product_cat-sensores-de-rayo-laser-y-pirs-inteligentes","7":"product_tag-optex","8":"product_tag-proteccion-perimetral","9":"product_tag-sensores-de-rayo-laser-y-pirs-inteligentes","11":"first","12":"outofstock","13":"sale","14":"shipping-taxable","15":"purchasable","16":"product-type-simple"},"_links":{"self":[{"href":"https:\/\/soydeaqui.ddns.net\/pachuca\/index.php\/wp-json\/wp\/v2\/product\/8079","targetHints":{"allow":["GET"]}}],"collection":[{"href":"https:\/\/soydeaqui.ddns.net\/pachuca\/index.php\/wp-json\/wp\/v2\/product"}],"about":[{"href":"https:\/\/soydeaqui.ddns.net\/pachuca\/index.php\/wp-json\/wp\/v2\/types\/product"}],"replies":[{"embeddable":true,"href":"https:\/\/soydeaqui.ddns.net\/pachuca\/index.php\/wp-json\/wp\/v2\/comments?post=8079"}],"wp:featuredmedia":[{"embeddable":true,"href":"https:\/\/soydeaqui.ddns.net\/pachuca\/index.php\/wp-json\/wp\/v2\/media\/8078"}],"wp:attachment":[{"href":"https:\/\/soydeaqui.ddns.net\/pachuca\/index.php\/wp-json\/wp\/v2\/media?parent=8079"}],"wp:term":[{"taxonomy":"product_brand","embeddable":true,"href":"https:\/\/soydeaqui.ddns.net\/pachuca\/index.php\/wp-json\/wp\/v2\/product_brand?post=8079"},{"taxonomy":"product_cat","embeddable":true,"href":"https:\/\/soydeaqui.ddns.net\/pachuca\/index.php\/wp-json\/wp\/v2\/product_cat?post=8079"},{"taxonomy":"product_tag","embeddable":true,"href":"https:\/\/soydeaqui.ddns.net\/pachuca\/index.php\/wp-json\/wp\/v2\/product_tag?post=8079"}],"curies":[{"name":"wp","href":"https:\/\/api.w.org\/{rel}","templated":true}]}}