{"id":80767,"date":"2026-03-19T18:17:27","date_gmt":"2026-03-19T18:17:27","guid":{"rendered":"https:\/\/soydeaqui.ddns.net\/pachuca\/index.php\/producto\/radio-backhaul-ptp-antena-integrada-de-8-dbi-mimo-4x4-5-1-6-4-ghz-ip67-velocidad-hasta-3-gbps-adaptacion-automatica-al-entorno-monitoreo-a-traves-de-la-nube\/"},"modified":"2026-03-19T18:17:47","modified_gmt":"2026-03-19T18:17:47","slug":"radio-backhaul-ptp-antena-integrada-de-8-dbi-mimo-4x4-5-1-6-4-ghz-ip67-velocidad-hasta-3-gbps-adaptacion-automatica-al-entorno-monitoreo-a-traves-de-la-nube","status":"publish","type":"product","link":"https:\/\/soydeaqui.ddns.net\/pachuca\/index.php\/producto\/radio-backhaul-ptp-antena-integrada-de-8-dbi-mimo-4x4-5-1-6-4-ghz-ip67-velocidad-hasta-3-gbps-adaptacion-automatica-al-entorno-monitoreo-a-traves-de-la-nube\/","title":{"rendered":"Radio Backhaul PTP, Antena integrada de 8 dBi, MIMO 4X4, 5.1 &#8211; 6.4 GHz, IP67, Velocidad hasta 3 Gbps, Adaptaci\u00f3n autom\u00e1tica al entorno, Monitoreo a trav\u00e9s de la nube"},"content":{"rendered":"<div style=\"width: 100%; max-width: 1200px; margin: 0 auto; font-family: sans-serif; line-height: 1.6; color: inherit; background-color: transparent;\"><!-- Imagen y descripci\u00f3n principal --> <\/p>\n<div style=\"margin-bottom: 30px;\"><img decoding=\"async\" style=\"width: 100%; height: auto; border: 1px solid rgba(150&comma;150&comma;150&comma;0.3); border-radius: 8px;\" src=\"https:\/\/ftp3.syscom.mx\/usuarios\/fotos\/B6X\/226110-mimosa_articulos.jpg\" alt=\"\" \/> <\/p>\n<p style=\"text-align: center; font-size: 24px; margin: 20px 0;\"><strong>B6X<\/strong><\/p>\n<p style=\"font-size: 16px; color: inherit; margin-bottom: 15px;\">El Mimosa B6x es una de las soluciones de backhaul sin licencia m&aacute;s r&aacute;pidas de la industria. Es Modular&comma; con la capacidad de conectar antenas giratorias compatibles con N5-X (parab&oacute;lica&comma; no incluida). Con lo &uacute;ltimo en con tecnolog&iacute;as Wi-Fi 6E OFDMA y acceso a nuevas bandas de 6 GHz&comma; el B6x logra una latencia extremadamente baja velocidades de hasta 3&comma;4 Gbps y alta confiabilidad con nuevas funciones de lucha contra el ruido.<\/p>\n<p style=\"font-size: 16px; color: inherit; margin-bottom: 15px;\">Recomendado Hasta 10 KM con la antena adecuada.<\/p>\n<\/p><\/div>\n<p> <!-- Secci\u00f3n de caracter\u00edsticas --> <\/p>\n<div style=\"display: flex; flex-wrap: wrap; gap: 30px; margin-bottom: 30px;\">\n<div style=\"flex: 1 1 300px; min-width: 280px;\">\n<h3 style=\"font-size: 22px; border-bottom: 2px solid currentColor; padding-bottom: 5px; margin-top: 0; color: inherit; opacity: 0.8;\">Caracter&iacute;sticas RF<\/h3>\n<ul style=\"padding-left: 20px; font-size: 15px; color: inherit;\">\n<li style=\"margin-bottom: 5px;\"><strong>Ancho de canal:<\/strong> Canales simples o duales 160 MHz&comma; 320 MHz capacidad agregada de canal.<\/li>\n<li style=\"margin-bottom: 5px;\"><strong>Rango de Frecuencia:<\/strong> 5150-6425 MHz.<\/li>\n<li style=\"margin-bottom: 5px;\"><strong>Potencia de transmisi&oacute;n:<\/strong> 24 dBm<\/li>\n<li style=\"margin-bottom: 5px;\"><strong>Modo de operaci&oacute;n:<\/strong> El equipo funciona solo como PTP de otro B6X.<\/li>\n<li style=\"margin-bottom: 5px;\"><strong>Firmware:<\/strong> Actualizar firmware para correcto funcionamiento.<\/li>\n<\/ul><\/div>\n<div style=\"flex: 1 1 300px; min-width: 280px;\">\n<h3 style=\"font-size: 22px; border-bottom: 2px solid currentColor; padding-bottom: 5px; margin-top: 0; color: inherit; opacity: 0.8;\">Caracter&iacute;sticas F&iacute;sicas y El&eacute;ctricas<\/h3>\n<ul style=\"padding-left: 20px; font-size: 15px; color: inherit;\">\n<li style=\"margin-bottom: 5px;\"><strong>Consumo m&aacute;ximo de energ&iacute;a:<\/strong> 30 Watts.<\/li>\n<li style=\"margin-bottom: 5px;\"><strong>Dimensiones:<\/strong> 290 mm x 167 mm x 89 mm.<\/li>\n<li style=\"margin-bottom: 5px;\"><strong>Peso:<\/strong> 1.7 kg.<\/li>\n<li style=\"margin-bottom: 5px;\"><strong>Temperatura en Operaci&oacute;n:<\/strong> -40&deg; C hasta 55 &deg;C (-40&deg; F hasta 131&deg; F)<\/li>\n<li style=\"margin-bottom: 5px;\"><strong>Grado de protecci&oacute;n:<\/strong> IP67<\/li>\n<li style=\"margin-bottom: 5px;\"><strong>Conectores:<\/strong> 2 Puertos SFP+<\/li>\n<li style=\"margin-bottom: 5px;\"><strong>Conector Ethernet:<\/strong> 1 Puerto Ethernet 10\/100\/1000<\/li>\n<\/ul><\/div>\n<div style=\"flex: 1 1 300px; min-width: 280px;\">\n<h3 style=\"font-size: 22px; border-bottom: 2px solid currentColor; padding-bottom: 5px; margin-top: 0; color: inherit; opacity: 0.8;\">Accesorios Sugeridos (Venta por separado)<\/h3>\n<ul style=\"padding-left: 20px; font-size: 15px; color: inherit;\">\n<li style=\"margin-bottom: 5px;\"><strong>Inyector PoE:<\/strong> <a style=\"color: inherit; text-decoration: underline;\" href=\"https:\/\/www.syscom.mx\/producto\/POE50V-MIMOSA-NETWORKS-200706.html\" target=\"_blank\" rel=\"noopener\">POE50V<\/a><\/li>\n<li style=\"margin-bottom: 5px;\"><strong>Cable de corriente:<\/strong> <a style=\"color: inherit; text-decoration: underline;\" href=\"https:\/\/www.syscom.mx\/producto\/PCC53-MIMOSA-NETWORKS-188533.html\" target=\"_blank\" rel=\"noopener\">PCC53<\/a><\/li>\n<\/ul><\/div>\n<\/p><\/div>\n<p> <!-- Secci\u00f3n de cards adicionales --> <\/p>\n<div style=\"display: flex; flex-wrap: wrap; gap: 20px; margin-bottom: 30px;\">\n<div style=\"flex: 1 1 250px; border: 1px solid rgba(150&comma; 150&comma; 150&comma; 0.4); border-radius: 8px; overflow: hidden; display: flex; flex-direction: column;\">\n<div style=\"padding: 15px; border-bottom: 1px solid rgba(150&comma; 150&comma; 150&comma; 0.2); font-weight: bold; font-size: 18px; color: inherit;\">Gesti&oacute;n y Soporte Avanzados<\/div>\n<div style=\"padding: 15px; color: inherit;\">\n<ul style=\"padding-left: 20px; margin: 0; font-size: 14px; list-style-type: disc; color: inherit;\">\n<li style=\"margin-bottom: 5px;\">Interfaz Local.<\/li>\n<\/ul><\/div>\n<\/p><\/div>\n<div style=\"flex: 1 1 250px; border: 1px solid rgba(150&comma; 150&comma; 150&comma; 0.4); border-radius: 8px; overflow: hidden; display: flex; flex-direction: column;\">\n<div style=\"padding: 15px; border-bottom: 1px solid rgba(150&comma; 150&comma; 150&comma; 0.2); font-weight: bold; font-size: 18px; color: inherit;\">Fiabilidad y Garant&iacute;a<\/div>\n<div style=\"padding: 15px; color: inherit;\">\n<ul style=\"padding-left: 20px; margin: 0; font-size: 14px; list-style-type: disc; color: inherit;\">\n<li style=\"margin-bottom: 5px;\">Incluye 3 a&ntilde;os de Garant&iacute;a.<\/li>\n<li style=\"margin-bottom: 5px;\">Certificaciones RoHS.<\/li>\n<\/ul><\/div>\n<\/p><\/div>\n<\/p><\/div>\n<p> <!-- Bot\u00f3n de herramienta Mimosa --> <\/p>\n<div style=\"text-align: center; margin: 30px 0;\"><a style=\"box-sizing: border-box; transition: color 0.15s ease-in-out&comma; background-color 0.15s ease-in-out&comma; border-color 0.15s ease-in-out&comma; box-shadow 0.15s ease-in-out; text-transform: uppercase; font-size: 1rem; font-weight: 400; line-height: 1.5; display: inline-block; font-family: sans-serif; text-align: center; vertical-align: middle; cursor: pointer; user-select: none; border: 1px solid #f25d1b; background-color: transparent; padding: 0.5rem 1.5rem; border-radius: 4px; color: #f25d1b; text-decoration: none;\" href=\"https:\/\/mimosa.co\/design-tool\" target=\"_blank\" rel=\"noopener\">Herramienta de dise&ntilde;o Mimosa<\/a><\/div>\n<p> <!-- Separador final --><\/p>\n<hr style=\"border: 0; border-top: 1px solid rgba(150&comma; 150&comma; 150&comma; 0.3); margin: 30px 0;\" \/><\/div>\n","protected":false},"excerpt":{"rendered":"<p>Radio Backhaul PTP, Antena integrada de 8 dBi, MIMO 4X4, 5.1 &#8211; 6.4 GHz, IP67, Velocidad hasta 3 Gbps, Adaptaci\u00f3n autom\u00e1tica al entorno, Monitoreo a trav\u00e9s de la nube<\/p>\n","protected":false},"featured_media":80766,"comment_status":"open","ping_status":"closed","template":"","meta":[],"product_brand":[],"product_cat":[2006],"product_tag":[1980,2046,2007],"class_list":{"0":"post-80767","1":"product","2":"type-product","3":"status-publish","4":"has-post-thumbnail","6":"product_cat-otras-bandas","7":"product_tag-enlaces-ptp-y-ptmp","8":"product_tag-mimosa-networks","9":"product_tag-otras-bandas","11":"first","12":"instock","13":"sale","14":"shipping-taxable","15":"purchasable","16":"product-type-simple"},"_links":{"self":[{"href":"https:\/\/soydeaqui.ddns.net\/pachuca\/index.php\/wp-json\/wp\/v2\/product\/80767","targetHints":{"allow":["GET"]}}],"collection":[{"href":"https:\/\/soydeaqui.ddns.net\/pachuca\/index.php\/wp-json\/wp\/v2\/product"}],"about":[{"href":"https:\/\/soydeaqui.ddns.net\/pachuca\/index.php\/wp-json\/wp\/v2\/types\/product"}],"replies":[{"embeddable":true,"href":"https:\/\/soydeaqui.ddns.net\/pachuca\/index.php\/wp-json\/wp\/v2\/comments?post=80767"}],"wp:featuredmedia":[{"embeddable":true,"href":"https:\/\/soydeaqui.ddns.net\/pachuca\/index.php\/wp-json\/wp\/v2\/media\/80766"}],"wp:attachment":[{"href":"https:\/\/soydeaqui.ddns.net\/pachuca\/index.php\/wp-json\/wp\/v2\/media?parent=80767"}],"wp:term":[{"taxonomy":"product_brand","embeddable":true,"href":"https:\/\/soydeaqui.ddns.net\/pachuca\/index.php\/wp-json\/wp\/v2\/product_brand?post=80767"},{"taxonomy":"product_cat","embeddable":true,"href":"https:\/\/soydeaqui.ddns.net\/pachuca\/index.php\/wp-json\/wp\/v2\/product_cat?post=80767"},{"taxonomy":"product_tag","embeddable":true,"href":"https:\/\/soydeaqui.ddns.net\/pachuca\/index.php\/wp-json\/wp\/v2\/product_tag?post=80767"}],"curies":[{"name":"wp","href":"https:\/\/api.w.org\/{rel}","templated":true}]}}