{"id":8073,"date":"2026-03-18T07:04:20","date_gmt":"2026-03-18T07:04:20","guid":{"rendered":"https:\/\/soydeaqui.ddns.net\/pachuca\/index.php\/producto\/herramienta-para-visualizar-angulos-de-deteccion-para-la-serie-sip-de-optex\/"},"modified":"2026-03-18T07:04:20","modified_gmt":"2026-03-18T07:04:20","slug":"herramienta-para-visualizar-angulos-de-deteccion-para-la-serie-sip-de-optex","status":"publish","type":"product","link":"https:\/\/soydeaqui.ddns.net\/pachuca\/index.php\/producto\/herramienta-para-visualizar-angulos-de-deteccion-para-la-serie-sip-de-optex\/","title":{"rendered":"Herramienta para visualizar \u00e1ngulos de detecci\u00f3n para  la serie SIP de Optex"},"content":{"rendered":"<div style='width: 100%; max-width: 1200px; margin: 0 auto; font-family: sans-serif; line-height: 1.6; color: inherit; background-color: transparent;'>\n<div style='display: flex; flex-wrap: wrap; gap: 30px; margin-bottom: 30px;'>\n<div style='flex: 1 1 300px; min-width: 280px;'>\n<h3 style='font-size: 22px; border-bottom: 2px solid currentColor; padding-bottom: 5px; margin-top: 0; color: inherit; opacity: 0.8;'>Descripci\u00f3n<\/h3>\n<ul style='padding-left: 20px; font-size: 15px; color: inherit;'>\n<li style='margin-bottom: 5px;'>El AVF-1 es un visor para la serie SIP de detectores de exteriores y es una herramienta recomendada para una instalaci\u00f3n adecuada.<\/li>\n<li style='margin-bottom: 5px;'>El visor ayuda a eliminar \u00e1reas de detecci\u00f3n no deseadas (es decir&comma; \u00e1rboles&comma; \u00e1reas m\u00e1s all\u00e1 del per\u00edmetro de la instalaci\u00f3n y todas las \u00e1reas potenciales que pueden crear problemas de falsas alarmas).<\/li>\n<\/ul><\/div>\n<\/p><\/div>\n<div style='display: flex; flex-wrap: wrap; gap: 20px; margin-bottom: 30px;'>\n<div style='flex: 1 1 250px; border: 1px solid rgba(150&comma; 150&comma; 150&comma; 0.4); border-radius: 8px; overflow: hidden; display: flex; flex-direction: column;'>\n<div style='padding: 15px; border-bottom: 1px solid rgba(150&comma; 150&comma; 150&comma; 0.2); font-weight: bold; font-size: 18px; color: inherit;'>Caracter\u00edsticas Principales<\/div>\n<div style='padding: 15px; color: inherit;'>\n<ul style='padding-left: 20px; margin: 0; font-size: 14px; list-style-type: disc;'>\n<li style='margin-bottom: 5px;'>Visor especializado para serie SIP de detectores exteriores<\/li>\n<li style='margin-bottom: 5px;'>Elimina \u00e1reas de detecci\u00f3n no deseadas en instalaciones<\/li>\n<li style='margin-bottom: 5px;'>Minimiza falsas alarmas por detecci\u00f3n en \u00e1reas incorrectas<\/li>\n<li style='margin-bottom: 5px;'>Herramienta recomendada para instalaci\u00f3n profesional \u00f3ptima<\/li>\n<li style='margin-bottom: 5px;'>Optimiza cobertura de per\u00edmetros de seguridad exterior<\/li>\n<\/ul><\/div>\n<\/p><\/div>\n<div style='flex: 1 1 250px; border: 1px solid rgba(150&comma; 150&comma; 150&comma; 0.4); border-radius: 8px; overflow: hidden; display: flex; flex-direction: column;'>\n<div style='padding: 15px; border-bottom: 1px solid rgba(150&comma; 150&comma; 150&comma; 0.2); font-weight: bold; font-size: 18px; color: inherit;'>Aplicaciones<\/div>\n<div style='padding: 15px; color: inherit;'>\n<ul style='padding-left: 20px; margin: 0; font-size: 14px; list-style-type: disc;'>\n<li style='margin-bottom: 5px;'>Instalaciones de seguridad exterior<\/li>\n<li style='margin-bottom: 5px;'>Per\u00edmetros de edificios y recintos<\/li>\n<li style='margin-bottom: 5px;'>\u00c1reas con vegetaci\u00f3n que pueda generar falsas alarmas<\/li>\n<li style='margin-bottom: 5px;'>Sistemas de seguridad donde se requiere precisi\u00f3n en detecci\u00f3n<\/li>\n<\/ul><\/div>\n<\/p><\/div>\n<\/p><\/div>\n<div style='display: flex; flex-wrap: wrap; gap: 20px; margin-bottom: 30px;'>\n<div style='flex: 1 1 250px; border: 1px solid rgba(150&comma; 150&comma; 150&comma; 0.4); border-radius: 8px; overflow: hidden; display: flex; flex-direction: column;'>\n<div style='padding: 15px; border-bottom: 1px solid rgba(150&comma; 150&comma; 150&comma; 0.2); font-weight: bold; font-size: 18px; color: inherit;'>Especificaciones<\/div>\n<div style='padding: 15px; color: inherit;'>\n<ul style='padding-left: 20px; margin: 0; font-size: 14px; list-style-type: disc;'>\n<li style='margin-bottom: 5px;'><strong>Aplicaci\u00f3n:<\/strong> Exterior<\/li>\n<li style='margin-bottom: 5px;'><strong>Uso recomendado:<\/strong> Para SIP-3020&comma; SIP-4010&comma; SIP-404<\/li>\n<li style='margin-bottom: 5px;'><strong>Funci\u00f3n:<\/strong> Visualizaci\u00f3n de \u00e1ngulos de detecci\u00f3n<\/li>\n<li style='margin-bottom: 5px;'><strong>Beneficio:<\/strong> Ajuste preciso del \u00e1rea de detecci\u00f3n<\/li>\n<li style='margin-bottom: 5px;'><strong>Compatibilidad:<\/strong> Con detectores de la serie SIP<\/li>\n<\/ul><\/div>\n<\/p><\/div>\n<\/p><\/div>\n<div style='position: relative; padding-bottom: 56.25%; height: 0; overflow: hidden; margin-bottom: 30px;'>   <\/div>\n<hr style='border: 0; border-top: 1px solid rgba(150&comma; 150&comma; 150&comma; 0.3); margin: 30px 0;'> <\/div>\n","protected":false},"excerpt":{"rendered":"<p>Herramienta para visualizar \u00e1ngulos de detecci\u00f3n para  la serie SIP de Optex<\/p>\n","protected":false},"featured_media":8072,"comment_status":"open","ping_status":"closed","template":"","meta":[],"product_brand":[],"product_cat":[202],"product_tag":[19,203,106],"class_list":{"0":"post-8073","1":"product","2":"type-product","3":"status-publish","4":"has-post-thumbnail","6":"product_cat-movimiento-para-exterior","7":"product_tag-detectores-sensores","8":"product_tag-movimiento-para-exterior","9":"product_tag-optex","11":"first","12":"outofstock","13":"sale","14":"shipping-taxable","15":"purchasable","16":"product-type-simple"},"_links":{"self":[{"href":"https:\/\/soydeaqui.ddns.net\/pachuca\/index.php\/wp-json\/wp\/v2\/product\/8073","targetHints":{"allow":["GET"]}}],"collection":[{"href":"https:\/\/soydeaqui.ddns.net\/pachuca\/index.php\/wp-json\/wp\/v2\/product"}],"about":[{"href":"https:\/\/soydeaqui.ddns.net\/pachuca\/index.php\/wp-json\/wp\/v2\/types\/product"}],"replies":[{"embeddable":true,"href":"https:\/\/soydeaqui.ddns.net\/pachuca\/index.php\/wp-json\/wp\/v2\/comments?post=8073"}],"wp:featuredmedia":[{"embeddable":true,"href":"https:\/\/soydeaqui.ddns.net\/pachuca\/index.php\/wp-json\/wp\/v2\/media\/8072"}],"wp:attachment":[{"href":"https:\/\/soydeaqui.ddns.net\/pachuca\/index.php\/wp-json\/wp\/v2\/media?parent=8073"}],"wp:term":[{"taxonomy":"product_brand","embeddable":true,"href":"https:\/\/soydeaqui.ddns.net\/pachuca\/index.php\/wp-json\/wp\/v2\/product_brand?post=8073"},{"taxonomy":"product_cat","embeddable":true,"href":"https:\/\/soydeaqui.ddns.net\/pachuca\/index.php\/wp-json\/wp\/v2\/product_cat?post=8073"},{"taxonomy":"product_tag","embeddable":true,"href":"https:\/\/soydeaqui.ddns.net\/pachuca\/index.php\/wp-json\/wp\/v2\/product_tag?post=8073"}],"curies":[{"name":"wp","href":"https:\/\/api.w.org\/{rel}","templated":true}]}}