{"id":80708,"date":"2026-03-19T18:14:58","date_gmt":"2026-03-19T18:14:58","guid":{"rendered":"https:\/\/soydeaqui.ddns.net\/pachuca\/index.php\/producto\/conmutador-concentrador-industrial-4-x-4-usb-3-2-gen-1\/"},"modified":"2026-03-19T18:15:07","modified_gmt":"2026-03-19T18:15:07","slug":"conmutador-concentrador-industrial-4-x-4-usb-3-2-gen-1","status":"publish","type":"product","link":"https:\/\/soydeaqui.ddns.net\/pachuca\/index.php\/producto\/conmutador-concentrador-industrial-4-x-4-usb-3-2-gen-1\/","title":{"rendered":"Conmutador concentrador industrial | 4 x 4 USB | 3.2 Gen 1"},"content":{"rendered":"<div style='width: 100%; max-width: 1200px; margin: 0 auto; font-family: sans-serif; line-height: 1.6; color: inherit; background-color: transparent;'> <!-- Imagen logo ATEN --> <\/p>\n<div style='width: 100%; text-align: center; margin: 30px 0;'> <img style='width: 40%; height: auto; max-width: 400px; border: 1px solid rgba(150&comma;150&comma;150&comma;0.3); border-radius: 8px;' src='https:\/\/ftp3.syscom.mx\/usuarios\/luis.vargas\/ATEN\/VS184B\/Logo-Aten.jpg' alt='Logo ATEN'> <\/div>\n<p> <!-- Contenido principal con imagen y texto --> <\/p>\n<div style='display: flex; flex-wrap: wrap; gap: 30px; margin: 30px 0;'>\n<div style='flex: 1 1 300px; min-width: 280px;'> <img style='width: 100%; height: auto; border: 1px solid rgba(150&comma;150&comma;150&comma;0.3); border-radius: 8px;' src='https:\/\/ftp3.syscom.mx\/usuarios\/luis.vargas\/ATEN\/US3344I\/Diagrama%20US3344I.png' alt='Diagrama US3344I'> <\/div>\n<div style='flex: 1 1 300px; min-width: 280px;'>\n<div style='font-size: 22px; margin-bottom: 20px; color: inherit; opacity: 0.8; font-weight: bold; border-bottom: 2px solid currentColor; padding-bottom: 5px;'>Conmutador concentrador industrial<\/div>\n<p style='font-size: 15px; margin-bottom: 15px; color: inherit;'>Switch de perif\u00e9ricos industrial USB 3.2 (1.\u00aa gen.) de 4 puertos que permite a cuatro ordenadores compartir y utilizar dispositivos USB 3.2 de primera generaci\u00f3n como el teclado&comma; el rat\u00f3n y otros dispositivos perif\u00e9ricos. Los usuarios pueden conmutar el foco a un ordenador determinado de forma manual mediante el pulsador del switch&comma; o hacer que el foco conmute de forma autom\u00e1tica en funci\u00f3n de los ordenadores conectados y detectados.<\/p>\n<p style='font-size: 15px; margin-bottom: 15px; color: inherit;'>Elimine los costos de instalaci\u00f3n de sistemas y equipos redundantes (y complejos) para cada ordenador. Tanto el chasis como el dise\u00f1o para montaje en rack hacen que este switch sea ideal para todo tipo de entornos industriales. Para mayor comodidad&comma; cuenta con un puerto de control remoto externo que puede simplificar la disposici\u00f3n del cableado. Permite una instalaci\u00f3n limpia y ordenada. Por otro lado&comma; se incluyen cables USB con el fin de ahorrar el coste adicional que supone su adquisici\u00f3n.<\/p>\n<\/p><\/div>\n<\/p><\/div>\n<p> <!-- Secci\u00f3n de caracter\u00edsticas --> <\/p>\n<div style='display: flex; flex-wrap: wrap; gap: 30px; margin: 30px 0;'>\n<div style='flex: 1 1 300px; min-width: 280px;'>\n<h3 style='font-size: 22px; border-bottom: 2px solid currentColor; padding-bottom: 5px; margin-top: 0; color: inherit; opacity: 0.8;'>Caracter\u00edsticas generales<\/h3>\n<ul style='padding-left: 20px; font-size: 15px; color: inherit;'>\n<li style='margin-bottom: 5px;'><strong>Conexiones PC:<\/strong> 4<\/li>\n<li style='margin-bottom: 5px;'><strong>Conectores:<\/strong><\/li>\n<ul style='padding-left: 30px; margin-top: 5px; margin-bottom: 15px; color: inherit;'>\n<li style='margin-bottom: 5px;'>PC: 4x USB Tipo B hembra (Azul)<\/li>\n<li style='margin-bottom: 5px;'>Dispositivo: 4x USB Tipo A hembra (Azul)<\/li>\n<li style='margin-bottom: 5px;'>Serie 1x conector de terminal de 5 contactos (verde)<\/li>\n<li style='margin-bottom: 5px;'>Alimentaci\u00f3n: 1 x conector de terminal de 9-24 V de 2 contactos (Verde)<\/li>\n<li style='margin-bottom: 5px;'>Alimentaci\u00f3n (opcional): 1 x Conector CC de 12 V hembra (Negro)<\/li>\n<\/ul>\n<li style='margin-bottom: 5px;'><strong>Selecci\u00f3n de puerto:<\/strong> Selector remoto de puerto\/Comando serie<\/li>\n<li style='margin-bottom: 5px;'><strong>LEDs:<\/strong><\/li>\n<ul style='padding-left: 30px; margin-top: 5px; margin-bottom: 15px; color: inherit;'>\n<li style='margin-bottom: 5px;'>Seleccionado: 4 (verde)<\/li>\n<li style='margin-bottom: 5px;'>Serie: RS422 (Naranja) RS485 (Verde)<\/li>\n<\/ul>\n<li style='margin-bottom: 5px;'><strong>Longitud del cable:<\/strong><\/li>\n<ul style='padding-left: 30px; margin-top: 5px; margin-bottom: 15px; color: inherit;'>\n<li style='margin-bottom: 5px;'>Cable USB: 2 x cables USB 3.1 Gen 1 de Tipo B a Tipo A de 1&comma;2 M&comma; 2 x cables USB 3.1 Gen 1 de Tipo B a Tipo A de 1&comma;8 M<\/li>\n<li style='margin-bottom: 5px;'>Selector remoto de puerto: 1&comma;8 m<\/li>\n<\/ul>\n<\/ul><\/div>\n<div style='flex: 1 1 300px; min-width: 280px;'>\n<h3 style='font-size: 22px; border-bottom: 2px solid currentColor; padding-bottom: 5px; margin-top: 0; color: inherit; opacity: 0.8;'>Especificaciones adicionales<\/h3>\n<ul style='padding-left: 20px; font-size: 15px; color: inherit;'>\n<li style='margin-bottom: 5px;'><strong>Condiciones medioambientales:<\/strong><\/li>\n<ul style='padding-left: 30px; margin-top: 5px; margin-bottom: 15px; color: inherit;'>\n<li style='margin-bottom: 5px;'>Temperatura de funcionamiento 0-50 \u00b0C<\/li>\n<li style='margin-bottom: 5px;'>Temperatura de almacenamiento -20 &#8211; 60\u00b0C<\/li>\n<li style='margin-bottom: 5px;'>Humedad HR del 0 &#8211; 80%&comma; sin condensaci\u00f3n<\/li>\n<\/ul>\n<li style='margin-bottom: 5px;'><strong>Propiedades f\u00edsicas:<\/strong><\/li>\n<ul style='padding-left: 30px; margin-top: 5px; margin-bottom: 15px; color: inherit;'>\n<li style='margin-bottom: 5px;'>Carcasa Met\u00e1lica<\/li>\n<li style='margin-bottom: 5px;'>Peso: 0.51 kg (1.12 libras)<\/li>\n<li style='margin-bottom: 5px;'>Dimensiones (LA x AN x AL): 20.00&#215;8.00&#215;2.50cm (7.87 x 3.15 x 0.98 pulgadas)<\/li>\n<\/ul>\n<\/ul><\/div>\n<\/p><\/div>\n<p> <!-- Contenido incluido en el paquete --> <\/p>\n<div style='margin: 30px 0; padding: 20px; border: 1px solid rgba(150&comma;150&comma;150&comma;0.3); border-radius: 8px; background-color: rgba(150&comma;150&comma;150&comma;0.05);'>\n<h3 style='font-size: 22px; border-bottom: 2px solid currentColor; padding-bottom: 5px; margin-top: 0; color: inherit; opacity: 0.8;'>Contenido del paquete<\/h3>\n<ul style='padding-left: 20px; font-size: 15px; color: inherit;'>\n<li style='margin-bottom: 5px;'>1x switch industrial con 4 x 4 puertos USB 3.2 Gen 1<\/li>\n<li style='margin-bottom: 5px;'>2x cables USB 3.2 Gen 1 de Tipo B a Tipo A de 1&comma;2 M<\/li>\n<li style='margin-bottom: 5px;'>2x cables USB 3.2 Gen 1 de Tipo B a Tipo A de 1&comma;8 M<\/li>\n<li style='margin-bottom: 5px;'>1x selector de puerto remoto<\/li>\n<li style='margin-bottom: 5px;'>1x kit de montaje<\/li>\n<li style='margin-bottom: 5px;'>1x juego de adaptadores de bloque de terminales (un RS-422\/RS-485 y un adaptador de bloque de terminales de CC)<\/li>\n<li style='margin-bottom: 5px;'>1x manual de instrucciones<\/li>\n<\/ul><\/div>\n<p> <!-- Imagen producto --> <\/p>\n<div style='width: 100%; text-align: center; margin: 30px 0;'> <img style='width: 70%; height: auto; max-width: 800px; border: 1px solid rgba(150&comma;150&comma;150&comma;0.3); border-radius: 8px;' src='https:\/\/ftp3.syscom.mx\/usuarios\/luis.vargas\/ATEN\/US3344I\/Imagen%201%20US3344I.png' alt='US3344I'> <\/div>\n<\/p><\/div>\n","protected":false},"excerpt":{"rendered":"<p>Conmutador concentrador industrial | 4 x 4 USB | 3.2 Gen 1<\/p>\n","protected":false},"featured_media":80707,"comment_status":"open","ping_status":"closed","template":"","meta":[],"product_brand":[],"product_cat":[2143],"product_tag":[2121,2120,2144],"class_list":{"0":"post-80708","1":"product","2":"type-product","3":"status-publish","4":"has-post-thumbnail","6":"product_cat-switches-de-video","7":"product_tag-aten","8":"product_tag-proav","9":"product_tag-switches-de-video","11":"first","12":"outofstock","13":"sale","14":"shipping-taxable","15":"purchasable","16":"product-type-simple"},"_links":{"self":[{"href":"https:\/\/soydeaqui.ddns.net\/pachuca\/index.php\/wp-json\/wp\/v2\/product\/80708","targetHints":{"allow":["GET"]}}],"collection":[{"href":"https:\/\/soydeaqui.ddns.net\/pachuca\/index.php\/wp-json\/wp\/v2\/product"}],"about":[{"href":"https:\/\/soydeaqui.ddns.net\/pachuca\/index.php\/wp-json\/wp\/v2\/types\/product"}],"replies":[{"embeddable":true,"href":"https:\/\/soydeaqui.ddns.net\/pachuca\/index.php\/wp-json\/wp\/v2\/comments?post=80708"}],"wp:featuredmedia":[{"embeddable":true,"href":"https:\/\/soydeaqui.ddns.net\/pachuca\/index.php\/wp-json\/wp\/v2\/media\/80707"}],"wp:attachment":[{"href":"https:\/\/soydeaqui.ddns.net\/pachuca\/index.php\/wp-json\/wp\/v2\/media?parent=80708"}],"wp:term":[{"taxonomy":"product_brand","embeddable":true,"href":"https:\/\/soydeaqui.ddns.net\/pachuca\/index.php\/wp-json\/wp\/v2\/product_brand?post=80708"},{"taxonomy":"product_cat","embeddable":true,"href":"https:\/\/soydeaqui.ddns.net\/pachuca\/index.php\/wp-json\/wp\/v2\/product_cat?post=80708"},{"taxonomy":"product_tag","embeddable":true,"href":"https:\/\/soydeaqui.ddns.net\/pachuca\/index.php\/wp-json\/wp\/v2\/product_tag?post=80708"}],"curies":[{"name":"wp","href":"https:\/\/api.w.org\/{rel}","templated":true}]}}