{"id":80662,"date":"2026-03-19T18:13:09","date_gmt":"2026-03-19T18:13:09","guid":{"rendered":"https:\/\/soydeaqui.ddns.net\/pachuca\/index.php\/producto\/switch-matricial-4x4-true-4k-4096x2160-384-x2160-a-60-hz-hdr-444-hdcp-2-2-diferentes-metodos-de-control-edid-expert\/"},"modified":"2026-03-19T18:13:14","modified_gmt":"2026-03-19T18:13:14","slug":"switch-matricial-4x4-true-4k-4096x2160-384-x2160-a-60-hz-hdr-444-hdcp-2-2-diferentes-metodos-de-control-edid-expert","status":"publish","type":"product","link":"https:\/\/soydeaqui.ddns.net\/pachuca\/index.php\/producto\/switch-matricial-4x4-true-4k-4096x2160-384-x2160-a-60-hz-hdr-444-hdcp-2-2-diferentes-metodos-de-control-edid-expert\/","title":{"rendered":"Switch Matricial |\u00a04&#215;4 | True 4K |  4096&#215;2160 \/ 384 x2160 a 60 Hz  | HDR 4:4:4 | HDCP 2.2 |\u00a0Diferentes M\u00e9todos de Control | EDID Expert\u2122"},"content":{"rendered":"<div style='width: 100%; max-width: 1200px; margin: 0 auto; font-family: sans-serif; line-height: 1.6; color: inherit; background-color: transparent;'> <!-- Imagen logo --> <\/p>\n<div style='width: 100%; text-align: center; margin: 20px 0;'> <img style='width: 40%; height: auto; border: 1px solid rgba(150&comma;150&comma;150&comma;0.3); border-radius: 8px;' src='https:\/\/ftp3.syscom.mx\/usuarios\/luis.vargas\/ATEN\/VS184B\/Logo-Aten.jpg' alt='Logo ATEN'> <\/div>\n<p> <!-- Secci\u00f3n principal con imagen y texto --> <\/p>\n<div style='display: flex; flex-wrap: wrap; gap: 30px; margin: 30px 0;'>\n<div style='flex: 1 1 300px; min-width: 280px;'> <img style='width: 100%; height: auto; border: 1px solid rgba(150&comma;150&comma;150&comma;0.3); border-radius: 8px;' src='https:\/\/ftp3.syscom.mx\/usuarios\/luis.vargas\/ATEN\/VM0404HB\/vm0404hb.gif' alt='Switch Matricial ATEN VM0404HB'> <\/div>\n<div style='flex: 2 1 400px; min-width: 300px;'>\n<h3 style='font-size: 22px; border-bottom: 2px solid currentColor; padding-bottom: 5px; margin-top: 0; color: inherit; opacity: 0.8;'>Switch Matricial<\/h3>\n<p style='font-size: 15px; color: inherit;'>El VM0404HB de ATEN es un switch de matriz HDMI 4K real que ofrece una manera sencilla y asequible de redireccionar cualquiera de las 4 fuentes de v\u00eddeo HDMI a alguna de las 4 pantallas HDMI. Con resoluciones de v\u00eddeo excelentes de hasta 4096 x 2160 a 60 Hz (4:4:4)&comma; el VM0404HB ofrece una redirecci\u00f3n de se\u00f1al s\u00f3lida y conmutaci\u00f3n de v\u00eddeo digital extremadamente r\u00e1pida&comma; lo que lo convierte en la soluci\u00f3n perfecta para aplicaciones en las que es necesaria la redirecci\u00f3n de se\u00f1ales digitales 4K reales&comma; tales como recintos para eventos&comma; aulas digitales&comma; auditorios&comma; grandes almacenes y otros entornos.<\/p>\n<\/p><\/div>\n<\/p><\/div>\n<p> <!-- Secci\u00f3n con imagen y texto --> <\/p>\n<div style='display: flex; flex-wrap: wrap; gap: 30px; margin: 30px 0;'>\n<div style='flex: 2 1 400px; min-width: 300px;'>\n<p style='font-size: 15px; color: inherit;'>El dise\u00f1o de la interfaz gr\u00e1fica de usuario intuitiva del VM0404HB permite a los usuarios configurar de forma flexible las conexiones de entrada a salida&comma; lo que elimina la necesidad de realizar cambios frecuentes en la configuraci\u00f3n f\u00edsica. Adem\u00e1s de la interfaz gr\u00e1fica de usuario web integrada&comma; el VM0404HB puede utilizarse con los pulsadores del panel delantero&comma; un mando a distancia por infrarrojos&comma; control RS-232 y Telnet a trav\u00e9s de conexiones Ethernet&comma; lo que ofrece a los usuarios la m\u00e1xima comodidad mientras mantenga el sistema disponible con la capacidad de conmutaci\u00f3n de v\u00eddeo de calidad en cualquier momento.<\/p>\n<\/p><\/div>\n<div style='flex: 1 1 300px; min-width: 280px;'> <img style='width: 100%; height: auto; border: 1px solid rgba(150&comma;150&comma;150&comma;0.3); border-radius: 8px;' src='https:\/\/ftp3.syscom.mx\/usuarios\/luis.vargas\/ATEN\/VM0404HB\/VM0404HB-1.png' alt='Vista frontal del VM0404HB'> <\/div>\n<\/p><\/div>\n<p> <!-- Secci\u00f3n de caracter\u00edsticas --> <\/p>\n<div style='display: flex; flex-wrap: wrap; gap: 30px; margin: 30px 0;'>\n<div style='flex: 1 1 300px; min-width: 280px;'>\n<h3 style='font-size: 22px; border-bottom: 2px solid currentColor; padding-bottom: 5px; margin-top: 0; color: inherit; opacity: 0.8;'>Caracter\u00edsticas generales<\/h3>\n<ul style='padding-left: 20px; font-size: 14px; color: inherit;'>\n<li style='margin-bottom: 5px;'><strong>Entrada de video:<\/strong><\/li>\n<ul style='padding-left: 25px; margin-top: 5px; margin-bottom: 15px;'>\n<li style='margin-bottom: 5px;'>Interfaces: 4 x HDMI Tipo A hembra (Negro)<\/li>\n<li style='margin-bottom: 5px;'>Impedancia: 100 \u03a9<\/li>\n<li style='margin-bottom: 5px;'>Distancia m\u00e1xima: 5.0 m \/ 4K a 60 Hz (4:4:4)<\/li>\n<\/ul>\n<li style='margin-bottom: 5px;'><strong>Salida de video:<\/strong><\/li>\n<ul style='padding-left: 25px; margin-top: 5px; margin-bottom: 15px;'>\n<li style='margin-bottom: 5px;'>Interfaces: 4 x HDMI Tipo A hembra (Negro)<\/li>\n<li style='margin-bottom: 5px;'>Distancia m\u00e1xima: 5m \/ 4K a 60 Hz (4:4:4)&comma; 15 m \/ 1920 x 1200<\/li>\n<li style='margin-bottom: 5px;'>Impedancia: 100 \u03a9<\/li>\n<\/ul>\n<li style='margin-bottom: 5px;'><strong>Video:<\/strong><\/li>\n<ul style='padding-left: 25px; margin-top: 5px; margin-bottom: 15px;'>\n<li style='margin-bottom: 5px;'>Reloj de p\u00edxeles m\u00e1ximo: 600 MHz<\/li>\n<li style='margin-bottom: 5px;'>Resoluci\u00f3n m\u00e1xima: Hasta 4096 x 2160 \/ 3840 x 2160 a 60 Hz (4:4:4)<\/li>\n<li style='margin-bottom: 5px;'>Tasa de datos m\u00e1xima: 18 Gbps (6 Gbps por carril)<\/li>\n<li style='margin-bottom: 5px;'>Normativa: HDMI (3D&comma; 4K&comma; color profundo) Compatible con HDCP 2.2 Control electr\u00f3nico de consumo (CEC)<\/li>\n<\/ul>\n<\/ul><\/div>\n<div style='flex: 1 1 300px; min-width: 280px;'>\n<ul style='padding-left: 20px; font-size: 14px; color: inherit;'>\n<li style='margin-bottom: 5px;'><strong>Control:<\/strong><\/li>\n<ul style='padding-left: 25px; margin-top: 5px; margin-bottom: 15px;'>\n<li style='margin-bottom: 5px;'>RS232:\n<ul style='padding-left: 15px; margin-top: 5px; margin-bottom: 5px;'>\n<li style='margin-bottom: 5px;'>Conector: 1 x DB-9 hembra (Negro)<\/li>\n<li style='margin-bottom: 5px;'>Velocidad en baudios y protocolo:<\/li>\n<li style='margin-bottom: 5px;'>Velocidad en baudios: 19200&comma; Bits de datos: 8&comma; Bits de parada: 1&comma; Paridad: No&comma; Control de flujo: No<\/li>\n<\/ul>\n<\/li>\n<li style='margin-bottom: 5px;'>Infrarrojos: 1x Miniconector est\u00e9reo hembra<\/li>\n<li style='margin-bottom: 5px;'>Ethernet: 1x RJ45<\/li>\n<\/ul>\n<li style='margin-bottom: 5px;'><strong>Configuraci\u00f3n EDID:<\/strong><\/li>\n<ul style='padding-left: 25px; margin-top: 5px; margin-bottom: 15px;'>\n<li style='margin-bottom: 5px;'>Modo EDID: Predeterminado \/ Puerto 1 \/ Remix \/ Personalizado (compatibilidad con Asistente EDID)<\/li>\n<\/ul>\n<li style='margin-bottom: 5px;'><strong>Condiciones medioambientales:<\/strong><\/li>\n<ul style='padding-left: 25px; margin-top: 5px; margin-bottom: 15px;'>\n<li style='margin-bottom: 5px;'>Temperatura de funcionamiento: 0 &#8211; 40 \u00b0C<\/li>\n<li style='margin-bottom: 5px;'>Humedad: HR del 0 &#8211; 80%&comma; sin condensaci\u00f3n<\/li>\n<li style='margin-bottom: 5px;'>Temperatura de almacenamiento: -20 &#8211; 60 \u00b0C<\/li>\n<\/ul>\n<\/ul><\/div>\n<div style='flex: 1 1 300px; min-width: 280px;'>\n<ul style='padding-left: 20px; font-size: 14px; color: inherit;'>\n<li style='margin-bottom: 5px;'><strong>Propiedades F\u00edsicas:<\/strong><\/li>\n<ul style='padding-left: 25px; margin-top: 5px; margin-bottom: 15px;'>\n<li style='margin-bottom: 5px;'>Peso: 2.47 kg (5.44 libras)<\/li>\n<li style='margin-bottom: 5px;'>Carcasa Met\u00e1lica<\/li>\n<li style='margin-bottom: 5px;'>Dimensiones (LA x AN x AL) 43.72 x 15.28 x 4.40 cm (17.21 x 6.02 x 1.73 pulgadas)<\/li>\n<\/ul>\n<li style='margin-bottom: 5px;'><strong>Consumo de energ\u00eda:<\/strong><\/li>\n<ul style='padding-left: 25px; margin-top: 5px; margin-bottom: 15px;'>\n<li style='margin-bottom: 5px;'>AC110: 17&comma;8 W: 83 BTU<\/li>\n<li style='margin-bottom: 5px;'>AC220: 17&comma;6W: 83BTU<\/li>\n<\/ul>\n<li style='margin-bottom: 5px;'><strong>Alimentaci\u00f3n:<\/strong><\/li>\n<ul style='padding-left: 25px; margin-top: 5px; margin-bottom: 15px;'>\n<li style='margin-bottom: 5px;'>Valores nominales de alimentaci\u00f3n de entrada 100 &#8211; 240 VCA; 50 &#8211; 60 Hz; 1&comma;0 A<\/li>\n<\/ul>\n<\/ul><\/div>\n<\/p><\/div>\n<p> <!-- Secci\u00f3n de contenido adicional --> <\/p>\n<div style='margin: 30px 0;'>\n<p style='font-size: 14px; color: inherit;'>El equipo contiene: 1x Conmutador de matriz HDMI 4K real VM0404HB 4 x 4&comma; 1x cable de alimentaci\u00f3n&comma; 1x control remoto por infrarrojos&comma; 1x receptor de infrarrojos&comma; 1x kit de montaje en bastidor&comma; 1x manual de instrucciones<\/p>\n<\/p><\/div>\n<p> <!-- Imagen final --> <\/p>\n<div style='width: 100%; text-align: center; margin: 30px 0;'> <img style='width: 70%; height: auto; border: 1px solid rgba(150&comma;150&comma;150&comma;0.3); border-radius: 8px;' src='https:\/\/ftp3.syscom.mx\/usuarios\/luis.vargas\/ATEN\/VM0404HB\/VM0404HB-2.png' alt='Vista posterior del VM0404HB'> <\/div>\n<\/p><\/div>\n","protected":false},"excerpt":{"rendered":"<p>Switch Matricial |\u00a04&#215;4 | True 4K |  4096&#215;2160 \/ 384 x2160 a 60 Hz  | HDR 4:4:4 | HDCP 2.2 |\u00a0Diferentes M\u00e9todos de Control | EDID Expert\u2122<\/p>\n","protected":false},"featured_media":80661,"comment_status":"open","ping_status":"closed","template":"","meta":[],"product_brand":[],"product_cat":[2141],"product_tag":[2121,2142,2120],"class_list":{"0":"post-80662","1":"product","2":"type-product","3":"status-publish","4":"has-post-thumbnail","6":"product_cat-matriciales-de-video","7":"product_tag-aten","8":"product_tag-matriciales-de-video","9":"product_tag-proav","11":"first","12":"instock","13":"sale","14":"shipping-taxable","15":"purchasable","16":"product-type-simple"},"_links":{"self":[{"href":"https:\/\/soydeaqui.ddns.net\/pachuca\/index.php\/wp-json\/wp\/v2\/product\/80662","targetHints":{"allow":["GET"]}}],"collection":[{"href":"https:\/\/soydeaqui.ddns.net\/pachuca\/index.php\/wp-json\/wp\/v2\/product"}],"about":[{"href":"https:\/\/soydeaqui.ddns.net\/pachuca\/index.php\/wp-json\/wp\/v2\/types\/product"}],"replies":[{"embeddable":true,"href":"https:\/\/soydeaqui.ddns.net\/pachuca\/index.php\/wp-json\/wp\/v2\/comments?post=80662"}],"wp:featuredmedia":[{"embeddable":true,"href":"https:\/\/soydeaqui.ddns.net\/pachuca\/index.php\/wp-json\/wp\/v2\/media\/80661"}],"wp:attachment":[{"href":"https:\/\/soydeaqui.ddns.net\/pachuca\/index.php\/wp-json\/wp\/v2\/media?parent=80662"}],"wp:term":[{"taxonomy":"product_brand","embeddable":true,"href":"https:\/\/soydeaqui.ddns.net\/pachuca\/index.php\/wp-json\/wp\/v2\/product_brand?post=80662"},{"taxonomy":"product_cat","embeddable":true,"href":"https:\/\/soydeaqui.ddns.net\/pachuca\/index.php\/wp-json\/wp\/v2\/product_cat?post=80662"},{"taxonomy":"product_tag","embeddable":true,"href":"https:\/\/soydeaqui.ddns.net\/pachuca\/index.php\/wp-json\/wp\/v2\/product_tag?post=80662"}],"curies":[{"name":"wp","href":"https:\/\/api.w.org\/{rel}","templated":true}]}}