{"id":80645,"date":"2026-03-19T18:12:27","date_gmt":"2026-03-19T18:12:27","guid":{"rendered":"https:\/\/soydeaqui.ddns.net\/pachuca\/index.php\/producto\/matriz-de-conmutacion-hdmi-16-entradas-x-16-salidas-solucion-modular-multiples-metodos-de-control\/"},"modified":"2026-03-19T18:12:40","modified_gmt":"2026-03-19T18:12:40","slug":"matriz-de-conmutacion-hdmi-16-entradas-x-16-salidas-solucion-modular-multiples-metodos-de-control","status":"publish","type":"product","link":"https:\/\/soydeaqui.ddns.net\/pachuca\/index.php\/producto\/matriz-de-conmutacion-hdmi-16-entradas-x-16-salidas-solucion-modular-multiples-metodos-de-control\/","title":{"rendered":"Matriz de Conmutaci\u00f3n HDMI | 16 Entradas x 16 Salidas | Soluci\u00f3n Modular\u00a0| M\u00faltiples M\u00e9todos de Control"},"content":{"rendered":"<div style='width: 100%; max-width: 1200px; margin: 0 auto; font-family: sans-serif; line-height: 1.6; color: inherit; background-color: transparent;'> <!-- Imagen 1 --> <\/p>\n<p><img style='width: 100%; height: auto; border: 1px solid rgba(150&comma;150&comma;150&comma;0.3); border-radius: 8px;' src='https:\/\/ftp3.syscom.mx\/usuarios\/luis.vargas\/ATEN\/ATEN.jpg' alt=''><\/p>\n<p> <!-- Imagen 2 y texto --> <\/p>\n<div style='display: flex; flex-wrap: wrap; gap: 30px; margin: 30px 0;'>\n<div style='flex: 1 1 300px; min-width: 280px;'> <img style='width: 100%; height: auto; border: 1px solid rgba(150&comma;150&comma;150&comma;0.3); border-radius: 8px;' src='https:\/\/ftp3.syscom.mx\/usuarios\/luis.vargas\/ATEN\/VM1600A\/VM1600A-1.png' alt=''> <\/div>\n<div style='flex: 1 1 300px; min-width: 280px;'>\n<h3 style='font-size: 22px; border-bottom: 2px solid currentColor; padding-bottom: 5px; margin-top: 0; color: inherit; opacity: 0.8;'>Matricial Modular 16&#215;16<\/h3>\n<p style='font-size: 15px; color: inherit;'>La serie de soluciones de matriz modular de ATEN&comma; como el switch VM1600A\/VM3200&comma; permite gestionar hasta 16\/32 fuentes y pantallas de v\u00eddeo simult\u00e1neamente en un \u00fanico chasis. Destacando la tecnolog\u00eda Seamless Switch\u2122&comma; ofrece conmutaci\u00f3n de v\u00eddeo progresiva y un escalador \u00fanico para integrarse con sistemas de pared de v\u00eddeo. Ideal para aplicaciones a gran escala&comma; como emisoras y salas de control&comma; la soluci\u00f3n es f\u00e1cilmente ampliable y facilita la redirecci\u00f3n de se\u00f1ales de A\/V personalizables de alta velocidad. Con un dise\u00f1o c\u00f3modo e intuitivo&comma; la interfaz gr\u00e1fica de usuario premiada con el Red Dot permite un control y distribuci\u00f3n audiovisual de alta calidad desde cualquier lugar a trav\u00e9s de la red o Internet.<\/p>\n<\/p><\/div>\n<\/p><\/div>\n<p> <!-- Especificaciones t\u00e9cnicas --> <\/p>\n<div style='display: flex; flex-wrap: wrap; gap: 20px; margin-bottom: 30px;'>\n<div style='flex: 1 1 250px; border: 1px solid rgba(150&comma; 150&comma; 150&comma; 0.4); border-radius: 8px; overflow: hidden; display: flex; flex-direction: column;'>\n<div style='padding: 15px; border-bottom: 1px solid rgba(150&comma; 150&comma; 150&comma; 0.2); font-weight: bold; font-size: 18px; color: inherit;'>Entrada de la tarjeta<\/div>\n<div style='padding: 15px; color: inherit;'>\n<ul style='padding-left: 20px; margin: 0; font-size: 14px; list-style-type: disc;'>\n<li style='margin-bottom: 5px;'>4x Ranuras<\/li>\n<\/ul><\/div>\n<\/p><\/div>\n<div style='flex: 1 1 250px; border: 1px solid rgba(150&comma; 150&comma; 150&comma; 0.4); border-radius: 8px; overflow: hidden; display: flex; flex-direction: column;'>\n<div style='padding: 15px; border-bottom: 1px solid rgba(150&comma; 150&comma; 150&comma; 0.2); font-weight: bold; font-size: 18px; color: inherit;'>Salida de la tarjeta<\/div>\n<div style='padding: 15px; color: inherit;'>\n<ul style='padding-left: 20px; margin: 0; font-size: 14px; list-style-type: disc;'>\n<li style='margin-bottom: 5px;'>4x Ranuras<\/li>\n<\/ul><\/div>\n<\/p><\/div>\n<div style='flex: 1 1 250px; border: 1px solid rgba(150&comma; 150&comma; 150&comma; 0.4); border-radius: 8px; overflow: hidden; display: flex; flex-direction: column;'>\n<div style='padding: 15px; border-bottom: 1px solid rgba(150&comma; 150&comma; 150&comma; 0.2); font-weight: bold; font-size: 18px; color: inherit;'>Entrada de video<\/div>\n<div style='padding: 15px; color: inherit;'>\n<ul style='padding-left: 20px; margin: 0; font-size: 14px; list-style-type: disc;'>\n<li style='margin-bottom: 5px;'><strong>Interfaces:<\/strong> Depende de qu\u00e9 tarjeta de E\/S se inserta<\/li>\n<li style='margin-bottom: 5px;'><strong>Tasa de datos m\u00e1xima:<\/strong> 15&comma;2 Gbps (3&comma;8 Gbps por carril)<\/li>\n<\/ul><\/div>\n<\/p><\/div>\n<div style='flex: 1 1 250px; border: 1px solid rgba(150&comma; 150&comma; 150&comma; 0.4); border-radius: 8px; overflow: hidden; display: flex; flex-direction: column;'>\n<div style='padding: 15px; border-bottom: 1px solid rgba(150&comma; 150&comma; 150&comma; 0.2); font-weight: bold; font-size: 18px; color: inherit;'>Audio<\/div>\n<div style='padding: 15px; color: inherit;'>\n<ul style='padding-left: 20px; margin: 0; font-size: 14px; list-style-type: disc;'>\n<li style='margin-bottom: 5px;'><strong>Entrada:<\/strong> Depende en qu\u00e9 tarjeta de entrada se inserta<\/li>\n<li style='margin-bottom: 5px;'><strong>Salida:<\/strong> Depende en qu\u00e9 tarjeta de salida se inserta<\/li>\n<\/ul><\/div>\n<\/p><\/div>\n<div style='flex: 1 1 250px; border: 1px solid rgba(150&comma; 150&comma; 150&comma; 0.4); border-radius: 8px; overflow: hidden; display: flex; flex-direction: column;'>\n<div style='padding: 15px; border-bottom: 1px solid rgba(150&comma; 150&comma; 150&comma; 0.2); font-weight: bold; font-size: 18px; color: inherit;'>Control<\/div>\n<div style='padding: 15px; color: inherit;'>\n<ul style='padding-left: 20px; margin: 0; font-size: 14px; list-style-type: disc;'>\n<li style='margin-bottom: 5px;'><strong>Conector RS-232:<\/strong>\n<ul style='padding-left: 20px; margin: 0; font-size: 14px; list-style-type: disc;'>\n<li style='margin-bottom: 5px;'>1 x DB-9 hembra (Negro)<\/li>\n<li style='margin-bottom: 5px;'>Configuraciones de los contactos del control serie:<\/li>\n<li style='margin-bottom: 5px;'>Contacto 2 = Tx&comma; Contacto 3 = Rx&comma; Contacto 5 = Tierra<\/li>\n<li style='margin-bottom: 5px;'>Velocidad en baudios y protocolo:<\/li>\n<li style='margin-bottom: 5px;'>Velocidad en baudios: 19200&comma; Bits de datos: 8&comma; Bits de parada: 1&comma; Paridad: No&comma; Control de flujo: No<\/li>\n<\/ul>\n<\/li>\n<li style='margin-bottom: 5px;'><strong>RS-485\/RS-422:<\/strong> 1 x Conector con tornillo cautivo&comma; 5 tramos<\/li>\n<li style='margin-bottom: 5px;'><strong>Ethernet:<\/strong> 1 x RJ-45 hembra<\/li>\n<\/ul><\/div>\n<\/p><\/div>\n<div style='flex: 1 1 250px; border: 1px solid rgba(150&comma; 150&comma; 150&comma; 0.4); border-radius: 8px; overflow: hidden; display: flex; flex-direction: column;'>\n<div style='padding: 15px; border-bottom: 1px solid rgba(150&comma; 150&comma; 150&comma; 0.2); font-weight: bold; font-size: 18px; color: inherit;'>Configuraci\u00f3n EDID<\/div>\n<div style='padding: 15px; color: inherit;'>\n<ul style='padding-left: 20px; margin: 0; font-size: 14px; list-style-type: disc;'>\n<li style='margin-bottom: 5px;'>Modo EDID: Predeterminado \/ Puerto 1 \/ Remix \/ Personalizado (compatibilidad con Asistente EDID)<\/li>\n<\/ul><\/div>\n<\/p><\/div>\n<div style='flex: 1 1 250px; border: 1px solid rgba(150&comma; 150&comma; 150&comma; 0.4); border-radius: 8px; overflow: hidden; display: flex; flex-direction: column;'>\n<div style='padding: 15px; border-bottom: 1px solid rgba(150&comma; 150&comma; 150&comma; 0.2); font-weight: bold; font-size: 18px; color: inherit;'>Alimentaci\u00f3n<\/div>\n<div style='padding: 15px; color: inherit;'>\n<ul style='padding-left: 20px; margin: 0; font-size: 14px; list-style-type: disc;'>\n<li style='margin-bottom: 5px;'>Valores nominales: 100-240 VCA; 50\/60 Hz; 3\/6A<\/li>\n<\/ul><\/div>\n<\/p><\/div>\n<div style='flex: 1 1 250px; border: 1px solid rgba(150&comma; 150&comma; 150&comma; 0.4); border-radius: 8px; overflow: hidden; display: flex; flex-direction: column;'>\n<div style='padding: 15px; border-bottom: 1px solid rgba(150&comma; 150&comma; 150&comma; 0.2); font-weight: bold; font-size: 18px; color: inherit;'>Ventilador<\/div>\n<div style='padding: 15px; color: inherit;'>\n<ul style='padding-left: 20px; margin: 0; font-size: 14px; list-style-type: disc;'>\n<li style='margin-bottom: 5px;'>Flujo de aire: 55.2 cfm<\/li>\n<li style='margin-bottom: 5px;'>Voltaje de funcionamiento: 10.2 &#8211; 12 VCC<\/li>\n<li style='margin-bottom: 5px;'>Temperatura de funcionamiento: -10 &#8211; 60\u00b0C<\/li>\n<\/ul><\/div>\n<\/p><\/div>\n<div style='flex: 1 1 250px; border: 1px solid rgba(150&comma; 150&comma; 150&comma; 0.4); border-radius: 8px; overflow: hidden; display: flex; flex-direction: column;'>\n<div style='padding: 15px; border-bottom: 1px solid rgba(150&comma; 150&comma; 150&comma; 0.2); font-weight: bold; font-size: 18px; color: inherit;'>Condiciones medioambientales<\/div>\n<div style='padding: 15px; color: inherit;'>\n<ul style='padding-left: 20px; margin: 0; font-size: 14px; list-style-type: disc;'>\n<li style='margin-bottom: 5px;'>Temperatura de funcionamiento 0 &#8211; 40 \u00b0C<\/li>\n<li style='margin-bottom: 5px;'>Temperatura de almacenamiento -20 &#8211; 60 \u00b0C<\/li>\n<li style='margin-bottom: 5px;'>Humedad HR del 0 &#8211; 80%&comma; sin condensaci\u00f3n<\/li>\n<\/ul><\/div>\n<\/p><\/div>\n<div style='flex: 1 1 250px; border: 1px solid rgba(150&comma; 150&comma; 150&comma; 0.4); border-radius: 8px; overflow: hidden; display: flex; flex-direction: column;'>\n<div style='padding: 15px; border-bottom: 1px solid rgba(150&comma; 150&comma; 150&comma; 0.2); font-weight: bold; font-size: 18px; color: inherit;'>Propiedades f\u00edsicas<\/div>\n<div style='padding: 15px; color: inherit;'>\n<ul style='padding-left: 20px; margin: 0; font-size: 14px; list-style-type: disc;'>\n<li style='margin-bottom: 5px;'>Carcasa Met\u00e1lica<\/li>\n<li style='margin-bottom: 5px;'>Peso 15.11 kg (33.28 libras)<\/li>\n<li style='margin-bottom: 5px;'>Dimensiones (LA x AN x AL) 48.20 x 46.66 x 26.59 cm (18.98 x 18.37 x 10.47 in)<\/li>\n<li style='margin-bottom: 5px;'>Altura de bastidor (espacios U) 6U<\/li>\n<\/ul><\/div>\n<\/p><\/div>\n<div style='flex: 1 1 250px; border: 1px solid rgba(150&comma; 150&comma; 150&comma; 0.4); border-radius: 8px; overflow: hidden; display: flex; flex-direction: column;'>\n<div style='padding: 15px; border-bottom: 1px solid rgba(150&comma; 150&comma; 150&comma; 0.2); font-weight: bold; font-size: 18px; color: inherit;'>Consumo de energ\u00eda<\/div>\n<div style='padding: 15px; color: inherit;'>\n<ul style='padding-left: 20px; margin: 0; font-size: 14px; list-style-type: disc;'>\n<li style='margin-bottom: 5px;'>CA 110 V: 460 W: 166 BTU<\/li>\n<li style='margin-bottom: 5px;'>CA 220 V: 460 W: 156 BTU<\/li>\n<\/ul><\/div>\n<\/p><\/div>\n<div style='flex: 1 1 250px; border: 1px solid rgba(150&comma; 150&comma; 150&comma; 0.4); border-radius: 8px; overflow: hidden; display: flex; flex-direction: column;'>\n<div style='padding: 15px; border-bottom: 1px solid rgba(150&comma; 150&comma; 150&comma; 0.2); font-weight: bold; font-size: 18px; color: inherit;'>Contenido<\/div>\n<div style='padding: 15px; color: inherit;'>\n<ul style='padding-left: 20px; margin: 0; font-size: 14px; list-style-type: disc;'>\n<li style='margin-bottom: 5px;'>1x Conmutador de matriz modular VM1600A<\/li>\n<li style='margin-bottom: 5px;'>1x cable de alimentaci\u00f3n<\/li>\n<li style='margin-bottom: 5px;'>1x conector de bloque de terminales<\/li>\n<li style='margin-bottom: 5px;'>1x m\u00f3dulo de ventilador (conectable)<\/li>\n<li style='margin-bottom: 5px;'>1x m\u00f3dulo de alimentaci\u00f3n (conectable)<\/li>\n<li style='margin-bottom: 5px;'>1x manual de instrucciones<\/li>\n<\/ul><\/div>\n<\/p><\/div>\n<\/p><\/div>\n<p> <!-- Imagen 3 --> <\/p>\n<p><img style='width: 60%; height: auto; border: 1px solid rgba(150&comma;150&comma;150&comma;0.3); border-radius: 8px; margin-left: 20%;' src='https:\/\/ftp3.syscom.mx\/usuarios\/luis.vargas\/ATEN\/VM1600A\/VM1600A-2.png' alt=''><\/p>\n<p> <!-- Video --> <\/p>\n<div style='position: relative; padding-bottom: 56.25%; height: 0; overflow: hidden; margin-bottom: 30px;'>   <\/div>\n<p> <!-- Separador final --> <\/p>\n<hr style='border: 0; border-top: 1px solid rgba(150&comma; 150&comma; 150&comma; 0.3); margin: 30px 0;'> <\/div>\n","protected":false},"excerpt":{"rendered":"<p>Matriz de Conmutaci\u00f3n HDMI | 16 Entradas x 16 Salidas | Soluci\u00f3n Modular\u00a0| M\u00faltiples M\u00e9todos de Control<\/p>\n","protected":false},"featured_media":80644,"comment_status":"open","ping_status":"closed","template":"","meta":[],"product_brand":[],"product_cat":[2141],"product_tag":[2121,2142,2120],"class_list":{"0":"post-80645","1":"product","2":"type-product","3":"status-publish","4":"has-post-thumbnail","6":"product_cat-matriciales-de-video","7":"product_tag-aten","8":"product_tag-matriciales-de-video","9":"product_tag-proav","11":"first","12":"outofstock","13":"sale","14":"shipping-taxable","15":"purchasable","16":"product-type-simple"},"_links":{"self":[{"href":"https:\/\/soydeaqui.ddns.net\/pachuca\/index.php\/wp-json\/wp\/v2\/product\/80645","targetHints":{"allow":["GET"]}}],"collection":[{"href":"https:\/\/soydeaqui.ddns.net\/pachuca\/index.php\/wp-json\/wp\/v2\/product"}],"about":[{"href":"https:\/\/soydeaqui.ddns.net\/pachuca\/index.php\/wp-json\/wp\/v2\/types\/product"}],"replies":[{"embeddable":true,"href":"https:\/\/soydeaqui.ddns.net\/pachuca\/index.php\/wp-json\/wp\/v2\/comments?post=80645"}],"wp:featuredmedia":[{"embeddable":true,"href":"https:\/\/soydeaqui.ddns.net\/pachuca\/index.php\/wp-json\/wp\/v2\/media\/80644"}],"wp:attachment":[{"href":"https:\/\/soydeaqui.ddns.net\/pachuca\/index.php\/wp-json\/wp\/v2\/media?parent=80645"}],"wp:term":[{"taxonomy":"product_brand","embeddable":true,"href":"https:\/\/soydeaqui.ddns.net\/pachuca\/index.php\/wp-json\/wp\/v2\/product_brand?post=80645"},{"taxonomy":"product_cat","embeddable":true,"href":"https:\/\/soydeaqui.ddns.net\/pachuca\/index.php\/wp-json\/wp\/v2\/product_cat?post=80645"},{"taxonomy":"product_tag","embeddable":true,"href":"https:\/\/soydeaqui.ddns.net\/pachuca\/index.php\/wp-json\/wp\/v2\/product_tag?post=80645"}],"curies":[{"name":"wp","href":"https:\/\/api.w.org\/{rel}","templated":true}]}}