{"id":80637,"date":"2026-03-19T18:12:10","date_gmt":"2026-03-19T18:12:10","guid":{"rendered":"https:\/\/soydeaqui.ddns.net\/pachuca\/index.php\/producto\/matriz-hdmi-8x9-escalador-4k-hdcp-2-2-compatible-con-videowall-edid-expert\/"},"modified":"2026-03-19T18:12:16","modified_gmt":"2026-03-19T18:12:16","slug":"matriz-hdmi-8x9-escalador-4k-hdcp-2-2-compatible-con-videowall-edid-expert","status":"publish","type":"product","link":"https:\/\/soydeaqui.ddns.net\/pachuca\/index.php\/producto\/matriz-hdmi-8x9-escalador-4k-hdcp-2-2-compatible-con-videowall-edid-expert\/","title":{"rendered":"Matriz HDMI 8&#215;9 | Escalador 4K |\u00a0HDCP 2.2 | Compatible con VideoWall | EDID Expert"},"content":{"rendered":"<div style='width: 100%; max-width: 1200px; margin: 0 auto; font-family: sans-serif; line-height: 1.6; color: inherit; background-color: transparent;'> <!-- Logo ATEN --> <\/p>\n<div style='width: 100%; text-align: center; margin: 20px 0;'> <img style='width: 40%; height: auto; border: 1px solid rgba(150&comma;150&comma;150&comma;0.3); border-radius: 8px;' src='https:\/\/ftp3.syscom.mx\/usuarios\/luis.vargas\/ATEN\/VS184B\/Logo-Aten.jpg' alt='Logo ATEN'> <\/div>\n<p> <!-- Contenido principal --> <\/p>\n<div style='display: flex; flex-wrap: wrap; gap: 30px; margin-top: 30px;'>\n<div style='flex: 1 1 300px; min-width: 280px;'> <img style='width: 100%; height: auto; border: 1px solid rgba(150&comma;150&comma;150&comma;0.3); border-radius: 8px;' src='https:\/\/ftp3.syscom.mx\/usuarios\/luis.vargas\/ATEN\/VM6809H\/VM6809H-1.png' alt='Matriz HDMI VM6809H'> <\/div>\n<div style='flex: 1 1 300px; min-width: 280px;'>\n<h3 style='font-size: 22px; border-bottom: 2px solid currentColor; padding-bottom: 5px; margin-top: 0; color: inherit; opacity: 0.8;'>Matriz HDMI 8&#215;9 4K<\/h3>\n<p style='font-size: 15px; color: inherit; text-align: justify;'> El VM6809H de ATEN es un switch de matriz HDMI 4K que ofrece una calidad de imagen excepcional con ocho millones de p\u00edxeles&comma; cuatro veces m\u00e1s que Full HD. Es compatible con las principales resoluciones 4K&comma; admite 4K a 60 Hz&comma; HDMI 2.0 y HDCP 2.2&comma; y cuenta con un escalador de alto rendimiento. Adem\u00e1s&comma; permite la creaci\u00f3n de dise\u00f1os de pared de v\u00eddeo personalizables&comma; lo que lo hace ideal para aplicaciones que requieren m\u00faltiples pantallas HDMI y sincronizaci\u00f3n en tiempo real&comma; como presentaciones&comma; aulas digitales y salas de conferencias de v\u00eddeo. <\/p>\n<\/p><\/div>\n<\/p><\/div>\n<p> <!-- Caracter\u00edsticas generales --> <\/p>\n<div style='margin-top: 40px;'>\n<h3 style='font-size: 20px; border-bottom: 2px solid currentColor; padding-bottom: 5px; margin-top: 0; color: inherit; opacity: 0.8;'>Caracter\u00edsticas generales<\/h3>\n<div style='display: flex; flex-wrap: wrap; gap: 20px; margin-top: 20px;'> <!-- Columna 1 --> <\/p>\n<div style='flex: 1 1 300px; min-width: 280px;'>\n<div style='border: 1px solid rgba(150&comma; 150&comma; 150&comma; 0.4); border-radius: 8px; overflow: hidden; margin-bottom: 20px;'>\n<div style='padding: 15px; border-bottom: 1px solid rgba(150&comma; 150&comma; 150&comma; 0.2); font-weight: bold; font-size: 16px; color: inherit;'>Entrada de video<\/div>\n<div style='padding: 15px; color: inherit;'>\n<ul style='padding-left: 20px; margin: 0; font-size: 14px; list-style-type: disc;'>\n<li style='margin-bottom: 5px;'>Interfaces: 8 x HDMI Tipo A hembra (Negro)<\/li>\n<li style='margin-bottom: 5px;'>Impedancia: 100 \u03a9<\/li>\n<li style='margin-bottom: 5px;'>Distancia m\u00e1xima: 1.8 m<\/li>\n<\/ul><\/div>\n<\/p><\/div>\n<div style='border: 1px solid rgba(150&comma; 150&comma; 150&comma; 0.4); border-radius: 8px; overflow: hidden; margin-bottom: 20px;'>\n<div style='padding: 15px; border-bottom: 1px solid rgba(150&comma; 150&comma; 150&comma; 0.2); font-weight: bold; font-size: 16px; color: inherit;'>Salida de Video<\/div>\n<div style='padding: 15px; color: inherit;'>\n<ul style='padding-left: 20px; margin: 0; font-size: 14px; list-style-type: disc;'>\n<li style='margin-bottom: 5px;'>Interfaces: 9 x HDMI Tipo A hembra (Negro)<\/li>\n<li style='margin-bottom: 5px;'>Impedancia: 100 \u03a9<\/li>\n<li style='margin-bottom: 5px;'>Distancia m\u00e1xima: 15 m<\/li>\n<\/ul><\/div>\n<\/p><\/div>\n<div style='border: 1px solid rgba(150&comma; 150&comma; 150&comma; 0.4); border-radius: 8px; overflow: hidden; margin-bottom: 20px;'>\n<div style='padding: 15px; border-bottom: 1px solid rgba(150&comma; 150&comma; 150&comma; 0.2); font-weight: bold; font-size: 16px; color: inherit;'>Audio<\/div>\n<div style='padding: 15px; color: inherit;'>\n<ul style='padding-left: 20px; margin: 0; font-size: 14px; list-style-type: disc;'>\n<li style='margin-bottom: 5px;'>Salida: 1x Conector hembra miniest\u00e9reo (Verde)<\/li>\n<\/ul><\/div>\n<\/p><\/div>\n<\/p><\/div>\n<p> <!-- Columna 2 --> <\/p>\n<div style='flex: 1 1 300px; min-width: 280px;'>\n<div style='border: 1px solid rgba(150&comma; 150&comma; 150&comma; 0.4); border-radius: 8px; overflow: hidden; margin-bottom: 20px;'>\n<div style='padding: 15px; border-bottom: 1px solid rgba(150&comma; 150&comma; 150&comma; 0.2); font-weight: bold; font-size: 16px; color: inherit;'>Video<\/div>\n<div style='padding: 15px; color: inherit;'>\n<ul style='padding-left: 20px; margin: 0; font-size: 14px; list-style-type: disc;'>\n<li style='margin-bottom: 5px;'>Tasa de datos m\u00e1xima: 10&comma;2 Gbps (3&comma;40 Gbps por carril)<\/li>\n<li style='margin-bottom: 5px;'>Reloj de p\u00edxeles m\u00e1ximo: 340 MHz<\/li>\n<li style='margin-bottom: 5px;'>Normativa: HDMI (3D&comma; Color profundo&comma; 4K)<\/li>\n<li style='margin-bottom: 5px;'>Compatible con HDCP 2.2<\/li>\n<li style='margin-bottom: 5px;'>Control electr\u00f3nico de consumo (CEC)<\/li>\n<li style='margin-bottom: 5px;'>Resoluci\u00f3n m\u00e1xima:<\/li>\n<ul style='padding-left: 20px; margin: 0; font-size: 14px; list-style-type: disc;'>\n<li style='margin-bottom: 5px;'>Hasta 4096 x 2160 \/ 3840 x 2160 a 60 Hz (4:2:0)<\/li>\n<li style='margin-bottom: 5px;'>4096 x 2160 \/ 3840 x 2160 a 30 Hz (4:4:4)<\/li>\n<\/ul>\n<li style='margin-bottom: 5px;'>Distancia m\u00e1xima: Hasta 15 m<\/li>\n<\/ul><\/div>\n<\/p><\/div>\n<div style='border: 1px solid rgba(150&comma; 150&comma; 150&comma; 0.4); border-radius: 8px; overflow: hidden; margin-bottom: 20px;'>\n<div style='padding: 15px; border-bottom: 1px solid rgba(150&comma; 150&comma; 150&comma; 0.2); font-weight: bold; font-size: 16px; color: inherit;'>Control<\/div>\n<div style='padding: 15px; color: inherit;'>\n<ul style='padding-left: 20px; margin: 0; font-size: 14px; list-style-type: disc;'>\n<li style='margin-bottom: 5px;'>RS-232\n<ul style='padding-left: 20px; margin: 0; font-size: 14px; list-style-type: disc;'>\n<li style='margin-bottom: 5px;'>Conector: 1 x DB-9 hembra (Negro)<\/li>\n<li style='margin-bottom: 5px;'>Velocidad en baudios: 19200&comma; Bits de datos: 8&comma; Bits de parada: 1 Paridad: No<\/li>\n<li style='margin-bottom: 5px;'>Control de flujo: No<\/li>\n<\/ul>\n<\/li>\n<li style='margin-bottom: 5px;'>Ethernet 1 x RJ-45 hembra<\/li>\n<\/ul><\/div>\n<\/p><\/div>\n<\/p><\/div>\n<p> <!-- Columna 3 --> <\/p>\n<div style='flex: 1 1 300px; min-width: 280px;'>\n<div style='border: 1px solid rgba(150&comma; 150&comma; 150&comma; 0.4); border-radius: 8px; overflow: hidden; margin-bottom: 20px;'>\n<div style='padding: 15px; border-bottom: 1px solid rgba(150&comma; 150&comma; 150&comma; 0.2); font-weight: bold; font-size: 16px; color: inherit;'>Configuraci\u00f3n EDID<\/div>\n<div style='padding: 15px; color: inherit;'>\n<ul style='padding-left: 20px; margin: 0; font-size: 14px; list-style-type: disc;'>\n<li style='margin-bottom: 5px;'>Modo EDID: Predeterminado \/ Puerto 1 \/ Remix \/ Personalizado (compatibilidad con Asistente EDID)<\/li>\n<\/ul><\/div>\n<\/p><\/div>\n<div style='border: 1px solid rgba(150&comma; 150&comma; 150&comma; 0.4); border-radius: 8px; overflow: hidden; margin-bottom: 20px;'>\n<div style='padding: 15px; border-bottom: 1px solid rgba(150&comma; 150&comma; 150&comma; 0.2); font-weight: bold; font-size: 16px; color: inherit;'>Alimentaci\u00f3n<\/div>\n<div style='padding: 15px; color: inherit;'>\n<ul style='padding-left: 20px; margin: 0; font-size: 14px; list-style-type: disc;'>\n<li style='margin-bottom: 5px;'>1 x Toma de CA de 3 clavijas<\/li>\n<li style='margin-bottom: 5px;'>100-240 VCA; 50-60 Hz; 1&comma;0 A<\/li>\n<\/ul><\/div>\n<\/p><\/div>\n<div style='border: 1px solid rgba(150&comma; 150&comma; 150&comma; 0.4); border-radius: 8px; overflow: hidden; margin-bottom: 20px;'>\n<div style='padding: 15px; border-bottom: 1px solid rgba(150&comma; 150&comma; 150&comma; 0.2); font-weight: bold; font-size: 16px; color: inherit;'>Consumo de energ\u00eda<\/div>\n<div style='padding: 15px; color: inherit;'>\n<ul style='padding-left: 20px; margin: 0; font-size: 14px; list-style-type: disc;'>\n<li style='margin-bottom: 5px;'>CA 110 V: 79&comma;5 W: 373 BTU<\/li>\n<li style='margin-bottom: 5px;'>CA 220 V: 78&comma;1 W: 366 BTU<\/li>\n<\/ul><\/div>\n<\/p><\/div>\n<div style='border: 1px solid rgba(150&comma; 150&comma; 150&comma; 0.4); border-radius: 8px; overflow: hidden; margin-bottom: 20px;'>\n<div style='padding: 15px; border-bottom: 1px solid rgba(150&comma; 150&comma; 150&comma; 0.2); font-weight: bold; font-size: 16px; color: inherit;'>Condiciones ambientales<\/div>\n<div style='padding: 15px; color: inherit;'>\n<ul style='padding-left: 20px; margin: 0; font-size: 14px; list-style-type: disc;'>\n<li style='margin-bottom: 5px;'>Temperatura de funcionamiento: 0-50 \u00b0C<\/li>\n<li style='margin-bottom: 5px;'>Temperatura de almacenamiento: -20 &#8211; 60\u00b0C<\/li>\n<li style='margin-bottom: 5px;'>Humedad HR del 0 &#8211; 80%&comma; sin condensaci\u00f3n<\/li>\n<\/ul><\/div>\n<\/p><\/div>\n<div style='border: 1px solid rgba(150&comma; 150&comma; 150&comma; 0.4); border-radius: 8px; overflow: hidden; margin-bottom: 20px;'>\n<div style='padding: 15px; border-bottom: 1px solid rgba(150&comma; 150&comma; 150&comma; 0.2); font-weight: bold; font-size: 16px; color: inherit;'>Propiedades f\u00edsicas<\/div>\n<div style='padding: 15px; color: inherit;'>\n<ul style='padding-left: 20px; margin: 0; font-size: 14px; list-style-type: disc;'>\n<li style='margin-bottom: 5px;'>Carcasa: Met\u00e1lica<\/li>\n<li style='margin-bottom: 5px;'>Peso: 7&comma;05 kg (15&comma;53 libras)<\/li>\n<li style='margin-bottom: 5px;'>Dimensiones (LA x AN x AL): 43&comma;24 x 45&comma;03 x 4&comma;40 cm (17&comma;02 x 17&comma;73 x 1&comma;73 pulgadas)<\/li>\n<\/ul><\/div>\n<\/p><\/div>\n<\/p><\/div>\n<\/p><\/div>\n<\/p><\/div>\n<p> <!-- Contenido incluido --> <\/p>\n<div style='margin-top: 30px;'>\n<h3 style='font-size: 20px; border-bottom: 2px solid currentColor; padding-bottom: 5px; margin-top: 0; color: inherit; opacity: 0.8;'>Contenido del equipo<\/h3>\n<ul style='padding-left: 20px; font-size: 14px; color: inherit; margin-top: 15px;'>\n<li style='margin-bottom: 5px;'>1x switch de matriz HDMI 4K con escalador 8 x 9 VM6809H<\/li>\n<li style='margin-bottom: 5px;'>1x cable de alimentaci\u00f3n<\/li>\n<li style='margin-bottom: 5px;'>1x kit de montaje en bastidor<\/li>\n<li style='margin-bottom: 5px;'>1x manual de instrucciones<\/li>\n<\/ul><\/div>\n<p> <!-- Imagen secundaria --> <\/p>\n<div style='width: 100%; text-align: center; margin: 30px 0;'> <img style='width: 70%; height: auto; border: 1px solid rgba(150&comma;150&comma;150&comma;0.3); border-radius: 8px;' src='https:\/\/ftp3.syscom.mx\/usuarios\/luis.vargas\/ATEN\/VM6809H\/VM6809H-2.png' alt='Matriz HDMI VM6809H - Vista posterior'> <\/div>\n<p> <!-- Videos --> <\/p>\n<div style='margin-top: 40px;'>\n<h3 style='font-size: 20px; border-bottom: 2px solid currentColor; padding-bottom: 5px; margin-top: 0; color: inherit; opacity: 0.8;'>VIDEOS<\/h3>\n<div style='display: flex; flex-wrap: wrap; gap: 20px; margin-top: 20px;'>\n<div style='flex: 1 1 280px; min-width: 280px;'>\n<div style='position: relative; padding-bottom: 56.25%; height: 0; overflow: hidden;'>   <\/div>\n<\/p><\/div>\n<\/p><\/div>\n<\/p><\/div>\n<p> <!-- Separador final --> <\/p>\n<hr style='border: 0; border-top: 1px solid rgba(150&comma; 150&comma; 150&comma; 0.3); margin: 30px 0;'> <\/div>\n","protected":false},"excerpt":{"rendered":"<p>Matriz HDMI 8&#215;9 | Escalador 4K |\u00a0HDCP 2.2 | Compatible con VideoWall | EDID Expert<\/p>\n","protected":false},"featured_media":80636,"comment_status":"open","ping_status":"closed","template":"","meta":[],"product_brand":[],"product_cat":[2141],"product_tag":[2121,2142,2120],"class_list":{"0":"post-80637","1":"product","2":"type-product","3":"status-publish","4":"has-post-thumbnail","6":"product_cat-matriciales-de-video","7":"product_tag-aten","8":"product_tag-matriciales-de-video","9":"product_tag-proav","11":"first","12":"instock","13":"sale","14":"shipping-taxable","15":"purchasable","16":"product-type-simple"},"_links":{"self":[{"href":"https:\/\/soydeaqui.ddns.net\/pachuca\/index.php\/wp-json\/wp\/v2\/product\/80637","targetHints":{"allow":["GET"]}}],"collection":[{"href":"https:\/\/soydeaqui.ddns.net\/pachuca\/index.php\/wp-json\/wp\/v2\/product"}],"about":[{"href":"https:\/\/soydeaqui.ddns.net\/pachuca\/index.php\/wp-json\/wp\/v2\/types\/product"}],"replies":[{"embeddable":true,"href":"https:\/\/soydeaqui.ddns.net\/pachuca\/index.php\/wp-json\/wp\/v2\/comments?post=80637"}],"wp:featuredmedia":[{"embeddable":true,"href":"https:\/\/soydeaqui.ddns.net\/pachuca\/index.php\/wp-json\/wp\/v2\/media\/80636"}],"wp:attachment":[{"href":"https:\/\/soydeaqui.ddns.net\/pachuca\/index.php\/wp-json\/wp\/v2\/media?parent=80637"}],"wp:term":[{"taxonomy":"product_brand","embeddable":true,"href":"https:\/\/soydeaqui.ddns.net\/pachuca\/index.php\/wp-json\/wp\/v2\/product_brand?post=80637"},{"taxonomy":"product_cat","embeddable":true,"href":"https:\/\/soydeaqui.ddns.net\/pachuca\/index.php\/wp-json\/wp\/v2\/product_cat?post=80637"},{"taxonomy":"product_tag","embeddable":true,"href":"https:\/\/soydeaqui.ddns.net\/pachuca\/index.php\/wp-json\/wp\/v2\/product_tag?post=80637"}],"curies":[{"name":"wp","href":"https:\/\/api.w.org\/{rel}","templated":true}]}}