{"id":80613,"date":"2026-03-19T18:11:10","date_gmt":"2026-03-19T18:11:10","guid":{"rendered":"https:\/\/soydeaqui.ddns.net\/pachuca\/index.php\/producto\/conmutador-hdmi-4k-real-de-3-puertos\/"},"modified":"2026-03-19T18:11:16","modified_gmt":"2026-03-19T18:11:16","slug":"conmutador-hdmi-4k-real-de-3-puertos","status":"publish","type":"product","link":"https:\/\/soydeaqui.ddns.net\/pachuca\/index.php\/producto\/conmutador-hdmi-4k-real-de-3-puertos\/","title":{"rendered":"CONMUTADOR HDMI 4K REAL DE 3 PUERTOS"},"content":{"rendered":"<div style='width: 100%; max-width: 1200px; margin: 0 auto; font-family: sans-serif; line-height: 1.6; color: inherit; background-color: transparent;'> <!-- Imagen 1 --> <\/p>\n<div style='width: 100%; display: flex; justify-content: center; margin: 20px 0;'> <img style='width: 40%; height: auto; border: 1px solid rgba(150&comma;150&comma;150&comma;0.3); border-radius: 8px;' src='https:\/\/ftp3.syscom.mx\/usuarios\/luis.vargas\/ATEN\/VS184B\/Logo-Aten.jpg' alt='Logo ATEN'> <\/div>\n<p> <!-- Imagen 2 y texto --> <\/p>\n<div style='display: flex; flex-wrap: wrap; gap: 30px; margin: 30px 0;'>\n<div style='flex: 1 1 300px; min-width: 280px;'> <img style='width: 100%; height: auto; border: 1px solid rgba(150&comma;150&comma;150&comma;0.3); border-radius: 8px;' src='https:\/\/ftp3.syscom.mx\/usuarios\/luis.vargas\/ATEN\/VS381B\/Diagrama%20VS381B.png' alt='Diagrama VS381B'> <\/div>\n<div style='flex: 1 1 300px; min-width: 280px;'>\n<div style='font-size: 14pt; margin-bottom: 15px; color: inherit; opacity: 0.8;'> <strong>Matriz HDMI 8&#215;9 4K<\/strong> <\/div>\n<p style='font-size: 15px; color: inherit; text-align: justify;'> El switch HDMI True 4K de 3 puertos VS381B de ATEN con conmutaci\u00f3n autom\u00e1tica permite a los usuarios conmutar 3 fuentes de entrada HDMI a un monitor HDMI. Admite resoluciones de v\u00eddeo hasta 4K real (4096 x 2160 a 60 Hz 4:4:4)&comma; velocidades de datos de hasta 18 Gbps&comma; HDR&comma; 3D&comma; Color profundo y formatos de audio HD sin p\u00e9rdidas. Adem\u00e1s&comma; el VS381B ofrece m\u00e9todos de conmutaci\u00f3n entre fuentes HDMI mediante los pulsadores del panel frontal y el mando a distancia por infrarrojos&comma; lo que permite a los usuarios seleccionar f\u00e1cilmente la entrada deseada. <\/p>\n<\/p><\/div>\n<\/p><\/div>\n<p> <!-- Secci\u00f3n de caracter\u00edsticas --> <\/p>\n<div style='display: flex; flex-wrap: wrap; gap: 30px; margin: 30px 0;'>\n<div style='flex: 1 1 300px; min-width: 280px;'>\n<h3 style='font-size: 20px; border-bottom: 2px solid currentColor; padding-bottom: 5px; margin-top: 0; color: inherit; opacity: 0.8;'>Caracter\u00edsticas generales<\/h3>\n<ul style='padding-left: 20px; font-size: 14px; color: inherit;'>\n<li style='margin-bottom: 10px;'><strong>LED&#8217;s:<\/strong>\n<ul style='padding-left: 20px; margin-top: 5px;'>\n<li style='margin-bottom: 5px;'>Entrada: 3x entrada HDMI (Verde)<\/li>\n<li style='margin-bottom: 5px;'>Alimentaci\u00f3n: 1x indicador LED de alimentaci\u00f3n (Verde)<\/li>\n<\/ul>\n<\/li>\n<li style='margin-bottom: 10px;'><strong>Pulsadores:<\/strong>\n<ul style='padding-left: 20px; margin-top: 5px;'>\n<li style='margin-bottom: 5px;'>1x pulsador (selecci\u00f3n de entrada)<\/li>\n<\/ul>\n<\/li>\n<li style='margin-bottom: 10px;'><strong>Video Input:<\/strong>\n<ul style='padding-left: 20px; margin-top: 5px;'>\n<li style='margin-bottom: 5px;'>Interfaces: 3 x puertos HDMI Tipo A hembra (Negro)<\/li>\n<li style='margin-bottom: 5px;'>Impedancia: 100 \u03a9<\/li>\n<li style='margin-bottom: 5px;'>Distancia M\u00e1xima: M\u00e1x. 5 m a un m\u00e1ximo de 4096 x 2160 \/ 3840 x 2160 a 60 Hz (4:4:4)<\/li>\n<\/ul>\n<\/li>\n<li style='margin-bottom: 10px;'><strong>Video Output:<\/strong>\n<ul style='padding-left: 20px; margin-top: 5px;'>\n<li style='margin-bottom: 5px;'>Interfaces: 1 x puerto HDMI Tipo A hembra (Negro)<\/li>\n<li style='margin-bottom: 5px;'>Impedancia: 100 \u03a9<\/li>\n<li style='margin-bottom: 5px;'>Distancia M\u00e1xima: M\u00e1x. 5 m a un m\u00e1ximo de 4096 x 2160 \/ 3840 x 2160 a 60 Hz (4:4:4)<\/li>\n<\/ul>\n<\/li>\n<li style='margin-bottom: 10px;'><strong>Audio:<\/strong>\n<ul style='padding-left: 20px; margin-top: 5px;'>\n<li style='margin-bottom: 5px;'>Entrada: 3 x puertos HDMI Tipo A hembra (Negro)<\/li>\n<li style='margin-bottom: 5px;'>Salida: 1 x puertos HDMI Tipo A hembra (Negro)<\/li>\n<\/ul>\n<\/li>\n<\/ul><\/div>\n<div style='flex: 1 1 300px; min-width: 280px;'>\n<ul style='padding-left: 20px; font-size: 14px; color: inherit;'>\n<li style='margin-bottom: 10px;'><strong>Video:<\/strong>\n<ul style='padding-left: 20px; margin-top: 5px;'>\n<li style='margin-bottom: 5px;'>Tasa m\u00e1xima de datos: 18&comma;0 Gbps (6&comma;0 Gbps por carril)<\/li>\n<li style='margin-bottom: 5px;'>Max clock pixel: 600 MHz<\/li>\n<li style='margin-bottom: 5px;'>Normativa: HDMI 2.0 (3D&comma; Color profundo&comma; 4K&comma; HDR10&comma; Dolby Vision) HDCP 2.2<\/li>\n<li style='margin-bottom: 5px;'>Max. Resoluciones: Hasta 4096 x 2160 \/ 3840 x 2160 a 60 Hz (4:4:4)<\/li>\n<\/ul>\n<\/li>\n<li style='margin-bottom: 10px;'><strong>Conectores:<\/strong>\n<ul style='padding-left: 20px; margin-top: 5px;'>\n<li style='margin-bottom: 5px;'>Infrarrojos: 1x miniconector est\u00e9reo hembra (Negro) \/ Distancia m\u00e1x.@5m<\/li>\n<\/ul>\n<\/li>\n<li style='margin-bottom: 10px;'><strong>Consumo de energ\u00eda:<\/strong>\n<ul style='padding-left: 20px; margin-top: 5px;'>\n<li style='margin-bottom: 5px;'>Alimentaci\u00f3n:<\/li>\n<li style='margin-bottom: 5px;'>1 x conector CC<\/li>\n<li style='margin-bottom: 5px;'>Nota: ATEN recomienda especialmente el uso del cable USB a corriente continua (incluido) y de un adaptador de corriente de 5 V y 0&comma;5 A (autoalimentado) como fuente de alimentaci\u00f3n principal de la unidad. La alimentaci\u00f3n de la conexi\u00f3n HDMI puede ser insuficiente para que la unidad funcione a pleno rendimiento.<\/li>\n<li style='margin-bottom: 5px;'>Consumo de energ\u00eda: DC5V:1.46W:6BTU<\/li>\n<\/ul>\n<\/li>\n<li style='margin-bottom: 10px;'><strong>Condiciones ambientales:<\/strong>\n<ul style='padding-left: 20px; margin-top: 5px;'>\n<li style='margin-bottom: 5px;'>Temperatura de funcionamiento 0-40 \u00b0C<\/li>\n<li style='margin-bottom: 5px;'>Temperatura de almacenamiento -20 &#8211; 60\u00b0C<\/li>\n<li style='margin-bottom: 5px;'>Humedad HR del 0 &#8211; 80%&comma; sin condensaci\u00f3n<\/li>\n<\/ul>\n<\/li>\n<li style='margin-bottom: 10px;'><strong>Propiedades f\u00edsicas:<\/strong>\n<ul style='padding-left: 20px; margin-top: 5px;'>\n<li style='margin-bottom: 5px;'>Carcasa Met\u00e1lica<\/li>\n<li style='margin-bottom: 5px;'>Peso: 0.15 kg (0.33 libras)<\/li>\n<li style='margin-bottom: 5px;'>Dimensiones (LA x AN x AL): 7.16&#215;7.90&#215;2.55cm (2.82 x 3.11 x 1 pulgadas)<\/li>\n<\/ul>\n<\/li>\n<\/ul><\/div>\n<\/p><\/div>\n<p> <!-- Imagen 3 y 4 --> <\/p>\n<div style='display: flex; flex-wrap: wrap; gap: 20px; justify-content: center; margin: 30px 0;'>\n<div style='flex: 1 1 300px; min-width: 280px;'> <img style='width: 100%; height: auto; border: 1px solid rgba(150&comma;150&comma;150&comma;0.3); border-radius: 8px;' src='https:\/\/ftp3.syscom.mx\/usuarios\/luis.vargas\/ATEN\/VS381B\/Imagen%20VS381B.png' alt='Imagen VS381B'> <\/div>\n<div style='flex: 1 1 300px; min-width: 280px;'> <img style='width: 100%; height: auto; border: 1px solid rgba(150&comma;150&comma;150&comma;0.3); border-radius: 8px;' src='https:\/\/ftp3.syscom.mx\/usuarios\/luis.vargas\/ATEN\/VS381B\/Imagen%202%20VS381B.jpg' alt='Imagen 2 VS381B'> <\/div>\n<\/p><\/div>\n<p> <!-- Contenido incluido --> <\/p>\n<div style='margin: 30px 0; padding: 20px; border: 1px solid rgba(150&comma;150&comma;150&comma;0.3); border-radius: 8px; background-color: rgba(255&comma;255&comma;255&comma;0.02);'>\n<h3 style='font-size: 18px; margin-top: 0; color: inherit; opacity: 0.8;'>Contenido del empaque:<\/h3>\n<ul style='padding-left: 20px; font-size: 14px; color: inherit;'>\n<li style='margin-bottom: 5px;'>1x conmutador HDMI 4K real de 3 puertos VS381B<\/li>\n<li style='margin-bottom: 5px;'>1x cable de alimentaci\u00f3n de USB a CC<\/li>\n<li style='margin-bottom: 5px;'>1x mando a distancia por infrarrojos<\/li>\n<li style='margin-bottom: 5px;'>1x receptor de infrarrojos<\/li>\n<li style='margin-bottom: 5px;'>1x manual de instrucciones<\/li>\n<\/ul><\/div>\n<\/p><\/div>\n","protected":false},"excerpt":{"rendered":"<p>CONMUTADOR HDMI 4K REAL DE 3 PUERTOS<\/p>\n","protected":false},"featured_media":80612,"comment_status":"open","ping_status":"closed","template":"","meta":[],"product_brand":[],"product_cat":[2143],"product_tag":[2121,2120,2144],"class_list":{"0":"post-80613","1":"product","2":"type-product","3":"status-publish","4":"has-post-thumbnail","6":"product_cat-switches-de-video","7":"product_tag-aten","8":"product_tag-proav","9":"product_tag-switches-de-video","11":"first","12":"outofstock","13":"sale","14":"shipping-taxable","15":"purchasable","16":"product-type-simple"},"_links":{"self":[{"href":"https:\/\/soydeaqui.ddns.net\/pachuca\/index.php\/wp-json\/wp\/v2\/product\/80613","targetHints":{"allow":["GET"]}}],"collection":[{"href":"https:\/\/soydeaqui.ddns.net\/pachuca\/index.php\/wp-json\/wp\/v2\/product"}],"about":[{"href":"https:\/\/soydeaqui.ddns.net\/pachuca\/index.php\/wp-json\/wp\/v2\/types\/product"}],"replies":[{"embeddable":true,"href":"https:\/\/soydeaqui.ddns.net\/pachuca\/index.php\/wp-json\/wp\/v2\/comments?post=80613"}],"wp:featuredmedia":[{"embeddable":true,"href":"https:\/\/soydeaqui.ddns.net\/pachuca\/index.php\/wp-json\/wp\/v2\/media\/80612"}],"wp:attachment":[{"href":"https:\/\/soydeaqui.ddns.net\/pachuca\/index.php\/wp-json\/wp\/v2\/media?parent=80613"}],"wp:term":[{"taxonomy":"product_brand","embeddable":true,"href":"https:\/\/soydeaqui.ddns.net\/pachuca\/index.php\/wp-json\/wp\/v2\/product_brand?post=80613"},{"taxonomy":"product_cat","embeddable":true,"href":"https:\/\/soydeaqui.ddns.net\/pachuca\/index.php\/wp-json\/wp\/v2\/product_cat?post=80613"},{"taxonomy":"product_tag","embeddable":true,"href":"https:\/\/soydeaqui.ddns.net\/pachuca\/index.php\/wp-json\/wp\/v2\/product_tag?post=80613"}],"curies":[{"name":"wp","href":"https:\/\/api.w.org\/{rel}","templated":true}]}}