{"id":80609,"date":"2026-03-19T18:11:00","date_gmt":"2026-03-19T18:11:00","guid":{"rendered":"https:\/\/soydeaqui.ddns.net\/pachuca\/index.php\/producto\/switch-matricial-7x3-con-escalador-de-video-streaming-mezclador-de-audio-hdbaset-receptor-de-ir\/"},"modified":"2026-03-19T18:11:07","modified_gmt":"2026-03-19T18:11:07","slug":"switch-matricial-7x3-con-escalador-de-video-streaming-mezclador-de-audio-hdbaset-receptor-de-ir","status":"publish","type":"product","link":"https:\/\/soydeaqui.ddns.net\/pachuca\/index.php\/producto\/switch-matricial-7x3-con-escalador-de-video-streaming-mezclador-de-audio-hdbaset-receptor-de-ir\/","title":{"rendered":"SWITCH MATRICIAL 7X3 | CON ESCALADOR DE VIDEO | STREAMING | MEZCLADOR DE AUDIO | HDBaseT | Receptor de IR"},"content":{"rendered":"<div style='width: 100%; max-width: 1200px; margin: 0 auto; font-family: sans-serif; line-height: 1.6; color: inherit; background-color: transparent;'> <!-- Logo ATEN --> <\/p>\n<div style='width: 100%; text-align: center; margin: 30px 0;'> <img style='width: 40%; height: auto; border: 1px solid rgba(150&comma;150&comma;150&comma;0.3); border-radius: 8px;' src='https:\/\/ftp3.syscom.mx\/usuarios\/luis.vargas\/ATEN\/VS184B\/Logo-Aten.jpg' alt='Logo ATEN'> <\/div>\n<p> <!-- Diagrama y descripci\u00f3n --> <\/p>\n<div style='display: flex; flex-wrap: wrap; gap: 30px; margin-bottom: 30px;'>\n<div style='flex: 1 1 300px; min-width: 280px;'> <img style='width: 100%; height: auto; border: 1px solid rgba(150&comma;150&comma;150&comma;0.3); border-radius: 8px;' src='https:\/\/ftp3.syscom.mx\/usuarios\/luis.vargas\/ATEN\/VP2730\/Diagrama%20VP2730.gif' alt='Diagrama VP2730'> <\/div>\n<div style='flex: 1 1 300px; min-width: 280px; display: flex; flex-direction: column; justify-content: center;'>\n<h3 style='font-size: 22px; border-bottom: 2px solid currentColor; padding-bottom: 5px; margin-top: 0; color: inherit; opacity: 0.8;'>SWITCH 7X3<\/h3>\n<p style='font-size: 15px; color: inherit; text-align: justify;'> VP2730 es un completo conmutador de presentaci\u00f3n que integra un conmutador de matriz de v\u00eddeo con funciones de escalador&comma; transmisi\u00f3n&comma; mezclador de audio&comma; extensor HDBaseT y conversor de se\u00f1al anal\u00f3gica a digital en un dispositivo compacto. Con siete entradas multiformato para dos salidas de alta definici\u00f3n HDMI y una salida HDBaseT&comma; el VP2730 mejora las capacidades de las reuniones de mayor tama\u00f1o y facilita la colaboraci\u00f3n entre participantes locales y remotos en salas de reuniones&comma; videoconferencias&comma; aulas o clases de formaci\u00f3n a distancia. <\/p>\n<\/p><\/div>\n<\/p><\/div>\n<p> <!-- Secci\u00f3n de caracter\u00edsticas --> <\/p>\n<div style='display: flex; flex-wrap: wrap; gap: 20px; margin-bottom: 30px;'>\n<div style='flex: 1 1 250px; border: 1px solid rgba(150&comma; 150&comma; 150&comma; 0.4); border-radius: 8px; overflow: hidden; display: flex; flex-direction: column;'>\n<div style='padding: 15px; border-bottom: 1px solid rgba(150&comma; 150&comma; 150&comma; 0.2); font-weight: bold; font-size: 18px; color: inherit;'>Caracter\u00edsticas generales<\/div>\n<div style='padding: 15px; color: inherit;'>\n<ul style='padding-left: 20px; margin: 0; font-size: 14px; list-style-type: disc;'>\n<li style='margin-bottom: 5px;'><strong>Video Input:<\/strong><\/li>\n<ul style='padding-left: 20px; margin: 5px 0; font-size: 14px;'>\n<li style='margin-bottom: 5px;'>Interfaces: 5x HDMI Tipo A hembra (Negro) 1x DP hembra (negro) 1x HDB-15 hembra (negro)<\/li>\n<\/ul>\n<li style='margin-bottom: 5px;'><strong>Video Output:<\/strong><\/li>\n<ul style='padding-left: 20px; margin: 5px 0; font-size: 14px;'>\n<li style='margin-bottom: 5px;'>Interfaces: 2x HDMI tipo A hembra (negro) HDBaseT: 1x RJ-45 hembra (plateado)<\/li>\n<li style='margin-bottom: 5px;'>Max Distancia: HDMI: 15M<\/li>\n<li style='margin-bottom: 5px;'>HDBaseT: Hasta 1080p a 60 m (Cat 5e\/6) \/ 70 m (Cat 6a\/ATEN 2L-2910 Cat 6)<\/li>\n<\/ul>\n<li style='margin-bottom: 5px;'><strong>Audio:<\/strong><\/li>\n<ul style='padding-left: 20px; margin: 5px 0; font-size: 14px;'>\n<li style='margin-bottom: 5px;'>Output: 1x mini Stereo Jack hembra&comma; 1x conector captive screw&comma; 3 polos<\/li>\n<\/ul>\n<\/ul><\/div>\n<\/p><\/div>\n<div style='flex: 1 1 250px; border: 1px solid rgba(150&comma; 150&comma; 150&comma; 0.4); border-radius: 8px; overflow: hidden; display: flex; flex-direction: column;'>\n<div style='padding: 15px; border-bottom: 1px solid rgba(150&comma; 150&comma; 150&comma; 0.2); font-weight: bold; font-size: 18px; color: inherit;'>Especificaciones de video<\/div>\n<div style='padding: 15px; color: inherit;'>\n<ul style='padding-left: 20px; margin: 0; font-size: 14px; list-style-type: disc;'>\n<li style='margin-bottom: 5px;'>Max. Velocidad de datos: 18&comma;0 Gbps (6&comma;0 Gbps por carril)<\/li>\n<li style='margin-bottom: 5px;'>Max clock pixel: 600 MHz<\/li>\n<li style='margin-bottom: 5px;'>Cumplimiento: HDMI (3D&comma; Deep Color) Control de electronica de consumo (CEC)&comma; compatible con HDCP 2.2<\/li>\n<li style='margin-bottom: 5px;'>Max. Resoluciones: Hasta 4096 x 2160 \/ 3840 x 2160 a 60 Hz (4:4:4)<\/li>\n<li style='margin-bottom: 5px;'>Max. Distancia Hasta: 5&comma;0 m<\/li>\n<\/ul><\/div>\n<\/p><\/div>\n<div style='flex: 1 1 250px; border: 1px solid rgba(150&comma; 150&comma; 150&comma; 0.4); border-radius: 8px; overflow: hidden; display: flex; flex-direction: column;'>\n<div style='padding: 15px; border-bottom: 1px solid rgba(150&comma; 150&comma; 150&comma; 0.2); font-weight: bold; font-size: 18px; color: inherit;'>Conectores y control<\/div>\n<div style='padding: 15px; color: inherit;'>\n<ul style='padding-left: 20px; margin: 0; font-size: 14px; list-style-type: disc;'>\n<li style='margin-bottom: 5px;'><strong>Conectores:<\/strong><\/li>\n<ul style='padding-left: 20px; margin: 5px 0; font-size: 14px;'>\n<li style='margin-bottom: 5px;'>Power: 1 x conector CC (negro)<\/li>\n<\/ul>\n<li style='margin-bottom: 5px;'><strong>Control:<\/strong><\/li>\n<ul style='padding-left: 20px; margin: 5px 0; font-size: 14px;'>\n<li style='margin-bottom: 5px;'>RS-232: Conector: 1 x DB-9 hembra (negro) Velocidad de transmisi\u00f3n y protocolos: 19200&comma; Bits de datos: 8&comma; Bits de parada: 1&comma; Paridad: No&comma; Control de flujo: No<\/li>\n<li style='margin-bottom: 5px;'>USB: 1 x actualizaci\u00f3n de F\/W Micro USB<\/li>\n<li style='margin-bottom: 5px;'>IR: 1 x Mini conector est\u00e9reo hembra (negro)<\/li>\n<\/ul>\n<li style='margin-bottom: 5px;'><strong>Configuracion de EDID:<\/strong><\/li>\n<ul style='padding-left: 20px; margin: 5px 0; font-size: 14px;'>\n<li style='margin-bottom: 5px;'>Modo EDID: Predeterminado\/ Puerto1\/ Remix<\/li>\n<\/ul>\n<\/ul><\/div>\n<\/p><\/div>\n<div style='flex: 1 1 250px; border: 1px solid rgba(150&comma; 150&comma; 150&comma; 0.4); border-radius: 8px; overflow: hidden; display: flex; flex-direction: column;'>\n<div style='padding: 15px; border-bottom: 1px solid rgba(150&comma; 150&comma; 150&comma; 0.2); font-weight: bold; font-size: 18px; color: inherit;'>Condiciones ambientales<\/div>\n<div style='padding: 15px; color: inherit;'>\n<ul style='padding-left: 20px; margin: 0; font-size: 14px; list-style-type: disc;'>\n<li style='margin-bottom: 5px;'>Temperatura de funcionamiento 0-40 \u00b0C<\/li>\n<li style='margin-bottom: 5px;'>Temperatura de almacenamiento -20 &#8211; 60\u00b0C<\/li>\n<li style='margin-bottom: 5px;'>Humedad HR del 0 &#8211; 80%&comma; sin condensaci\u00f3n<\/li>\n<\/ul><\/div>\n<\/p><\/div>\n<div style='flex: 1 1 250px; border: 1px solid rgba(150&comma; 150&comma; 150&comma; 0.4); border-radius: 8px; overflow: hidden; display: flex; flex-direction: column;'>\n<div style='padding: 15px; border-bottom: 1px solid rgba(150&comma; 150&comma; 150&comma; 0.2); font-weight: bold; font-size: 18px; color: inherit;'>Propiedades f\u00edsicas<\/div>\n<div style='padding: 15px; color: inherit;'>\n<ul style='padding-left: 20px; margin: 0; font-size: 14px; list-style-type: disc;'>\n<li style='margin-bottom: 5px;'>Carcasa Met\u00e1lica<\/li>\n<li style='margin-bottom: 5px;'>Peso: 0&comma;60 kg (1&comma;32 libras)<\/li>\n<li style='margin-bottom: 5px;'>Dimensiones (LA x AN x AL) con soporte: 20&comma;00&#215;7&comma;60&#215;4&comma;20cm (7&comma;87 x 2&comma;99 x 1&comma;65 pulgadas)<\/li>\n<\/ul><\/div>\n<\/p><\/div>\n<div style='flex: 1 1 250px; border: 1px solid rgba(150&comma; 150&comma; 150&comma; 0.4); border-radius: 8px; overflow: hidden; display: flex; flex-direction: column;'>\n<div style='padding: 15px; border-bottom: 1px solid rgba(150&comma; 150&comma; 150&comma; 0.2); font-weight: bold; font-size: 18px; color: inherit;'>Contenido del paquete<\/div>\n<div style='padding: 15px; color: inherit;'>\n<ul style='padding-left: 20px; margin: 0; font-size: 14px; list-style-type: disc;'>\n<li style='margin-bottom: 5px;'>1x VM0202HB 2 x 2 Conmutador de matriz HDMI 4K verdadero con desembebedor de audio<\/li>\n<li style='margin-bottom: 5px;'>1x bloque de terminales de 3 polos<\/li>\n<li style='margin-bottom: 5px;'>1x adaptador de corriente<\/li>\n<li style='margin-bottom: 5px;'>1x mando a distancia por infrarrojos<\/li>\n<li style='margin-bottom: 5px;'>1x receptor de infrarrojos<\/li>\n<li style='margin-bottom: 5px;'>1x kit de montaje en bastidor<\/li>\n<li style='margin-bottom: 5px;'>1x Instrucciones de usuario<\/li>\n<\/ul><\/div>\n<\/p><\/div>\n<\/p><\/div>\n<p> <!-- Imagen del producto --> <\/p>\n<div style='width: 100%; text-align: center; margin: 30px 0;'> <img style='width: 70%; height: auto; border: 1px solid rgba(150&comma;150&comma;150&comma;0.3); border-radius: 8px;' src='https:\/\/ftp3.syscom.mx\/usuarios\/luis.vargas\/ATEN\/VP2730\/Imagen%20VP2730.png' alt='Imagen del producto VP2730'> <\/div>\n<p> <!-- Separador final --> <\/p>\n<hr style='border: 0; border-top: 1px solid rgba(150&comma; 150&comma; 150&comma; 0.3); margin: 30px 0;'> <\/div>\n","protected":false},"excerpt":{"rendered":"<p>SWITCH MATRICIAL 7X3 | CON ESCALADOR DE VIDEO | STREAMING | MEZCLADOR DE AUDIO | HDBaseT | Receptor de IR<\/p>\n","protected":false},"featured_media":80608,"comment_status":"open","ping_status":"closed","template":"","meta":[],"product_brand":[],"product_cat":[2141],"product_tag":[2121,2142,2120],"class_list":{"0":"post-80609","1":"product","2":"type-product","3":"status-publish","4":"has-post-thumbnail","6":"product_cat-matriciales-de-video","7":"product_tag-aten","8":"product_tag-matriciales-de-video","9":"product_tag-proav","11":"first","12":"outofstock","13":"sale","14":"shipping-taxable","15":"purchasable","16":"product-type-simple"},"_links":{"self":[{"href":"https:\/\/soydeaqui.ddns.net\/pachuca\/index.php\/wp-json\/wp\/v2\/product\/80609","targetHints":{"allow":["GET"]}}],"collection":[{"href":"https:\/\/soydeaqui.ddns.net\/pachuca\/index.php\/wp-json\/wp\/v2\/product"}],"about":[{"href":"https:\/\/soydeaqui.ddns.net\/pachuca\/index.php\/wp-json\/wp\/v2\/types\/product"}],"replies":[{"embeddable":true,"href":"https:\/\/soydeaqui.ddns.net\/pachuca\/index.php\/wp-json\/wp\/v2\/comments?post=80609"}],"wp:featuredmedia":[{"embeddable":true,"href":"https:\/\/soydeaqui.ddns.net\/pachuca\/index.php\/wp-json\/wp\/v2\/media\/80608"}],"wp:attachment":[{"href":"https:\/\/soydeaqui.ddns.net\/pachuca\/index.php\/wp-json\/wp\/v2\/media?parent=80609"}],"wp:term":[{"taxonomy":"product_brand","embeddable":true,"href":"https:\/\/soydeaqui.ddns.net\/pachuca\/index.php\/wp-json\/wp\/v2\/product_brand?post=80609"},{"taxonomy":"product_cat","embeddable":true,"href":"https:\/\/soydeaqui.ddns.net\/pachuca\/index.php\/wp-json\/wp\/v2\/product_cat?post=80609"},{"taxonomy":"product_tag","embeddable":true,"href":"https:\/\/soydeaqui.ddns.net\/pachuca\/index.php\/wp-json\/wp\/v2\/product_tag?post=80609"}],"curies":[{"name":"wp","href":"https:\/\/api.w.org\/{rel}","templated":true}]}}