{"id":80602,"date":"2026-03-19T18:10:41","date_gmt":"2026-03-19T18:10:41","guid":{"rendered":"https:\/\/soydeaqui.ddns.net\/pachuca\/index.php\/producto\/router-celular-industrial-4g-lte-con-wifi-y-puertos-ethernet-para-iot-y-m2m\/"},"modified":"2026-03-19T18:10:55","modified_gmt":"2026-03-19T18:10:55","slug":"router-celular-industrial-4g-lte-con-wifi-y-puertos-ethernet-para-iot-y-m2m","status":"publish","type":"product","link":"https:\/\/soydeaqui.ddns.net\/pachuca\/index.php\/producto\/router-celular-industrial-4g-lte-con-wifi-y-puertos-ethernet-para-iot-y-m2m\/","title":{"rendered":"Router Celular Industrial 4G LTE con WiFi y Puertos Ethernet para IoT y M2M"},"content":{"rendered":"<div style='width: 100%; max-width: 1200px; margin: 0 auto; font-family: sans-serif; line-height: 1.6; color: inherit; background-color: transparent;'> <!-- Video YouTube --> <\/p>\n<div style='position: relative; padding-bottom: 56.25%; height: 0; overflow: hidden; margin-bottom: 30px;'>   <\/div>\n<p> <!-- Secci\u00f3n con imagen y texto --> <\/p>\n<div style='display: flex; flex-wrap: wrap; gap: 30px; margin-bottom: 30px;'>\n<div style='flex: 1 1 300px; min-width: 280px; order: 2; text-align: right;'>\n<h3 style='font-size: 22px; border-bottom: 2px solid currentColor; padding-bottom: 5px; margin-top: 0; color: inherit; opacity: 0.8;'>Dise\u00f1o de grado industrial<\/h3>\n<p style='font-size: 15px; color: inherit;'>Para satisfacer la demanda del mercado&comma; el UR35 est\u00e1 construido con un procesador de grado industrial NXP con carcasa reforzada con clasificaci\u00f3n IP30&comma; componentes industriales y un amplio rango de operaci\u00f3n de -40 \u00b0C a 70 \u00b0C (-40 \u2109 a +158 \u2109) incluso para entornos hostiles. Tambi\u00e9n cuenta con un amplio rango de voltaje de suministro de 9 V a 48 V CC.<\/p>\n<\/p><\/div>\n<div style='flex: 1 1 300px; min-width: 280px; order: 1;'> <img style='width: 100%; height: auto; border: 1px solid rgba(150&comma;150&comma;150&comma;0.3); border-radius: 8px;' src='https:\/\/ftp3.syscom.mx\/usuarios\/fotos\/UR35L04AFW\/223089-dise\u00f1oindustrial.png' alt=''> <\/div>\n<\/p><\/div>\n<p> <!-- Secci\u00f3n con imagen y texto invertido --> <\/p>\n<div style='display: flex; flex-wrap: wrap; gap: 30px; margin-bottom: 30px;'>\n<div style='flex: 1 1 300px; min-width: 280px;'> <img style='width: 100%; height: auto; border: 1px solid rgba(150&comma;150&comma;150&comma;0.3); border-radius: 8px;' src='https:\/\/ftp3.syscom.mx\/usuarios\/fotos\/UR35L04AFW\/223089-compacto.png' alt=''> <\/div>\n<div style='flex: 1 1 300px; min-width: 280px;'>\n<h3 style='font-size: 22px; border-bottom: 2px solid currentColor; padding-bottom: 5px; margin-top: 0; color: inherit; opacity: 0.8;'>Dise\u00f1o compacto<\/h3>\n<p style='font-size: 15px; color: inherit;'>Con un dise\u00f1o exquisito&comma; UR35 est\u00e1 especialmente dise\u00f1ado para brindar un rendimiento estable pero flexible. El tama\u00f1o compacto le permite caber f\u00e1cilmente en gabinetes o m\u00e1quinas peque\u00f1as cuando el espacio es limitado.<\/p>\n<\/p><\/div>\n<\/p><\/div>\n<p> <!-- Secci\u00f3n con imagen y texto --> <\/p>\n<div style='display: flex; flex-wrap: wrap; gap: 30px; margin-bottom: 30px;'>\n<div style='flex: 1 1 300px; min-width: 280px; order: 2; text-align: right;'>\n<h3 style='font-size: 22px; border-bottom: 2px solid currentColor; padding-bottom: 5px; margin-top: 0; color: inherit; opacity: 0.8;'>SDK de Python integrado<\/h3>\n<p style='font-size: 15px; color: inherit;'>UR35 es escalable para desarrollo secundario con Python SDK integrado. Se puede ampliar para que sea m\u00e1s aplicable y personalizado para satisfacer verdaderamente las demandas reales.<\/p>\n<\/p><\/div>\n<div style='flex: 1 1 300px; min-width: 280px; order: 1;'> <img style='width: 100%; height: auto; border: 1px solid rgba(150&comma;150&comma;150&comma;0.3); border-radius: 8px;' src='https:\/\/ftp3.syscom.mx\/usuarios\/fotos\/UR32L04AFW485\/223087-python.png' alt=''> <\/div>\n<\/p><\/div>\n<p> <!-- Secci\u00f3n con imagen y texto invertido --> <\/p>\n<div style='display: flex; flex-wrap: wrap; gap: 30px; margin-bottom: 30px;'>\n<div style='flex: 1 1 300px; min-width: 280px;'> <img style='width: 100%; height: auto; border: 1px solid rgba(150&comma;150&comma;150&comma;0.3); border-radius: 8px;' src='https:\/\/ftp3.syscom.mx\/usuarios\/fotos\/UR35L04AFW\/223089-interfaces.png' alt=''> <\/div>\n<div style='flex: 1 1 300px; min-width: 280px;'>\n<h3 style='font-size: 22px; border-bottom: 2px solid currentColor; padding-bottom: 5px; margin-top: 0; color: inherit; opacity: 0.8;'>Interfaces ricas<\/h3>\n<p style='font-size: 15px; color: inherit;'>La ampliaci\u00f3n de las aplicaciones M2M e IoT es posible gracias a las ricas interfaces serie del UR35&comma; que incluyen RS232&comma; RS485 y entrada\/salida digital.<\/p>\n<\/p><\/div>\n<\/p><\/div>\n<p> <!-- Secci\u00f3n con imagen y texto --> <\/p>\n<div style='display: flex; flex-wrap: wrap; gap: 30px; margin-bottom: 30px;'>\n<div style='flex: 1 1 300px; min-width: 280px; order: 2; text-align: right;'>\n<h3 style='font-size: 22px; border-bottom: 2px solid currentColor; padding-bottom: 5px; margin-top: 0; color: inherit; opacity: 0.8;'>Acceso estable a Internet<\/h3>\n<p style='font-size: 15px; color: inherit;'>Al integrar un m\u00f3dem celular integrado y la funci\u00f3n SIM dual&comma; el UR35 proporciona una red celular 3G\/4G con velocidad confiable de descarga y enlace ascendente. Tambi\u00e9n tiene 4 puertos Ethernet PoE PSE y admite Wi-Fi que cumple con los est\u00e1ndares 802.11b\/g\/n para acceso ininterrumpido a Internet.<\/p>\n<\/p><\/div>\n<div style='flex: 1 1 300px; min-width: 280px; order: 1;'> <img style='width: 100%; height: auto; border: 1px solid rgba(150&comma;150&comma;150&comma;0.3); border-radius: 8px;' src='https:\/\/ftp3.syscom.mx\/usuarios\/fotos\/UR35L04AFW\/223089-internet.png' alt=''> <\/div>\n<\/p><\/div>\n<p> <!-- Secci\u00f3n con imagen y texto invertido --> <\/p>\n<div style='display: flex; flex-wrap: wrap; gap: 30px; margin-bottom: 30px;'>\n<div style='flex: 1 1 300px; min-width: 280px;'> <img style='width: 100%; height: auto; border: 1px solid rgba(150&comma;150&comma;150&comma;0.3); border-radius: 8px;' src='https:\/\/ftp3.syscom.mx\/usuarios\/fotos\/UR35L04AFW\/223089-industrial.png' alt=''> <\/div>\n<div style='flex: 1 1 300px; min-width: 280px;'>\n<h3 style='font-size: 22px; border-bottom: 2px solid currentColor; padding-bottom: 5px; margin-top: 0; color: inherit; opacity: 0.8;'>Dise\u00f1o de grado industrial<\/h3>\n<p style='font-size: 15px; color: inherit;'>Para satisfacer la demanda del mercado&comma; el UR35 est\u00e1 construido con un procesador de grado industrial NXP con carcasa reforzada con clasificaci\u00f3n IP30&comma; componentes industriales y un amplio rango de operaci\u00f3n de -40 \u00b0C a 70 \u00b0C (-40 \u2109 a +158 \u2109) incluso para entornos hostiles. Tambi\u00e9n cuenta con un amplio rango de voltaje de suministro de 9 V a 48 V CC.<\/p>\n<\/p><\/div>\n<\/p><\/div>\n<p> <!-- Secci\u00f3n con imagen y texto --> <\/p>\n<div style='display: flex; flex-wrap: wrap; gap: 30px; margin-bottom: 30px;'>\n<div style='flex: 1 1 300px; min-width: 280px; order: 2; text-align: right;'>\n<h3 style='font-size: 22px; border-bottom: 2px solid currentColor; padding-bottom: 5px; margin-top: 0; color: inherit; opacity: 0.8;'>T\u00fanel VPN abierto y varios protocolos<\/h3>\n<p style='font-size: 15px; color: inherit;'>Con m\u00faltiples protocolos de red y t\u00faneles VPN&comma; UR35 proporciona soluciones seguras y confiables para una variedad de implementaciones M2M\/IoT.<\/p>\n<ul style='padding-left: 20px; font-size: 15px; color: inherit;'>\n<li style='margin-bottom: 5px;'>Protocolos de red como SNMP&comma; puente Modbus&comma; RIP y OSPF<\/li>\n<li style='margin-bottom: 5px;'>T\u00faneles VPN como IPsec\/OpenVPN\/GRE\/L2TP\/PPTP\/DMVPN<\/li>\n<\/ul><\/div>\n<div style='flex: 1 1 300px; min-width: 280px; order: 1;'> <img style='width: 100%; height: auto; border: 1px solid rgba(150&comma;150&comma;150&comma;0.3); border-radius: 8px;' src='https:\/\/ftp3.syscom.mx\/usuarios\/fotos\/UR35L04AFW\/223089-vpn.png' alt=''> <\/div>\n<\/p><\/div>\n<p> <!-- Secci\u00f3n con imagen y texto invertido --> <\/p>\n<div style='display: flex; flex-wrap: wrap; gap: 30px; margin-bottom: 30px;'>\n<div style='flex: 1 1 300px; min-width: 280px;'> <img style='width: 100%; height: auto; border: 1px solid rgba(150&comma;150&comma;150&comma;0.3); border-radius: 8px;' src='https:\/\/ftp3.syscom.mx\/usuarios\/fotos\/UR35L04AFW\/223089-vpn2.png' alt=''> <\/div>\n<div style='flex: 1 1 300px; min-width: 280px;'>\n<h3 style='font-size: 22px; border-bottom: 2px solid currentColor; padding-bottom: 5px; margin-top: 0; color: inherit; opacity: 0.8;'>Gesti\u00f3n remota<\/h3>\n<p style='font-size: 15px; color: inherit;'>UR35 admite conexi\u00f3n y gesti\u00f3n con MilesightVPN<\/p>\n<ul style='padding-left: 20px; font-size: 15px; color: inherit;'>\n<li style='margin-bottom: 5px;'>Conexi\u00f3n sencilla mediante c\u00f3digo de autenticaci\u00f3n<\/li>\n<li style='margin-bottom: 5px;'>Descripci\u00f3n general del estado de la conexi\u00f3n<\/li>\n<li style='margin-bottom: 5px;'>Acceso remoto y seguro a dispositivos de campo<\/li>\n<\/ul><\/div>\n<\/p><\/div>\n<p> <!-- Secci\u00f3n con imagen y texto --> <\/p>\n<div style='display: flex; flex-wrap: wrap; gap: 30px; margin-bottom: 30px;'>\n<div style='flex: 1 1 300px; min-width: 280px; order: 2; text-align: right;'>\n<h3 style='font-size: 22px; border-bottom: 2px solid currentColor; padding-bottom: 5px; margin-top: 0; color: inherit; opacity: 0.8;'>DispositivoHub<\/h3>\n<p style='font-size: 15px; color: inherit;'>Milesight DeviceHub ofrece una soluci\u00f3n de alta eficiencia y bajo mantenimiento para implementar f\u00e1cilmente enrutadores celulares industriales Milesight en m\u00faltiples ubicaciones&comma; reduciendo la complejidad y aumentando la productividad.<\/p>\n<ul style='padding-left: 20px; font-size: 15px; color: inherit;'>\n<li style='margin-bottom: 5px;'>Gesti\u00f3n Central<\/li>\n<li style='margin-bottom: 5px;'>Monitoreo del estado del dispositivo<\/li>\n<li style='margin-bottom: 5px;'>Configuraci\u00f3n remota y masiva<\/li>\n<\/ul><\/div>\n<div style='flex: 1 1 300px; min-width: 280px; order: 1;'> <img style='width: 100%; height: auto; border: 1px solid rgba(150&comma;150&comma;150&comma;0.3); border-radius: 8px;' src='https:\/\/ftp3.syscom.mx\/usuarios\/fotos\/UR35L04AFW\/223089-hub.png' alt=''> <\/div>\n<\/p><\/div>\n<p> <!-- Secci\u00f3n de sistema de protecci\u00f3n ultraconfiable --> <\/p>\n<div style='margin-bottom: 30px;'>\n<h2 style='font-size: 24px; text-align: center; margin-bottom: 20px; color: inherit; opacity: 0.8;'>Sistema de protecci\u00f3n ultraconfiable<\/h2>\n<div style='display: flex; flex-wrap: wrap; gap: 20px;'>\n<div style='flex: 1 1 250px; border: 1px solid rgba(150&comma; 150&comma; 150&comma; 0.4); border-radius: 8px; overflow: hidden; display: flex; flex-direction: column;'>\n<div style='padding: 15px; border-bottom: 1px solid rgba(150&comma; 150&comma; 150&comma; 0.2); font-weight: bold; font-size: 18px; color: inherit; background-color: rgba(0&comma; 123&comma; 255&comma; 0.1);'>Copia de seguridad r\u00e1pida en red:<\/div>\n<div style='padding: 15px; color: inherit;'>\n<ul style='padding-left: 20px; margin: 0; font-size: 14px; list-style-type: disc;'>\n<li style='margin-bottom: 5px;'>Copia de seguridad automatizada de conmutaci\u00f3n por error\/conmutaci\u00f3n por recuperaci\u00f3n entre Ethernet&comma; celular (doble SIM) y Wi-Fi<\/li>\n<\/ul><\/div>\n<\/p><\/div>\n<div style='flex: 1 1 250px; border: 1px solid rgba(150&comma; 150&comma; 150&comma; 0.4); border-radius: 8px; overflow: hidden; display: flex; flex-direction: column;'>\n<div style='padding: 15px; border-bottom: 1px solid rgba(150&comma; 150&comma; 150&comma; 0.2); font-weight: bold; font-size: 18px; color: inherit; background-color: rgba(0&comma; 123&comma; 255&comma; 0.1);'>Perro guardi\u00e1n integrado:<\/div>\n<div style='padding: 15px; color: inherit;'>\n<ul style='padding-left: 20px; margin: 0; font-size: 14px; list-style-type: disc;'>\n<li style='margin-bottom: 5px;'>Incorporado con vigilancia de hardware para recuperarse autom\u00e1ticamente de varias fallas.<\/li>\n<\/ul><\/div>\n<\/p><\/div>\n<div style='flex: 1 1 250px; border: 1px solid rgba(150&comma; 150&comma; 150&comma; 0.4); border-radius: 8px; overflow: hidden; display: flex; flex-direction: column;'>\n<div style='padding: 15px; border-bottom: 1px solid rgba(150&comma; 150&comma; 150&comma; 0.2); font-weight: bold; font-size: 18px; color: inherit; background-color: rgba(0&comma; 123&comma; 255&comma; 0.1);'>Mecanismo asegurado:<\/div>\n<div style='padding: 15px; color: inherit;'>\n<ul style='padding-left: 20px; margin: 0; font-size: 14px; list-style-type: disc;'>\n<li style='margin-bottom: 5px;'>Autenticaci\u00f3n centralizada y autorizaci\u00f3n de acceso a dispositivos al admitir AAA (Radius&comma; TACACS+&comma; LDAP&comma; autenticaci\u00f3n local) y m\u00faltiples niveles de autoridad de usuario.<\/li>\n<\/ul><\/div>\n<\/p><\/div>\n<\/p><\/div>\n<\/p><\/div>\n<p> <!-- Imagen principal del producto --> <\/p>\n<div style='margin-bottom: 30px; text-align: center;'> <img style='width: 100%; max-width: 400px; height: auto; border: 1px solid rgba(150&comma;150&comma;150&comma;0.3); border-radius: 8px;' src='https:\/\/ftp3.syscom.mx\/usuarios\/fotos\/UR35L04AFW\/223089-principal.png' alt='Router Celular Industrial 4G LTE con WiFi y Puertos Ethernet para IoT y M2M'> <\/div>\n<\/p><\/div>\n","protected":false},"excerpt":{"rendered":"<p>Router Celular Industrial 4G LTE con WiFi y Puertos Ethernet para IoT y M2M<\/p>\n","protected":false},"featured_media":80601,"comment_status":"open","ping_status":"closed","template":"","meta":[],"product_brand":[],"product_cat":[1478],"product_tag":[1455,1479,1480],"class_list":{"0":"post-80602","1":"product","2":"type-product","3":"status-publish","4":"has-post-thumbnail","6":"product_cat-routers-4g-lte-3g","7":"product_tag-milesight","8":"product_tag-redes-wifi","9":"product_tag-routers-4g-lte-3g","11":"first","12":"instock","13":"sale","14":"shipping-taxable","15":"purchasable","16":"product-type-simple"},"_links":{"self":[{"href":"https:\/\/soydeaqui.ddns.net\/pachuca\/index.php\/wp-json\/wp\/v2\/product\/80602","targetHints":{"allow":["GET"]}}],"collection":[{"href":"https:\/\/soydeaqui.ddns.net\/pachuca\/index.php\/wp-json\/wp\/v2\/product"}],"about":[{"href":"https:\/\/soydeaqui.ddns.net\/pachuca\/index.php\/wp-json\/wp\/v2\/types\/product"}],"replies":[{"embeddable":true,"href":"https:\/\/soydeaqui.ddns.net\/pachuca\/index.php\/wp-json\/wp\/v2\/comments?post=80602"}],"wp:featuredmedia":[{"embeddable":true,"href":"https:\/\/soydeaqui.ddns.net\/pachuca\/index.php\/wp-json\/wp\/v2\/media\/80601"}],"wp:attachment":[{"href":"https:\/\/soydeaqui.ddns.net\/pachuca\/index.php\/wp-json\/wp\/v2\/media?parent=80602"}],"wp:term":[{"taxonomy":"product_brand","embeddable":true,"href":"https:\/\/soydeaqui.ddns.net\/pachuca\/index.php\/wp-json\/wp\/v2\/product_brand?post=80602"},{"taxonomy":"product_cat","embeddable":true,"href":"https:\/\/soydeaqui.ddns.net\/pachuca\/index.php\/wp-json\/wp\/v2\/product_cat?post=80602"},{"taxonomy":"product_tag","embeddable":true,"href":"https:\/\/soydeaqui.ddns.net\/pachuca\/index.php\/wp-json\/wp\/v2\/product_tag?post=80602"}],"curies":[{"name":"wp","href":"https:\/\/api.w.org\/{rel}","templated":true}]}}