{"id":8050,"date":"2026-03-18T07:04:02","date_gmt":"2026-03-18T07:04:02","guid":{"rendered":"https:\/\/soydeaqui.ddns.net\/pachuca\/index.php\/producto\/comunicador-4g-para-envio-de-eventos-de-alarma-y-aplicacion-total-connect-para-el-control-del-panel-remotamente\/"},"modified":"2026-03-18T07:04:07","modified_gmt":"2026-03-18T07:04:07","slug":"comunicador-4g-para-envio-de-eventos-de-alarma-y-aplicacion-total-connect-para-el-control-del-panel-remotamente","status":"publish","type":"product","link":"https:\/\/soydeaqui.ddns.net\/pachuca\/index.php\/producto\/comunicador-4g-para-envio-de-eventos-de-alarma-y-aplicacion-total-connect-para-el-control-del-panel-remotamente\/","title":{"rendered":"Comunicador 4G para env\u00edo de eventos de Alarma y Aplicaci\u00f3n Total Connect para el control del panel remotamente"},"content":{"rendered":"<div style='width: 100%; max-width: 1200px; margin: 0 auto; font-family: sans-serif; line-height: 1.6; color: inherit; background-color: transparent;'>\n<div style='width: 100%; margin-bottom: 30px;'>\n<h1 style='font-size: 24px; margin: 0 0 15px; color: inherit;'>Equipo Listo para Honeywell Total Connect (Casa Inteligente) y Monitoreo de Alarma de Alta Seguridad con ALARMNET (4G).<\/h1>\n<\/p><\/div>\n<div style='display: flex; flex-wrap: wrap; gap: 30px; margin-bottom: 30px;'>\n<div style='flex: 0 0 300px; max-width: 300px;'> <img style='width: 100%; height: auto; border: 1px solid rgba(150&comma;150&comma;150&comma;0.3); border-radius: 8px;' src='https:\/\/ftp3.syscom.mx\/usuarios\/ftp\/single_page\/total_connect\/hontc-01.jpg' alt=''> <\/div>\n<div style='flex: 1 1 auto;'>\n<h3 style='font-size: 20px; border-bottom: 2px solid currentColor; padding-bottom: 5px; margin-top: 0; color: inherit; opacity: 0.8;'>Extremo Alta Seguridad<\/h3>\n<p style='font-size: 15px; color: inherit;'>ALARMNET segura que su se\u00f1al SIEMPRE LLEGUE. Su informaci\u00f3n es enviada encriptada&comma; servidores en U.S.A. de alta redundancia y respaldo por 4G<\/p>\n<\/p><\/div>\n<\/p><\/div>\n<div style='display: flex; flex-wrap: wrap; gap: 30px; margin-bottom: 30px;'>\n<div style='flex: 0 0 300px; max-width: 300px;'> <img style='width: 100%; height: auto; border: 1px solid rgba(150&comma;150&comma;150&comma;0.3); border-radius: 8px; margin-bottom: 15px;' src='https:\/\/ftp3.syscom.mx\/usuarios\/ftp\/single_page\/total_connect\/hontc-02x.jpg' alt=''> <img style='width: 100%; height: auto; border: 1px solid rgba(150&comma;150&comma;150&comma;0.3); border-radius: 8px;' src='https:\/\/ftp3.syscom.mx\/usuarios\/ftp\/single_page\/total_connect\/hontc-02c.jpg' alt=''> <\/div>\n<div style='flex: 1 1 auto;'>\n<h3 style='font-size: 20px; border-bottom: 2px solid currentColor; padding-bottom: 5px; margin-top: 0; color: inherit; opacity: 0.8;'>Casa Inteligente con Total Connect<\/h3>\n<p style='font-size: 15px; color: inherit;'>Administre su Panel y otros dispositivos (Termostatos&comma; Puertas&comma; Sensores&comma; Iluminaci\u00f3n) con Total Connect&comma; la aplicaci\u00f3n l\u00edder en U.S.A. para casas inteligentes.<\/p>\n<p style='font-size: 15px; color: inherit;'>En esta imagen vemos el estado de la puerta principal&comma; iluminaci\u00f3n en sala \/ comedor&comma; puerta de garage&comma; alertas por sensores y grabaci\u00f3n de c\u00e1maras nube.<\/p>\n<p> <img style='width: 100%; height: auto; border: 1px solid rgba(150&comma;150&comma;150&comma;0.3); border-radius: 8px;' src='https:\/\/ftp3.syscom.mx\/usuarios\/ftp\/single_page\/total_connect\/hontc-03b.jpg' alt=''> <\/div>\n<\/p><\/div>\n<hr style='border: 0; border-top: 1px solid rgba(150&comma; 150&comma; 150&comma; 0.3); margin: 30px 0;'>\n<div style='display: flex; flex-wrap: wrap; gap: 30px; margin-bottom: 30px;'>\n<div style='flex: 1 1 400px;'>\n<h3 style='font-size: 20px; border-bottom: 2px solid currentColor; padding-bottom: 5px; margin-top: 0; color: inherit; opacity: 0.8;'>Grabaci\u00f3n de Video Nube de Alta Seguridad<\/h3>\n<p style='font-size: 15px; color: inherit;'>Acceda a video nube&comma; extremo fluido y alta seguridad en servidores de Honeywell U.S.A. desde su m\u00f3vil o v\u00eda Web.<\/p>\n<p style='font-size: 15px; color: inherit;'>C\u00e1maras compatibles: <a href='producto\/IPCAM-WIC1-HONEYWELL-163872.html' target='_blank' rel='noopener' style='color: inherit; text-decoration: underline;'>IPCAMWIC1<\/a>&comma; <a href='producto\/IPCAM-WIC2-HONEYWELL-162976.html' target='_blank' rel='noopener' style='color: inherit; text-decoration: underline;'>IPCAMWIC2<\/a> y <a href='producto\/IPCAMWOC1-HONEYWELL-163828.html' target='_blank' rel='noopener' style='color: inherit; text-decoration: underline;'>IPCAMWOC1<\/a><\/p>\n<p> <img style='width: 100%; height: auto; border: 1px solid rgba(150&comma;150&comma;150&comma;0.3); border-radius: 8px;' src='https:\/\/ftp3.syscom.mx\/usuarios\/ftp\/single_page\/total_connect\/hontc-04.jpg' alt=''> <\/div>\n<div style='flex: 1 1 400px;'>\n<h3 style='font-size: 20px; border-bottom: 2px solid currentColor; padding-bottom: 5px; margin-top: 0; color: inherit; opacity: 0.8;'>Armado Remoto de Alta Seguridad<\/h3>\n<p style='font-size: 15px; color: inherit;'>Controle remotamente particiones de seguridad para su negocio.<\/p>\n<p style='font-size: 15px; color: inherit;'>Maneje seguridad&comma; control de acceso&comma; y administraci\u00f3n de usuarios con particiones Honeywell Total Connect VISTA\u00ae.<\/p>\n<p> <img style='width: 100%; height: auto; border: 1px solid rgba(150&comma;150&comma;150&comma;0.3); border-radius: 8px;' src='https:\/\/ftp3.syscom.mx\/usuarios\/ftp\/single_page\/total_connect\/hontc-05.jpg' alt=''> <\/div>\n<\/p><\/div>\n<hr style='border: 0; border-top: 1px solid rgba(150&comma; 150&comma; 150&comma; 0.3); margin: 30px 0;'>\n<div style='display: flex; flex-wrap: wrap; gap: 30px; margin-bottom: 30px;'>\n<div style='flex: 1 1 400px;'>\n<h3 style='font-size: 20px; border-bottom: 2px solid currentColor; padding-bottom: 5px; margin-top: 0; color: inherit; opacity: 0.8;'>Convierte tu Casa en una Casa Inteligente<\/h3>\n<p style='font-size: 15px; color: inherit;'>Total Connect de Honeywell permite administrar todos los dispositivos con alta seguridad en cualquier dispositivo m\u00f3vil.<\/p>\n<p> <img style='width: 100%; height: auto; border: 1px solid rgba(150&comma;150&comma;150&comma;0.3); border-radius: 8px;' src='https:\/\/ftp3.syscom.mx\/usuarios\/ftp\/single_page\/total_connect\/hontc-06.jpg' alt=''> <\/div>\n<div style='flex: 1 1 400px;'>\n<h3 style='font-size: 20px; border-bottom: 2px solid currentColor; padding-bottom: 5px; margin-top: 0; color: inherit; opacity: 0.8;'>Compatible con Google Home y Alexa<\/h3>\n<p style='font-size: 15px; color: inherit;'>&#8216;Alexa&comma; p\u00eddele a Honeywell que encienda las luces&#8217;<br \/>&#8216;Alexa&comma; p\u00eddele a Honeywell que cierre la puerta&#8217;<br \/>&#8216;Alexa&comma; p\u00eddele a Honeywell que arme la casa&#8217;<\/p>\n<p> <img style='width: 100%; height: auto; border: 1px solid rgba(150&comma;150&comma;150&comma;0.3); border-radius: 8px;' src='https:\/\/ftp3.syscom.mx\/usuarios\/ftp\/single_page\/total_connect\/hontc-07.jpg' alt=''> <\/div>\n<\/p><\/div>\n<div style='margin-bottom: 30px;'>\n<div style='position: relative; padding-bottom: 56.25%; height: 0; overflow: hidden; margin-bottom: 30px;'>   <\/div>\n<\/p><\/div>\n<div style='margin-bottom: 30px;'>\n<p style='font-size: 15px; color: inherit;'><strong>LTEXA<\/strong><\/p>\n<p>El Comunicador LTEXA permite comunicar el panel de Alarma a traves de la plataforma de Alarmnet&comma; Permitiendo tener monitoreo del sistema de alarma utilizando la red Celular.<br \/>El equipo ya incluye la Tarjeta SIM&comma; por lo que no es necesario realizar contratos con ninguna compa\u00f1ia de Telefono.<br \/>Permite tener acceso a la Aplicacion Total Connect para poder tener el Control del Panel de Alarma.<\/p>\n<p>Para el Monitoreo de este equipo es necesario tener la receptora 7810i-RENT de Honeywell.<\/p>\n<p><strong>Caracteristicas:<\/strong><\/p>\n<p>\u2022 Conexi\u00f3n en paralelo al teclado comunicaci\u00f3n ECP.<br \/>\u2022 Alimentado directamente por el panel por lo que no requiere respaldo.<br \/>\u2022 Requiere pago de anualidad de TotalConnect.<br \/>\u2022 Compatible con AlarmNet\u00ae y Total ConnectTM.<br \/>\u2022 Compatible con la receptora 7810iRENT o software 7810PCAM<\/p>\n<p><strong>Nota:<\/strong> Con el panel VISTA48LA en Total Connect la Particion 3 solo se puede usar como Area Comun.<\/p>\n<p><strong>El funcionamiento del equipo depende de la estabilidad de la comunicacion del proveedor de servicio.<\/strong><\/p>\n<p>Ver el siguiente Video y el Diagrama adjunto para el funcionamiento del sistema:<\/p>\n<\/p><\/div>\n<div style='margin-bottom: 30px;'>\n<div style='position: relative; padding-bottom: 56.25%; height: 0; overflow: hidden; margin-bottom: 30px;'>   <\/div>\n<\/p><\/div>\n<div style='margin-bottom: 30px;'> <img style='width: 100%; height: auto; border: 1px solid rgba(150&comma;150&comma;150&comma;0.3); border-radius: 8px;' src='http:\/\/ftp3.syscom.mx\/usuarios\/fotos\/GSM100KB\/89635-alarmnet1.png' alt=''> <\/div>\n<div style='margin-bottom: 30px;'>\n<div style='position: relative; padding-bottom: 56.25%; height: 0; overflow: hidden; margin-bottom: 30px;'>   <\/div>\n<\/p><\/div>\n<\/p><\/div>\n","protected":false},"excerpt":{"rendered":"<p>Comunicador 4G para env\u00edo de eventos de Alarma y Aplicaci\u00f3n Total Connect para el control del panel remotamente<\/p>\n","protected":false},"featured_media":7635,"comment_status":"open","ping_status":"closed","template":"","meta":[],"product_brand":[],"product_cat":[206],"product_tag":[207,45,180],"class_list":{"0":"post-8050","1":"product","2":"type-product","3":"status-publish","4":"has-post-thumbnail","6":"product_cat-comunicadores","7":"product_tag-comunicadores","8":"product_tag-honeywell-home-resideo","9":"product_tag-total-connect-honeywell","11":"first","12":"outofstock","13":"sale","14":"shipping-taxable","15":"purchasable","16":"product-type-simple"},"_links":{"self":[{"href":"https:\/\/soydeaqui.ddns.net\/pachuca\/index.php\/wp-json\/wp\/v2\/product\/8050","targetHints":{"allow":["GET"]}}],"collection":[{"href":"https:\/\/soydeaqui.ddns.net\/pachuca\/index.php\/wp-json\/wp\/v2\/product"}],"about":[{"href":"https:\/\/soydeaqui.ddns.net\/pachuca\/index.php\/wp-json\/wp\/v2\/types\/product"}],"replies":[{"embeddable":true,"href":"https:\/\/soydeaqui.ddns.net\/pachuca\/index.php\/wp-json\/wp\/v2\/comments?post=8050"}],"wp:featuredmedia":[{"embeddable":true,"href":"https:\/\/soydeaqui.ddns.net\/pachuca\/index.php\/wp-json\/wp\/v2\/media\/7635"}],"wp:attachment":[{"href":"https:\/\/soydeaqui.ddns.net\/pachuca\/index.php\/wp-json\/wp\/v2\/media?parent=8050"}],"wp:term":[{"taxonomy":"product_brand","embeddable":true,"href":"https:\/\/soydeaqui.ddns.net\/pachuca\/index.php\/wp-json\/wp\/v2\/product_brand?post=8050"},{"taxonomy":"product_cat","embeddable":true,"href":"https:\/\/soydeaqui.ddns.net\/pachuca\/index.php\/wp-json\/wp\/v2\/product_cat?post=8050"},{"taxonomy":"product_tag","embeddable":true,"href":"https:\/\/soydeaqui.ddns.net\/pachuca\/index.php\/wp-json\/wp\/v2\/product_tag?post=8050"}],"curies":[{"name":"wp","href":"https:\/\/api.w.org\/{rel}","templated":true}]}}