{"id":80465,"date":"2026-03-19T18:05:06","date_gmt":"2026-03-19T18:05:06","guid":{"rendered":"https:\/\/soydeaqui.ddns.net\/pachuca\/index.php\/producto\/access-point-unifi-u6-doble-banda-wifi-6-802-11ax-mu-mimo-2x2-no-incluye-inyector-poe\/"},"modified":"2026-03-19T18:05:26","modified_gmt":"2026-03-19T18:05:26","slug":"access-point-unifi-u6-doble-banda-wifi-6-802-11ax-mu-mimo-2x2-no-incluye-inyector-poe","status":"publish","type":"product","link":"https:\/\/soydeaqui.ddns.net\/pachuca\/index.php\/producto\/access-point-unifi-u6-doble-banda-wifi-6-802-11ax-mu-mimo-2x2-no-incluye-inyector-poe\/","title":{"rendered":"Access Point UniFi U6+ doble banda WiFI 6 802.11ax, MU-MIMO 2&#215;2 (NO incluye inyector POE)"},"content":{"rendered":"<div style='width: 100%; max-width: 1200px; margin: 0 auto; font-family: sans-serif; line-height: 1.6; color: inherit; background-color: transparent;'> <!-- Imagen principal --> <\/p>\n<div style='display: flex; justify-content: center; margin-bottom: 20px;'> <img style='width: 100%; max-width: 200px; height: auto; border: 1px solid rgba(150&comma;150&comma;150&comma;0.3); border-radius: 8px;' src='https:\/\/images.svc.ui.com\/?u=https%3A%2F%2Fcdn.ecomm.ui.com%2Fproducts%2F6d5c6141-e2e9-416a-b789-53e59416bb1a%2F853bc73b-f65b-4e59-a171-75c9a4a4615e.png&#038;q=75&#038;w=3840' alt=''> <\/div>\n<p> <!-- Descripci\u00f3n --> <\/p>\n<div style='margin-bottom: 30px;'>\n<p style='text-align: justify; font-size: 15px; color: inherit; margin-bottom: 15px;'> Un punto de acceso compacto que mejora el U6 Lite al ofrecer un mayor rendimiento y compatibilidad con WiFi6 doble banda. <\/p>\n<p style='text-align: justify; font-size: 15px; color: inherit; margin-bottom: 20px;'> Ideal para peque\u00f1as y medianas empresas. <\/p>\n<\/p><\/div>\n<p> <!-- Caracter\u00edsticas con iconos --> <\/p>\n<div style='display: flex; flex-wrap: wrap; gap: 20px; margin-bottom: 30px;'>\n<div style='flex: 1 1 250px; min-width: 200px; display: flex; align-items: center; color: inherit;'> <img style='width: 20px; height: 20px; margin-right: 10px; flex-shrink: 0;' src='https:\/\/assets.ecomm.ui.com\/static\/key-features\/floorplan.svg' alt=''> <span style='font-size: 14px;'>140 m\u00b2 (1&comma;500 ft\u00b2) de cobertura<\/span> <\/div>\n<div style='flex: 1 1 250px; min-width: 200px; display: flex; align-items: center; color: inherit;'> <img style='width: 20px; height: 20px; margin-right: 10px; flex-shrink: 0;' src='https:\/\/assets.ecomm.ui.com\/static\/key-features\/connection.svg' alt=''> <span style='font-size: 14px;'>300+ dispositivos conectados<\/span> <\/div>\n<div style='flex: 1 1 250px; min-width: 200px; display: flex; align-items: center; color: inherit;'> <img style='width: 20px; height: 20px; margin-right: 10px; flex-shrink: 0;' src='https:\/\/assets.ecomm.ui.com\/static\/key-features\/wifi6.svg' alt=''> <span style='font-size: 14px;'>WiFi6 (2&#215;2 MIMO)<\/span> <\/div>\n<div style='flex: 1 1 250px; min-width: 200px; display: flex; align-items: center; color: inherit;'> <img style='width: 20px; height: 20px; margin-right: 10px; flex-shrink: 0;' src='https:\/\/assets.ecomm.ui.com\/static\/key-features\/poe.svg' alt=''> <span style='font-size: 14px;'>Se enciende con POE 802.3af (No incluido&comma; recomendado <a href='https:\/\/www.syscom.mx\/producto\/U-POE-AF-UBIQUITI-155372.html' target='_blank' rel='noopener' style='color: inherit; text-decoration: underline;'>U-POE<\/a>)<\/span> <\/div>\n<\/p><\/div>\n<p> <!-- Nota importante --> <\/p>\n<div style='margin: 20px 0; padding: 15px; border-left: 3px solid rgba(150&comma;150&comma;150&comma;0.4); background-color: rgba(150&comma;150&comma;150&comma;0.05); font-size: 14px; color: inherit;'> Nota: Todos los productos de red UniFi requieren ser administrados a trav\u00e9s de la aplicaci\u00f3n UniFi Network&comma; a trav\u00e9s de un UniFi OS Console o UniFi Network Server. <\/div>\n<p> <!-- Im\u00e1genes adicionales --> <\/p>\n<div style='display: flex; flex-wrap: wrap; gap: 20px; margin: 30px 0;'>\n<div style='flex: 1 1 300px; min-width: 280px;'> <img style='width: 100%; height: auto; border: 1px solid rgba(150&comma;150&comma;150&comma;0.3); border-radius: 8px;' src='https:\/\/images.svc.ui.com\/?u=https%3A%2F%2Fcdn.ecomm.ui.com%2Fproducts%2F6d5c6141-e2e9-416a-b789-53e59416bb1a%2Fdbf286c8-38a0-4025-97d9-b04f50f1339a.png&#038;q=75&#038;w=2048' alt=''> <\/div>\n<div style='flex: 1 1 300px; min-width: 280px;'> <img style='width: 100%; height: auto; border: 1px solid rgba(150&comma;150&comma;150&comma;0.3); border-radius: 8px;' src='https:\/\/images.svc.ui.com\/?u=https%3A%2F%2Fcdn.ecomm.ui.com%2Fproducts%2F6d5c6141-e2e9-416a-b789-53e59416bb1a%2Fcf196dd0-a83a-4dee-a198-0a9b4a770f7d.png&#038;q=75&#038;w=1920' alt=''> <\/div>\n<div style='flex: 1 1 300px; min-width: 280px;'> <img style='width: 100%; height: auto; border: 1px solid rgba(150&comma;150&comma;150&comma;0.3); border-radius: 8px;' src='https:\/\/images.svc.ui.com\/?u=https%3A%2F%2Fcdn.ecomm.ui.com%2Fproducts%2F6d5c6141-e2e9-416a-b789-53e59416bb1a%2F9659b128-bb39-4a97-8c09-911ad4081f28.png&#038;q=75&#038;w=1920' alt=''> <\/div>\n<div style='flex: 1 1 300px; min-width: 280px;'> <img style='width: 100%; height: auto; border: 1px solid rgba(150&comma;150&comma;150&comma;0.3); border-radius: 8px;' src='https:\/\/images.svc.ui.com\/?u=https%3A%2F%2Fcdn.ecomm.ui.com%2Fproducts%2F6d5c6141-e2e9-416a-b789-53e59416bb1a%2Ff456e7d9-5329-4f53-af69-ba19f5e1fb7a.png&#038;q=75&#038;w=1920' alt=''> <\/div>\n<\/p><\/div>\n<p> <!-- Especificaciones t\u00e9cnicas --> <\/p>\n<div style='margin: 30px 0;'>\n<h3 style='font-size: 22px; border-bottom: 2px solid currentColor; padding-bottom: 5px; margin-top: 0; color: inherit; opacity: 0.8; margin-bottom: 20px;'>Especificaciones T\u00e9cnicas<\/h3>\n<p> <!-- Secci\u00f3n Mec\u00e1nico --> <\/p>\n<div style='margin-bottom: 30px;'>\n<h4 style='font-size: 18px; color: inherit; margin-top: 20px; margin-bottom: 15px; border-left: 3px solid rgba(150&comma;150&comma;150&comma;0.4); padding-left: 10px;'>Mec\u00e1nico<\/h4>\n<div style='display: flex; flex-wrap: wrap; gap: 20px;'>\n<div style='flex: 1 1 300px; min-width: 280px; border: 1px solid rgba(150&comma;150&comma;150&comma;0.4); border-radius: 8px; overflow: hidden;'>\n<div style='padding: 15px; border-bottom: 1px solid rgba(150&comma;150&comma;150&comma;0.2); font-weight: bold; font-size: 16px; color: inherit;'>Dimensiones<\/div>\n<div style='padding: 15px; color: inherit; font-size: 14px;'> \u00d8160 x 33 mm (\u00d86&comma;3 x 1&comma;3&#8242;) <\/div>\n<\/p><\/div>\n<div style='flex: 1 1 300px; min-width: 280px; border: 1px solid rgba(150&comma;150&comma;150&comma;0.4); border-radius: 8px; overflow: hidden;'>\n<div style='padding: 15px; border-bottom: 1px solid rgba(150&comma;150&comma;150&comma;0.2); font-weight: bold; font-size: 16px; color: inherit;'>Peso<\/div>\n<div style='padding: 15px; color: inherit; font-size: 14px;'>\n<p style='margin: 5px 0;'>Sin soporte: 338 g (0&comma;8 lb)<\/p>\n<p style='margin: 5px 0;'>Con soporte: 413 g (0&comma;9 lb)<\/p>\n<\/p><\/div>\n<\/p><\/div>\n<div style='flex: 1 1 300px; min-width: 280px; border: 1px solid rgba(150&comma;150&comma;150&comma;0.4); border-radius: 8px; overflow: hidden;'>\n<div style='padding: 15px; border-bottom: 1px solid rgba(150&comma;150&comma;150&comma;0.2); font-weight: bold; font-size: 16px; color: inherit;'>Material de la carcasa<\/div>\n<div style='padding: 15px; color: inherit; font-size: 14px;'> Policarbonato&comma; aluminio <\/div>\n<\/p><\/div>\n<div style='flex: 1 1 300px; min-width: 280px; border: 1px solid rgba(150&comma;150&comma;150&comma;0.4); border-radius: 8px; overflow: hidden;'>\n<div style='padding: 15px; border-bottom: 1px solid rgba(150&comma;150&comma;150&comma;0.2); font-weight: bold; font-size: 16px; color: inherit;'>Material de montaje<\/div>\n<div style='padding: 15px; color: inherit; font-size: 14px;'> ABS&comma; acero SGCC <\/div>\n<\/p><\/div>\n<\/p><\/div>\n<\/p><\/div>\n<p> <!-- Secci\u00f3n Hardware --> <\/p>\n<div style='margin-bottom: 30px;'>\n<h4 style='font-size: 18px; color: inherit; margin-top: 20px; margin-bottom: 15px; border-left: 3px solid rgba(150&comma;150&comma;150&comma;0.4); padding-left: 10px;'>Hardware<\/h4>\n<div style='display: flex; flex-wrap: wrap; gap: 20px;'>\n<div style='flex: 1 1 300px; min-width: 280px; border: 1px solid rgba(150&comma;150&comma;150&comma;0.4); border-radius: 8px; overflow: hidden;'>\n<div style='padding: 15px; border-bottom: 1px solid rgba(150&comma;150&comma;150&comma;0.2); font-weight: bold; font-size: 16px; color: inherit;'>Interfaz de red<\/div>\n<div style='padding: 15px; color: inherit; font-size: 14px;'> (1) Puerto RJ45 GbE <\/div>\n<\/p><\/div>\n<div style='flex: 1 1 300px; min-width: 280px; border: 1px solid rgba(150&comma;150&comma;150&comma;0.4); border-radius: 8px; overflow: hidden;'>\n<div style='padding: 15px; border-bottom: 1px solid rgba(150&comma;150&comma;150&comma;0.2); font-weight: bold; font-size: 16px; color: inherit;'>Interfaz de gesti\u00f3n<\/div>\n<div style='padding: 15px; color: inherit; font-size: 14px;'> Ethernet <\/div>\n<\/p><\/div>\n<div style='flex: 1 1 300px; min-width: 280px; border: 1px solid rgba(150&comma;150&comma;150&comma;0.4); border-radius: 8px; overflow: hidden;'>\n<div style='padding: 15px; border-bottom: 1px solid rgba(150&comma;150&comma;150&comma;0.2); font-weight: bold; font-size: 16px; color: inherit;'>M\u00e9todo de alimentaci\u00f3n<\/div>\n<div style='padding: 15px; color: inherit; font-size: 14px;'> PoE 802.3af (No incluye inyector&comma; recomendado U-POE-AF) <\/div>\n<\/p><\/div>\n<div style='flex: 1 1 300px; min-width: 280px; border: 1px solid rgba(150&comma;150&comma;150&comma;0.4); border-radius: 8px; overflow: hidden;'>\n<div style='padding: 15px; border-bottom: 1px solid rgba(150&comma;150&comma;150&comma;0.2); font-weight: bold; font-size: 16px; color: inherit;'>Rango de voltaje admitido<\/div>\n<div style='padding: 15px; color: inherit; font-size: 14px;'> 44\u201357 V CC <\/div>\n<\/p><\/div>\n<div style='flex: 1 1 300px; min-width: 280px; border: 1px solid rgba(150&comma;150&comma;150&comma;0.4); border-radius: 8px; overflow: hidden;'>\n<div style='padding: 15px; border-bottom: 1px solid rgba(150&comma;150&comma;150&comma;0.2); font-weight: bold; font-size: 16px; color: inherit;'>Consumo m\u00e1ximo de energ\u00eda<\/div>\n<div style='padding: 15px; color: inherit; font-size: 14px;'> 9W <\/div>\n<\/p><\/div>\n<div style='flex: 1 1 300px; min-width: 280px; border: 1px solid rgba(150&comma;150&comma;150&comma;0.4); border-radius: 8px; overflow: hidden;'>\n<div style='padding: 15px; border-bottom: 1px solid rgba(150&comma;150&comma;150&comma;0.2); font-weight: bold; font-size: 16px; color: inherit;'>Potencia m\u00e1xima de transmisi\u00f3n<\/div>\n<div style='padding: 15px; color: inherit; font-size: 14px;'>\n<div style='margin-bottom: 8px;'><strong>2&comma;4 GHz:<\/strong> 23 dBm<\/div>\n<div style='margin-bottom: 8px;'><strong>5 GHz:<\/strong> 23 dBm<\/div>\n<div><strong>6 GHz:<\/strong> \u2013<\/div>\n<\/p><\/div>\n<\/p><\/div>\n<div style='flex: 1 1 300px; min-width: 280px; border: 1px solid rgba(150&comma;150&comma;150&comma;0.4); border-radius: 8px; overflow: hidden;'>\n<div style='padding: 15px; border-bottom: 1px solid rgba(150&comma;150&comma;150&comma;0.2); font-weight: bold; font-size: 16px; color: inherit;'>MIMO<\/div>\n<div style='padding: 15px; color: inherit; font-size: 14px;'>\n<div style='margin-bottom: 8px;'><strong>2&comma;4 GHz:<\/strong> 2 x 2 (DL\/UL MU-MIMO)<\/div>\n<div style='margin-bottom: 8px;'><strong>5 GHz:<\/strong> 2 x 2 (DL\/UL MU-MIMO)<\/div>\n<div><strong>6 GHz:<\/strong> \u2013<\/div>\n<\/p><\/div>\n<\/p><\/div>\n<div style='flex: 1 1 300px; min-width: 280px; border: 1px solid rgba(150&comma;150&comma;150&comma;0.4); border-radius: 8px; overflow: hidden;'>\n<div style='padding: 15px; border-bottom: 1px solid rgba(150&comma;150&comma;150&comma;0.2); font-weight: bold; font-size: 16px; color: inherit;'>Velocidad m\u00e1xima de datos<\/div>\n<div style='padding: 15px; color: inherit; font-size: 14px;'>\n<div style='margin-bottom: 8px;'><strong>2&comma;4 GHz:<\/strong> 573&comma;5 Mbps (BW40)<\/div>\n<div style='margin-bottom: 8px;'><strong>5 GHz:<\/strong> 2&comma;4 Gbps (BW160)<\/div>\n<div><strong>6 GHz:<\/strong> \u2013<\/div>\n<\/p><\/div>\n<\/p><\/div>\n<div style='flex: 1 1 300px; min-width: 280px; border: 1px solid rgba(150&comma;150&comma;150&comma;0.4); border-radius: 8px; overflow: hidden;'>\n<div style='padding: 15px; border-bottom: 1px solid rgba(150&comma;150&comma;150&comma;0.2); font-weight: bold; font-size: 16px; color: inherit;'>Ganancia de antena<\/div>\n<div style='padding: 15px; color: inherit; font-size: 14px;'>\n<div style='margin-bottom: 8px;'><strong>2&comma;4 GHz:<\/strong> 3 dBi<\/div>\n<div style='margin-bottom: 8px;'><strong>5 GHz:<\/strong> 5&comma;4 dBi<\/div>\n<div><strong>6 GHz:<\/strong> \u2013<\/div>\n<\/p><\/div>\n<\/p><\/div>\n<div style='flex: 1 1 300px; min-width: 280px; border: 1px solid rgba(150&comma;150&comma;150&comma;0.4); border-radius: 8px; overflow: hidden;'>\n<div style='padding: 15px; border-bottom: 1px solid rgba(150&comma;150&comma;150&comma;0.2); font-weight: bold; font-size: 16px; color: inherit;'>LED<\/div>\n<div style='padding: 15px; color: inherit; font-size: 14px;'> Blanco\/azul <\/div>\n<\/p><\/div>\n<div style='flex: 1 1 300px; min-width: 280px; border: 1px solid rgba(150&comma;150&comma;150&comma;0.4); border-radius: 8px; overflow: hidden;'>\n<div style='padding: 15px; border-bottom: 1px solid rgba(150&comma;150&comma;150&comma;0.2); font-weight: bold; font-size: 16px; color: inherit;'>Bot\u00f3n<\/div>\n<div style='padding: 15px; color: inherit; font-size: 14px;'> Restablecimiento de f\u00e1brica <\/div>\n<\/p><\/div>\n<div style='flex: 1 1 300px; min-width: 280px; border: 1px solid rgba(150&comma;150&comma;150&comma;0.4); border-radius: 8px; overflow: hidden;'>\n<div style='padding: 15px; border-bottom: 1px solid rgba(150&comma;150&comma;150&comma;0.2); font-weight: bold; font-size: 16px; color: inherit;'>Montaje<\/div>\n<div style='padding: 15px; color: inherit; font-size: 14px;'> Pared&comma; techo (Incluido) <\/div>\n<\/p><\/div>\n<div style='flex: 1 1 300px; min-width: 280px; border: 1px solid rgba(150&comma;150&comma;150&comma;0.4); border-radius: 8px; overflow: hidden;'>\n<div style='padding: 15px; border-bottom: 1px solid rgba(150&comma;150&comma;150&comma;0.2); font-weight: bold; font-size: 16px; color: inherit;'>Temperatura ambiente de funcionamiento<\/div>\n<div style='padding: 15px; color: inherit; font-size: 14px;'> -30 a 60\u00b0 C (-22 a 140\u00b0 F) <\/div>\n<\/p><\/div>\n<div style='flex: 1 1 300px; min-width: 280px; border: 1px solid rgba(150&comma;150&comma;150&comma;0.4); border-radius: 8px; overflow: hidden;'>\n<div style='padding: 15px; border-bottom: 1px solid rgba(150&comma;150&comma;150&comma;0.2); font-weight: bold; font-size: 16px; color: inherit;'>Humedad ambiente de funcionamiento<\/div>\n<div style='padding: 15px; color: inherit; font-size: 14px;'> 5 a 95% sin condensaci\u00f3n <\/div>\n<\/p><\/div>\n<div style='flex: 1 1 300px; min-width: 280px; border: 1px solid rgba(150&comma;150&comma;150&comma;0.4); border-radius: 8px; overflow: hidden;'>\n<div style='padding: 15px; border-bottom: 1px solid rgba(150&comma;150&comma;150&comma;0.2); font-weight: bold; font-size: 16px; color: inherit;'>Certificaciones<\/div>\n<div style='padding: 15px; color: inherit; font-size: 14px;'> CE&comma; FCC&comma; IC <\/div>\n<\/p><\/div>\n<\/p><\/div>\n<\/p><\/div>\n<p> <!-- Secci\u00f3n Software --> <\/p>\n<div style='margin-bottom: 30px;'>\n<h4 style='font-size: 18px; color: inherit; margin-top: 20px; margin-bottom: 15px; border-left: 3px solid rgba(150&comma;150&comma;150&comma;0.4); padding-left: 10px;'>Software<\/h4>\n<div style='display: flex; flex-wrap: wrap; gap: 20px;'>\n<div style='flex: 1 1 300px; min-width: 280px; border: 1px solid rgba(150&comma;150&comma;150&comma;0.4); border-radius: 8px; overflow: hidden;'>\n<div style='padding: 15px; border-bottom: 1px solid rgba(150&comma;150&comma;150&comma;0.2); font-weight: bold; font-size: 16px; color: inherit;'>Est\u00e1ndares WiFi<\/div>\n<div style='padding: 15px; color: inherit; font-size: 14px;'> 802.11a\/b\/g\/n\/ac\/ax (Wi-Fi 6) <\/div>\n<\/p><\/div>\n<div style='flex: 1 1 300px; min-width: 280px; border: 1px solid rgba(150&comma;150&comma;150&comma;0.4); border-radius: 8px; overflow: hidden;'>\n<div style='padding: 15px; border-bottom: 1px solid rgba(150&comma;150&comma;150&comma;0.2); font-weight: bold; font-size: 16px; color: inherit;'>Seguridad inal\u00e1mbrica<\/div>\n<div style='padding: 15px; color: inherit; font-size: 14px;'> WPA-PSK&comma; WPA empresarial (WPA\/WPA2\/WPA3) <\/div>\n<\/p><\/div>\n<div style='flex: 1 1 300px; min-width: 280px; border: 1px solid rgba(150&comma;150&comma;150&comma;0.4); border-radius: 8px; overflow: hidden;'>\n<div style='padding: 15px; border-bottom: 1px solid rgba(150&comma;150&comma;150&comma;0.2); font-weight: bold; font-size: 16px; color: inherit;'>Identificador de base de datos<\/div>\n<div style='padding: 15px; color: inherit; font-size: 14px;'> 8 por radio <\/div>\n<\/p><\/div>\n<div style='flex: 1 1 300px; min-width: 280px; border: 1px solid rgba(150&comma;150&comma;150&comma;0.4); border-radius: 8px; overflow: hidden;'>\n<div style='padding: 15px; border-bottom: 1px solid rgba(150&comma;150&comma;150&comma;0.2); font-weight: bold; font-size: 16px; color: inherit;'>VLAN<\/div>\n<div style='padding: 15px; color: inherit; font-size: 14px;'> 802.1Q <\/div>\n<\/p><\/div>\n<div style='flex: 1 1 300px; min-width: 280px; border: 1px solid rgba(150&comma;150&comma;150&comma;0.4); border-radius: 8px; overflow: hidden;'>\n<div style='padding: 15px; border-bottom: 1px solid rgba(150&comma;150&comma;150&comma;0.2); font-weight: bold; font-size: 16px; color: inherit;'>QoS avanzado<\/div>\n<div style='padding: 15px; color: inherit; font-size: 14px;'> Limitaci\u00f3n de velocidad por usuario <\/div>\n<\/p><\/div>\n<div style='flex: 1 1 300px; min-width: 280px; border: 1px solid rgba(150&comma;150&comma;150&comma;0.4); border-radius: 8px; overflow: hidden;'>\n<div style='padding: 15px; border-bottom: 1px solid rgba(150&comma;150&comma;150&comma;0.2); font-weight: bold; font-size: 16px; color: inherit;'>Aislamiento del tr\u00e1fico de invitados<\/div>\n<div style='padding: 15px; color: inherit; font-size: 14px;'> Apoyado <\/div>\n<\/p><\/div>\n<div style='flex: 1 1 300px; min-width: 280px; border: 1px solid rgba(150&comma;150&comma;150&comma;0.4); border-radius: 8px; overflow: hidden;'>\n<div style='padding: 15px; border-bottom: 1px solid rgba(150&comma;150&comma;150&comma;0.2); font-weight: bold; font-size: 16px; color: inherit;'>DFS sin espera<\/div>\n<div style='padding: 15px; color: inherit; font-size: 14px;'> S\u00ed<br \/><small style='font-size: 11px;'>*Compatible con las pr\u00f3ximas versiones de firmware.<\/small> <\/div>\n<\/p><\/div>\n<div style='flex: 1 1 300px; min-width: 280px; border: 1px solid rgba(150&comma;150&comma;150&comma;0.4); border-radius: 8px; overflow: hidden;'>\n<div style='padding: 15px; border-bottom: 1px solid rgba(150&comma;150&comma;150&comma;0.2); font-weight: bold; font-size: 16px; color: inherit;'>Clientes concurrentes<\/div>\n<div style='padding: 15px; color: inherit; font-size: 14px;'> 300+ <\/div>\n<\/p><\/div>\n<\/p><\/div>\n<\/p><\/div>\n<p> <!-- Secci\u00f3n Velocidades de datos admitidas --> <\/p>\n<div style='margin-bottom: 30px;'>\n<h4 style='font-size: 18px; color: inherit; margin-top: 20px; margin-bottom: 15px; border-left: 3px solid rgba(150&comma;150&comma;150&comma;0.4); padding-left: 10px;'>Velocidades de datos admitidas<\/h4>\n<div style='display: flex; flex-wrap: wrap; gap: 20px;'>\n<div style='flex: 1 1 300px; min-width: 280px; border: 1px solid rgba(150&comma;150&comma;150&comma;0.4); border-radius: 8px; overflow: hidden;'>\n<div style='padding: 15px; border-bottom: 1px solid rgba(150&comma;150&comma;150&comma;0.2); font-weight: bold; font-size: 16px; color: inherit;'>802.11a<\/div>\n<div style='padding: 15px; color: inherit; font-size: 14px;'> 6&comma; 9&comma; 12&comma; 18&comma; 24&comma; 36&comma; 48&comma; 54 Mbps <\/div>\n<\/p><\/div>\n<div style='flex: 1 1 300px; min-width: 280px; border: 1px solid rgba(150&comma;150&comma;150&comma;0.4); border-radius: 8px; overflow: hidden;'>\n<div style='padding: 15px; border-bottom: 1px solid rgba(150&comma;150&comma;150&comma;0.2); font-weight: bold; font-size: 16px; color: inherit;'>802.11b<\/div>\n<div style='padding: 15px; color: inherit; font-size: 14px;'> 1&comma; 2&comma; 5&comma;5&comma; 11 Mbps <\/div>\n<\/p><\/div>\n<div style='flex: 1 1 300px; min-width: 280px; border: 1px solid rgba(150&comma;150&comma;150&comma;0.4); border-radius: 8px; overflow: hidden;'>\n<div style='padding: 15px; border-bottom: 1px solid rgba(150&comma;150&comma;150&comma;0.2); font-weight: bold; font-size: 16px; color: inherit;'>802.11g<\/div>\n<div style='padding: 15px; color: inherit; font-size: 14px;'> 6&comma; 9&comma; 12&comma; 18&comma; 24&comma; 36&comma; 48&comma; 54 Mbps <\/div>\n<\/p><\/div>\n<div style='flex: 1 1 300px; min-width: 280px; border: 1px solid rgba(150&comma;150&comma;150&comma;0.4); border-radius: 8px; overflow: hidden;'>\n<div style='padding: 15px; border-bottom: 1px solid rgba(150&comma;150&comma;150&comma;0.2); font-weight: bold; font-size: 16px; color: inherit;'>802.11n<\/div>\n<div style='padding: 15px; color: inherit; font-size: 14px;'> De 6&comma;5 Mbps a 300 Mbps (MCS0 &#8211; MCS15&comma; HT 20\/40) <\/div>\n<\/p><\/div>\n<div style='flex: 1 1 300px; min-width: 280px; border: 1px solid rgba(150&comma;150&comma;150&comma;0.4); border-radius: 8px; overflow: hidden;'>\n<div style='padding: 15px; border-bottom: 1px solid rgba(150&comma;150&comma;150&comma;0.2); font-weight: bold; font-size: 16px; color: inherit;'>802.11ac<\/div>\n<div style='padding: 15px; color: inherit; font-size: 14px;'> De 6&comma;5 Mbps a 1&comma;7 Gbps (MCS0 &#8211; MCS9 NSS1\/2&comma; VHT 20\/40\/80\/160) <\/div>\n<\/p><\/div>\n<div style='flex: 1 1 300px; min-width: 280px; border: 1px solid rgba(150&comma;150&comma;150&comma;0.4); border-radius: 8px; overflow: hidden;'>\n<div style='padding: 15px; border-bottom: 1px solid rgba(150&comma;150&comma;150&comma;0.2); font-weight: bold; font-size: 16px; color: inherit;'>802.11ax (Wi-Fi 6)<\/div>\n<div style='padding: 15px; color: inherit; font-size: 14px;'> De 7&comma;3 Mbps a 2&comma;4 Gbps (MCS0 &#8211; MCS11 NSS1\/2&comma; HE 20\/40\/80\/160) <\/div>\n<\/p><\/div>\n<\/p><\/div>\n<\/p><\/div>\n<p> <!-- Secci\u00f3n Aplicaci\u00f3n de gesti\u00f3n --> <\/p>\n<div style='margin-bottom: 30px;'>\n<h4 style='font-size: 18px; color: inherit; margin-top: 20px; margin-bottom: 15px; border-left: 3px solid rgba(150&comma;150&comma;150&comma;0.4); padding-left: 10px;'>Software<\/h4>\n<div style='display: flex; flex-wrap: wrap; gap: 20px;'>\n<div style='flex: 1 1 300px; min-width: 280px; border: 1px solid rgba(150&comma;150&comma;150&comma;0.4); border-radius: 8px; overflow: hidden;'>\n<div style='padding: 15px; border-bottom: 1px solid rgba(150&comma;150&comma;150&comma;0.2); font-weight: bold; font-size: 16px; color: inherit;'>Aplicaci\u00f3n de gesti\u00f3n<\/div>\n<div style='padding: 15px; color: inherit; font-size: 14px;'> Red UniFi: versi\u00f3n 7.3.76 y posteriores <\/div>\n<\/p><\/div>\n<\/p><\/div>\n<\/p><\/div>\n<\/p><\/div>\n<p> <!-- Contenido del paquete --> <\/p>\n<div style='margin: 30px 0;'>\n<h3 style='font-size: 22px; border-bottom: 2px solid currentColor; padding-bottom: 5px; margin-top: 0; color: inherit; opacity: 0.8; margin-bottom: 20px;'>Contenido del paquete<\/h3>\n<div style='display: flex; flex-wrap: wrap; gap: 30px; align-items: flex-start;'>\n<div style='flex: 1 1 300px; min-width: 280px;'> <img style='width: 100%; height: auto; border: 1px solid rgba(150&comma;150&comma;150&comma;0.3); border-radius: 8px;' src='https:\/\/images.svc.ui.com\/?u=https%3A%2F%2Fcdn.ecomm.ui.com%2Fproducts%2F6d5c6141-e2e9-416a-b789-53e59416bb1a%2Ff13853b8-ddfe-4b56-b25d-dab3ffe81b0e.png&#038;q=75&#038;w=2048' alt=''> <\/div>\n<div style='flex: 1 1 500px; min-width: 300px;'>\n<ul style='padding-left: 20px; font-size: 14px; color: inherit;'>\n<li style='margin-bottom: 10px;'><strong>Funciona con la aplicaci\u00f3n UniFi Network<\/strong><\/li>\n<li style='margin-bottom: 10px;'>Administre de forma centralizada m\u00faltiples redes desde una interfaz intuitiva<\/li>\n<li style='margin-bottom: 10px;'>Disfrute de informaci\u00f3n de dispositivos en tiempo real y opciones de configuraci\u00f3n profundas<\/li>\n<li style='margin-bottom: 10px;'>Actualice el firmware del dispositivo de forma remota<\/li>\n<li style='margin-bottom: 10px;'>Administre usuarios de red e invitados con facilidad<\/li>\n<li style='margin-bottom: 10px;'>Personalice el dise\u00f1o&comma; la arquitectura y la privacidad de los puntos de acceso para invitados<\/li>\n<li style='margin-bottom: 10px;'>Configure dispositivos r\u00e1pidamente y admin\u00edstrelos sobre la marcha con una potente aplicaci\u00f3n m\u00f3vil<\/li>\n<\/ul><\/div>\n<\/p><\/div>\n<\/p><\/div>\n<p> <!-- Separador final --> <\/p>\n<hr style='border: 0; border-top: 1px solid rgba(150&comma; 150&comma; 150&comma; 0.3); margin: 30px 0;'> <\/div>\n","protected":false},"excerpt":{"rendered":"<p>Access Point UniFi U6+ doble banda WiFI 6 802.11ax, MU-MIMO 2&#215;2 (NO incluye inyector POE)<\/p>\n","protected":false},"featured_media":80464,"comment_status":"open","ping_status":"closed","template":"","meta":[],"product_brand":[],"product_cat":[1794],"product_tag":[1795,1479,166],"class_list":{"0":"post-80465","1":"product","2":"type-product","3":"status-publish","4":"has-post-thumbnail","6":"product_cat-puntos-de-acceso","7":"product_tag-puntos-de-acceso","8":"product_tag-redes-wifi","9":"product_tag-ubiquiti","11":"first","12":"outofstock","13":"sale","14":"shipping-taxable","15":"purchasable","16":"product-type-simple"},"_links":{"self":[{"href":"https:\/\/soydeaqui.ddns.net\/pachuca\/index.php\/wp-json\/wp\/v2\/product\/80465","targetHints":{"allow":["GET"]}}],"collection":[{"href":"https:\/\/soydeaqui.ddns.net\/pachuca\/index.php\/wp-json\/wp\/v2\/product"}],"about":[{"href":"https:\/\/soydeaqui.ddns.net\/pachuca\/index.php\/wp-json\/wp\/v2\/types\/product"}],"replies":[{"embeddable":true,"href":"https:\/\/soydeaqui.ddns.net\/pachuca\/index.php\/wp-json\/wp\/v2\/comments?post=80465"}],"wp:featuredmedia":[{"embeddable":true,"href":"https:\/\/soydeaqui.ddns.net\/pachuca\/index.php\/wp-json\/wp\/v2\/media\/80464"}],"wp:attachment":[{"href":"https:\/\/soydeaqui.ddns.net\/pachuca\/index.php\/wp-json\/wp\/v2\/media?parent=80465"}],"wp:term":[{"taxonomy":"product_brand","embeddable":true,"href":"https:\/\/soydeaqui.ddns.net\/pachuca\/index.php\/wp-json\/wp\/v2\/product_brand?post=80465"},{"taxonomy":"product_cat","embeddable":true,"href":"https:\/\/soydeaqui.ddns.net\/pachuca\/index.php\/wp-json\/wp\/v2\/product_cat?post=80465"},{"taxonomy":"product_tag","embeddable":true,"href":"https:\/\/soydeaqui.ddns.net\/pachuca\/index.php\/wp-json\/wp\/v2\/product_tag?post=80465"}],"curies":[{"name":"wp","href":"https:\/\/api.w.org\/{rel}","templated":true}]}}