{"id":8046,"date":"2026-03-18T07:03:59","date_gmt":"2026-03-18T07:03:59","guid":{"rendered":"https:\/\/soydeaqui.ddns.net\/pachuca\/index.php\/producto\/sirena-inalambrica-exterior-o-interior-alimentacion-a-bateria-duracion-de-2-anos-con-transmisor-universal-compatible-con-honeywell-pima-crow-dsc-etc\/"},"modified":"2026-03-18T07:04:02","modified_gmt":"2026-03-18T07:04:02","slug":"sirena-inalambrica-exterior-o-interior-alimentacion-a-bateria-duracion-de-2-anos-con-transmisor-universal-compatible-con-honeywell-pima-crow-dsc-etc","status":"publish","type":"product","link":"https:\/\/soydeaqui.ddns.net\/pachuca\/index.php\/producto\/sirena-inalambrica-exterior-o-interior-alimentacion-a-bateria-duracion-de-2-anos-con-transmisor-universal-compatible-con-honeywell-pima-crow-dsc-etc\/","title":{"rendered":"Sirena inal\u00e1mbrica \/ Exterior o Interior \/ Alimentaci\u00f3n a bater\u00eda \/ Duraci\u00f3n de 2 a\u00f1os*\/ Con transmisor universal \/ Compatible con Honeywell, Pima, Crow, DSC, etc"},"content":{"rendered":"<div style='width: 100%; max-width: 1200px; margin: 0 auto; font-family: sans-serif; line-height: 1.6; color: inherit; background-color: transparent;'> <!-- T\u00edtulo (opcional&comma; ya que est\u00e1 en otra parte de la p\u00e1gina) --> <\/p>\n<div style='text-align: center; margin-bottom: 20px;'>\n<h2 style='font-size: 24px; margin: 0; color: inherit; opacity: 0.9;'>Sirena SF70WK<\/h2>\n<\/p><\/div>\n<p> <!-- Secci\u00f3n de caracter\u00edsticas principales --> <\/p>\n<div style='margin-bottom: 30px;'>\n<h3 style='font-size: 22px; border-bottom: 2px solid currentColor; padding-bottom: 5px; margin-top: 0; color: inherit; opacity: 0.8;'>Caracter\u00edsticas Principales<\/h3>\n<ul style='padding-left: 20px; font-size: 15px; color: inherit;'>\n<li style='margin-bottom: 5px;'>Dise\u00f1ada para un alto nivel de seguridad&comma; rendimiento y conveniencia.<\/li>\n<li style='margin-bottom: 5px;'>Tecnolog\u00eda de ahorro de energ\u00eda bater\u00eda de larga duraci\u00f3n hasta 2 a\u00f1os**<\/li>\n<li style='margin-bottom: 5px;'>Supervisi\u00f3n sabotaje y bater\u00eda baja.<\/li>\n<li style='margin-bottom: 5px;'>IP55: carcasa de pl\u00e1stico de doble capa para una mejor protecci\u00f3n contra el clima.<\/li>\n<li style='margin-bottom: 5px;'>F\u00e1cil programaci\u00f3n con doble funci\u00f3n de interruptor antisabotaje.<\/li>\n<\/ul>\n<p style='font-size: 14px; margin-top: 20px; color: inherit;'> NOTA: Si la bater\u00eda se agota&comma; no es recargable; adquirir el modelo <a style='color: #005cb9; text-decoration: none; font-weight: 600;' href='https:\/\/www.syscom.mx\/principal\/searchcont?route=ER-34615H-SFIRE-162635&#038;autodetect=sf70'> ER-34615H <\/a> <\/p>\n<\/p><\/div>\n<p> <!-- Secci\u00f3n de especificaciones y configuraciones --> <\/p>\n<div style='display: flex; flex-wrap: wrap; gap: 30px;'> <!-- Caracter\u00edsticas t\u00e9cnicas --> <\/p>\n<div style='flex: 1 1 300px; min-width: 280px;'>\n<div style='border: 1px solid rgba(150&comma; 150&comma; 150&comma; 0.4); border-radius: 8px; overflow: hidden; display: flex; flex-direction: column;'>\n<div style='padding: 15px; border-bottom: 1px solid rgba(150&comma; 150&comma; 150&comma; 0.2); font-weight: bold; font-size: 18px; color: inherit; background-color: rgba(247&comma; 7&comma; 31&comma; 0.1);'>Caracter\u00edsticas T\u00e9cnicas<\/div>\n<div style='padding: 15px; color: inherit;'>\n<ul style='padding-left: 20px; margin: 0; font-size: 14px; list-style-type: disc;'>\n<li style='margin-bottom: 5px;'><strong>Rango RF:<\/strong> 200m (a l\u00ednea de vista)<\/li>\n<li style='margin-bottom: 5px;'><strong>Bater\u00eda:<\/strong> 19Ah lithium 3.60V<\/li>\n<li style='margin-bottom: 5px;'><strong>Corriente:<\/strong> 300mA en activaci\u00f3n<\/li>\n<li style='margin-bottom: 5px;'><strong>Tx power:<\/strong> <10mW<\/li>\n<li style='margin-bottom: 5px;'><strong>SPL:<\/strong> 100dB a 1 metro de distancia<\/li>\n<li style='margin-bottom: 5px;'><strong>Protecci\u00f3n:<\/strong> IP55<\/li>\n<li style='margin-bottom: 5px;'><strong>Material:<\/strong> UV treated Polycarbonate<\/li>\n<li style='margin-bottom: 5px;'><strong>Ambiente:<\/strong> -10 \u2013 50\u00baC\/95% RH (max)<\/li>\n<li style='margin-bottom: 5px;'><strong>Dimensiones:<\/strong> 280mm (L) x 160mm (W) x 60mm<\/li>\n<\/ul><\/div>\n<\/p><\/div>\n<p> <!-- Incluye Transmisor Universal --> <\/p>\n<div style='margin-top: 25px;'>\n<h4 style='font-size: 18px; border-bottom: 2px solid currentColor; padding-bottom: 5px; margin-top: 0; color: inherit; opacity: 0.8;'>INCLUYE Transmisor universal SF-TRANS-70<\/h4>\n<p style='font-size: 14px; color: inherit; margin-bottom: 10px;'>Se puede conectar f\u00e1cilmente a cualquier panel de alarma Honeywell&comma; Pima&comma; CROW&comma; DSC&comma; Paradox&comma; etc.<\/p>\n<ul style='padding-left: 20px; margin: 0; font-size: 14px; list-style-type: disc; color: inherit;'>\n<li style='margin-bottom: 5px;'><strong>Voltaje:<\/strong> 5-15VDC<\/li>\n<li style='margin-bottom: 5px;'><strong>Corriente:<\/strong> 10mA en transmisi\u00f3n<\/li>\n<li style='margin-bottom: 5px;'><strong>Tx power:<\/strong> <10mW<\/li>\n<li style='margin-bottom: 5px;'><strong>Frecuencia:<\/strong> 433.92MHz<\/li>\n<li style='margin-bottom: 5px;'><strong>Dimensiones:<\/strong> 55mm (L) x 30mm (W) x 25mm (H) \u2013 universal<\/li>\n<\/ul>\n<p style='font-size: 13px; color: inherit; margin-top: 15px;'><strong>**La duraci\u00f3n de la bater\u00eda puede variar por cuestiones ambientales y de uso&comma; la duraci\u00f3n est\u00e1 en relaci\u00f3n a 3 activaciones de 3 minutos por d\u00eda.<\/strong><\/p>\n<\/p><\/div>\n<\/p><\/div>\n<p> <!-- Configuraciones --> <\/p>\n<div style='flex: 1 1 300px; min-width: 280px;'>\n<div style='border: 1px solid rgba(150&comma; 150&comma; 150&comma; 0.4); border-radius: 8px; overflow: hidden; display: flex; flex-direction: column;'>\n<div style='padding: 15px; border-bottom: 1px solid rgba(150&comma; 150&comma; 150&comma; 0.2); font-weight: bold; font-size: 18px; color: inherit; background-color: rgba(0&comma; 92&comma; 185&comma; 0.1);'>CONFIGURACIONES<\/div>\n<div style='padding: 15px; color: inherit;'>\n<ul style='padding-left: 15px; margin: 0; font-size: 14px; list-style-type: disc; color: inherit;'>\n<li style='margin-bottom: 8px;'><a style='color: #005cb9; text-decoration: none;' href='https:\/\/soporte.syscom.mx\/es\/articles\/3159666-sfire-conexion-vista48la-con-sirena-inalambrica-sf70w-a-traves-de-dispositivo-sf-trans70'>SFIRE &#8211; Conexi\u00f3n VISTA48LA con Sirena Inal\u00e1mbrica SF70W a trav\u00e9s de dispositivo SF-TRANS70<\/a><\/li>\n<li style='margin-bottom: 8px;'><a style='color: #005cb9; text-decoration: none;' href='https:\/\/soporte.syscom.mx\/es\/articles\/4734536-sfire-conexion-de-sirena-sf70w-con-panel-de-alarma'>SFIRE- Conexi\u00f3n de sirena SF70W con panel de alarma<\/a><\/li>\n<li style='margin-bottom: 8px;'><a style='color: #005cb9; text-decoration: none;' href='https:\/\/soporte.syscom.mx\/es\/articles\/3157281-sfire-activacion-sirena-sf70w-con-pror400'>SFIRE &#8211; Activaci\u00f3n Sirena SF70W con PROR400<\/a><\/li>\n<li style='margin-bottom: 8px;'><a style='color: #005cb9; text-decoration: none;' href='https:\/\/soporte.syscom.mx\/es\/articles\/3509588-sfire-configuracion-de-sirena-sf70w-con-panel-pro4gltem'>SFIRE- Configuraci\u00f3n de Sirena SF70W con panel PRO4GLTEM<\/a><\/li>\n<li style='margin-bottom: 8px;'><a style='color: #005cb9; text-decoration: none;' href='https:\/\/soporte.syscom.mx\/es\/articles\/3597668-sfire-conexion-universal-para-sirena-sf70wk'>SFIRE &#8211; Conexi\u00f3n Universal para sirena SF70WK<\/a><\/li>\n<\/ul><\/div>\n<\/p><\/div>\n<\/p><\/div>\n<\/p><\/div>\n<p> <!-- Separador --> <\/p>\n<hr style='border: 0; border-top: 1px solid rgba(150&comma; 150&comma; 150&comma; 0.3); margin: 30px 0;'> <!-- Secci\u00f3n de contenido multimedia --> <\/p>\n<div style='display: flex; flex-direction: column; align-items: center; gap: 20px; margin-top: 30px;'> <!-- Video --> <\/p>\n<div style='position: relative; padding-bottom: 56.25%; height: 0; overflow: hidden; width: 100%; max-width: 600px;'>   <\/div>\n<p> <!-- Imagen --> <img style='width: 100%; max-width: 500px; height: auto; border: 1px solid rgba(150&comma;150&comma;150&comma;0.3); border-radius: 8px;' src='https:\/\/ftp3.syscom.mx\/usuarios\/fotos\/logotipos\/sfire.png' alt='Logo SFire'> <\/div>\n<p> <!-- Nota final --> <\/p>\n<p style='margin-top: 25px; font-size: 14px; color: inherit; text-align: center;'> Nota: Puede enrolar hasta 2 sirenas por canal <\/p>\n<\/p><\/div>\n","protected":false},"excerpt":{"rendered":"<p>Sirena inal\u00e1mbrica \/ Exterior o Interior \/ Alimentaci\u00f3n a bater\u00eda \/ Duraci\u00f3n de 2 a\u00f1os*\/ Con transmisor universal \/ Compatible con Honeywell, Pima, Crow, DSC, etc<\/p>\n","protected":false},"featured_media":8045,"comment_status":"open","ping_status":"closed","template":"","meta":[],"product_brand":[],"product_cat":[146],"product_tag":[93,79,147],"class_list":{"0":"post-8046","1":"product","2":"type-product","3":"status-publish","4":"has-post-thumbnail","6":"product_cat-sirenas-y-estrobos","7":"product_tag-accesorios","8":"product_tag-sfire","9":"product_tag-sirenas-y-estrobos","11":"first","12":"outofstock","13":"sale","14":"shipping-taxable","15":"purchasable","16":"product-type-simple"},"_links":{"self":[{"href":"https:\/\/soydeaqui.ddns.net\/pachuca\/index.php\/wp-json\/wp\/v2\/product\/8046","targetHints":{"allow":["GET"]}}],"collection":[{"href":"https:\/\/soydeaqui.ddns.net\/pachuca\/index.php\/wp-json\/wp\/v2\/product"}],"about":[{"href":"https:\/\/soydeaqui.ddns.net\/pachuca\/index.php\/wp-json\/wp\/v2\/types\/product"}],"replies":[{"embeddable":true,"href":"https:\/\/soydeaqui.ddns.net\/pachuca\/index.php\/wp-json\/wp\/v2\/comments?post=8046"}],"wp:featuredmedia":[{"embeddable":true,"href":"https:\/\/soydeaqui.ddns.net\/pachuca\/index.php\/wp-json\/wp\/v2\/media\/8045"}],"wp:attachment":[{"href":"https:\/\/soydeaqui.ddns.net\/pachuca\/index.php\/wp-json\/wp\/v2\/media?parent=8046"}],"wp:term":[{"taxonomy":"product_brand","embeddable":true,"href":"https:\/\/soydeaqui.ddns.net\/pachuca\/index.php\/wp-json\/wp\/v2\/product_brand?post=8046"},{"taxonomy":"product_cat","embeddable":true,"href":"https:\/\/soydeaqui.ddns.net\/pachuca\/index.php\/wp-json\/wp\/v2\/product_cat?post=8046"},{"taxonomy":"product_tag","embeddable":true,"href":"https:\/\/soydeaqui.ddns.net\/pachuca\/index.php\/wp-json\/wp\/v2\/product_tag?post=8046"}],"curies":[{"name":"wp","href":"https:\/\/api.w.org\/{rel}","templated":true}]}}