{"id":80436,"date":"2026-03-19T18:03:57","date_gmt":"2026-03-19T18:03:57","guid":{"rendered":"https:\/\/soydeaqui.ddns.net\/pachuca\/index.php\/producto\/switch-core-administrable-capa-3-con-48-puertos-gigabit-4-sfp-para-fibra-10gb-gestion-gratuita-desde-la-nube\/"},"modified":"2026-03-19T18:04:03","modified_gmt":"2026-03-19T18:04:03","slug":"switch-core-administrable-capa-3-con-48-puertos-gigabit-4-sfp-para-fibra-10gb-gestion-gratuita-desde-la-nube","status":"publish","type":"product","link":"https:\/\/soydeaqui.ddns.net\/pachuca\/index.php\/producto\/switch-core-administrable-capa-3-con-48-puertos-gigabit-4-sfp-para-fibra-10gb-gestion-gratuita-desde-la-nube\/","title":{"rendered":"Switch Core Administrable Capa 3 con 48 puertos Gigabit + 4 SFP+ para fibra 10Gb, gesti\u00f3n gratuita desde la nube."},"content":{"rendered":"<div style='width: 100%; max-width: 1200px; margin: 0 auto; font-family: sans-serif; line-height: 1.6; color: inherit; background-color: transparent;'>\n<div style='display: flex; flex-wrap: wrap; gap: 30px; margin-bottom: 30px;'>\n<div style='flex: 1 1 300px; min-width: 280px;'>\n<h3 style='font-size: 22px; border-bottom: 2px solid currentColor; padding-bottom: 5px; margin-top: 0; color: inherit; opacity: 0.8;'>Especificaci\u00f3n clave<\/h3>\n<ul style='padding-left: 20px; font-size: 15px; color: inherit;'>\n<li style='margin-bottom: 5px;'><strong>Puerto de servicio:<\/strong> 48 puertos el\u00e9ctricos de 10\/100\/1000 Mbps con negociaci\u00f3n autom\u00e1tica&comma; 4 puertos SFP+ 1G\/10G y dos ranuras de alimentaci\u00f3n modulares<\/li>\n<li style='margin-bottom: 5px;'><strong>Capacidad de conmutaci\u00f3n:<\/strong> 656 Gbps\/880 Gbps<\/li>\n<li style='margin-bottom: 5px;'><strong>Modo de enfriamiento:<\/strong> Refrigeraci\u00f3n por ventilador<\/li>\n<li style='margin-bottom: 5px;'><strong>Corriente:<\/strong> 240 VCC<\/li>\n<li style='margin-bottom: 5px;'><strong>Agregar un link:<\/strong> Soportado<\/li>\n<li style='margin-bottom: 5px;'><strong>Temperatura de funcionamiento:<\/strong> 0 &#8211; 45\u00b0C<\/li>\n<li style='margin-bottom: 5px;'><strong>PoE:<\/strong> Soportado<\/li>\n<\/ul><\/div>\n<div style='flex: 1 1 300px; min-width: 280px;'>\n<h3 style='font-size: 22px; border-bottom: 2px solid currentColor; padding-bottom: 5px; margin-top: 0; color: inherit; opacity: 0.8;'>Especificaciones adicionales<\/h3>\n<ul style='padding-left: 20px; font-size: 15px; color: inherit;'>\n<li style='margin-bottom: 5px;'><strong>Puerto de gesti\u00f3n:<\/strong> 1 x puerto de administraci\u00f3n&comma; 1 x puerto de consola y 1 x puerto USB 2.0<\/li>\n<li style='margin-bottom: 5px;'><strong>Tasa de reenv\u00edo:<\/strong> 488 Mpp<\/li>\n<li style='margin-bottom: 5px;'><strong>C.A.:<\/strong> 100 &#8211; 240 VCA&comma; 50\/60 Hz<\/li>\n<li style='margin-bottom: 5px;'><strong>Consumo de energ\u00eda:<\/strong> < 70 W (sin m\u00f3dulo de expansi\u00f3n) o < 95 W (con m\u00f3dulo de expansi\u00f3n)<\/li>\n<li style='margin-bottom: 5px;'><strong>Dimensiones (Ancho x Fondo x Alto):<\/strong> 440 mm x 340 mm x 43&comma;6 mm<\/li>\n<li style='margin-bottom: 5px;'><strong>Per\u00edodo de garant\u00eda:<\/strong> 3 a\u00f1os<\/li>\n<\/ul><\/div>\n<\/p><\/div>\n<div style='display: flex; flex-wrap: wrap; gap: 20px; margin-bottom: 30px;'>\n<div style='flex: 1 1 250px; border: 1px solid rgba(150&comma; 150&comma; 150&comma; 0.4); border-radius: 8px; overflow: hidden; display: flex; flex-direction: column;'>\n<div style='padding: 15px; border-bottom: 1px solid rgba(150&comma; 150&comma; 150&comma; 0.2); font-weight: bold; font-size: 18px; color: inherit;'>Caracter\u00edsticas f\u00edsicas<\/div>\n<div style='padding: 15px; color: inherit;'>\n<ul style='padding-left: 20px; margin: 0; font-size: 14px; list-style-type: disc;'>\n<li style='margin-bottom: 5px;'><strong>Dimensiones:<\/strong> 440 mm x 340 mm x 43&comma;6 mm<\/li>\n<li style='margin-bottom: 5px;'><strong>Peso:<\/strong> No especificado<\/li>\n<li style='margin-bottom: 5px;'><strong>Modo de enfriamiento:<\/strong> Refrigeraci\u00f3n por ventilador<\/li>\n<\/ul><\/div>\n<\/p><\/div>\n<div style='flex: 1 1 250px; border: 1px solid rgba(150&comma; 150&comma; 150&comma; 0.4); border-radius: 8px; overflow: hidden; display: flex; flex-direction: column;'>\n<div style='padding: 15px; border-bottom: 1px solid rgba(150&comma; 150&comma; 150&comma; 0.2); font-weight: bold; font-size: 18px; color: inherit;'>Alimentaci\u00f3n<\/div>\n<div style='padding: 15px; color: inherit;'>\n<ul style='padding-left: 20px; margin: 0; font-size: 14px; list-style-type: disc;'>\n<li style='margin-bottom: 5px;'><strong>Entrada de corriente:<\/strong> 100 &#8211; 240 VCA&comma; 50\/60 Hz<\/li>\n<li style='margin-bottom: 5px;'><strong>Corriente:<\/strong> 240 VCC<\/li>\n<li style='margin-bottom: 5px;'><strong>Consumo de energ\u00eda:<\/strong> < 70 W (sin m\u00f3dulo de expansi\u00f3n) o < 95 W (con m\u00f3dulo de expansi\u00f3n)<\/li>\n<\/ul><\/div>\n<\/p><\/div>\n<div style='flex: 1 1 250px; border: 1px solid rgba(150&comma; 150&comma; 150&comma; 0.4); border-radius: 8px; overflow: hidden; display: flex; flex-direction: column;'>\n<div style='padding: 15px; border-bottom: 1px solid rgba(150&comma; 150&comma; 150&comma; 0.2); font-weight: bold; font-size: 18px; color: inherit;'>Condiciones operativas<\/div>\n<div style='padding: 15px; color: inherit;'>\n<ul style='padding-left: 20px; margin: 0; font-size: 14px; list-style-type: disc;'>\n<li style='margin-bottom: 5px;'><strong>Temperatura:<\/strong> 0 &#8211; 45\u00b0C<\/li>\n<li style='margin-bottom: 5px;'><strong>Humedad:<\/strong> No especificado<\/li>\n<li style='margin-bottom: 5px;'><strong>Altitud:<\/strong> No especificado<\/li>\n<\/ul><\/div>\n<\/p><\/div>\n<\/p><\/div>\n<div style='margin: 30px 0; text-align: center;'> <img style='width: 100%; height: auto; border: 1px solid rgba(150&comma;150&comma;150&comma;0.3); border-radius: 8px;' src='https:\/\/ftp3.syscom.mx\/usuarios\/fotos\/RGCS8548GT4XSD\/222436-2024-02-16_09_47_32-.png' alt=''> <\/div>\n<div style='margin: 30px 0; text-align: center;'> <img style='width: 100%; height: auto; border: 1px solid rgba(150&comma;150&comma;150&comma;0.3); border-radius: 8px;' src='https:\/\/ftp3.syscom.mx\/usuarios\/fotos\/RGCS8548GT4XSD\/222436-2024-02-16_09_48_02-48-port_ge_electrical_layer_3_enterprise-class_core_or_aggregation_switch&comma;4_\u00d7_10.png' alt=''> <\/div>\n<div style='margin: 30px 0; padding: 15px; border-left: 4px solid #f1c40f; background-color: rgba(241&comma;196&comma;15&comma;0.1);'>\n<p style='margin: 0; font-size: 15px; color: inherit;'> <strong>NOTA:<\/strong> Requiere una fuente modelo: <a href='https:\/\/www.syscom.mx\/producto\/ruijie-rg-pa150ib-f-211093.html' target='_blank' rel='noopener' style='color: #f1c40f; text-decoration: underline; font-weight: bold;'>RG-PA150IB-F<\/a> <\/p>\n<\/p><\/div>\n<\/p><\/div>\n","protected":false},"excerpt":{"rendered":"<p>Switch Core Administrable Capa 3 con 48 puertos Gigabit + 4 SFP+ para fibra 10Gb, gesti\u00f3n gratuita desde la nube.<\/p>\n","protected":false},"featured_media":80435,"comment_status":"open","ping_status":"closed","template":"","meta":[],"product_brand":[],"product_cat":[1970],"product_tag":[664,2123,1971],"class_list":{"0":"post-80436","1":"product","2":"type-product","3":"status-publish","4":"has-post-thumbnail","6":"product_cat-switches","7":"product_tag-networking","8":"product_tag-ruijie","9":"product_tag-switches","11":"first","12":"instock","13":"sale","14":"shipping-taxable","15":"purchasable","16":"product-type-simple"},"_links":{"self":[{"href":"https:\/\/soydeaqui.ddns.net\/pachuca\/index.php\/wp-json\/wp\/v2\/product\/80436","targetHints":{"allow":["GET"]}}],"collection":[{"href":"https:\/\/soydeaqui.ddns.net\/pachuca\/index.php\/wp-json\/wp\/v2\/product"}],"about":[{"href":"https:\/\/soydeaqui.ddns.net\/pachuca\/index.php\/wp-json\/wp\/v2\/types\/product"}],"replies":[{"embeddable":true,"href":"https:\/\/soydeaqui.ddns.net\/pachuca\/index.php\/wp-json\/wp\/v2\/comments?post=80436"}],"wp:featuredmedia":[{"embeddable":true,"href":"https:\/\/soydeaqui.ddns.net\/pachuca\/index.php\/wp-json\/wp\/v2\/media\/80435"}],"wp:attachment":[{"href":"https:\/\/soydeaqui.ddns.net\/pachuca\/index.php\/wp-json\/wp\/v2\/media?parent=80436"}],"wp:term":[{"taxonomy":"product_brand","embeddable":true,"href":"https:\/\/soydeaqui.ddns.net\/pachuca\/index.php\/wp-json\/wp\/v2\/product_brand?post=80436"},{"taxonomy":"product_cat","embeddable":true,"href":"https:\/\/soydeaqui.ddns.net\/pachuca\/index.php\/wp-json\/wp\/v2\/product_cat?post=80436"},{"taxonomy":"product_tag","embeddable":true,"href":"https:\/\/soydeaqui.ddns.net\/pachuca\/index.php\/wp-json\/wp\/v2\/product_tag?post=80436"}],"curies":[{"name":"wp","href":"https:\/\/api.w.org\/{rel}","templated":true}]}}