{"id":80416,"date":"2026-03-19T18:03:07","date_gmt":"2026-03-19T18:03:07","guid":{"rendered":"https:\/\/soydeaqui.ddns.net\/pachuca\/index.php\/producto\/switch-core-administrable-capa-3-con-8-puertos-gigabit-24-sfp-y-8-sfp-combo-para-fibra-10gb-gestion-gratuita-desde-la-nube\/"},"modified":"2026-03-19T18:03:16","modified_gmt":"2026-03-19T18:03:16","slug":"switch-core-administrable-capa-3-con-8-puertos-gigabit-24-sfp-y-8-sfp-combo-para-fibra-10gb-gestion-gratuita-desde-la-nube","status":"publish","type":"product","link":"https:\/\/soydeaqui.ddns.net\/pachuca\/index.php\/producto\/switch-core-administrable-capa-3-con-8-puertos-gigabit-24-sfp-y-8-sfp-combo-para-fibra-10gb-gestion-gratuita-desde-la-nube\/","title":{"rendered":"Switch Core Administrable Capa 3 con 8 puertos Gigabit, 24 SFP y 8 SFP+ Combo para fibra 10Gb, gesti\u00f3n gratuita desde la nube."},"content":{"rendered":"<div style='width: 100%; max-width: 1200px; margin: 0 auto; font-family: sans-serif; line-height: 1.6; color: inherit; background-color: transparent;'> <!-- Secci\u00f3n de t\u00edtulo --> <\/p>\n<div style='width: 100%; margin: 0 0 30px; padding: 0; display: flex; justify-content: center;'>\n<h2 style='font-size: 24px; font-weight: 400; margin: 0; padding: 0; color: inherit; opacity: 0.8; border-bottom: 2px solid currentColor; padding-bottom: 5px;'>Especificaci\u00f3n clave<\/h2>\n<\/p><\/div>\n<p> <!-- Secci\u00f3n de especificaciones en grid --> <\/p>\n<div style='display: grid; grid-template-columns: repeat(auto-fit&comma; minmax(280px&comma; 1fr)); gap: 20px; margin-bottom: 30px;'> <!-- Bloque de especificaci\u00f3n --> <\/p>\n<div style='border: 1px solid rgba(150&comma; 150&comma; 150&comma; 0.4); border-radius: 8px; overflow: hidden;'>\n<div style='padding: 15px; border-bottom: 1px solid rgba(150&comma; 150&comma; 150&comma; 0.2); font-weight: bold; font-size: 16px; background-color: rgba(247&comma; 249&comma; 250&comma; 0.8); color: inherit;'>Puerto de servicio<\/div>\n<div style='padding: 15px; font-size: 14px; color: inherit;'> 24 puertos SFP de 1000 Mbps (los puertos 1 a 16 son puertos SFP de 100\/1000 Mbps)&comma; ocho puertos el\u00e9ctricos combinados de 10\/100\/1000 Mbps con negociaci\u00f3n autom\u00e1tica&comma; ocho puertos SFP+ 1G\/10G y dos ranuras de alimentaci\u00f3n modulares <\/div>\n<\/p><\/div>\n<p> <!-- Bloque de especificaci\u00f3n --> <\/p>\n<div style='border: 1px solid rgba(150&comma; 150&comma; 150&comma; 0.4); border-radius: 8px; overflow: hidden;'>\n<div style='padding: 15px; border-bottom: 1px solid rgba(150&comma; 150&comma; 150&comma; 0.2); font-weight: bold; font-size: 16px; background-color: rgba(247&comma; 249&comma; 250&comma; 0.8); color: inherit;'>Capacidad de conmutaci\u00f3n<\/div>\n<div style='padding: 15px; font-size: 14px; color: inherit;'> 688 Gbps\/880 Gbps <\/div>\n<\/p><\/div>\n<p> <!-- Bloque de especificaci\u00f3n --> <\/p>\n<div style='border: 1px solid rgba(150&comma; 150&comma; 150&comma; 0.4); border-radius: 8px; overflow: hidden;'>\n<div style='padding: 15px; border-bottom: 1px solid rgba(150&comma; 150&comma; 150&comma; 0.2); font-weight: bold; font-size: 16px; background-color: rgba(247&comma; 249&comma; 250&comma; 0.8); color: inherit;'>Modo de enfriamiento<\/div>\n<div style='padding: 15px; font-size: 14px; color: inherit;'> Refrigeraci\u00f3n por ventilador <\/div>\n<\/p><\/div>\n<p> <!-- Bloque de especificaci\u00f3n --> <\/p>\n<div style='border: 1px solid rgba(150&comma; 150&comma; 150&comma; 0.4); border-radius: 8px; overflow: hidden;'>\n<div style='padding: 15px; border-bottom: 1px solid rgba(150&comma; 150&comma; 150&comma; 0.2); font-weight: bold; font-size: 16px; background-color: rgba(247&comma; 249&comma; 250&comma; 0.8); color: inherit;'>Corriente continua<\/div>\n<div style='padding: 15px; font-size: 14px; color: inherit;'> 240 VCC <\/div>\n<\/p><\/div>\n<p> <!-- Bloque de especificaci\u00f3n --> <\/p>\n<div style='border: 1px solid rgba(150&comma; 150&comma; 150&comma; 0.4); border-radius: 8px; overflow: hidden;'>\n<div style='padding: 15px; border-bottom: 1px solid rgba(150&comma; 150&comma; 150&comma; 0.2); font-weight: bold; font-size: 16px; background-color: rgba(247&comma; 249&comma; 250&comma; 0.8); color: inherit;'>Agregar un link<\/div>\n<div style='padding: 15px; font-size: 14px; color: inherit;'> Soportado <\/div>\n<\/p><\/div>\n<p> <!-- Bloque de especificaci\u00f3n --> <\/p>\n<div style='border: 1px solid rgba(150&comma; 150&comma; 150&comma; 0.4); border-radius: 8px; overflow: hidden;'>\n<div style='padding: 15px; border-bottom: 1px solid rgba(150&comma; 150&comma; 150&comma; 0.2); font-weight: bold; font-size: 16px; background-color: rgba(247&comma; 249&comma; 250&comma; 0.8); color: inherit;'>Puerto de gesti\u00f3n<\/div>\n<div style='padding: 15px; font-size: 14px; color: inherit;'> 1 x puerto de administraci\u00f3n&comma; 1 x puerto de consola y 1 x puerto USB 2.0 <\/div>\n<\/p><\/div>\n<p> <!-- Bloque de especificaci\u00f3n --> <\/p>\n<div style='border: 1px solid rgba(150&comma; 150&comma; 150&comma; 0.4); border-radius: 8px; overflow: hidden;'>\n<div style='padding: 15px; border-bottom: 1px solid rgba(150&comma; 150&comma; 150&comma; 0.2); font-weight: bold; font-size: 16px; background-color: rgba(247&comma; 249&comma; 250&comma; 0.8); color: inherit;'>Tasa de reenv\u00edo<\/div>\n<div style='padding: 15px; font-size: 14px; color: inherit;'> 512 megas por segundo <\/div>\n<\/p><\/div>\n<p> <!-- Bloque de especificaci\u00f3n --> <\/p>\n<div style='border: 1px solid rgba(150&comma; 150&comma; 150&comma; 0.4); border-radius: 8px; overflow: hidden;'>\n<div style='padding: 15px; border-bottom: 1px solid rgba(150&comma; 150&comma; 150&comma; 0.2); font-weight: bold; font-size: 16px; background-color: rgba(247&comma; 249&comma; 250&comma; 0.8); color: inherit;'>C.A.<\/div>\n<div style='padding: 15px; font-size: 14px; color: inherit;'> 100 &#8211; 240 VCA&comma; 50\/60 Hz <\/div>\n<\/p><\/div>\n<p> <!-- Bloque de especificaci\u00f3n --> <\/p>\n<div style='border: 1px solid rgba(150&comma; 150&comma; 150&comma; 0.4); border-radius: 8px; overflow: hidden;'>\n<div style='padding: 15px; border-bottom: 1px solid rgba(150&comma; 150&comma; 150&comma; 0.2); font-weight: bold; font-size: 16px; background-color: rgba(247&comma; 249&comma; 250&comma; 0.8); color: inherit;'>El consumo de energ\u00eda<\/div>\n<div style='padding: 15px; font-size: 14px; color: inherit;'> < 77 W (sin m\u00f3dulo de expansi\u00f3n) o < 102 W (con m\u00f3dulo de expansi\u00f3n) <\/div>\n<\/p><\/div>\n<p> <!-- Bloque de especificaci\u00f3n --> <\/p>\n<div style='border: 1px solid rgba(150&comma; 150&comma; 150&comma; 0.4); border-radius: 8px; overflow: hidden;'>\n<div style='padding: 15px; border-bottom: 1px solid rgba(150&comma; 150&comma; 150&comma; 0.2); font-weight: bold; font-size: 16px; background-color: rgba(247&comma; 249&comma; 250&comma; 0.8); color: inherit;'>Dimensiones (Ancho x Fondo x Alto)<\/div>\n<div style='padding: 15px; font-size: 14px; color: inherit;'> 440mm x 340mm x 44mm <\/div>\n<\/p><\/div>\n<p> <!-- Bloque de especificaci\u00f3n --> <\/p>\n<div style='border: 1px solid rgba(150&comma; 150&comma; 150&comma; 0.4); border-radius: 8px; overflow: hidden;'>\n<div style='padding: 15px; border-bottom: 1px solid rgba(150&comma; 150&comma; 150&comma; 0.2); font-weight: bold; font-size: 16px; background-color: rgba(247&comma; 249&comma; 250&comma; 0.8); color: inherit;'>Per\u00edodo de garant\u00eda<\/div>\n<div style='padding: 15px; font-size: 14px; color: inherit;'> 3 a\u00f1os <\/div>\n<\/p><\/div>\n<\/p><\/div>\n<p> <!-- Im\u00e1genes --> <\/p>\n<div style='display: flex; flex-direction: column; gap: 20px; margin-bottom: 30px;'> <img style='width: 100%; height: auto; border: 1px solid rgba(150&comma;150&comma;150&comma;0.3); border-radius: 8px;' src='https:\/\/ftp3.syscom.mx\/usuarios\/fotos\/RGCS8524SFP\/8GT8XSD\/222437-2024-02-16_09_50_43-conmutador_de_agregaci\u00f3n_o_n\u00facleo_de_clase_empresarial_ge_de_capa_3_\u00f3ptica_de_24.png' alt=''> <img style='width: 100%; height: auto; border: 1px solid rgba(150&comma;150&comma;150&comma;0.3); border-radius: 8px;' src='https:\/\/ftp3.syscom.mx\/usuarios\/fotos\/RGCS8524SFP\/8GT8XSD\/222437-2024-02-16_09_51_32-conmutador_de_agregaci\u00f3n_o_n\u00facleo_de_clase_empresarial_ge_de_capa_3_\u00f3ptica_de_24.png' alt=''> <\/div>\n<p> <!-- Nota --> <\/p>\n<div style='margin-top: 20px; padding: 15px; border-left: 4px solid currentColor; opacity: 0.8;'>\n<p style='margin: 0; font-size: 14px; color: inherit;'>Nota: Requiere fuente modelo RG-PA150IB-F<\/p>\n<\/p><\/div>\n<\/p><\/div>\n","protected":false},"excerpt":{"rendered":"<p>Switch Core Administrable Capa 3 con 8 puertos Gigabit, 24 SFP y 8 SFP+ Combo para fibra 10Gb, gesti\u00f3n gratuita desde la nube.<\/p>\n","protected":false},"featured_media":80415,"comment_status":"open","ping_status":"closed","template":"","meta":[],"product_brand":[],"product_cat":[1970],"product_tag":[664,2123,1971],"class_list":{"0":"post-80416","1":"product","2":"type-product","3":"status-publish","4":"has-post-thumbnail","6":"product_cat-switches","7":"product_tag-networking","8":"product_tag-ruijie","9":"product_tag-switches","11":"first","12":"outofstock","13":"sale","14":"shipping-taxable","15":"purchasable","16":"product-type-simple"},"_links":{"self":[{"href":"https:\/\/soydeaqui.ddns.net\/pachuca\/index.php\/wp-json\/wp\/v2\/product\/80416","targetHints":{"allow":["GET"]}}],"collection":[{"href":"https:\/\/soydeaqui.ddns.net\/pachuca\/index.php\/wp-json\/wp\/v2\/product"}],"about":[{"href":"https:\/\/soydeaqui.ddns.net\/pachuca\/index.php\/wp-json\/wp\/v2\/types\/product"}],"replies":[{"embeddable":true,"href":"https:\/\/soydeaqui.ddns.net\/pachuca\/index.php\/wp-json\/wp\/v2\/comments?post=80416"}],"wp:featuredmedia":[{"embeddable":true,"href":"https:\/\/soydeaqui.ddns.net\/pachuca\/index.php\/wp-json\/wp\/v2\/media\/80415"}],"wp:attachment":[{"href":"https:\/\/soydeaqui.ddns.net\/pachuca\/index.php\/wp-json\/wp\/v2\/media?parent=80416"}],"wp:term":[{"taxonomy":"product_brand","embeddable":true,"href":"https:\/\/soydeaqui.ddns.net\/pachuca\/index.php\/wp-json\/wp\/v2\/product_brand?post=80416"},{"taxonomy":"product_cat","embeddable":true,"href":"https:\/\/soydeaqui.ddns.net\/pachuca\/index.php\/wp-json\/wp\/v2\/product_cat?post=80416"},{"taxonomy":"product_tag","embeddable":true,"href":"https:\/\/soydeaqui.ddns.net\/pachuca\/index.php\/wp-json\/wp\/v2\/product_tag?post=80416"}],"curies":[{"name":"wp","href":"https:\/\/api.w.org\/{rel}","templated":true}]}}