{"id":80413,"date":"2026-03-19T18:03:01","date_gmt":"2026-03-19T18:03:01","guid":{"rendered":"https:\/\/soydeaqui.ddns.net\/pachuca\/index.php\/producto\/switch-de-acceso-capa-3-con-doble-chip-para-alta-disponibilidad-ideal-en-redes-empresariales-con-24-puertos-gigabit-y-4-sfp-10gb\/"},"modified":"2026-03-19T18:03:04","modified_gmt":"2026-03-19T18:03:04","slug":"switch-de-acceso-capa-3-con-doble-chip-para-alta-disponibilidad-ideal-en-redes-empresariales-con-24-puertos-gigabit-y-4-sfp-10gb","status":"publish","type":"product","link":"https:\/\/soydeaqui.ddns.net\/pachuca\/index.php\/producto\/switch-de-acceso-capa-3-con-doble-chip-para-alta-disponibilidad-ideal-en-redes-empresariales-con-24-puertos-gigabit-y-4-sfp-10gb\/","title":{"rendered":"Switch de Acceso Capa 3 con doble Chip para Alta Disponibilidad Ideal en Redes Empresariales con 24 puertos Gigabit y 4 SFP+ 10Gb"},"content":{"rendered":"<div style='width: 100%; max-width: 1200px; margin: 0 auto; font-family: sans-serif; line-height: 1.6; color: inherit; background-color: transparent;'>\n<div style='display: flex; flex-wrap: wrap; gap: 30px; margin-bottom: 30px;'>\n<div style='flex: 1 1 300px; min-width: 280px;'>\n<p style='font-size: 15px; color: inherit; text-align: justify;'>Switch de acceso Gigabit para LAN empresariales y de campus de gran tama\u00f1o&comma; con cuatro puertos \u00f3pticos de enlace ascendente de 10G para transmisi\u00f3n de datos de alta velocidad 24 puertos Ethernet de 1000 Mbps&comma; que brindan acceso a la red de alta velocidad para servicios de corta distancia y redes flexibles.<\/p>\n<\/p><\/div>\n<\/p><\/div>\n<div style='display: flex; flex-wrap: wrap; gap: 20px; margin-bottom: 30px;'>\n<div style='flex: 1 1 100%; min-width: 280px;'>\n<div style='border: 1px solid rgba(150&comma; 150&comma; 150&comma; 0.3); border-radius: 8px; overflow: hidden; margin-bottom: 20px;'> <img style='width: 100%; height: auto; border: none;' src='https:\/\/ftp3.syscom.mx\/usuarios\/fotos\/RGCS8324GT4XS\/222441-2024-03-13_18_18_06-rg-cs83-24gt4xs&comma;_conmutador_de_acceso_administrado_de_capa_3_el\u00e9ctrica_ge_de_24_.png' alt=''> <\/div>\n<div style='border: 1px solid rgba(150&comma; 150&comma; 150&comma; 0.3); border-radius: 8px; overflow: hidden; margin-bottom: 20px;'> <img style='width: 100%; height: auto; border: none;' src='https:\/\/ftp3.syscom.mx\/usuarios\/fotos\/RGCS8324GT4XS\/222441-2024-03-13_18_19_26-rg-cs83-24gt4xs&comma;_conmutador_de_acceso_administrado_de_capa_3_el\u00e9ctrica_ge_de_24_.png' alt=''> <\/div>\n<div style='border: 1px solid rgba(150&comma; 150&comma; 150&comma; 0.3); border-radius: 8px; overflow: hidden; margin-bottom: 20px;'> <img style='width: 100%; height: auto; border: none;' src='https:\/\/ftp3.syscom.mx\/usuarios\/fotos\/RGCS8324GT4XS\/222441-2024-03-13_18_15_50-rg-cs83-24gt4xs&comma;24-port_ge_electrical_layer_3_managed_access_switch_-_ruijie_net.png' alt=''> <\/div>\n<div style='border: 1px solid rgba(150&comma; 150&comma; 150&comma; 0.3); border-radius: 8px; overflow: hidden; margin-bottom: 20px;'> <img style='width: 100%; height: auto; border: none;' src='https:\/\/ftp3.syscom.mx\/usuarios\/fotos\/RGCS8324GT4XS\/222441-2024-03-13_18_16_27-rg-cs83-24gt4xs&comma;24-port_ge_electrical_layer_3_managed_access_switch_-_ruijie_net.png' alt=''> <\/div>\n<div style='border: 1px solid rgba(150&comma; 150&comma; 150&comma; 0.3); border-radius: 8px; overflow: hidden; margin-bottom: 20px;'> <img style='width: 100%; height: auto; border: none;' src='https:\/\/ftp3.syscom.mx\/usuarios\/fotos\/RGCS8324GT4XS\/222441-2024-03-13_18_16_42-rg-cs83-24gt4xs&comma;24-port_ge_electrical_layer_3_managed_access_switch_-_ruijie_net.png' alt=''> <\/div>\n<\/p><\/div>\n<\/p><\/div>\n<\/p><\/div>\n","protected":false},"excerpt":{"rendered":"<p>Switch de Acceso Capa 3 con doble Chip para Alta Disponibilidad Ideal en Redes Empresariales con 24 puertos Gigabit y 4 SFP+ 10Gb<\/p>\n","protected":false},"featured_media":80412,"comment_status":"open","ping_status":"closed","template":"","meta":[],"product_brand":[],"product_cat":[1970],"product_tag":[664,2123,1971],"class_list":{"0":"post-80413","1":"product","2":"type-product","3":"status-publish","4":"has-post-thumbnail","6":"product_cat-switches","7":"product_tag-networking","8":"product_tag-ruijie","9":"product_tag-switches","11":"first","12":"instock","13":"sale","14":"shipping-taxable","15":"purchasable","16":"product-type-simple"},"_links":{"self":[{"href":"https:\/\/soydeaqui.ddns.net\/pachuca\/index.php\/wp-json\/wp\/v2\/product\/80413","targetHints":{"allow":["GET"]}}],"collection":[{"href":"https:\/\/soydeaqui.ddns.net\/pachuca\/index.php\/wp-json\/wp\/v2\/product"}],"about":[{"href":"https:\/\/soydeaqui.ddns.net\/pachuca\/index.php\/wp-json\/wp\/v2\/types\/product"}],"replies":[{"embeddable":true,"href":"https:\/\/soydeaqui.ddns.net\/pachuca\/index.php\/wp-json\/wp\/v2\/comments?post=80413"}],"wp:featuredmedia":[{"embeddable":true,"href":"https:\/\/soydeaqui.ddns.net\/pachuca\/index.php\/wp-json\/wp\/v2\/media\/80412"}],"wp:attachment":[{"href":"https:\/\/soydeaqui.ddns.net\/pachuca\/index.php\/wp-json\/wp\/v2\/media?parent=80413"}],"wp:term":[{"taxonomy":"product_brand","embeddable":true,"href":"https:\/\/soydeaqui.ddns.net\/pachuca\/index.php\/wp-json\/wp\/v2\/product_brand?post=80413"},{"taxonomy":"product_cat","embeddable":true,"href":"https:\/\/soydeaqui.ddns.net\/pachuca\/index.php\/wp-json\/wp\/v2\/product_cat?post=80413"},{"taxonomy":"product_tag","embeddable":true,"href":"https:\/\/soydeaqui.ddns.net\/pachuca\/index.php\/wp-json\/wp\/v2\/product_tag?post=80413"}],"curies":[{"name":"wp","href":"https:\/\/api.w.org\/{rel}","templated":true}]}}