{"id":80409,"date":"2026-03-19T18:02:50","date_gmt":"2026-03-19T18:02:50","guid":{"rendered":"https:\/\/soydeaqui.ddns.net\/pachuca\/index.php\/producto\/unidad-de-estado-solido-ssd-2048-gb-alto-rendimiento-hasta-3445mb-s-m-2-nvme-para-gaming-y-pc-trabajo-pesado\/"},"modified":"2026-03-19T18:02:56","modified_gmt":"2026-03-19T18:02:56","slug":"unidad-de-estado-solido-ssd-2048-gb-alto-rendimiento-hasta-3445mb-s-m-2-nvme-para-gaming-y-pc-trabajo-pesado","status":"publish","type":"product","link":"https:\/\/soydeaqui.ddns.net\/pachuca\/index.php\/producto\/unidad-de-estado-solido-ssd-2048-gb-alto-rendimiento-hasta-3445mb-s-m-2-nvme-para-gaming-y-pc-trabajo-pesado\/","title":{"rendered":"Unidad de Estado S\u00f3lido (SSD) 2048 GB \/ ALTO RENDIMIENTO \/ Hasta 3445MB\/s \/ M.2 NVMe \/ Para Gaming y PC Trabajo Pesado"},"content":{"rendered":"<div style='width: 100%; max-width: 1200px; margin: 0 auto; font-family: sans-serif; line-height: 1.6; color: inherit; background-color: transparent;'> <!-- Banner principal --> <\/p>\n<div style='width: 100%; margin: 20px 0;'> <img style='width: 100%; height: auto; border: 1px solid rgba(150&comma;150&comma;150&comma;0.3); border-radius: 8px;' src='https:\/\/ftp3.syscom.mx\/usuarios\/gmagos\/HIK\/storage\/Vaners\/hiksemi.png' alt='HIKSEMI Banner' \/> <\/div>\n<p> <!-- Especificaciones --> <\/p>\n<div style='display: flex; flex-wrap: wrap; gap: 30px; margin: 30px 0;'>\n<div style='flex: 1 1 300px; min-width: 280px;'>\n<h3 style='font-size: 22px; border-bottom: 2px solid currentColor; padding-bottom: 5px; margin-top: 0; color: inherit; opacity: 0.8;'>Caracter\u00edsticas Principales<\/h3>\n<ul style='padding-left: 20px; font-size: 15px; color: inherit;'>\n<li style='margin-bottom: 5px;'>Capacidad: <strong>2048 GB<\/strong><\/li>\n<li style='margin-bottom: 5px;'>Velocidad de Lectura: <strong>3445 MB\/s<\/strong><\/li>\n<li style='margin-bottom: 5px;'>Velocidad de Escritura: <strong>3120 MB\/s<\/strong><\/li>\n<li style='margin-bottom: 5px;'>Temperatura de Operaci\u00f3n: <strong>-40\u00b0C a 85\u00b0C (-40\u00b0F a +185\u00b0F)<\/strong><\/li>\n<li style='margin-bottom: 5px;'>Factor de Forma: <strong>M.2 \/ PCIe Gen 3 x 4 \/ NVMe<\/strong><\/li>\n<li style='margin-bottom: 5px;'>Tama\u00f1o: <strong>80.15 mm x 22.15 mm x 2.38 mm<\/strong><\/li>\n<li style='margin-bottom: 5px;'>Peso: <strong>\u2264 7 gramos<\/strong><\/li>\n<\/ul><\/div>\n<\/p><\/div>\n<p> <!-- Videos --> <\/p>\n<div style='display: flex; flex-wrap: wrap; gap: 20px; margin: 30px 0;'>\n<div style='flex: 1 1 400px; min-width: 300px;'>\n<h3 style='text-align: center; font-size: 18px; margin-top: 0; color: inherit;'><strong>\u00bfQui\u00e9n es HIKSEMI?<\/strong><\/h3>\n<div style='position: relative; padding-bottom: 56.25%; height: 0; overflow: hidden; margin-bottom: 20px;'>   <\/div>\n<\/p><\/div>\n<div style='flex: 1 1 400px; min-width: 300px;'>\n<h3 style='text-align: center; font-size: 18px; margin-top: 0; color: inherit;'><strong>Unidades de Estado S\u00f3lido<\/strong><\/h3>\n<div style='position: relative; padding-bottom: 56.25%; height: 0; overflow: hidden; margin-bottom: 20px;'>   <\/div>\n<\/p><\/div>\n<\/p><\/div>\n<p> <!-- Imagen con overlay --> <\/p>\n<div style='position: relative; width: 100%; margin: 30px 0;'> <img style='width: 100%; height: auto; border: 1px solid rgba(150&comma;150&comma;150&comma;0.3); border-radius: 8px;' src='https:\/\/ftp3.syscom.mx\/usuarios\/gmagos\/HIK\/storage\/Pagina%20WEB\/WAVE%20PRO%28P%29\/WAVE-Pro-%28P%29_01.jpg' alt='Imagen de Fondo' \/> <\/p>\n<div style='position: absolute; top: 0; left: 0; width: 100%; height: 100%; display: flex; align-items: center; justify-content: center; flex-direction: column; padding: 40px;'>\n<h1 style='font-size: 35px; color: white; text-align: center; margin: 0 0 10px 0;'><strong>SSD Serie Wave PCIe 3.0 NVMe M.2<\/strong><\/h1>\n<h2 style='font-size: 20px; color: white; text-align: center; margin: 0;'>Revolucionaria combinaci\u00f3n de potencia y eficiencia \u00a1Bienvenido al futuro del almacenamiento!<\/h2>\n<\/p><\/div>\n<\/p><\/div>\n<p> <!-- Secci\u00f3n con imagen y texto --> <\/p>\n<div style='display: flex; flex-wrap: wrap; gap: 20px; margin: 30px 0;'>\n<div style='flex: 1 1 300px; min-width: 280px; text-align: center;'> <img style='width: 100%; height: auto; border: 1px solid rgba(150&comma;150&comma;150&comma;0.3); border-radius: 8px;' src='https:\/\/ftp3.syscom.mx\/usuarios\/gmagos\/HIK\/storage\/Pagina%20WEB\/WAVE%20PRO%28P%29\/WAVE-Pro-%28P%29_02.jpg' alt='Imagen SSD' \/> <\/div>\n<div style='flex: 2 1 400px; min-width: 300px;'>\n<h3 style='font-size: 22px; border-bottom: 2px solid currentColor; padding-bottom: 5px; margin-top: 0; color: inherit; opacity: 0.8;'>Tecnolog\u00eda PCIe 3.0 NVMe<\/h3>\n<p style='font-size: 15px; color: inherit;'>Experimenta la potencia de la tecnolog\u00eda PCIe 3.0 NVMe con los SSD M.2 de Hiksemi. Alcanza velocidades de lectura impresionantes&comma; desatando un rendimiento sin igual con tasas de hasta 3520 MB\/s. Descubre una nueva dimensi\u00f3n de velocidad y eficiencia en el mundo del almacenamiento.<\/p>\n<\/p><\/div>\n<\/p><\/div>\n<p> <!-- Secci\u00f3n con texto e imagen --> <\/p>\n<div style='display: flex; flex-wrap: wrap; gap: 20px; margin: 30px 0;'>\n<div style='flex: 2 1 400px; min-width: 300px;'>\n<h3 style='font-size: 22px; border-bottom: 2px solid currentColor; padding-bottom: 5px; margin-top: 0; color: inherit; opacity: 0.8;'>WAVE (P)<\/h3>\n<p style='font-size: 15px; color: inherit;'>Presentamos WAVE (P)&comma; la elecci\u00f3n definitiva para clientes en busca de un rendimiento excepcional en entornos de oficina y juegos. Dise\u00f1ada para satisfacer las demandas m\u00e1s exigentes&comma; esta serie de SSDs M.2 de Hiksemi eleva los est\u00e1ndares de alto rendimiento tanto para profesionales como para entusiastas del gaming. Descubre la potencia que necesitas para conquistar cualquier tarea o desaf\u00edo.<\/p>\n<\/p><\/div>\n<div style='flex: 1 1 300px; min-width: 280px; text-align: center;'> <img style='width: 100%; height: auto; border: 1px solid rgba(150&comma;150&comma;150&comma;0.3); border-radius: 8px;' src='https:\/\/ftp3.syscom.mx\/usuarios\/gmagos\/HIK\/storage\/Pagina%20WEB\/WAVE%20PRO%28P%29\/WAVE-Pro-%28P%29_03.jpg' alt='Imagen SSD 2' \/> <\/div>\n<\/p><\/div>\n<p> <!-- Imagen con overlay de instalaci\u00f3n --> <\/p>\n<div style='position: relative; width: 100%; margin: 30px 0;'> <img style='width: 100%; height: auto; border: 1px solid rgba(150&comma;150&comma;150&comma;0.3); border-radius: 8px;' src='https:\/\/ftp3.syscom.mx\/usuarios\/gmagos\/HIK\/storage\/Pagina%20WEB\/WAVE%20PRO%28P%29\/WAVE-Pro-%28P%29_04.jpg' alt='Imagen de Fondo' \/> <\/p>\n<div style='position: absolute; top: 0; left: 0; width: 100%; height: 100%; display: flex; align-items: center; justify-content: center; flex-direction: column; padding: 40px;'>\n<h1 style='font-size: 35px; color: white; text-align: center; margin: 0 0 10px 0;'><strong>F\u00e1cil instalaci\u00f3n<\/strong><\/h1>\n<h2 style='font-size: 20px; color: white; text-align: center; margin: 0;'>Dise\u00f1ados para una instalaci\u00f3n sencilla&comma; permiti\u00e9ndole sumergirte en la rapidez y eficiencia de un torrente de datos como nunca antes.<\/h2>\n<\/p><\/div>\n<\/p><\/div>\n<p> <!-- Banner final --> <\/p>\n<div style='width: 100%; margin: 30px 0;'> <img style='width: 100%; height: auto; border: 1px solid rgba(150&comma;150&comma;150&comma;0.3); border-radius: 8px;' src='https:\/\/ftp3.syscom.mx\/usuarios\/gmagos\/HIK\/storage\/Vaners\/HIKSEMI-banner1.jpg' alt='Banner Final' \/> <\/div>\n<\/p><\/div>\n","protected":false},"excerpt":{"rendered":"<p>Unidad de Estado S\u00f3lido (SSD) 2048 GB \/ ALTO RENDIMIENTO \/ Hasta 3445MB\/s \/ M.2 NVMe \/ Para Gaming y PC Trabajo Pesado<\/p>\n","protected":false},"featured_media":80408,"comment_status":"open","ping_status":"closed","template":"","meta":[],"product_brand":[],"product_cat":[2138],"product_tag":[1974,2129,2139],"class_list":{"0":"post-80409","1":"product","2":"type-product","3":"status-publish","4":"has-post-thumbnail","6":"product_cat-unidades-de-estado-solido-ssd","7":"product_tag-almacenamiento","8":"product_tag-hiksemi-by-hikvision","9":"product_tag-unidades-de-estado-solido-ssd","11":"first","12":"outofstock","13":"sale","14":"shipping-taxable","15":"purchasable","16":"product-type-simple"},"_links":{"self":[{"href":"https:\/\/soydeaqui.ddns.net\/pachuca\/index.php\/wp-json\/wp\/v2\/product\/80409","targetHints":{"allow":["GET"]}}],"collection":[{"href":"https:\/\/soydeaqui.ddns.net\/pachuca\/index.php\/wp-json\/wp\/v2\/product"}],"about":[{"href":"https:\/\/soydeaqui.ddns.net\/pachuca\/index.php\/wp-json\/wp\/v2\/types\/product"}],"replies":[{"embeddable":true,"href":"https:\/\/soydeaqui.ddns.net\/pachuca\/index.php\/wp-json\/wp\/v2\/comments?post=80409"}],"wp:featuredmedia":[{"embeddable":true,"href":"https:\/\/soydeaqui.ddns.net\/pachuca\/index.php\/wp-json\/wp\/v2\/media\/80408"}],"wp:attachment":[{"href":"https:\/\/soydeaqui.ddns.net\/pachuca\/index.php\/wp-json\/wp\/v2\/media?parent=80409"}],"wp:term":[{"taxonomy":"product_brand","embeddable":true,"href":"https:\/\/soydeaqui.ddns.net\/pachuca\/index.php\/wp-json\/wp\/v2\/product_brand?post=80409"},{"taxonomy":"product_cat","embeddable":true,"href":"https:\/\/soydeaqui.ddns.net\/pachuca\/index.php\/wp-json\/wp\/v2\/product_cat?post=80409"},{"taxonomy":"product_tag","embeddable":true,"href":"https:\/\/soydeaqui.ddns.net\/pachuca\/index.php\/wp-json\/wp\/v2\/product_tag?post=80409"}],"curies":[{"name":"wp","href":"https:\/\/api.w.org\/{rel}","templated":true}]}}