{"id":80407,"date":"2026-03-19T18:02:47","date_gmt":"2026-03-19T18:02:47","guid":{"rendered":"https:\/\/soydeaqui.ddns.net\/pachuca\/index.php\/producto\/8x-10-100-1000t-2x-1g-10g-sfp-industrial-ethernet-layer-2-switch-poe-taa\/"},"modified":"2026-03-19T18:02:48","modified_gmt":"2026-03-19T18:02:48","slug":"8x-10-100-1000t-2x-1g-10g-sfp-industrial-ethernet-layer-2-switch-poe-taa","status":"publish","type":"product","link":"https:\/\/soydeaqui.ddns.net\/pachuca\/index.php\/producto\/8x-10-100-1000t-2x-1g-10g-sfp-industrial-ethernet-layer-2-switch-poe-taa\/","title":{"rendered":"8x 10\/100\/1000T, 2x 1G\/10G SFP+, Industrial Ethernet, Layer 2+ Switch, PoE++ (TAA)"},"content":{"rendered":"<div style='width: 100%; max-width: 1200px; margin: 0 auto; font-family: sans-serif; line-height: 1.6; color: inherit; background-color: transparent;'>\n<div style='display: flex; flex-direction: column; gap: 15px; margin-bottom: 30px;'>\n<h1 style='font-size: 2.5rem; margin: 0; color: inherit; font-weight: 400; line-height: 1.2em;'> Serie IE220 <\/h1>\n<div style='font-size: 1.1rem; color: inherit; opacity: 0.8;'> Switches Industrial Ethernet Layer 2+ PoE++ <\/div>\n<\/p><\/div>\n<div style='display: flex; flex-direction: column; gap: 25px; margin-bottom: 40px;'>\n<p style='font-size: 1rem; margin: 0 0 1.5em 0; color: inherit;'> Switches reforzados construidos para un rendimiento duradero en entornos hostiles. Power over Ethernet (PoE++) conecta y alimenta dispositivos ambientales&comma; de control de sistemas y otros dispositivos IoT clave para una soluci\u00f3n confiable y de alto rendimiento. La serie IE220 permite la seguridad y el buen funcionamiento de la automatizaci\u00f3n de edificios&comma; el transporte inteligente y las redes de ciudades inteligentes. <\/p>\n<\/p><\/div>\n<h2 style='font-size: 1.8rem; margin: 0 0 20px 0; color: inherit; border-bottom: 2px solid rgba(150&comma;150&comma;150&comma;0.3); padding-bottom: 5px;'> Descripci\u00f3n <\/h2>\n<div style='display: grid; grid-template-columns: repeat(auto-fill&comma; minmax(280px&comma; 1fr)); gap: 30px; margin-bottom: 40px;'>\n<div style='border: 1px solid rgba(150&comma; 150&comma; 150&comma; 0.4); border-radius: 8px; overflow: hidden; display: flex; flex-direction: column;'>\n<div style='padding: 15px; border-bottom: 1px solid rgba(150&comma; 150&comma; 150&comma; 0.2); font-weight: bold; font-size: 18px; color: inherit; background-color: rgba(53&comma; 152&comma; 187&comma; 0.1);'> Descripci\u00f3n General <\/div>\n<div style='padding: 15px; color: inherit;'>\n<ul style='padding-left: 20px; margin: 0; font-size: 14px; list-style-type: disc; color: inherit;'>\n<li style='margin-bottom: 8px;'>Switches de grado industrial reforzados que funcionan sin interrupciones en entornos hostiles<\/li>\n<li style='margin-bottom: 8px;'>Maximice la eficiencia de los edificios inteligentes conectando y automatizando la seguridad&comma; el control de acceso&comma; la gesti\u00f3n de energ\u00eda&comma; el control de iluminaci\u00f3n y m\u00e1s.<\/li>\n<li style='margin-bottom: 8px;'>Garantice un funcionamiento fluido del transporte con datos en tiempo real que respalden el control de tr\u00e1fico adaptativo&comma; la telem\u00e1tica de la flota y el mantenimiento preventivo.<\/li>\n<li style='margin-bottom: 8px;'>Mejore la vida urbana moderna con aplicaciones inteligentes como gesti\u00f3n de estacionamiento&comma; seguridad&comma; monitoreo ambiental&comma; quioscos de informaci\u00f3n y Wi-Fi p\u00fablico.<\/li>\n<li style='margin-bottom: 8px;'>Simplifique la implementaci\u00f3n y el funcionamiento de la red con PoE++ para conectar y alimentar una amplia gama de dispositivos de alta potencia.<\/li>\n<li style='margin-bottom: 8px;'>Fiabilidad total con compatibilidad total con los \u00faltimos est\u00e1ndares industriales de Ethernet para temperatura&comma; vibraci\u00f3n y ruido.<\/li>\n<li style='margin-bottom: 8px;'>Visibilidad y gesti\u00f3n de seguridad de red superiores&comma; con control granular de la comunicaci\u00f3n entre dispositivos mediante microsegmentaci\u00f3n basada en SDN.<\/li>\n<li style='margin-bottom: 8px;'>Gesti\u00f3n centralizada&comma; visibilidad y automatizaci\u00f3n de toda la red mediante Vista Manager\u2122 y Autonomous Management Framework\u2122 Plus.<\/li>\n<\/ul><\/div>\n<\/p><\/div>\n<div style='border: 1px solid rgba(150&comma; 150&comma; 150&comma; 0.4); border-radius: 8px; overflow: hidden; display: flex; flex-direction: column;'>\n<div style='padding: 15px; border-bottom: 1px solid rgba(150&comma; 150&comma; 150&comma; 0.2); font-weight: bold; font-size: 18px; color: inherit; background-color: rgba(53&comma; 152&comma; 187&comma; 0.1);'> Caracter\u00edsticas principales <\/div>\n<div style='padding: 15px; color: inherit;'>\n<ul style='padding-left: 20px; margin: 0; font-size: 14px; list-style-type: disc; color: inherit;'>\n<li style='margin-bottom: 8px;'>Sistema operativo AlliedWare Plus\u2122 con numerosas funciones<\/li>\n<li style='margin-bottom: 8px;'>Puertos de cobre PoE++ de 1 GbE con enlaces ascendentes de fibra de 10 GbE<\/li>\n<li style='margin-bottom: 8px;'>Dise\u00f1o sin ventilador para una alta confiabilidad y un funcionamiento silencioso.<\/li>\n<li style='margin-bottom: 8px;'>Temperatura de funcionamiento extendida de -40 \u00b0C a 75 \u00b0C para entornos hostiles<\/li>\n<li style='margin-bottom: 8px;'>Inmunidad contra sobretensiones para despliegue en exteriores<\/li>\n<li style='margin-bottom: 8px;'>PoE++ suministra hasta 95 W por puerto a dispositivos de alta potencia<\/li>\n<li style='margin-bottom: 8px;'>El PoE continuo maximiza la conectividad de los puntos finales<\/li>\n<li style='margin-bottom: 8px;'>Monitoreo activo de fibra (AFM) para enlaces ascendentes de fibra seguros<\/li>\n<li style='margin-bottom: 8px;'>Certificado para plenums: certificado UL 2043<\/li>\n<li style='margin-bottom: 8px;'>MRP&comma; EPSRing\u2122 y G.8032 ERPS para redes basadas en anillos resistentes y de alta disponibilidad<\/li>\n<li style='margin-bottom: 8px;'>Entradas de energ\u00eda redundantes para un funcionamiento resistente<\/li>\n<li style='margin-bottom: 8px;'>Apagado t\u00e9rmico elegante para protecci\u00f3n de la red<\/li>\n<li style='margin-bottom: 8px;'>Monitoreo de alarmas y activadores para una administraci\u00f3n proactiva<\/li>\n<\/ul><\/div>\n<\/p><\/div>\n<div style='border: 1px solid rgba(150&comma; 150&comma; 150&comma; 0.4); border-radius: 8px; overflow: hidden; display: flex; flex-direction: column;'>\n<div style='padding: 15px; border-bottom: 1px solid rgba(150&comma; 150&comma; 150&comma; 0.2); font-weight: bold; font-size: 18px; color: inherit; background-color: rgba(53&comma; 152&comma; 187&comma; 0.1);'> Certificaciones y Cumplimiento <\/div>\n<div style='padding: 15px; color: inherit;'>\n<ul style='padding-left: 20px; margin: 0; font-size: 14px; list-style-type: disc; color: inherit;'>\n<li style='margin-bottom: 15px;'> <strong>Compatible con IPv6:<\/strong>\n<ul style='margin-top: 8px; margin-bottom: 0; padding-left: 20px; list-style-type: circle;'>\n<li style='margin-bottom: 5px;'>Organizada por el Foro IPv6&comma; la certificaci\u00f3n IPv6 Ready demuestra la conformidad con los est\u00e1ndares IPv6 y valida la interoperabilidad de los productos IPv6<\/li>\n<\/ul>\n<\/li>\n<li style='margin-bottom: 15px;'> <strong>Conformidad con OpenFlow:<\/strong>\n<ul style='margin-top: 8px; margin-bottom: 0; padding-left: 20px; list-style-type: circle;'>\n<li style='margin-bottom: 5px;'>OpenFlow Conformance es la m\u00e1xima garant\u00eda de la Open Networking Foundation que valida que los productos cumplen con la especificaci\u00f3n OpenFlow.<\/li>\n<\/ul>\n<\/li>\n<li style='margin-bottom: 15px;'> <strong>Plenum rated<\/strong>\n<ul style='margin-top: 8px; margin-bottom: 0; padding-left: 20px; list-style-type: circle;'>\n<li style='margin-bottom: 5px;'>La serie IE220 cuenta con certificaci\u00f3n UL 2043 para su uso en c\u00e1maras de distribuci\u00f3n&comma; conductos y otros espacios utilizados para aire ambiental.<\/li>\n<\/ul>\n<\/li>\n<li style='margin-bottom: 15px;'> <strong>Ley de Acuerdos Comerciales (TAA):<\/strong>\n<ul style='margin-top: 8px; margin-bottom: 0; padding-left: 20px; list-style-type: circle;'>\n<li style='margin-bottom: 5px;'>El cumplimiento de TAA es obligatorio para las compras del gobierno de EE. UU. para demostrar que los productos se fabrican \u00fanicamente en EE. UU. u otros pa\u00edses aprobados.<\/li>\n<\/ul>\n<\/li>\n<\/ul><\/div>\n<\/p><\/div>\n<div style='border: 1px solid rgba(150&comma; 150&comma; 150&comma; 0.4); border-radius: 8px; overflow: hidden; display: flex; flex-direction: column;'>\n<div style='padding: 15px; border-bottom: 1px solid rgba(150&comma; 150&comma; 150&comma; 0.2); font-weight: bold; font-size: 18px; color: inherit; background-color: rgba(53&comma; 152&comma; 187&comma; 0.1);'> Especificaciones <\/div>\n<div style='padding: 15px; color: inherit;'>\n<ul style='padding-left: 20px; margin: 0; font-size: 14px; list-style-type: disc; color: inherit;'>\n<li style='margin-bottom: 8px;'>8 puertos de cobre 10\/100\/1000 Mbps (RJ45)<\/li>\n<li style='margin-bottom: 8px;'>2 Puertos SFP\/SFP+ 1\/10G<\/li>\n<li style='margin-bottom: 8px;'>Puertos habilitados para PoE (4 PoE++&comma; 8 PoE+)<\/li>\n<li style='margin-bottom: 8px;'>Switching Fabric 56Gbps<\/li>\n<li style='margin-bottom: 8px;'>Forwarding Rate 41.7Mpps<\/li>\n<li style='margin-bottom: 8px;'>Dimensiones: 65 x 137 x 155 mm<\/li>\n<li style='margin-bottom: 8px;'>Peso: 1.6kg<\/li>\n<li style='margin-bottom: 8px;'>Carcasa de aluminio\/chapa met\u00e1lica<\/li>\n<li style='margin-bottom: 8px;'>Montaje en riel DIN&comma; montaje en pared<\/li>\n<li style='margin-bottom: 8px;'>Protecci\u00f3n: IP30<\/li>\n<li style='margin-bottom: 8px;'>Alimentaci\u00f3n: 37 &#8211; 57 VCC<\/li>\n<li style='margin-bottom: 8px;'>Consumo: 18.5 W (sin carga de PoE) \/ 266 W (carga completa de PoE)<\/li>\n<li style='margin-bottom: 8px;'>Disipaci\u00f3n maxima de calor: 87.78 BTU\/hora<\/li>\n<li style='margin-bottom: 8px;'>Temperatura de Operaci\u00f3n: -40\u00baC a 75\u00ba C<\/li>\n<\/ul><\/div>\n<\/p><\/div>\n<\/p><\/div>\n<hr style='border: 0; border-top: 1px solid rgba(150&comma; 150&comma; 150&comma; 0.3); margin: 40px 0;'> <\/div>\n","protected":false},"excerpt":{"rendered":"<p>8x 10\/100\/1000T, 2x 1G\/10G SFP+, Industrial Ethernet, Layer 2+ Switch, PoE++ (TAA)<\/p>\n","protected":false},"featured_media":80406,"comment_status":"open","ping_status":"closed","template":"","meta":[],"product_brand":[],"product_cat":[1984],"product_tag":[1995,1985,664],"class_list":{"0":"post-80407","1":"product","2":"type-product","3":"status-publish","4":"has-post-thumbnail","6":"product_cat-industrial","7":"product_tag-allied-telesis","8":"product_tag-industrial","9":"product_tag-networking","11":"first","12":"instock","13":"sale","14":"shipping-taxable","15":"purchasable","16":"product-type-simple"},"_links":{"self":[{"href":"https:\/\/soydeaqui.ddns.net\/pachuca\/index.php\/wp-json\/wp\/v2\/product\/80407","targetHints":{"allow":["GET"]}}],"collection":[{"href":"https:\/\/soydeaqui.ddns.net\/pachuca\/index.php\/wp-json\/wp\/v2\/product"}],"about":[{"href":"https:\/\/soydeaqui.ddns.net\/pachuca\/index.php\/wp-json\/wp\/v2\/types\/product"}],"replies":[{"embeddable":true,"href":"https:\/\/soydeaqui.ddns.net\/pachuca\/index.php\/wp-json\/wp\/v2\/comments?post=80407"}],"wp:featuredmedia":[{"embeddable":true,"href":"https:\/\/soydeaqui.ddns.net\/pachuca\/index.php\/wp-json\/wp\/v2\/media\/80406"}],"wp:attachment":[{"href":"https:\/\/soydeaqui.ddns.net\/pachuca\/index.php\/wp-json\/wp\/v2\/media?parent=80407"}],"wp:term":[{"taxonomy":"product_brand","embeddable":true,"href":"https:\/\/soydeaqui.ddns.net\/pachuca\/index.php\/wp-json\/wp\/v2\/product_brand?post=80407"},{"taxonomy":"product_cat","embeddable":true,"href":"https:\/\/soydeaqui.ddns.net\/pachuca\/index.php\/wp-json\/wp\/v2\/product_cat?post=80407"},{"taxonomy":"product_tag","embeddable":true,"href":"https:\/\/soydeaqui.ddns.net\/pachuca\/index.php\/wp-json\/wp\/v2\/product_tag?post=80407"}],"curies":[{"name":"wp","href":"https:\/\/api.w.org\/{rel}","templated":true}]}}