{"id":80405,"date":"2026-03-19T18:02:43","date_gmt":"2026-03-19T18:02:43","guid":{"rendered":"https:\/\/soydeaqui.ddns.net\/pachuca\/index.php\/producto\/switch-industrial-l2-puertos-4x-10-100-1000t-con-poe-2x-1g-10g-sfp-poe-taa\/"},"modified":"2026-03-19T18:02:45","modified_gmt":"2026-03-19T18:02:45","slug":"switch-industrial-l2-puertos-4x-10-100-1000t-con-poe-2x-1g-10g-sfp-poe-taa","status":"publish","type":"product","link":"https:\/\/soydeaqui.ddns.net\/pachuca\/index.php\/producto\/switch-industrial-l2-puertos-4x-10-100-1000t-con-poe-2x-1g-10g-sfp-poe-taa\/","title":{"rendered":"Switch Industrial L2+, Puertos 4x 10\/100\/1000T con PoE++, 2x 1G\/10G SFP+, PoE++ (TAA)"},"content":{"rendered":"<div style='width: 100%; max-width: 1200px; margin: 0 auto; font-family: sans-serif; line-height: 1.6; color: inherit; background-color: transparent;'>\n<h1 style='font-size: 2.5rem; margin-top: 0; margin-bottom: 0.5em; color: inherit; font-weight: 400;'>Serie IE220<\/h1>\n<div style='font-size: 1.1rem; margin-bottom: 20px; color: inherit; opacity: 0.8;'>Switches Industrial Ethernet Layer 2+ PoE++<\/div>\n<div style='display: flex; flex-wrap: wrap; gap: 30px; margin-bottom: 30px;'>\n<div style='flex: 1 1 300px; min-width: 280px;'>\n<h3 style='font-size: 22px; border-bottom: 2px solid currentColor; padding-bottom: 5px; margin-top: 0; color: inherit; opacity: 0.8;'>Caracter\u00edsticas<\/h3>\n<ul style='padding-left: 20px; font-size: 15px; color: inherit;'>\n<li style='margin-bottom: 5px;'>Switches reforzados construidos para un rendimiento duradero en entornos hostiles<\/li>\n<li style='margin-bottom: 5px;'>Power over Ethernet (PoE++) conecta y alimenta dispositivos ambientales&comma; de control de sistemas y otros dispositivos IoT clave para una soluci\u00f3n confiable y de alto rendimiento<\/li>\n<li style='margin-bottom: 5px;'>La serie IE220 permite la seguridad y el buen funcionamiento de la automatizaci\u00f3n de edificios&comma; el transporte inteligente y las redes de ciudades inteligentes<\/li>\n<\/ul><\/div>\n<\/p><\/div>\n<div style='display: flex; flex-wrap: wrap; gap: 20px; margin-bottom: 30px;'>\n<div style='flex: 1 1 250px; border: 1px solid rgba(150&comma; 150&comma; 150&comma; 0.4); border-radius: 8px; overflow: hidden; display: flex; flex-direction: column;'>\n<div style='padding: 15px; border-bottom: 1px solid rgba(150&comma; 150&comma; 150&comma; 0.2); font-weight: bold; font-size: 18px; color: inherit;'>Descripci\u00f3n General<\/div>\n<div style='padding: 15px; color: inherit;'>\n<ul style='padding-left: 20px; margin: 0; font-size: 14px; list-style-type: disc;'>\n<li style='margin-bottom: 5px;'>Switches de grado industrial reforzados que funcionan sin interrupciones en entornos hostiles<\/li>\n<li style='margin-bottom: 5px;'>Maximice la eficiencia de los edificios inteligentes conectando y automatizando la seguridad&comma; el control de acceso&comma; la gesti\u00f3n de energ\u00eda&comma; el control de iluminaci\u00f3n y m\u00e1s<\/li>\n<li style='margin-bottom: 5px;'>Garantice un funcionamiento fluido del transporte con datos en tiempo real que respaldan el control de tr\u00e1fico adaptativo&comma; la telem\u00e1tica de la flota y el mantenimiento preventivo<\/li>\n<li style='margin-bottom: 5px;'>Mejore la vida urbana moderna con aplicaciones inteligentes como gesti\u00f3n de estacionamiento&comma; seguridad&comma; monitoreo ambiental&comma; quioscos de informaci\u00f3n y Wi-Fi p\u00fablico<\/li>\n<li style='margin-bottom: 5px;'>Simplifique la implementaci\u00f3n y el funcionamiento de la red con PoE++ para conectar y alimentar una amplia gama de dispositivos de alta potencia<\/li>\n<li style='margin-bottom: 5px;'>Fiabilidad total con compatibilidad total con los \u00faltimos est\u00e1ndares industriales de Ethernet para temperatura&comma; vibraci\u00f3n y ruido<\/li>\n<li style='margin-bottom: 5px;'>Visibilidad y gesti\u00f3n de seguridad de red superiores&comma; con control granular de la comunicaci\u00f3n entre dispositivos mediante microsegmentaci\u00f3n basada en SDN<\/li>\n<li style='margin-bottom: 5px;'>Gesti\u00f3n centralizada&comma; visibilidad y automatizaci\u00f3n de toda la red mediante Vista Manager\u2122 y Autonomous Management Framework\u2122 Plus<\/li>\n<\/ul><\/div>\n<\/p><\/div>\n<div style='flex: 1 1 250px; border: 1px solid rgba(150&comma; 150&comma; 150&comma; 0.4); border-radius: 8px; overflow: hidden; display: flex; flex-direction: column;'>\n<div style='padding: 15px; border-bottom: 1px solid rgba(150&comma; 150&comma; 150&comma; 0.2); font-weight: bold; font-size: 18px; color: inherit;'>Caracter\u00edsticas principales<\/div>\n<div style='padding: 15px; color: inherit;'>\n<ul style='padding-left: 20px; margin: 0; font-size: 14px; list-style-type: disc;'>\n<li style='margin-bottom: 5px;'>Sistema operativo AlliedWare Plus\u2122 con numerosas funciones<\/li>\n<li style='margin-bottom: 5px;'>Puertos de cobre PoE++ de 1 GbE con enlaces ascendentes de fibra de 10 GbE<\/li>\n<li style='margin-bottom: 5px;'>Dise\u00f1o sin ventilador para una alta confiabilidad y un funcionamiento silencioso<\/li>\n<li style='margin-bottom: 5px;'>Temperatura de funcionamiento extendida de -40 \u00b0C a 75 \u00b0C para entornos hostiles<\/li>\n<li style='margin-bottom: 5px;'>Inmunidad contra sobretensiones para despliegue en exteriores<\/li>\n<li style='margin-bottom: 5px;'>PoE++ suministra hasta 95 W por puerto a dispositivos de alta potencia<\/li>\n<li style='margin-bottom: 5px;'>El PoE continuo maximiza la conectividad de los puntos finales<\/li>\n<li style='margin-bottom: 5px;'>Monitoreo activo de fibra (AFM) para enlaces ascendentes de fibra seguros<\/li>\n<li style='margin-bottom: 5px;'>Certificado para plenums: certificado UL 2043<\/li>\n<li style='margin-bottom: 5px;'>MRP&comma; EPSRing\u2122 y G.8032 ERPS para redes basadas en anillos resistentes y de alta disponibilidad<\/li>\n<li style='margin-bottom: 5px;'>Entradas de energ\u00eda redundantes para un funcionamiento resistente<\/li>\n<li style='margin-bottom: 5px;'>Apagado t\u00e9rmico elegante para protecci\u00f3n de la red<\/li>\n<li style='margin-bottom: 5px;'>Monitoreo de alarmas y activadores para una administraci\u00f3n proactiva<\/li>\n<\/ul><\/div>\n<\/p><\/div>\n<div style='flex: 1 1 250px; border: 1px solid rgba(150&comma; 150&comma; 150&comma; 0.4); border-radius: 8px; overflow: hidden; display: flex; flex-direction: column;'>\n<div style='padding: 15px; border-bottom: 1px solid rgba(150&comma; 150&comma; 150&comma; 0.2); font-weight: bold; font-size: 18px; color: inherit;'>Certificaciones y Cumplimiento<\/div>\n<div style='padding: 15px; color: inherit;'>\n<ul style='padding-left: 20px; margin: 0; font-size: 14px; list-style-type: disc;'>\n<li style='margin-bottom: 5px;'><strong>Compatible con IPv6:<\/strong> Organizada por el Foro IPv6&comma; la certificaci\u00f3n IPv6 Ready demuestra la conformidad con los est\u00e1ndares IPv6 y valida la interoperabilidad de los productos IPv6<\/li>\n<li style='margin-bottom: 5px;'><strong>Conformidad con OpenFlow:<\/strong> OpenFlow Conformance es la m\u00e1xima garant\u00eda de la Open Networking Foundation que valida que los productos cumplen con la especificaci\u00f3n OpenFlow<\/li>\n<li style='margin-bottom: 5px;'><strong>Plenum rated:<\/strong> La serie IE220 cuenta con certificaci\u00f3n UL 2043 para su uso en c\u00e1maras de distribuci\u00f3n&comma; conductos y otros espacios utilizados para aire ambiental<\/li>\n<li style='margin-bottom: 5px;'><strong>Ley de Acuerdos Comerciales (TAA):<\/strong> El cumplimiento de TAA es obligatorio para las compras del gobierno de EE. UU. para demostrar que los productos se fabrican \u00fanicamente en EE. UU. u otros pa\u00edses aprobados<\/li>\n<\/ul><\/div>\n<\/p><\/div>\n<div style='flex: 1 1 250px; border: 1px solid rgba(150&comma; 150&comma; 150&comma; 0.4); border-radius: 8px; overflow: hidden; display: flex; flex-direction: column;'>\n<div style='padding: 15px; border-bottom: 1px solid rgba(150&comma; 150&comma; 150&comma; 0.2); font-weight: bold; font-size: 18px; color: inherit;'>Especificaciones<\/div>\n<div style='padding: 15px; color: inherit;'>\n<ul style='padding-left: 20px; margin: 0; font-size: 14px; list-style-type: disc;'>\n<li style='margin-bottom: 5px;'>4 puertos de cobre 10\/100\/1000 Mbps (RJ45)<\/li>\n<li style='margin-bottom: 5px;'>2 Puertos SFP\/SFP+ 1\/10G<\/li>\n<li style='margin-bottom: 5px;'>Puertos habilitados para PoE (2 PoE++&comma; 4 PoE+)<\/li>\n<li style='margin-bottom: 5px;'>Switching Fabric 48Gbps<\/li>\n<li style='margin-bottom: 5px;'>Forwarding Rate 37.7Mpps<\/li>\n<li style='margin-bottom: 5px;'>Dimensiones: 65 x 137 x 155 mm<\/li>\n<li style='margin-bottom: 5px;'>Peso: 1.57kg<\/li>\n<li style='margin-bottom: 5px;'>Carcasa de aluminio\/chapa met\u00e1lica<\/li>\n<li style='margin-bottom: 5px;'>Montaje en riel DIN&comma; montaje en pared<\/li>\n<li style='margin-bottom: 5px;'>Protecci\u00f3n: IP30<\/li>\n<li style='margin-bottom: 5px;'>Alimentaci\u00f3n: 37 &#8211; 57 VCC<\/li>\n<li style='margin-bottom: 5px;'>Consumo: 17.4 W (sin carga de PoE) \/ 204 W (carga completa de PoE)<\/li>\n<li style='margin-bottom: 5px;'>Disipaci\u00f3n m\u00e1xima de calor: 80.3 BTU\/hora<\/li>\n<li style='margin-bottom: 5px;'>Temperatura de Operaci\u00f3n: -40\u00baC a 75\u00ba C<\/li>\n<\/ul><\/div>\n<\/p><\/div>\n<\/p><\/div>\n<hr style='border: 0; border-top: 1px solid rgba(150&comma; 150&comma; 150&comma; 0.3); margin: 30px 0;'> <\/div>\n","protected":false},"excerpt":{"rendered":"<p>Switch Industrial L2+, Puertos 4x 10\/100\/1000T con PoE++, 2x 1G\/10G SFP+, PoE++ (TAA)<\/p>\n","protected":false},"featured_media":80404,"comment_status":"open","ping_status":"closed","template":"","meta":[],"product_brand":[],"product_cat":[1984],"product_tag":[1995,1985,664],"class_list":{"0":"post-80405","1":"product","2":"type-product","3":"status-publish","4":"has-post-thumbnail","6":"product_cat-industrial","7":"product_tag-allied-telesis","8":"product_tag-industrial","9":"product_tag-networking","11":"first","12":"outofstock","13":"sale","14":"shipping-taxable","15":"purchasable","16":"product-type-simple"},"_links":{"self":[{"href":"https:\/\/soydeaqui.ddns.net\/pachuca\/index.php\/wp-json\/wp\/v2\/product\/80405","targetHints":{"allow":["GET"]}}],"collection":[{"href":"https:\/\/soydeaqui.ddns.net\/pachuca\/index.php\/wp-json\/wp\/v2\/product"}],"about":[{"href":"https:\/\/soydeaqui.ddns.net\/pachuca\/index.php\/wp-json\/wp\/v2\/types\/product"}],"replies":[{"embeddable":true,"href":"https:\/\/soydeaqui.ddns.net\/pachuca\/index.php\/wp-json\/wp\/v2\/comments?post=80405"}],"wp:featuredmedia":[{"embeddable":true,"href":"https:\/\/soydeaqui.ddns.net\/pachuca\/index.php\/wp-json\/wp\/v2\/media\/80404"}],"wp:attachment":[{"href":"https:\/\/soydeaqui.ddns.net\/pachuca\/index.php\/wp-json\/wp\/v2\/media?parent=80405"}],"wp:term":[{"taxonomy":"product_brand","embeddable":true,"href":"https:\/\/soydeaqui.ddns.net\/pachuca\/index.php\/wp-json\/wp\/v2\/product_brand?post=80405"},{"taxonomy":"product_cat","embeddable":true,"href":"https:\/\/soydeaqui.ddns.net\/pachuca\/index.php\/wp-json\/wp\/v2\/product_cat?post=80405"},{"taxonomy":"product_tag","embeddable":true,"href":"https:\/\/soydeaqui.ddns.net\/pachuca\/index.php\/wp-json\/wp\/v2\/product_tag?post=80405"}],"curies":[{"name":"wp","href":"https:\/\/api.w.org\/{rel}","templated":true}]}}