{"id":8040,"date":"2026-03-18T07:03:55","date_gmt":"2026-03-18T07:03:55","guid":{"rendered":"https:\/\/soydeaqui.ddns.net\/pachuca\/index.php\/producto\/sirena-inalambrica-con-alimentacion-a-bateria-con-una-duracion-de-2-anos\/"},"modified":"2026-03-18T07:03:59","modified_gmt":"2026-03-18T07:03:59","slug":"sirena-inalambrica-con-alimentacion-a-bateria-con-una-duracion-de-2-anos","status":"publish","type":"product","link":"https:\/\/soydeaqui.ddns.net\/pachuca\/index.php\/producto\/sirena-inalambrica-con-alimentacion-a-bateria-con-una-duracion-de-2-anos\/","title":{"rendered":"Sirena inal\u00e1mbrica con alimentaci\u00f3n a bater\u00eda con una duraci\u00f3n de 2 a\u00f1os* \/"},"content":{"rendered":"<div style=\"width: 100%; max-width: 1200px; margin: 0 auto; font-family: sans-serif; line-height: 1.6; color: inherit; background-color: transparent;\">\n<div style=\"display: flex; flex-wrap: wrap; gap: 30px; margin-bottom: 30px;\">\n<div style=\"flex: 1 1 300px; min-width: 280px;\">\n<h3 style=\"font-size: 22px; border-bottom: 2px solid currentColor; padding-bottom: 5px; margin-top: 0; color: inherit; opacity: 0.8;\">Caracter&iacute;sticas<\/h3>\n<ul style=\"padding-left: 20px; font-size: 15px; color: inherit;\">\n<li style=\"margin-bottom: 5px;\">Dise&ntilde;ada para un alto nivel de seguridad&comma; rendimiento y conveniencia<\/li>\n<li style=\"margin-bottom: 5px;\">Tecnolog&iacute;a de ahorro de energ&iacute;a bater&iacute;a de larga duraci&oacute;n hasta 2 a&ntilde;os**<\/li>\n<li style=\"margin-bottom: 5px;\">Supervisi&oacute;n sabotaje y bater&iacute;a baja<\/li>\n<li style=\"margin-bottom: 5px;\">IP55: carcasa de pl&aacute;stico de doble capa para una mejor protecci&oacute;n contra el clima<\/li>\n<li style=\"margin-bottom: 5px;\">F&aacute;cil programaci&oacute;n con doble funci&oacute;n de interruptor antisabotaje<\/li>\n<\/ul><\/div>\n<\/p><\/div>\n<div style=\"display: flex; flex-wrap: wrap; gap: 20px; margin-bottom: 30px;\">\n<div style=\"flex: 1 1 250px; border: 1px solid rgba(150&comma; 150&comma; 150&comma; 0.4); border-radius: 8px; overflow: hidden; display: flex; flex-direction: column;\">\n<div style=\"padding: 15px; border-bottom: 1px solid rgba(150&comma; 150&comma; 150&comma; 0.2); font-weight: bold; font-size: 18px; color: inherit;\">Especificaciones t&eacute;cnicas<\/div>\n<div style=\"padding: 15px; color: inherit;\">\n<ul style=\"padding-left: 20px; margin: 0; font-size: 14px; list-style-type: disc;\">\n<li style=\"margin-bottom: 5px;\"><strong>Rango RF:<\/strong> 200m (a linea de vista)<\/li>\n<li style=\"margin-bottom: 5px;\"><strong>Bater&iacute;a:<\/strong> 19Ah lithium 3.60V<\/li>\n<li style=\"margin-bottom: 5px;\"><strong>Corriente:<\/strong> 300mA en activaci&oacute;n<\/li>\n<li style=\"margin-bottom: 5px;\"><strong>Tx power:<\/strong> &lt;10mW<\/li>\n<li style=\"margin-bottom: 5px;\"><strong>SPL:<\/strong> 100dB a 1 metro de distancia<\/li>\n<li style=\"margin-bottom: 5px;\"><strong>IP rating:<\/strong> 55<\/li>\n<li style=\"margin-bottom: 5px;\"><strong>Housing:<\/strong> UV treated Polycarbonate<\/li>\n<li style=\"margin-bottom: 5px;\"><strong>Ambiente:<\/strong> -10 &ndash; 50&ordm;C\/95% RH (max)<\/li>\n<li style=\"margin-bottom: 5px;\"><strong>Dimensiones:<\/strong> 280mm (L) x 160mm (W) x 60mm (H)<\/li>\n<\/ul><\/div>\n<\/p><\/div>\n<\/p><\/div>\n<div style=\"margin-bottom: 30px;\">\n<div style=\"padding: 15px; border-left: 4px solid #e74c3c; background-color: rgba(231&comma; 76&comma; 60&comma; 0.1); margin: 15px 0;\">\n<p style=\"margin: 0; font-weight: bold; color: inherit;\"><strong>NOTA:<\/strong> no cuenta con el transmisor&comma; ADQUIRIR SF-TRANS-70 para su funcionamiento.<\/p>\n<\/p><\/div>\n<\/p><\/div>\n<div style=\"margin-bottom: 30px;\">\n<div style=\"padding: 15px; border-left: 4px solid rgba(150&comma;150&comma;150&comma;0.5); background-color: rgba(150&comma;150&comma;150&comma;0.05);\">\n<p style=\"margin: 0; font-size: 14px; color: inherit;\"><strong>**La duraci&oacute;n de la bater&iacute;a puede variar por cuestiones ambientales y de uso&comma; la duraci&oacute;n est&aacute; en relaci&oacute;n a 3 activaciones de 3 minutos por d&iacute;a.<\/strong><\/p>\n<\/p><\/div>\n<\/p><\/div>\n<div style=\"margin-bottom: 30px;\">\n<h3 style=\"font-size: 20px; border-bottom: 2px solid currentColor; padding-bottom: 5px; margin-top: 0; color: inherit; opacity: 0.8;\">Configuraciones<\/h3>\n<ul style=\"padding-left: 20px; font-size: 15px; color: inherit;\">\n<li style=\"margin-bottom: 10px;\"><a style=\"color: #3498db; text-decoration: none; transition: color 0.3s;\" href=\"https:\/\/soporte.syscom.mx\/es\/articles\/3159666-sfire-conexion-vista48la-con-sirena-inalambrica-sf70w-a-traves-de-dispositivo-sf-trans70\">SFIRE &#8211; Conexi&oacute;n VISTA48LA con Sirena Inal&aacute;mbrica SF70W a trav&eacute;s de dispositivo SF-TRANS70<\/a><\/li>\n<li style=\"margin-bottom: 10px;\"><a style=\"color: #3498db; text-decoration: none; transition: color 0.3s;\" href=\"https:\/\/soporte.syscom.mx\/es\/articles\/4734536-sfire-conexion-de-sirena-sf70w-con-panel-de-alarma\">SFIRE- Conexi&oacute;n de sirena SF70W con panel de alarma<\/a><\/li>\n<li style=\"margin-bottom: 10px;\"><a style=\"color: #3498db; text-decoration: none; transition: color 0.3s;\" href=\"https:\/\/soporte.syscom.mx\/es\/articles\/3157281-sfire-activacion-sirena-sf70w-con-pror400\">SFIRE &#8211; Activaci&oacute;n Sirena SF70W con PROR400<\/a><\/li>\n<li style=\"margin-bottom: 10px;\"><a style=\"color: #3498db; text-decoration: none; transition: color 0.3s;\" href=\"https:\/\/soporte.syscom.mx\/es\/articles\/3509588-sfire-configuracion-de-sirena-sf70w-con-panel-pro4gltem\">SFIRE- Configuraci&oacute;n de Sirena SF70W con panel PRO4GLTEM<\/a><\/li>\n<li style=\"margin-bottom: 10px;\"><a style=\"color: #3498db; text-decoration: none; transition: color 0.3s;\" href=\"https:\/\/soporte.syscom.mx\/es\/articles\/3597668-sfire-conexion-universal-para-sirena-sf70wk\">SFIRE &#8211; Conexi&oacute;n Universal para sirena SF70WK<\/a><\/li>\n<\/ul><\/div>\n<hr style=\"border: 0; border-top: 1px solid rgba(150&comma; 150&comma; 150&comma; 0.3); margin: 30px 0;\" \/><\/div>\n","protected":false},"excerpt":{"rendered":"<p>Sirena inal\u00e1mbrica con alimentaci\u00f3n a bater\u00eda con una duraci\u00f3n de 2 a\u00f1os* \/<\/p>\n","protected":false},"featured_media":8039,"comment_status":"open","ping_status":"closed","template":"","meta":[],"product_brand":[],"product_cat":[146],"product_tag":[93,79,147],"class_list":{"0":"post-8040","1":"product","2":"type-product","3":"status-publish","4":"has-post-thumbnail","6":"product_cat-sirenas-y-estrobos","7":"product_tag-accesorios","8":"product_tag-sfire","9":"product_tag-sirenas-y-estrobos","11":"first","12":"outofstock","13":"sale","14":"shipping-taxable","15":"purchasable","16":"product-type-simple"},"_links":{"self":[{"href":"https:\/\/soydeaqui.ddns.net\/pachuca\/index.php\/wp-json\/wp\/v2\/product\/8040","targetHints":{"allow":["GET"]}}],"collection":[{"href":"https:\/\/soydeaqui.ddns.net\/pachuca\/index.php\/wp-json\/wp\/v2\/product"}],"about":[{"href":"https:\/\/soydeaqui.ddns.net\/pachuca\/index.php\/wp-json\/wp\/v2\/types\/product"}],"replies":[{"embeddable":true,"href":"https:\/\/soydeaqui.ddns.net\/pachuca\/index.php\/wp-json\/wp\/v2\/comments?post=8040"}],"wp:featuredmedia":[{"embeddable":true,"href":"https:\/\/soydeaqui.ddns.net\/pachuca\/index.php\/wp-json\/wp\/v2\/media\/8039"}],"wp:attachment":[{"href":"https:\/\/soydeaqui.ddns.net\/pachuca\/index.php\/wp-json\/wp\/v2\/media?parent=8040"}],"wp:term":[{"taxonomy":"product_brand","embeddable":true,"href":"https:\/\/soydeaqui.ddns.net\/pachuca\/index.php\/wp-json\/wp\/v2\/product_brand?post=8040"},{"taxonomy":"product_cat","embeddable":true,"href":"https:\/\/soydeaqui.ddns.net\/pachuca\/index.php\/wp-json\/wp\/v2\/product_cat?post=8040"},{"taxonomy":"product_tag","embeddable":true,"href":"https:\/\/soydeaqui.ddns.net\/pachuca\/index.php\/wp-json\/wp\/v2\/product_tag?post=8040"}],"curies":[{"name":"wp","href":"https:\/\/api.w.org\/{rel}","templated":true}]}}