{"id":80392,"date":"2026-03-19T18:02:12","date_gmt":"2026-03-19T18:02:12","guid":{"rendered":"https:\/\/soydeaqui.ddns.net\/pachuca\/index.php\/producto\/punto-de-acceso-sectorial-wi-fi-6-y-base-ptmp-mimo-2x2-hasta-800-m-de-cobertura-doble-banda-simultanea-en-2-4-y-5-ghz-hasta-1-75-gbps-512-usuarios-concurrentes\/"},"modified":"2026-03-19T18:02:23","modified_gmt":"2026-03-19T18:02:23","slug":"punto-de-acceso-sectorial-wi-fi-6-y-base-ptmp-mimo-2x2-hasta-800-m-de-cobertura-doble-banda-simultanea-en-2-4-y-5-ghz-hasta-1-75-gbps-512-usuarios-concurrentes","status":"publish","type":"product","link":"https:\/\/soydeaqui.ddns.net\/pachuca\/index.php\/producto\/punto-de-acceso-sectorial-wi-fi-6-y-base-ptmp-mimo-2x2-hasta-800-m-de-cobertura-doble-banda-simultanea-en-2-4-y-5-ghz-hasta-1-75-gbps-512-usuarios-concurrentes\/","title":{"rendered":"Punto de Acceso Sectorial Wi-Fi 6 y Base PTMP, MIMO 2&#215;2, Hasta 800 m de Cobertura, Doble Banda Simultanea  en 2.4 y 5 GHz, Hasta 1.75 Gbps, 512 Usuarios Concurrentes"},"content":{"rendered":"<div style='width: 100%; max-width: 1200px; margin: 0 auto; font-family: sans-serif; line-height: 1.6; color: inherit; background-color: transparent;'>\n<div style='text-align: center; margin-bottom: 30px;'> <img style='width: 100%; max-width: 300px; height: auto; border: 1px solid rgba(150&comma;150&comma;150&comma;0.3); border-radius: 8px;' src='https:\/\/ftp3.syscom.mx\/usuarios\/hortega\/Altai\/Altai.png' alt='Logo Altai'> <\/div>\n<div style='margin-bottom: 30px;'>\n<p style='font-size: 15px; margin: 0 0 20px; color: inherit; text-align: justify;'> El punto de acceso WiFi 2\u00d72 doble banda est\u00e1 dise\u00f1ado para proporcionar cobertura de acceso simult\u00e1neo en 2&comma;4 GHz y 5 GHz&comma; ideal para interiores y exteriores&comma; aumenta la capacidad&comma; amplia la cobertura en \u00e1reas de se\u00f1ales bajas o bloqueadas causadas por obstrucciones. Es capaz de proporcionar el mayor rendimiento y capacidad de datos posibles que los est\u00e1ndares MIMO 2&#215;2 802.11ac pueden ofrecer. <\/p>\n<\/p><\/div>\n<hr style='border: 0; border-top: 1px solid rgba(150&comma; 150&comma; 150&comma; 0.3); margin: 30px 0;'> <!-- Secci\u00f3n de caracter\u00edsticas en grid --> <\/p>\n<div style='display: grid; grid-template-columns: repeat(auto-fit&comma; minmax(250px&comma; 1fr)); gap: 20px; margin-bottom: 30px;'> <!-- Caracter\u00edstica 1 --> <\/p>\n<div style='border: 1px solid rgba(150&comma; 150&comma; 150&comma; 0.4); border-radius: 8px; padding: 15px;'>\n<div style='display: flex; align-items: center; gap: 15px; margin-bottom: 15px;'> <img style='width: 40px; height: auto; border: 1px solid rgba(150&comma;150&comma;150&comma;0.3); border-radius: 8px;' src='https:\/\/ftp3.syscom.mx\/usuarios\/hortega\/Altai\/Logos\/Wifi.png' alt='Icono WiFi'> <\/p>\n<h3 style='font-size: 16px; margin: 0; color: inherit; opacity: 0.8;'>Banda WiFi<\/h3>\n<\/p><\/div>\n<ul style='padding-left: 20px; font-size: 14px; color: inherit; list-style: none;'>\n<li style='margin-bottom: 5px;'><strong>2.4 GHz:<\/strong> 802.11 b\/g\/n\/ax<\/li>\n<li style='margin-bottom: 5px;'><strong>5 GHz:<\/strong> 802.11 a\/n\/ac\/ax<\/li>\n<\/ul><\/div>\n<p> <!-- Caracter\u00edstica 2 --> <\/p>\n<div style='border: 1px solid rgba(150&comma; 150&comma; 150&comma; 0.4); border-radius: 8px; padding: 15px;'>\n<div style='display: flex; align-items: center; gap: 15px; margin-bottom: 15px;'> <img style='width: 40px; height: auto; border: 1px solid rgba(150&comma;150&comma;150&comma;0.3); border-radius: 8px;' src='https:\/\/ftp3.syscom.mx\/usuarios\/hortega\/Altai\/Logos\/usuarios.png' alt='Icono Usuarios'> <\/p>\n<h3 style='font-size: 16px; margin: 0; color: inherit; opacity: 0.8;'>Capacidad<\/h3>\n<\/p><\/div>\n<ul style='padding-left: 20px; font-size: 14px; color: inherit; list-style: none;'>\n<li style='margin-bottom: 5px;'><strong>Hasta:<\/strong> 512 dispositivos concurrentes<\/li>\n<li style='margin-bottom: 5px;'><strong>Por radio:<\/strong> 256 dispositivos<\/li>\n<\/ul><\/div>\n<p> <!-- Caracter\u00edstica 3 --> <\/p>\n<div style='border: 1px solid rgba(150&comma; 150&comma; 150&comma; 0.4); border-radius: 8px; padding: 15px;'>\n<div style='display: flex; align-items: center; gap: 15px; margin-bottom: 15px;'> <img style='width: 40px; height: auto; border: 1px solid rgba(150&comma;150&comma;150&comma;0.3); border-radius: 8px;' src='https:\/\/ftp3.syscom.mx\/usuarios\/hortega\/Altai\/Logos\/velocidad.png' alt='Icono Velocidad'> <\/p>\n<h3 style='font-size: 16px; margin: 0; color: inherit; opacity: 0.8;'>Velocidad<\/h3>\n<\/p><\/div>\n<ul style='padding-left: 20px; font-size: 14px; color: inherit; list-style: none;'>\n<li style='margin-bottom: 5px;'><strong>2.4 GHz:<\/strong> 574 Mbps<\/li>\n<li style='margin-bottom: 5px;'><strong>5 GHz:<\/strong> 1.2 Gbps<\/li>\n<\/ul><\/div>\n<p> <!-- Caracter\u00edstica 4 --> <\/p>\n<div style='border: 1px solid rgba(150&comma; 150&comma; 150&comma; 0.4); border-radius: 8px; padding: 15px;'>\n<div style='display: flex; align-items: center; gap: 15px; margin-bottom: 15px;'> <img style='width: 40px; height: auto; border: 1px solid rgba(150&comma;150&comma;150&comma;0.3); border-radius: 8px;' src='https:\/\/ftp3.syscom.mx\/usuarios\/hortega\/Altai\/Logos\/potencia.png' alt='Icono Potencia'> <\/p>\n<h3 style='font-size: 16px; margin: 0; color: inherit; opacity: 0.8;'>Potencia<\/h3>\n<\/p><\/div>\n<ul style='padding-left: 20px; font-size: 14px; color: inherit; list-style: none;'>\n<li style='margin-bottom: 5px;'><strong>Potencia TX:<\/strong> Hasta 28 dBm<\/li>\n<li style='margin-bottom: 5px;'><strong>Antena 2.4 GHz:<\/strong> 14 dBi (H: 80\u00b0\/V: 20\u00b0)<\/li>\n<li style='margin-bottom: 5px;'><strong>Antena 5 GHz:<\/strong> 15 dBi (H: 110\u00b0\/V: 10\u00b0)<\/li>\n<\/ul><\/div>\n<p> <!-- Caracter\u00edstica 5 --> <\/p>\n<div style='border: 1px solid rgba(150&comma; 150&comma; 150&comma; 0.4); border-radius: 8px; padding: 15px;'>\n<div style='display: flex; align-items: center; gap: 15px; margin-bottom: 15px;'> <img style='width: 40px; height: auto; border: 1px solid rgba(150&comma;150&comma;150&comma;0.3); border-radius: 8px;' src='https:\/\/ftp3.syscom.mx\/usuarios\/hortega\/Altai\/Logos\/repetidor.png' alt='Icono Modos'> <\/p>\n<h3 style='font-size: 16px; margin: 0; color: inherit; opacity: 0.8;'>Modos de Operaci\u00f3n<\/h3>\n<\/p><\/div>\n<ul style='padding-left: 20px; font-size: 14px; color: inherit; list-style: none;'>\n<li style='margin-bottom: 5px;'>AP (Access Point)<\/li>\n<li style='margin-bottom: 5px;'>CPE (Customer Premises Equipment)<\/li>\n<li style='margin-bottom: 5px;'>Repetidor<\/li>\n<\/ul><\/div>\n<p> <!-- Caracter\u00edstica 6 --> <\/p>\n<div style='border: 1px solid rgba(150&comma; 150&comma; 150&comma; 0.4); border-radius: 8px; padding: 15px;'>\n<div style='display: flex; align-items: center; gap: 15px; margin-bottom: 15px;'> <img style='width: 40px; height: auto; border: 1px solid rgba(150&comma;150&comma;150&comma;0.3); border-radius: 8px;' src='https:\/\/ftp3.syscom.mx\/usuarios\/hortega\/Altai\/Logos\/nube.png' alt='Icono Nube'> <\/p>\n<h3 style='font-size: 16px; margin: 0; color: inherit; opacity: 0.8;'>Gesti\u00f3n<\/h3>\n<\/p><\/div>\n<ul style='padding-left: 20px; font-size: 14px; color: inherit; list-style: none;'>\n<li style='margin-bottom: 5px;'>Soporte Altai Care<\/li>\n<li style='margin-bottom: 5px;'>Gesti\u00f3n On-Premise<\/li>\n<\/ul><\/div>\n<\/p><\/div>\n<hr style='border: 0; border-top: 1px solid rgba(150&comma; 150&comma; 150&comma; 0.3); margin: 30px 0;'> <!-- Secci\u00f3n de especificaciones --> <\/p>\n<div style='display: grid; grid-template-columns: repeat(auto-fit&comma; minmax(250px&comma; 1fr)); gap: 20px; margin-bottom: 30px;'> <!-- Caracter\u00edsticas Principales --> <\/p>\n<div style='border: 1px solid rgba(150&comma; 150&comma; 150&comma; 0.4); border-radius: 8px; overflow: hidden;'>\n<div style='padding: 15px; background-color: rgba(255&comma; 0&comma; 0&comma; 0.1); border-bottom: 1px solid rgba(150&comma; 150&comma; 150&comma; 0.2); font-weight: bold; font-size: 16px; color: inherit;'> Caracter\u00edsticas Principales <\/div>\n<div style='padding: 15px; color: inherit;'>\n<ul style='padding-left: 20px; margin: 0; font-size: 14px; list-style-type: disc;'>\n<li style='margin-bottom: 5px;'>Modo de operaci\u00f3n AP\/CPE\/REPETIDOR<\/li>\n<li style='margin-bottom: 5px;'>Estandar compatible IEEE 802.11 b\/g\/n\/ax<\/li>\n<li style='margin-bottom: 5px;'>Doble banda simultanea en 2.4 y 5 GHz<\/li>\n<li style='margin-bottom: 5px;'>Hasta 28dBm<\/li>\n<li style='margin-bottom: 5px;'>32 SSID (16 SSID por radio)<\/li>\n<li style='margin-bottom: 5px;'>Fast roaming<\/li>\n<li style='margin-bottom: 5px;'>Control de ancho de banda por SSID\/Cliente<\/li>\n<li style='margin-bottom: 5px;'>Seguridad: Open&comma; Shared key&comma; WPA WPA2 WPA3 (Personal Enterprise)&comma; 802.1X (EAP-PEAP TLS TTLS SIM AKA)<\/li>\n<\/ul><\/div>\n<\/p><\/div>\n<p> <!-- Caracter\u00edsticas F\u00edsicas y El\u00e9ctricas --> <\/p>\n<div style='border: 1px solid rgba(150&comma; 150&comma; 150&comma; 0.4); border-radius: 8px; overflow: hidden;'>\n<div style='padding: 15px; background-color: rgba(255&comma; 0&comma; 0&comma; 0.1); border-bottom: 1px solid rgba(150&comma; 150&comma; 150&comma; 0.2); font-weight: bold; font-size: 16px; color: inherit;'> Caracter\u00edsticas F\u00edsicas y El\u00e9ctricas <\/div>\n<div style='padding: 15px; color: inherit;'>\n<ul style='padding-left: 20px; margin: 0; font-size: 14px; list-style-type: disc;'>\n<li style='margin-bottom: 5px;'>1 Puerto Ethernet de 2.5 Gbps<\/li>\n<li style='margin-bottom: 5px;'>1 Puerto SFP<\/li>\n<li style='margin-bottom: 5px;'>Antenas en 2.4 GHz de 14 dBi (H: 80\u00b0\/ V:20\u00b0)<\/li>\n<li style='margin-bottom: 5px;'>Antena en 5GHz de 15 dBi (H:110\u00b0\/ V10\u00b0)<\/li>\n<li style='margin-bottom: 5px;'>Alimentaci\u00f3n: PoE 802.3bt o PoE pasivo de 56 Vcc (No incluye)<\/li>\n<li style='margin-bottom: 5px;'>PoE Pasivo recomendado: SD-PE-8N-00-00<\/li>\n<li style='margin-bottom: 5px;'>PoE Estandarizado recomendado: <a href='https:\/\/www.syscom.mx\/producto\/POE-175-95-PLANET-162075.html' style='color: inherit; text-decoration: none; font-weight: 600;'>POE-175-95<\/a><\/li>\n<li style='margin-bottom: 5px;'>Dimensiones: 49.1 x 22.1 x 10.0 cm<\/li>\n<li style='margin-bottom: 5px;'>Temperatura: -40\u00b0 a 70 \u00b0C<\/li>\n<li style='margin-bottom: 5px;'>Peso: 2.68 kg<\/li>\n<\/ul><\/div>\n<\/p><\/div>\n<p> <!-- Contenido del paquete --> <\/p>\n<div style='border: 1px solid rgba(150&comma; 150&comma; 150&comma; 0.4); border-radius: 8px; overflow: hidden;'>\n<div style='padding: 15px; background-color: rgba(255&comma; 0&comma; 0&comma; 0.1); border-bottom: 1px solid rgba(150&comma; 150&comma; 150&comma; 0.2); font-weight: bold; font-size: 16px; color: inherit;'> El Paquete Incluye <\/div>\n<div style='padding: 15px; color: inherit;'>\n<ul style='padding-left: 20px; margin: 0; font-size: 14px; list-style-type: disc;'>\n<li style='margin-bottom: 5px;'>1 Punto de acceso AX600-S<\/li>\n<li style='margin-bottom: 5px;'>1 Kit de montaje<\/li>\n<\/ul><\/div>\n<\/p><\/div>\n<\/p><\/div>\n<\/p><\/div>\n","protected":false},"excerpt":{"rendered":"<p>Punto de Acceso Sectorial Wi-Fi 6 y Base PTMP, MIMO 2&#215;2, Hasta 800 m de Cobertura, Doble Banda Simultanea  en 2.4 y 5 GHz, Hasta 1.75 Gbps, 512 Usuarios Concurrentes<\/p>\n","protected":false},"featured_media":80391,"comment_status":"open","ping_status":"closed","template":"","meta":[],"product_brand":[],"product_cat":[1794],"product_tag":[1950,1795,1479],"class_list":{"0":"post-80392","1":"product","2":"type-product","3":"status-publish","4":"has-post-thumbnail","6":"product_cat-puntos-de-acceso","7":"product_tag-altai-technologies","8":"product_tag-puntos-de-acceso","9":"product_tag-redes-wifi","11":"first","12":"outofstock","13":"sale","14":"shipping-taxable","15":"purchasable","16":"product-type-simple"},"_links":{"self":[{"href":"https:\/\/soydeaqui.ddns.net\/pachuca\/index.php\/wp-json\/wp\/v2\/product\/80392","targetHints":{"allow":["GET"]}}],"collection":[{"href":"https:\/\/soydeaqui.ddns.net\/pachuca\/index.php\/wp-json\/wp\/v2\/product"}],"about":[{"href":"https:\/\/soydeaqui.ddns.net\/pachuca\/index.php\/wp-json\/wp\/v2\/types\/product"}],"replies":[{"embeddable":true,"href":"https:\/\/soydeaqui.ddns.net\/pachuca\/index.php\/wp-json\/wp\/v2\/comments?post=80392"}],"wp:featuredmedia":[{"embeddable":true,"href":"https:\/\/soydeaqui.ddns.net\/pachuca\/index.php\/wp-json\/wp\/v2\/media\/80391"}],"wp:attachment":[{"href":"https:\/\/soydeaqui.ddns.net\/pachuca\/index.php\/wp-json\/wp\/v2\/media?parent=80392"}],"wp:term":[{"taxonomy":"product_brand","embeddable":true,"href":"https:\/\/soydeaqui.ddns.net\/pachuca\/index.php\/wp-json\/wp\/v2\/product_brand?post=80392"},{"taxonomy":"product_cat","embeddable":true,"href":"https:\/\/soydeaqui.ddns.net\/pachuca\/index.php\/wp-json\/wp\/v2\/product_cat?post=80392"},{"taxonomy":"product_tag","embeddable":true,"href":"https:\/\/soydeaqui.ddns.net\/pachuca\/index.php\/wp-json\/wp\/v2\/product_tag?post=80392"}],"curies":[{"name":"wp","href":"https:\/\/api.w.org\/{rel}","templated":true}]}}