{"id":80374,"date":"2026-03-19T18:01:25","date_gmt":"2026-03-19T18:01:25","guid":{"rendered":"https:\/\/soydeaqui.ddns.net\/pachuca\/index.php\/producto\/pasacable-de-entrada-sencilla-y-pequena-0-63-0-67-para-cables-terminados-color-negro-paquete-de-4-piezas\/"},"modified":"2026-03-19T18:01:31","modified_gmt":"2026-03-19T18:01:31","slug":"pasacable-de-entrada-sencilla-y-pequena-0-63-0-67-para-cables-terminados-color-negro-paquete-de-4-piezas","status":"publish","type":"product","link":"https:\/\/soydeaqui.ddns.net\/pachuca\/index.php\/producto\/pasacable-de-entrada-sencilla-y-pequena-0-63-0-67-para-cables-terminados-color-negro-paquete-de-4-piezas\/","title":{"rendered":"Pasacable de Entrada Sencilla y Peque\u00f1a 0.63&#8243;-0.67&#8243;, para Cables Terminados, Color Negro. Paquete de 4 Piezas"},"content":{"rendered":"<div style='width: 100%; max-width: 1200px; margin: 0 auto; font-family: sans-serif; line-height: 1.6; color: inherit; background-color: transparent;'>\n<div style='display: flex; flex-direction: column; align-items: center; text-align: center; margin-bottom: 30px;'> <img style='width: 100%; max-width: 300px; height: auto; border: 1px solid rgba(150&comma;150&comma;150&comma;0.3); border-radius: 8px;' src='https:\/\/ftp3.syscom.mx\/usuarios\/fotos\/SCL2\/0X\/214870-217843-panduit-logo-tm-negro-fondo_trans30-01_(002)_(1).png' alt=''> <\/p>\n<h1 style='font-size: 28px; margin: 20px 0 10px; color: inherit; opacity: 0.8; font-weight: 500; line-height: 1.2; padding: 0; max-width: 800px;'> Pasacables de Entrada Sencilla y Peque\u00f1a 0.63&#8242;-0.67&#8217;&comma; para Cables Terminados&comma; Color Negro <\/h1>\n<h3 style='font-size: 21px; margin: 10px 0 20px; color: inherit; opacity: 0.8; font-weight: 500; line-height: 1.2; padding: 0;'> CEG-16X1 <\/h3>\n<\/p><\/div>\n<div style='display: flex; flex-direction: column; gap: 20px; margin-bottom: 30px;'>\n<p style='font-size: 15px; color: inherit;'> Los sistemas de entrada de cables ofrecen un m\u00e9todo seguro y organizado para realizar la transici\u00f3n de cables y mangueras a trav\u00e9s de gabinetes y equipos el\u00e9ctricos&comma; proporcionando alivio de tensi\u00f3n y al mismo tiempo manteniendo las clasificaciones de sellado de ingreso IP\/NEMA. <\/p>\n<p style='font-size: 15px; color: inherit;'> El CEG-16X1 es un pasacables de entrada de cables mediano con una abertura y es para di\u00e1metros de cables de 0&comma;63&#8242; (16&comma;0 mm) a 0&comma;67&#8242; (17&comma;0 mm). <\/p>\n<p style='font-size: 15px; color: inherit;'> El color es TPE negro y la cantidad del paquete est\u00e1ndar es de 4 piezas. <\/p>\n<\/p><\/div>\n<div style='display: flex; justify-content: center; margin: 30px 0;'> <img style='width: 100%; max-width: 800px; height: auto; border: 1px solid rgba(150&comma;150&comma;150&comma;0.3); border-radius: 8px;' src='https:\/\/ftp3.syscom.mx\/usuarios\/fotos\/CEG16X1\/222688-captura_de_pantalla_2023-09-29_a_la(s)_9.46.17 a.m..png' alt=''> <\/div>\n<div style='margin: 30px 0;'>\n<div style='position: relative; padding-bottom: 56.25%; height: 0; overflow: hidden;'>   <\/div>\n<\/p><\/div>\n<\/p><\/div>\n","protected":false},"excerpt":{"rendered":"<p>Pasacable de Entrada Sencilla y Peque\u00f1a 0.63&#8243;-0.67&#8243;, para Cables Terminados, Color Negro. Paquete de 4 Piezas<\/p>\n","protected":false},"featured_media":80373,"comment_status":"open","ping_status":"closed","template":"","meta":[],"product_brand":[],"product_cat":[604],"product_tag":[606,445,605],"class_list":{"0":"post-80374","1":"product","2":"type-product","3":"status-publish","4":"has-post-thumbnail","6":"product_cat-accesorios-para-racks-y-gabinetes","7":"product_tag-accesorios-para-racks-y-gabinetes","8":"product_tag-panduit","9":"product_tag-racks-y-gabinetes","11":"first","12":"instock","13":"sale","14":"shipping-taxable","15":"purchasable","16":"product-type-simple"},"_links":{"self":[{"href":"https:\/\/soydeaqui.ddns.net\/pachuca\/index.php\/wp-json\/wp\/v2\/product\/80374","targetHints":{"allow":["GET"]}}],"collection":[{"href":"https:\/\/soydeaqui.ddns.net\/pachuca\/index.php\/wp-json\/wp\/v2\/product"}],"about":[{"href":"https:\/\/soydeaqui.ddns.net\/pachuca\/index.php\/wp-json\/wp\/v2\/types\/product"}],"replies":[{"embeddable":true,"href":"https:\/\/soydeaqui.ddns.net\/pachuca\/index.php\/wp-json\/wp\/v2\/comments?post=80374"}],"wp:featuredmedia":[{"embeddable":true,"href":"https:\/\/soydeaqui.ddns.net\/pachuca\/index.php\/wp-json\/wp\/v2\/media\/80373"}],"wp:attachment":[{"href":"https:\/\/soydeaqui.ddns.net\/pachuca\/index.php\/wp-json\/wp\/v2\/media?parent=80374"}],"wp:term":[{"taxonomy":"product_brand","embeddable":true,"href":"https:\/\/soydeaqui.ddns.net\/pachuca\/index.php\/wp-json\/wp\/v2\/product_brand?post=80374"},{"taxonomy":"product_cat","embeddable":true,"href":"https:\/\/soydeaqui.ddns.net\/pachuca\/index.php\/wp-json\/wp\/v2\/product_cat?post=80374"},{"taxonomy":"product_tag","embeddable":true,"href":"https:\/\/soydeaqui.ddns.net\/pachuca\/index.php\/wp-json\/wp\/v2\/product_tag?post=80374"}],"curies":[{"name":"wp","href":"https:\/\/api.w.org\/{rel}","templated":true}]}}