{"id":80370,"date":"2026-03-19T18:01:16","date_gmt":"2026-03-19T18:01:16","guid":{"rendered":"https:\/\/soydeaqui.ddns.net\/pachuca\/index.php\/producto\/hub-adaptador-usb-c-11-en-1-1-salida-hdmi-4k-2-salida-usb-2-0-2-salidas-usb-3-0-1-salida-vga-1-salida-sd-memoria-sd-1-salida-tf-micro-sd-1-salida-de-audio-8-48-khz-1-sa\/"},"modified":"2026-03-19T18:01:22","modified_gmt":"2026-03-19T18:01:22","slug":"hub-adaptador-usb-c-11-en-1-1-salida-hdmi-4k-2-salida-usb-2-0-2-salidas-usb-3-0-1-salida-vga-1-salida-sd-memoria-sd-1-salida-tf-micro-sd-1-salida-de-audio-8-48-khz-1-sa","status":"publish","type":"product","link":"https:\/\/soydeaqui.ddns.net\/pachuca\/index.php\/producto\/hub-adaptador-usb-c-11-en-1-1-salida-hdmi-4k-2-salida-usb-2-0-2-salidas-usb-3-0-1-salida-vga-1-salida-sd-memoria-sd-1-salida-tf-micro-sd-1-salida-de-audio-8-48-khz-1-sa\/","title":{"rendered":"Hub (Adaptador) USB &#8211; C \/ 11 en 1 \/ 1 Salida HDMI (4K) \/ 2 Salida USB 2.0 \/ 2 Salidas USB 3.0 \/ 1 Salida VGA \/ 1 Salida SD (Memoria SD) \/ 1 Salida TF (Micro SD) \/ 1 Salida de Audio (8 &#8211; 48 KHz) \/ 1 Salida RJ45 \/ 1 Entrada USB &#8211; C (Carga Rapida)"},"content":{"rendered":"<div style='width: 100%; max-width: 1200px; margin: 0 auto; font-family: sans-serif; line-height: 1.6; color: inherit; background-color: transparent;'> <!-- Banner --> <\/p>\n<div style='width: 100%; text-align: center; margin: 1.5rem 0;'> <img style='width: 100%; height: auto; border: 1px solid rgba(150&comma;150&comma;150&comma;0.3); border-radius: 8px;' src='https:\/\/ftp3.syscom.mx\/usuarios\/gmagos\/HIK\/storage\/Vaners\/hiksemi.png' alt='Banner'> <\/div>\n<p> <!-- T\u00edtulo --> <\/p>\n<div style='width: 100%; text-align: center; margin: 2rem 0 1.5rem;'>\n<h1 style='font-size: 24px; color: inherit; opacity: 0.8; margin: 0; padding-bottom: 5px; border-bottom: 2px solid currentColor;'>Especificaciones<\/h1>\n<\/p><\/div>\n<p> <!-- Caracter\u00edsticas Principales --> <\/p>\n<div style='display: flex; flex-wrap: wrap; gap: 20px; margin-bottom: 30px;'>\n<div style='flex: 1 1 300px; min-width: 280px;'>\n<div style='border: 1px solid rgba(150&comma;150&comma;150&comma;0.4); border-radius: 8px; overflow: hidden;'>\n<div style='padding: 15px; background-color: rgba(150&comma;150&comma;150&comma;0.1); font-weight: bold; font-size: 18px; color: inherit; border-bottom: 1px solid rgba(150&comma;150&comma;150&comma;0.2);'>Caracter\u00edsticas Principales<\/div>\n<ul style='padding: 15px 20px; margin: 0; font-size: 14px; list-style-type: disc; color: inherit;'>\n<li style='margin-bottom: 5px;'>Tipo de Conector: USB-C<\/li>\n<li style='margin-bottom: 5px;'>Puertos Totales: 11<\/li>\n<li style='margin-bottom: 5px;'>Conexiones soportadas: USB-C&comma; HDMI&comma; VGA&comma; 2 * USB 2.0&comma; 2 * USB 3.0&comma; SD&comma; Micro SD&comma; RJ45&comma; Audio<\/li>\n<li style='margin-bottom: 5px;'>Color: Plata<\/li>\n<li style='margin-bottom: 5px;'>Material: Aleaci\u00f3n de Aluminio<\/li>\n<li style='margin-bottom: 5px;'>Sistema operativo soportado: Windows \/ Mac OS \/ Linux \/ Android<\/li>\n<li style='margin-bottom: 5px;'>Dimensiones: 119.2 x 51.4 x 14 mm<\/li>\n<li style='margin-bottom: 5px;'>Peso: 98g<\/li>\n<li style='margin-bottom: 5px;'>Certificaci\u00f3n: CE<\/li>\n<\/ul><\/div>\n<\/p><\/div>\n<\/p><\/div>\n<p> <!-- Imagen 1 con overlay --> <\/p>\n<div style='position: relative; width: 100%; margin: 30px 0;'> <img style='width: 100%; height: auto; border: 1px solid rgba(150&comma;150&comma;150&comma;0.3); border-radius: 8px;' src='https:\/\/ftp3.syscom.mx\/usuarios\/gmagos\/HIK\/storage\/Pagina%20WEB\/HUB%2011-1\/1%20Principal.jpg' alt='Imagen de Fondo'> <\/p>\n<div style='position: absolute; top: 50%; left: 50%; transform: translate(-50%&comma; -50%); text-align: center; padding: 20px;'>\n<h1 style='font-size: 36px; color: white; margin: 0 0 10px; font-weight: bold;'>HUB multifuncional tipo C 11 en 1<\/h1>\n<h2 style='font-size: 22px; color: white; margin: 0;'>Carga r\u00e1pida PD&comma; HDMI&comma; VGA&comma; SD&comma; TF&comma; USB 3.0*2&comma; USB 2.0*2&comma; Audio&comma; RJ45<\/h2>\n<\/p><\/div>\n<\/p><\/div>\n<p> <!-- Informaci\u00f3n 1 --> <\/p>\n<div style='display: flex; flex-wrap: wrap; gap: 20px; margin: 30px 0;'>\n<div style='flex: 1 1 300px; min-width: 280px;'> <img style='width: 100%; height: auto; border: 1px solid rgba(150&comma;150&comma;150&comma;0.3); border-radius: 8px;' src='https:\/\/ftp3.syscom.mx\/usuarios\/gmagos\/HIK\/storage\/Pagina%20WEB\/Hub%208-1\/2%20Izquierda.jpg' alt='Puerto RJ45 compatible con velocidad de transmisi\u00f3n de 1000 M y funci\u00f3n de red'> <\/div>\n<div style='flex: 1 1 300px; min-width: 280px;'>\n<h2 style='font-size: 20px; color: inherit; margin-top: 0; margin-bottom: 10px; font-weight: bold;'>Puerto RJ45 compatible con velocidad de transmisi\u00f3n de 1000 M y funci\u00f3n de red<\/h2>\n<p style='font-size: 14px; color: inherit; margin: 0;'>Experimente una conectividad de alta velocidad con nuestro puerto RJ45 compatible&comma; capaz de alcanzar velocidades de transmisi\u00f3n de hasta 1000 Mbps. Esta soluci\u00f3n ofrece una baja latencia ideal para su Ultrabook y Mac&comma; asegurando un rendimiento \u00f3ptimo en sus actividades de red.<\/p>\n<\/p><\/div>\n<\/p><\/div>\n<p> <!-- Informaci\u00f3n 2 --> <\/p>\n<div style='display: flex; flex-wrap: wrap; gap: 20px; margin: 30px 0; flex-direction: row-reverse;'>\n<div style='flex: 1 1 300px; min-width: 280px;'> <img style='width: 100%; height: auto; border: 1px solid rgba(150&comma;150&comma;150&comma;0.3); border-radius: 8px;' src='https:\/\/ftp3.syscom.mx\/usuarios\/gmagos\/HIK\/storage\/Pagina%20WEB\/HUB%2011-1\/3%20izquierda.jpg' alt='Carga r\u00e1pida PD'> <\/div>\n<div style='flex: 1 1 300px; min-width: 280px;'>\n<h2 style='font-size: 20px; color: inherit; margin-top: 0; margin-bottom: 10px; font-weight: bold;'>PD100W<\/h2>\n<p style='font-size: 14px; color: inherit; margin: 0;'>Compatible con carga r\u00e1pida PD de 100W para disfrutar de un rendimiento ininterrumpido sin p\u00e9rdida de energ\u00eda mientras juegas.<\/p>\n<\/p><\/div>\n<\/p><\/div>\n<p> <!-- Imagen 2 con overlay --> <\/p>\n<div style='position: relative; width: 100%; margin: 30px 0;'> <img style='width: 100%; height: auto; border: 1px solid rgba(150&comma;150&comma;150&comma;0.3); border-radius: 8px;' src='https:\/\/ftp3.syscom.mx\/usuarios\/gmagos\/HIK\/storage\/Pagina%20WEB\/HUB%2011-1\/2%20%20Secundaria.jpg' alt='Imagen de Fondo'> <\/p>\n<div style='position: absolute; top: 50%; left: 0; transform: translateY(-50%); padding: 20px;'>\n<h1 style='font-size: 35px; color: white; margin: 0 0 10px; font-weight: bold;'>Una gran versatilidad<\/h1>\n<h2 style='font-size: 24px; color: white; margin: 0 0 5px;'>Admite m\u00faltiples dispositivos&comma; como computadora<\/h2>\n<h3 style='font-size: 24px; color: white; margin: 0 0 5px;'>port\u00e1til&comma; tableta&comma; tel\u00e9fono&comma; interruptor&comma; impresora&comma;<\/h3>\n<h4 style='font-size: 24px; color: white; margin: 0 0 5px;'>mouse&comma; teclado&comma; etc.&comma; y tambi\u00e9n tiene funci\u00f3n de<\/h4>\n<h5 style='font-size: 24px; color: white; margin: 0;'>carga y red.<\/h5>\n<\/p><\/div>\n<\/p><\/div>\n<p> <!-- Banner final --> <\/p>\n<div style='width: 100%; text-align: center; margin: 30px 0;'> <img style='width: 100%; height: auto; border: 1px solid rgba(150&comma;150&comma;150&comma;0.3); border-radius: 8px;' src='https:\/\/ftp3.syscom.mx\/usuarios\/gmagos\/HIK\/storage\/Vaners\/HIKSEMI-banner1.jpg' alt='Banner final'> <\/div>\n<\/p><\/div>\n","protected":false},"excerpt":{"rendered":"<p>Hub (Adaptador) USB &#8211; C \/ 11 en 1 \/ 1 Salida HDMI (4K) \/ 2 Salida USB 2.0 \/ 2 Salidas USB 3.0 \/ 1 Salida VGA \/ 1 Salida SD (Memoria SD) \/ 1 Salida TF (Micro SD) \/ 1 Salida de Audio (8 &#8211; 48 KHz) \/ 1 Salida RJ45 \/ 1 Entrada USB &#8211; C (Carga Rapida)<\/p>\n","protected":false},"featured_media":80369,"comment_status":"open","ping_status":"closed","template":"","meta":[],"product_brand":[],"product_cat":[2054],"product_tag":[93,2055,2129],"class_list":{"0":"post-80370","1":"product","2":"type-product","3":"status-publish","4":"has-post-thumbnail","6":"product_cat-accesorios-equipo-de-computo","7":"product_tag-accesorios","8":"product_tag-equipo-de-computo","9":"product_tag-hiksemi-by-hikvision","11":"first","12":"instock","13":"sale","14":"shipping-taxable","15":"purchasable","16":"product-type-simple"},"_links":{"self":[{"href":"https:\/\/soydeaqui.ddns.net\/pachuca\/index.php\/wp-json\/wp\/v2\/product\/80370","targetHints":{"allow":["GET"]}}],"collection":[{"href":"https:\/\/soydeaqui.ddns.net\/pachuca\/index.php\/wp-json\/wp\/v2\/product"}],"about":[{"href":"https:\/\/soydeaqui.ddns.net\/pachuca\/index.php\/wp-json\/wp\/v2\/types\/product"}],"replies":[{"embeddable":true,"href":"https:\/\/soydeaqui.ddns.net\/pachuca\/index.php\/wp-json\/wp\/v2\/comments?post=80370"}],"wp:featuredmedia":[{"embeddable":true,"href":"https:\/\/soydeaqui.ddns.net\/pachuca\/index.php\/wp-json\/wp\/v2\/media\/80369"}],"wp:attachment":[{"href":"https:\/\/soydeaqui.ddns.net\/pachuca\/index.php\/wp-json\/wp\/v2\/media?parent=80370"}],"wp:term":[{"taxonomy":"product_brand","embeddable":true,"href":"https:\/\/soydeaqui.ddns.net\/pachuca\/index.php\/wp-json\/wp\/v2\/product_brand?post=80370"},{"taxonomy":"product_cat","embeddable":true,"href":"https:\/\/soydeaqui.ddns.net\/pachuca\/index.php\/wp-json\/wp\/v2\/product_cat?post=80370"},{"taxonomy":"product_tag","embeddable":true,"href":"https:\/\/soydeaqui.ddns.net\/pachuca\/index.php\/wp-json\/wp\/v2\/product_tag?post=80370"}],"curies":[{"name":"wp","href":"https:\/\/api.w.org\/{rel}","templated":true}]}}