{"id":80252,"date":"2026-03-19T17:56:20","date_gmt":"2026-03-19T17:56:20","guid":{"rendered":"https:\/\/soydeaqui.ddns.net\/pachuca\/index.php\/producto\/fuente-de-distribucion-de-6-salidas-control-y-monitoreo-ethernet-vo-10-60v-dc-para-montaje-en-riel-din\/"},"modified":"2026-03-19T17:56:23","modified_gmt":"2026-03-19T17:56:23","slug":"fuente-de-distribucion-de-6-salidas-control-y-monitoreo-ethernet-vo-10-60v-dc-para-montaje-en-riel-din","status":"publish","type":"product","link":"https:\/\/soydeaqui.ddns.net\/pachuca\/index.php\/producto\/fuente-de-distribucion-de-6-salidas-control-y-monitoreo-ethernet-vo-10-60v-dc-para-montaje-en-riel-din\/","title":{"rendered":"Fuente de distribuci\u00f3n de 6 salidas, control y monitoreo Ethernet, Vo: 10-60V Dc, para montaje en riel din"},"content":{"rendered":"<div style='width: 100%; max-width: 1200px; margin: 0 auto; font-family: sans-serif; line-height: 1.6; color: inherit; background-color: transparent;'> <!-- Descripci\u00f3n --> <\/p>\n<div style='margin-bottom: 30px;'>\n<h3 style='font-size: 22px; border-bottom: 2px solid currentColor; padding-bottom: 5px; margin-top: 0; color: inherit; opacity: 0.8;'><em>Descripci\u00f3n:<\/em><\/h3>\n<p style='text-align: justify; font-size: 15px; color: inherit; margin-top: 15px; margin-bottom: 15px;'>La unidad de Distribuci\u00f3n de Energ\u00eda de la Serie DIN de ICT est\u00e1 dise\u00f1ada para proporcionar distribuci\u00f3n de energ\u00eda de CC en cada una de sus seis salidas individuales&comma; cada una a 15 A m\u00e1ximo. El controlador integrado v\u00eda Ethernet provee reporte de la corriente y estatus de cada carga de forma individual&comma; as\u00ed como tambi\u00e9n la habilidad de apagar\/encender cada salida. Combinada con la Fuente de Alimentaci\u00f3n DIN de 360W de ICT&comma; las configuraciones de control y monitoreo remoto del voltaje y corriente de la bater\u00eda&comma; ajustes de Desconexi\u00f3n por Bajo Voltaje (LVD) y corriente de carga de la bater\u00eda se encuentran disponibles a trav\u00e9s de la interfaz y controlador d\u00eda Ethernet.<\/p>\n<\/p><\/div>\n<p> <!-- Im\u00e1genes --> <\/p>\n<div style='display: flex; flex-wrap: wrap; gap: 20px; margin-bottom: 30px; justify-content: center;'>\n<div style='flex: 1 1 300px; min-width: 280px; max-width: 500px;'> <img style='width: 100%; height: auto; border: 1px solid rgba(150&comma;150&comma;150&comma;0.3); border-radius: 8px;' src='https:\/\/ftp3.syscom.mx\/usuarios\/mtopete\/Imagen%20Pagina\/ICT\/ICT%20DIN%20PDU%20Distributor%20Image_1.png' alt=''> <\/div>\n<div style='flex: 1 1 300px; min-width: 280px; max-width: 600px;'> <img style='width: 100%; height: auto; border: 1px solid rgba(150&comma;150&comma;150&comma;0.3); border-radius: 8px;' src='https:\/\/ftp3.syscom.mx\/usuarios\/mtopete\/Imagen%20Pagina\/ICT\/DIN%20Series%20Bundled%20-%20v3.png' alt=''> <\/div>\n<div style='flex: 1 1 300px; min-width: 280px;'> <img style='width: 100%; height: auto; border: 1px solid rgba(150&comma;150&comma;150&comma;0.3); border-radius: 8px;' src='https:\/\/www.wavonline.com\/media\/nsfiqr5j\/ict.jpg?width=1200&#038;height=515&#038;rnd=133195273099770000' alt='Trusted ICT Distributor'> <\/div>\n<\/p><\/div>\n<p> <!-- Caracter\u00edsticas --> <\/p>\n<div style='margin-bottom: 30px;'>\n<h3 style='font-size: 22px; border-bottom: 2px solid currentColor; padding-bottom: 5px; margin-top: 0; color: inherit; opacity: 0.8;'><em>Caracter\u00edsticas:<\/em><\/h3>\n<ul style='padding-left: 20px; font-size: 15px; color: inherit; margin-top: 15px; margin-bottom: 15px;'>\n<li style='margin-bottom: 5px;'><em>Seis salidas de CC cada una hasta de 15 A como m\u00e1ximo.<\/em><\/li>\n<li style='margin-bottom: 5px;'><em>Cada salida protegida por fusible GMT.<\/em><\/li>\n<li style='margin-bottom: 5px;'><em>Rango de voltaje de salida de 10-60 VCC.<\/em><\/li>\n<li style='margin-bottom: 5px;'><em>Rango de corriente del sistema es 60A.<\/em><\/li>\n<li style='margin-bottom: 5px;'><em>Rango de Temperatura -30\u00b0C a 60\u00b0C.<\/em><\/li>\n<li style='margin-bottom: 5px;'><em>Incluye TCP\/IP Ethernet&comma; proporcionando control y monitoreo remoto total y f\u00e1cil de usar de las cargas conectadas&comma; utilizando la interfaz gr\u00e1fica de usuario segura v\u00eda web o v\u00eda SNMP.<\/em><\/li>\n<li style='margin-bottom: 5px;'><em>Soporta protocolos HTTPS&comma; SMTP&comma; TLS1.2 y SNMPv3.<\/em><\/li>\n<li style='margin-bottom: 5px;'><em>Funci\u00f3n de cierre de usuario por seguridad.<\/em><\/li>\n<li style='margin-bottom: 5px;'><em>Caracter\u00edstica Network Watchdog.<\/em><\/li>\n<li style='margin-bottom: 5px;'><em>Deslastre autom\u00e1tico de carga.<\/em><\/li>\n<li style='margin-bottom: 5px;'><em>Reporte de alarmas remotas para cada salida&comma; incluido desviaciones de voltaje y de corriente y cambio de estado del fusible.<\/em><\/li>\n<li style='margin-bottom: 5px;'><em>Cuatro entradas de alarma para monitoreo de sensores en el sitio.<\/em><\/li>\n<li style='margin-bottom: 5px;'><em>Registra 30 d\u00edas de actividad de usuarios.<\/em><\/li>\n<li style='margin-bottom: 5px;'><em>Contacto en forma C.<\/em><\/li>\n<li style='margin-bottom: 5px;'><em>Puerto serial para conectar a la fuente de alimentaci\u00f3n de 360W de la serie DIN ICT&comma; permitiendo reportes y monitoreo remoto.<\/em><\/li>\n<\/ul><\/div>\n<\/p><\/div>\n","protected":false},"excerpt":{"rendered":"<p>Fuente de distribuci\u00f3n de 6 salidas, control y monitoreo Ethernet, Vo: 10-60V Dc, para montaje en riel din<\/p>\n","protected":false},"featured_media":80251,"comment_status":"open","ping_status":"closed","template":"","meta":[],"product_brand":[],"product_cat":[1984],"product_tag":[1340,1985,664],"class_list":{"0":"post-80252","1":"product","2":"type-product","3":"status-publish","4":"has-post-thumbnail","6":"product_cat-industrial","7":"product_tag-ict","8":"product_tag-industrial","9":"product_tag-networking","11":"first","12":"outofstock","13":"sale","14":"shipping-taxable","15":"purchasable","16":"product-type-simple"},"_links":{"self":[{"href":"https:\/\/soydeaqui.ddns.net\/pachuca\/index.php\/wp-json\/wp\/v2\/product\/80252","targetHints":{"allow":["GET"]}}],"collection":[{"href":"https:\/\/soydeaqui.ddns.net\/pachuca\/index.php\/wp-json\/wp\/v2\/product"}],"about":[{"href":"https:\/\/soydeaqui.ddns.net\/pachuca\/index.php\/wp-json\/wp\/v2\/types\/product"}],"replies":[{"embeddable":true,"href":"https:\/\/soydeaqui.ddns.net\/pachuca\/index.php\/wp-json\/wp\/v2\/comments?post=80252"}],"wp:featuredmedia":[{"embeddable":true,"href":"https:\/\/soydeaqui.ddns.net\/pachuca\/index.php\/wp-json\/wp\/v2\/media\/80251"}],"wp:attachment":[{"href":"https:\/\/soydeaqui.ddns.net\/pachuca\/index.php\/wp-json\/wp\/v2\/media?parent=80252"}],"wp:term":[{"taxonomy":"product_brand","embeddable":true,"href":"https:\/\/soydeaqui.ddns.net\/pachuca\/index.php\/wp-json\/wp\/v2\/product_brand?post=80252"},{"taxonomy":"product_cat","embeddable":true,"href":"https:\/\/soydeaqui.ddns.net\/pachuca\/index.php\/wp-json\/wp\/v2\/product_cat?post=80252"},{"taxonomy":"product_tag","embeddable":true,"href":"https:\/\/soydeaqui.ddns.net\/pachuca\/index.php\/wp-json\/wp\/v2\/product_tag?post=80252"}],"curies":[{"name":"wp","href":"https:\/\/api.w.org\/{rel}","templated":true}]}}