{"id":80245,"date":"2026-03-19T17:56:03","date_gmt":"2026-03-19T17:56:03","guid":{"rendered":"https:\/\/soydeaqui.ddns.net\/pachuca\/index.php\/producto\/conmutador-kvm-a-traves-de-ip-displayport-4k-puerto-unico-con-acceso-compartido-local-remoto\/"},"modified":"2026-03-19T17:56:09","modified_gmt":"2026-03-19T17:56:09","slug":"conmutador-kvm-a-traves-de-ip-displayport-4k-puerto-unico-con-acceso-compartido-local-remoto","status":"publish","type":"product","link":"https:\/\/soydeaqui.ddns.net\/pachuca\/index.php\/producto\/conmutador-kvm-a-traves-de-ip-displayport-4k-puerto-unico-con-acceso-compartido-local-remoto\/","title":{"rendered":"conmutador KVM a trav\u00e9s de IP | DisplayPort 4K | Puerto \u00fanico con acceso compartido local\/remoto"},"content":{"rendered":"<div style='width: 100%; max-width: 1200px; margin: 0 auto; font-family: sans-serif; line-height: 1.6; color: inherit; background-color: transparent;'> <!-- Logo ATEN --> <\/p>\n<div style='display: flex; justify-content: center; margin: 30px 0;'> <img style='width: 40%; height: auto; border: 1px solid rgba(150&comma;150&comma;150&comma;0.3); border-radius: 8px;' src='https:\/\/ftp3.syscom.mx\/usuarios\/luis.vargas\/ATEN\/VS184B\/Logo-Aten.jpg' alt='Logo ATEN'> <\/div>\n<p> <!-- Contenido principal --> <\/p>\n<div style='display: flex; flex-wrap: wrap; gap: 30px; margin-bottom: 30px;'> <!-- Imagen de diagrama y descripci\u00f3n --> <\/p>\n<div style='flex: 1 1 300px; min-width: 280px;'> <img style='width: 100%; height: auto; border: 1px solid rgba(150&comma;150&comma;150&comma;0.3); border-radius: 8px;' src='https:\/\/ftp3.syscom.mx\/usuarios\/luis.vargas\/ATEN\/CN9950\/Diagrama%20CN9950.png' alt='Diagrama CN9950'> <\/div>\n<div style='flex: 1 1 300px; min-width: 280px;'>\n<div style='font-size: 24px; color: inherit; margin-bottom: 15px;'> <strong style='color: inherit; opacity: 0.8;'>Matriz HDMI 8&#215;9 4K<\/strong> <\/div>\n<p style='font-size: 15px; color: inherit; margin-bottom: 15px;'> Permite acceder de forma remota al v\u00eddeo&comma; audio y Medios Virtuales de un ordenador o estaci\u00f3n de trabajo. Adem\u00e1s&comma; es capaz de ofrecer v\u00eddeo DisplayPort de alta definici\u00f3n con resoluciones de hasta 4K DCI (4096 x 2160) a 30 Hz&comma; tanto en la consola local como en el control remoto. Al contar con un avanzado procesador gr\u00e1fico FPGA&comma; ofrece una calidad de imagen y v\u00eddeo superior para mejorar la experiencia del usuario&comma; al mismo tiempo que cumple con los est\u00e1ndares RS-232 para el control en serie. <\/p>\n<p style='font-size: 15px; color: inherit; margin-bottom: 15px;'> Para un funcionamiento sencillo&comma; el puerto mini USB del panel frontal est\u00e1 dise\u00f1ado como un puerto de Consola USB de equipo port\u00e1til (LUC) para la conexi\u00f3n con un port\u00e1til&comma; lo que permite al usuario acceder al PC\/servidor para poder realizar un sencillo mantenimiento rutinario sin necesidad de usar un monitor&comma; un teclado y un rat\u00f3n adicional. <\/p>\n<\/p><\/div>\n<\/p><\/div>\n<p> <!-- Caracter\u00edsticas generales --> <\/p>\n<div style='display: flex; flex-wrap: wrap; gap: 20px; margin-bottom: 30px;'>\n<div style='flex: 1 1 45%; min-width: 280px; border: 1px solid rgba(150&comma; 150&comma; 150&comma; 0.4); border-radius: 8px; overflow: hidden; display: flex; flex-direction: column;'>\n<div style='padding: 15px; border-bottom: 1px solid rgba(150&comma; 150&comma; 150&comma; 0.2); font-weight: bold; font-size: 18px; color: inherit;'>Conectores<\/div>\n<div style='padding: 15px; color: inherit;'>\n<ul style='padding-left: 20px; margin: 0; font-size: 14px; list-style-type: disc;'>\n<li style='margin-bottom: 5px;'><strong>Puertos de consola:<\/strong> 2x USB Tipo A hembra (Blanco)&comma; 1x DisplayPort hembra (Negro) 1x Miniconector est\u00e9reo hembra (Verde) 1x Miniconector est\u00e9reo hembra (Rosa)<\/li>\n<li style='margin-bottom: 5px;'><strong>Puertos KVM:<\/strong> 1x USB Tipo B hembra (Blanco)&comma; 1x DisplayPort hembra (Negro) 1x Miniconector est\u00e9reo hembra (Verde) 1x Miniconector est\u00e9reo hembra (Rosa)<\/li>\n<li style='margin-bottom: 5px;'><strong>Puertos LAN:<\/strong> 2x RJ-45 hembra<\/li>\n<li style='margin-bottom: 5px;'><strong>Multimedia virtual:<\/strong> 1x USB Mini-B hembra<\/li>\n<li style='margin-bottom: 5px;'><strong>Alimentaci\u00f3n:<\/strong> 2x Conector de CC<\/li>\n<li style='margin-bottom: 5px;'><strong>Serie:<\/strong> 2x RJ-45 hembra<\/li>\n<li style='margin-bottom: 5px;'><strong>Control:<\/strong> 1x PS\/2 hembra<\/li>\n<\/ul><\/div>\n<\/p><\/div>\n<div style='flex: 1 1 45%; min-width: 280px; border: 1px solid rgba(150&comma; 150&comma; 150&comma; 0.4); border-radius: 8px; overflow: hidden; display: flex; flex-direction: column;'>\n<div style='padding: 15px; border-bottom: 1px solid rgba(150&comma; 150&comma; 150&comma; 0.2); font-weight: bold; font-size: 18px; color: inherit;'>Caracter\u00edsticas t\u00e9cnicas<\/div>\n<div style='padding: 15px; color: inherit;'>\n<ul style='padding-left: 20px; margin: 0; font-size: 14px; list-style-type: disc;'>\n<li style='margin-bottom: 5px;'><strong>Switches:<\/strong> Reiniciar: 1x Pulsador semiempotrado (Negro)<\/li>\n<li style='margin-bottom: 5px;'><strong>Emulaci\u00f3n:<\/strong> Teclado\/ Rat\u00f3n: USB<\/li>\n<li style='margin-bottom: 5px;'><strong>LEDs:<\/strong> Alimentaci\u00f3n: 2 (Verde)<\/li>\n<\/ul><\/div>\n<\/p><\/div>\n<div style='flex: 1 1 45%; min-width: 280px; border: 1px solid rgba(150&comma; 150&comma; 150&comma; 0.4); border-radius: 8px; overflow: hidden; display: flex; flex-direction: column;'>\n<div style='padding: 15px; border-bottom: 1px solid rgba(150&comma; 150&comma; 150&comma; 0.2); font-weight: bold; font-size: 18px; color: inherit;'>Video<\/div>\n<div style='padding: 15px; color: inherit;'>\n<ul style='padding-left: 20px; margin: 0; font-size: 14px; list-style-type: disc;'>\n<li style='margin-bottom: 5px;'><strong>Consola local:<\/strong> 4096 x 2160 a 30Hz<\/li>\n<li style='margin-bottom: 5px;'><strong>Consola remota:<\/strong> 4096 x 2160<\/li>\n<\/ul><\/div>\n<\/p><\/div>\n<div style='flex: 1 1 45%; min-width: 280px; border: 1px solid rgba(150&comma; 150&comma; 150&comma; 0.4); border-radius: 8px; overflow: hidden; display: flex; flex-direction: column;'>\n<div style='padding: 15px; border-bottom: 1px solid rgba(150&comma; 150&comma; 150&comma; 0.2); font-weight: bold; font-size: 18px; color: inherit;'>Especificaciones adicionales<\/div>\n<div style='padding: 15px; color: inherit;'>\n<ul style='padding-left: 20px; margin: 0; font-size: 14px; list-style-type: disc;'>\n<li style='margin-bottom: 5px;'><strong>Consumo de energ\u00eda:<\/strong> DC5V:9.76W:50BTU<\/li>\n<li style='margin-bottom: 5px;'><strong>Temperatura de funcionamiento:<\/strong> 0-50 \u00b0C<\/li>\n<li style='margin-bottom: 5px;'><strong>Temperatura de almacenamiento:<\/strong> -20 &#8211; 60\u00b0C<\/li>\n<li style='margin-bottom: 5px;'><strong>Humedad:<\/strong> 0 &#8211; 80% HR&comma; sin condensaci\u00f3n<\/li>\n<li style='margin-bottom: 5px;'><strong>Carcasa:<\/strong> Met\u00e1lica<\/li>\n<li style='margin-bottom: 5px;'><strong>Peso:<\/strong> 0.85 kg (1.87 libras)<\/li>\n<li style='margin-bottom: 5px;'><strong>Dimensiones:<\/strong> 20.00&#215;14.93&#215;2.85cm (7.87 x 5.88 x 1.12 pulgadas)<\/li>\n<\/ul><\/div>\n<\/p><\/div>\n<\/p><\/div>\n<p> <!-- Im\u00e1genes adicionales --> <\/p>\n<div style='display: flex; flex-wrap: wrap; gap: 20px; margin-bottom: 30px; justify-content: center;'> <img style='width: 70%; height: auto; border: 1px solid rgba(150&comma;150&comma;150&comma;0.3); border-radius: 8px;' src='https:\/\/ftp3.syscom.mx\/usuarios\/luis.vargas\/ATEN\/CN9950\/Imagen%20CN9950.png' alt='Imagen CN9950'> <img style='width: 70%; height: auto; border: 1px solid rgba(150&comma;150&comma;150&comma;0.3); border-radius: 8px;' src='https:\/\/ftp3.syscom.mx\/usuarios\/luis.vargas\/ATEN\/CN9950\/Imagen%202%20CN9950.jpg' alt='Imagen CN9950 2'> <\/div>\n<p> <!-- Separador --> <\/p>\n<hr style='border: 0; border-top: 1px solid rgba(150&comma; 150&comma; 150&comma; 0.3); margin: 30px 0;'> <!-- Videos --> <\/p>\n<div style='margin-bottom: 30px;'>\n<div style='font-size: 18px; font-weight: bold; margin-bottom: 15px; color: inherit; opacity: 0.8;'>VIDEOS<\/div>\n<div style='display: flex; flex-wrap: wrap; gap: 20px;'>\n<div style='flex: 1 1 100%; max-width: 560px;'>\n<div style='position: relative; padding-bottom: 56.25%; height: 0; overflow: hidden; margin-bottom: 30px;'>   <\/div>\n<\/p><\/div>\n<\/p><\/div>\n<\/p><\/div>\n<\/p><\/div>\n","protected":false},"excerpt":{"rendered":"<p>conmutador KVM a trav\u00e9s de IP | DisplayPort 4K | Puerto \u00fanico con acceso compartido local\/remoto<\/p>\n","protected":false},"featured_media":80244,"comment_status":"open","ping_status":"closed","template":"","meta":[],"product_brand":[],"product_cat":[2132],"product_tag":[2121,2133,2120],"class_list":{"0":"post-80245","1":"product","2":"type-product","3":"status-publish","4":"has-post-thumbnail","6":"product_cat-kvm","7":"product_tag-aten","8":"product_tag-kvm","9":"product_tag-proav","11":"first","12":"outofstock","13":"sale","14":"shipping-taxable","15":"purchasable","16":"product-type-simple"},"_links":{"self":[{"href":"https:\/\/soydeaqui.ddns.net\/pachuca\/index.php\/wp-json\/wp\/v2\/product\/80245","targetHints":{"allow":["GET"]}}],"collection":[{"href":"https:\/\/soydeaqui.ddns.net\/pachuca\/index.php\/wp-json\/wp\/v2\/product"}],"about":[{"href":"https:\/\/soydeaqui.ddns.net\/pachuca\/index.php\/wp-json\/wp\/v2\/types\/product"}],"replies":[{"embeddable":true,"href":"https:\/\/soydeaqui.ddns.net\/pachuca\/index.php\/wp-json\/wp\/v2\/comments?post=80245"}],"wp:featuredmedia":[{"embeddable":true,"href":"https:\/\/soydeaqui.ddns.net\/pachuca\/index.php\/wp-json\/wp\/v2\/media\/80244"}],"wp:attachment":[{"href":"https:\/\/soydeaqui.ddns.net\/pachuca\/index.php\/wp-json\/wp\/v2\/media?parent=80245"}],"wp:term":[{"taxonomy":"product_brand","embeddable":true,"href":"https:\/\/soydeaqui.ddns.net\/pachuca\/index.php\/wp-json\/wp\/v2\/product_brand?post=80245"},{"taxonomy":"product_cat","embeddable":true,"href":"https:\/\/soydeaqui.ddns.net\/pachuca\/index.php\/wp-json\/wp\/v2\/product_cat?post=80245"},{"taxonomy":"product_tag","embeddable":true,"href":"https:\/\/soydeaqui.ddns.net\/pachuca\/index.php\/wp-json\/wp\/v2\/product_tag?post=80245"}],"curies":[{"name":"wp","href":"https:\/\/api.w.org\/{rel}","templated":true}]}}