{"id":8023,"date":"2026-03-18T07:03:43","date_gmt":"2026-03-18T07:03:43","guid":{"rendered":"https:\/\/soydeaqui.ddns.net\/pachuca\/index.php\/producto\/transmisor-inalambrico-entrada-de-2-contactos-secos-na-distancia-maxima-de-transmision-2500-metros-linea-de-vista\/"},"modified":"2026-03-18T07:03:47","modified_gmt":"2026-03-18T07:03:47","slug":"transmisor-inalambrico-entrada-de-2-contactos-secos-na-distancia-maxima-de-transmision-2500-metros-linea-de-vista","status":"publish","type":"product","link":"https:\/\/soydeaqui.ddns.net\/pachuca\/index.php\/producto\/transmisor-inalambrico-entrada-de-2-contactos-secos-na-distancia-maxima-de-transmision-2500-metros-linea-de-vista\/","title":{"rendered":"Transmisor inal\u00e1mbrico \/ Entrada de 2 contactos secos NA \/ Distancia m\u00e1xima de transmisi\u00f3n 2500 metros (Linea de vista)"},"content":{"rendered":"<div style='width: 100%; max-width: 1200px; margin: 0 auto; font-family: sans-serif; line-height: 1.6; color: inherit; background-color: transparent;'>\n<div style='display: flex; flex-wrap: wrap; gap: 30px; margin-bottom: 30px;'>\n<div style='flex: 1 1 300px; min-width: 280px;'>\n<h3 style='font-size: 22px; border-bottom: 2px solid currentColor; padding-bottom: 5px; margin-top: 0; color: inherit; opacity: 0.8;'>Descripci\u00f3n<\/h3>\n<p style='font-size: 15px; color: inherit; margin-bottom: 15px;'>Este transmisor inal\u00e1mbrico de largo alcance le proporcionar\u00e1 una soluci\u00f3n inal\u00e1mbrica ideal para lugares donde la obra civil no se puede llevar a cabo o es muy costosa. Integraci\u00f3n con cualquier panel de alarma ya que nos entrega un contacto seco.<\/p>\n<\/p><\/div>\n<\/p><\/div>\n<div style='display: flex; flex-wrap: wrap; gap: 30px; margin-bottom: 30px;'>\n<div style='flex: 1 1 300px; min-width: 280px;'>\n<h3 style='font-size: 22px; border-bottom: 2px solid currentColor; padding-bottom: 5px; margin-top: 0; color: inherit; opacity: 0.8;'>Caracter\u00edsticas<\/h3>\n<ul style='padding-left: 20px; font-size: 15px; color: inherit;'>\n<li style='margin-bottom: 5px;'><strong>Rango a l\u00ednea de vista:<\/strong> 2500 metros *<\/li>\n<li style='margin-bottom: 5px;'><strong>Alimentaci\u00f3n:<\/strong> 2 bater\u00edas CR2450 3v no incluidas<\/li>\n<li style='margin-bottom: 5px;'><strong>Frecuencia de trabajo:<\/strong> 433.92Mhz<\/li>\n<li style='margin-bottom: 5px;'><strong>Receptor compatible:<\/strong> SF-LORA-REC2 y SF-LORA-REC4<\/li>\n<li style='margin-bottom: 5px;'><strong>Dimensiones:<\/strong> 115mm (Largo) x 100mm (Alto) x 40mm (Ancho)<\/li>\n<li style='margin-bottom: 5px;'><strong>Antena:<\/strong> 190 mm<\/li>\n<li style='margin-bottom: 5px;'><strong>Rango de temperatura:<\/strong> -20 \u00b0C \/ +80 \u00b0C<\/li>\n<\/ul><\/div>\n<div style='flex: 1 1 300px; min-width: 280px;'>\n<h3 style='font-size: 22px; border-bottom: 2px solid currentColor; padding-bottom: 5px; margin-top: 0; color: inherit; opacity: 0.8;'>Notas de uso<\/h3>\n<ul style='padding-left: 20px; font-size: 15px; color: inherit;'>\n<li style='margin-bottom: 5px;'>NOTA: USARSE SOLO EN APLICACIONES DONDE NO SE ACTIVE MAS DE 10 VECES POR D\u00cdA&comma; POR LO CONTRARIO USAR EL <a href='https:\/\/www.syscom.mx\/producto\/SF-LORA-TRANS-DC-SFIRE-219070.html' style='color: inherit; text-decoration: underline;'>SFLORATRANSDC<\/a><\/li>\n<li style='margin-bottom: 5px;'><strong>Nota:<\/strong> 1 SFLORATRANS soporta hasta 10 SFLORAREC2 o SFLORAREC4<\/li>\n<li style='margin-bottom: 5px;'><strong>Nota:<\/strong> Si se usan mas de 2 transmisores o receptores en un mismo sitio&comma; debe haber una separaci\u00f3n de entre 5-7 metros para no causar interferencias.<\/li>\n<\/ul><\/div>\n<\/p><\/div>\n<div style='display: flex; flex-wrap: wrap; gap: 30px; margin-bottom: 30px;'>\n<div style='flex: 1 1 100%;'>\n<h3 style='font-size: 22px; border-bottom: 2px solid currentColor; padding-bottom: 5px; margin-top: 0; color: inherit; opacity: 0.8;'>Configuraciones<\/h3>\n<ul style='padding-left: 20px; font-size: 15px; color: inherit;'>\n<li style='margin-bottom: 15px;'><a href='https:\/\/soporte.syscom.mx\/es\/articles\/6305081-sfire-anadir-sirenas-inalambricas-a-cualquier-panel-de-alarmas-mediante-equipos-sf-lora' style='color: inherit; text-decoration: underline;'>SFIRE &#8211; A\u00f1adir sirenas inal\u00e1mbricas a cualquier panel de alarmas mediante equipos SF-LORA<\/a><\/li>\n<li style='margin-bottom: 15px;'><a href='https:\/\/soporte.syscom.mx\/es\/articles\/6303811-proteccion-perimetral-con-rayos-fotoelectricos' style='color: inherit; text-decoration: underline;'>SFIRE &#8211; Integrar un Detector Fotoelectrico SFIRE con un SFLORATRANS \/ REC2<\/a><\/li>\n<li style='margin-bottom: 15px;'><a href='https:\/\/soporte.syscom.mx\/es\/articles\/6372765-sistema-de-botones-de-panico-con-sflora-y-videovigilancia' style='color: inherit; text-decoration: underline;'>SFIRE &#8211; Boton de panico a distancia integrando un SFLORAKIT a Videograbador<\/a><\/li>\n<li style='margin-bottom: 15px;'><a href='https:\/\/soporte.syscom.mx\/es\/articles\/6372746-yonusa-pro4gen2-sistema-de-supervision-de-cercos-electricos-con-sflora' style='color: inherit; text-decoration: underline;'>SFIRE &#8211; Integracion de SFLORAKIT con Energizador Yonusa<\/a><\/li>\n<li style='margin-bottom: 15px;'><a href='https:\/\/soporte.syscom.mx\/es\/articles\/6372692-conexion-de-sirenas-o-estrobos-cableados-con-sflora-a-un-axpro' style='color: inherit; text-decoration: underline;'>SFIRE &#8211; Conexion de Sirena o Estrobo con un SFLORAKIT a un Panel de Alarma AXPRO de Hik Vision<\/a><\/li>\n<li style='margin-bottom: 15px;'><a href='https:\/\/soporte.syscom.mx\/es\/articles\/6372114-aplicaciones-con-sflora-para-sistemas-de-alarma' style='color: inherit; text-decoration: underline;'>SFIRE &#8211; Aplicaciones con SFLORA para sistemas de Alarma<\/a><\/li>\n<li style='margin-bottom: 5px;'><a href='https:\/\/soporte.syscom.mx\/es\/articles\/6372344-conexion-de-sensores-cableados-con-sflora-a-un-axpro' style='color: inherit; text-decoration: underline;'>SFIRE &#8211; Conexion de Sensores Cableados a SFLORAKIT a un Panel de Alarma AXPRO de Hik Vision<\/a><\/li>\n<\/ul><\/div>\n<\/p><\/div>\n<div style='display: flex; flex-wrap: wrap; gap: 30px; margin-bottom: 30px;'>\n<div style='flex: 1 1 100%;'>\n<h3 style='font-size: 22px; border-bottom: 2px solid currentColor; padding-bottom: 5px; margin-top: 0; color: inherit; opacity: 0.8;'>V\u00eddeos<\/h3>\n<\/p><\/div>\n<\/p><\/div>\n<div style='display: flex; flex-wrap: wrap; gap: 30px; margin-bottom: 30px;'>\n<div style='flex: 1 1 48%; min-width: 300px;'>\n<div style='position: relative; padding-bottom: 56.25%; height: 0; overflow: hidden; margin-bottom: 30px;'>   <\/div>\n<\/p><\/div>\n<div style='flex: 1 1 48%; min-width: 300px;'>\n<div style='position: relative; padding-bottom: 56.25%; height: 0; overflow: hidden; margin-bottom: 30px;'>   <\/div>\n<\/p><\/div>\n<\/p><\/div>\n<div style='display: flex; flex-wrap: wrap; gap: 30px; margin-bottom: 30px;'>\n<div style='flex: 1 1 100%;'>\n<p style='font-size: 14px; color: inherit; margin: 0;'><em>*La distancia puede variar por cuestiones de interferencias en la radio frecuencia u obst\u00e1culos principalmente met\u00e1licos<\/em><\/p>\n<\/p><\/div>\n<\/p><\/div>\n<\/p><\/div>\n","protected":false},"excerpt":{"rendered":"<p>Transmisor inal\u00e1mbrico \/ Entrada de 2 contactos secos NA \/ Distancia m\u00e1xima de transmisi\u00f3n 2500 metros (Linea de vista)<\/p>\n","protected":false},"featured_media":8022,"comment_status":"open","ping_status":"closed","template":"","meta":[],"product_brand":[],"product_cat":[214],"product_tag":[93,215,79],"class_list":{"0":"post-8023","1":"product","2":"type-product","3":"status-publish","4":"has-post-thumbnail","6":"product_cat-controles-inalambricos","7":"product_tag-accesorios","8":"product_tag-controles-inalambricos","9":"product_tag-sfire","11":"first","12":"instock","13":"sale","14":"shipping-taxable","15":"purchasable","16":"product-type-simple"},"_links":{"self":[{"href":"https:\/\/soydeaqui.ddns.net\/pachuca\/index.php\/wp-json\/wp\/v2\/product\/8023","targetHints":{"allow":["GET"]}}],"collection":[{"href":"https:\/\/soydeaqui.ddns.net\/pachuca\/index.php\/wp-json\/wp\/v2\/product"}],"about":[{"href":"https:\/\/soydeaqui.ddns.net\/pachuca\/index.php\/wp-json\/wp\/v2\/types\/product"}],"replies":[{"embeddable":true,"href":"https:\/\/soydeaqui.ddns.net\/pachuca\/index.php\/wp-json\/wp\/v2\/comments?post=8023"}],"wp:featuredmedia":[{"embeddable":true,"href":"https:\/\/soydeaqui.ddns.net\/pachuca\/index.php\/wp-json\/wp\/v2\/media\/8022"}],"wp:attachment":[{"href":"https:\/\/soydeaqui.ddns.net\/pachuca\/index.php\/wp-json\/wp\/v2\/media?parent=8023"}],"wp:term":[{"taxonomy":"product_brand","embeddable":true,"href":"https:\/\/soydeaqui.ddns.net\/pachuca\/index.php\/wp-json\/wp\/v2\/product_brand?post=8023"},{"taxonomy":"product_cat","embeddable":true,"href":"https:\/\/soydeaqui.ddns.net\/pachuca\/index.php\/wp-json\/wp\/v2\/product_cat?post=8023"},{"taxonomy":"product_tag","embeddable":true,"href":"https:\/\/soydeaqui.ddns.net\/pachuca\/index.php\/wp-json\/wp\/v2\/product_tag?post=8023"}],"curies":[{"name":"wp","href":"https:\/\/api.w.org\/{rel}","templated":true}]}}