{"id":80229,"date":"2026-03-19T17:55:25","date_gmt":"2026-03-19T17:55:25","guid":{"rendered":"https:\/\/soydeaqui.ddns.net\/pachuca\/index.php\/producto\/punto-de-acceso-industrial-super-wi-fi-6-conectorizado-2x2-doble-banda-simultanea-en-2-4-y-5-ghz-hasta-400-m-de-cobertura-512-usuarios-concurrentes\/"},"modified":"2026-03-19T17:55:31","modified_gmt":"2026-03-19T17:55:31","slug":"punto-de-acceso-industrial-super-wi-fi-6-conectorizado-2x2-doble-banda-simultanea-en-2-4-y-5-ghz-hasta-400-m-de-cobertura-512-usuarios-concurrentes","status":"publish","type":"product","link":"https:\/\/soydeaqui.ddns.net\/pachuca\/index.php\/producto\/punto-de-acceso-industrial-super-wi-fi-6-conectorizado-2x2-doble-banda-simultanea-en-2-4-y-5-ghz-hasta-400-m-de-cobertura-512-usuarios-concurrentes\/","title":{"rendered":"Punto de Acceso Industrial Super Wi-Fi 6 Conectorizado 2&#215;2, Doble Banda Simultanea en 2.4 y 5 GHz, Hasta 400 m de Cobertura, 512 Usuarios Concurrentes"},"content":{"rendered":"<div style='width: 100%; max-width: 1200px; margin: 0 auto; font-family: sans-serif; line-height: 1.6; color: inherit; background-color: transparent;'> <!-- Imagen principal --> <\/p>\n<div style='display: flex; justify-content: center; margin-bottom: 30px;'> <img style='width: 100%; max-width: 600px; height: auto; border: 1px solid rgba(150&comma;150&comma;150&comma;0.3); border-radius: 8px;' src='https:\/\/ftp3.syscom.mx\/usuarios\/hortega\/Altai\/Altai.png' alt=''> <\/div>\n<p> <!-- Descripci\u00f3n principal --> <\/p>\n<div style='margin-bottom: 30px;'>\n<p style='font-size: 16px; margin: 0 0 15px; color: inherit;'> El dise\u00f1o robusto del AX600-X en aplicaciones industriales&comma; garantiza un rendimiento confiable en entornos desafiantes. Es una soluci\u00f3n ideal para aeropuertos&comma; terminales de contenedores&comma; instalaciones de fabricaci\u00f3n&comma; almacenes&comma; petr\u00f3leo y gas&comma; miner\u00eda&comma; energ\u00eda y servicios p\u00fablicos&comma; agricultura y sitios de construcci\u00f3n. <\/p>\n<\/p><\/div>\n<p> <!-- Caracter\u00edsticas t\u00e9cnicas en grid --> <\/p>\n<div style='display: grid; grid-template-columns: repeat(auto-fit&comma; minmax(280px&comma; 1fr)); gap: 30px; margin-bottom: 30px;'> <!-- Caracter\u00edsticas principales --> <\/p>\n<div style='border: 1px solid rgba(150&comma; 150&comma; 150&comma; 0.4); border-radius: 8px; overflow: hidden;'>\n<div style='padding: 15px; border-bottom: 1px solid rgba(150&comma; 150&comma; 150&comma; 0.2); font-weight: bold; font-size: 18px; color: inherit; background-color: rgba(255&comma; 0&comma; 0&comma; 0.05);'>Caracter\u00edsticas Principales<\/div>\n<div style='padding: 15px; color: inherit;'>\n<ul style='padding-left: 20px; margin: 0; font-size: 14px; list-style-type: disc; color: inherit;'>\n<li style='margin-bottom: 8px;'><span style='color: inherit;'>Modo de operaci\u00f3n AP\/CPE\/REPETIDOR<\/span><\/li>\n<li style='margin-bottom: 8px;'><span style='color: inherit;'>Est\u00e1ndar compatible IEEE 802.11 b\/g\/n\/ax<\/span><\/li>\n<li style='margin-bottom: 8px;'><span style='color: inherit;'>Doble banda simult\u00e1nea en 2.4 y 5 GHz<\/span><\/li>\n<li style='margin-bottom: 8px;'><span style='color: inherit;'>Hasta 28 dBm<\/span><\/li>\n<li style='margin-bottom: 8px;'><span style='color: inherit;'>32 SSID (16 SSID por radio)<\/span><\/li>\n<li style='margin-bottom: 8px;'><span style='color: inherit;'>Fast roaming<\/span><\/li>\n<li style='margin-bottom: 8px;'><span style='color: inherit;'>Control de ancho de banda por SSID\/Cliente<\/span><\/li>\n<li style='margin-bottom: 8px;'><span style='color: inherit;'>Seguridad: Open&comma; Shared key&comma; WPA&comma; WPA2&comma; WPA3 (Personal Enterprise)&comma; 802.1X (EAP-PEAP&comma; TLS&comma; TTLS&comma; SIM AKA)<\/span><\/li>\n<\/ul><\/div>\n<\/p><\/div>\n<p> <!-- Caracter\u00edsticas f\u00edsicas y el\u00e9ctricas --> <\/p>\n<div style='border: 1px solid rgba(150&comma; 150&comma; 150&comma; 0.4); border-radius: 8px; overflow: hidden;'>\n<div style='padding: 15px; border-bottom: 1px solid rgba(150&comma; 150&comma; 150&comma; 0.2); font-weight: bold; font-size: 18px; color: inherit; background-color: rgba(255&comma; 0&comma; 0&comma; 0.05);'>Caracter\u00edsticas F\u00edsicas y El\u00e9ctricas<\/div>\n<div style='padding: 15px; color: inherit;'>\n<ul style='padding-left: 20px; margin: 0; font-size: 14px; list-style-type: disc; color: inherit;'>\n<li style='margin-bottom: 8px;'><span style='color: inherit;'>1 Puerto Ethernet 2.5 Gbps<\/span><\/li>\n<li style='margin-bottom: 8px;'><span style='color: inherit;'>1 Puerto SFP<\/span><\/li>\n<li style='margin-bottom: 8px;'><span style='color: inherit;'>2 Conectores N Hembra para 2.4 GHz<\/span><\/li>\n<li style='margin-bottom: 8px;'><span style='color: inherit;'>2 Conectores N Hembra para 5 GHz<\/span><\/li>\n<li style='margin-bottom: 8px;'><span style='color: inherit;'>Alimentaci\u00f3n: PoE 802.3bt o PoE Pasivo de 48 &#8211; 56 Vcc (No incluye)<\/span><\/li>\n<li style='margin-bottom: 8px;'><span style='color: inherit;'>Dimensiones: 21.4 x 21.4 x 6.8 cm<\/span><\/li>\n<li style='margin-bottom: 8px;'><span style='color: inherit;'>Temperatura: -40\u00ba a 70\u00ba C<\/span><\/li>\n<li style='margin-bottom: 8px;'><span style='color: inherit;'>Peso: 1.8 kg<\/span><\/li>\n<li style='margin-bottom: 8px;'><span style='color: inherit;'>Carcasa IP67<\/span><\/li>\n<\/ul><\/div>\n<\/p><\/div>\n<p> <!-- Contenido adicional con imagen --> <\/p>\n<div style='border: 1px solid rgba(150&comma; 150&comma; 150&comma; 0.4); border-radius: 8px; overflow: hidden;'>\n<div style='padding: 15px; border-bottom: 1px solid rgba(150&comma; 150&comma; 150&comma; 0.2); font-weight: bold; font-size: 18px; color: inherit; background-color: rgba(255&comma; 0&comma; 0&comma; 0.05);'>Especificaciones Adicionales<\/div>\n<div style='padding: 15px; color: inherit;'>\n<div style='display: flex; flex-direction: column; align-items: center; margin-bottom: 15px;'> <img style='width: 100%; max-width: 150px; height: auto; border: 1px solid rgba(150&comma;150&comma;150&comma;0.3); border-radius: 8px;' src='https:\/\/ftp3.syscom.mx\/usuarios\/fotos\/C1N\/74401-image_2019_11_19t22_34_31_506z.png' alt=''> <\/div>\n<ul style='padding-left: 20px; margin: 0; font-size: 14px; list-style-type: disc; color: inherit;'>\n<li style='margin-bottom: 8px;'><span style='color: inherit;'><strong style='color: inherit;'>802.11 a\/b\/g\/n\/ac<\/strong> MIMO 2&#215;2<\/span><\/li>\n<li style='margin-bottom: 8px;'><span style='color: inherit;'><strong style='color: inherit;'>574 Mbps<\/strong> 2.4 GHz \/ <strong style='color: inherit;'>1.2 Gbps<\/strong> 5 GHz<\/span><\/li>\n<li style='margin-bottom: 8px;'><span style='color: inherit;'><strong style='color: inherit;'>28 dBm<\/strong> Max. TX Power<\/span><\/li>\n<li style='margin-bottom: 8px;'><span style='color: inherit;'><strong style='color: inherit;'>Hasta 400 m<\/strong> de cobertura<\/span><\/li>\n<li style='margin-bottom: 8px;'><span style='color: inherit;'><strong style='color: inherit;'>512 usuarios<\/strong> concurrentes<\/span><\/li>\n<li style='margin-bottom: 8px;'><span style='color: inherit;'>Access Point \/ Cliente \/ Bridge \/ Repetidor Altai<\/span><\/li>\n<li style='margin-bottom: 8px;'><span style='color: inherit;'>Soporte Altai Care \/ On-Premise<\/span><\/li>\n<\/ul><\/div>\n<\/p><\/div>\n<\/p><\/div>\n<p> <!-- Incluye en el paquete --> <\/p>\n<div style='border: 1px solid rgba(150&comma; 150&comma; 150&comma; 0.4); border-radius: 8px; overflow: hidden; margin-bottom: 30px;'>\n<div style='padding: 15px; border-bottom: 1px solid rgba(150&comma; 150&comma; 150&comma; 0.2); font-weight: bold; font-size: 18px; color: inherit; background-color: rgba(255&comma; 0&comma; 0&comma; 0.05);'>Incluye en el paquete<\/div>\n<div style='padding: 15px; color: inherit;'>\n<ul style='padding-left: 20px; margin: 0; font-size: 14px; list-style-type: disc; color: inherit;'>\n<li style='margin-bottom: 8px;'><span style='color: inherit;'>Punto de Acceso AX600-X<\/span><\/li>\n<li style='margin-bottom: 8px;'><span style='color: inherit;'>Kit de montaje<\/span><\/li>\n<\/ul><\/div>\n<\/p><\/div>\n<p> <!-- Separador final --> <\/p>\n<hr style='border: 0; border-top: 1px solid rgba(150&comma; 150&comma; 150&comma; 0.3); margin: 30px 0;'> <\/div>\n","protected":false},"excerpt":{"rendered":"<p>Punto de Acceso Industrial Super Wi-Fi 6 Conectorizado 2&#215;2, Doble Banda Simultanea en 2.4 y 5 GHz, Hasta 400 m de Cobertura, 512 Usuarios Concurrentes<\/p>\n","protected":false},"featured_media":80228,"comment_status":"open","ping_status":"closed","template":"","meta":[],"product_brand":[],"product_cat":[1794],"product_tag":[1950,1795,1479],"class_list":{"0":"post-80229","1":"product","2":"type-product","3":"status-publish","4":"has-post-thumbnail","6":"product_cat-puntos-de-acceso","7":"product_tag-altai-technologies","8":"product_tag-puntos-de-acceso","9":"product_tag-redes-wifi","11":"first","12":"instock","13":"sale","14":"shipping-taxable","15":"purchasable","16":"product-type-simple"},"_links":{"self":[{"href":"https:\/\/soydeaqui.ddns.net\/pachuca\/index.php\/wp-json\/wp\/v2\/product\/80229","targetHints":{"allow":["GET"]}}],"collection":[{"href":"https:\/\/soydeaqui.ddns.net\/pachuca\/index.php\/wp-json\/wp\/v2\/product"}],"about":[{"href":"https:\/\/soydeaqui.ddns.net\/pachuca\/index.php\/wp-json\/wp\/v2\/types\/product"}],"replies":[{"embeddable":true,"href":"https:\/\/soydeaqui.ddns.net\/pachuca\/index.php\/wp-json\/wp\/v2\/comments?post=80229"}],"wp:featuredmedia":[{"embeddable":true,"href":"https:\/\/soydeaqui.ddns.net\/pachuca\/index.php\/wp-json\/wp\/v2\/media\/80228"}],"wp:attachment":[{"href":"https:\/\/soydeaqui.ddns.net\/pachuca\/index.php\/wp-json\/wp\/v2\/media?parent=80229"}],"wp:term":[{"taxonomy":"product_brand","embeddable":true,"href":"https:\/\/soydeaqui.ddns.net\/pachuca\/index.php\/wp-json\/wp\/v2\/product_brand?post=80229"},{"taxonomy":"product_cat","embeddable":true,"href":"https:\/\/soydeaqui.ddns.net\/pachuca\/index.php\/wp-json\/wp\/v2\/product_cat?post=80229"},{"taxonomy":"product_tag","embeddable":true,"href":"https:\/\/soydeaqui.ddns.net\/pachuca\/index.php\/wp-json\/wp\/v2\/product_tag?post=80229"}],"curies":[{"name":"wp","href":"https:\/\/api.w.org\/{rel}","templated":true}]}}