{"id":80218,"date":"2026-03-19T17:55:00","date_gmt":"2026-03-19T17:55:00","guid":{"rendered":"https:\/\/soydeaqui.ddns.net\/pachuca\/index.php\/producto\/router-ekit-2-puertos-wan-gigabit-1-puerto-lan-wan-gigabit-7-puertos-poe-lan-gigabit-presupuesto-poe-124-w-rendimiento-de-2-gbps-controlador-64-aps-hasta-250-clientes-libre-de-licen\/"},"modified":"2026-03-19T17:55:10","modified_gmt":"2026-03-19T17:55:10","slug":"router-ekit-2-puertos-wan-gigabit-1-puerto-lan-wan-gigabit-7-puertos-poe-lan-gigabit-presupuesto-poe-124-w-rendimiento-de-2-gbps-controlador-64-aps-hasta-250-clientes-libre-de-licen","status":"publish","type":"product","link":"https:\/\/soydeaqui.ddns.net\/pachuca\/index.php\/producto\/router-ekit-2-puertos-wan-gigabit-1-puerto-lan-wan-gigabit-7-puertos-poe-lan-gigabit-presupuesto-poe-124-w-rendimiento-de-2-gbps-controlador-64-aps-hasta-250-clientes-libre-de-licen\/","title":{"rendered":"Router eKit \/ 2 Puertos WAN Gigabit \/ 1 Puerto LAN\/WAN Gigabit  \/ 7 Puertos PoE LAN Gigabit \/ Presupuesto PoE 124 W \/ Rendimiento de 2 Gbps \/ Controlador (64 APs) \/ Hasta 250 clientes \/ Libre de licenciamiento"},"content":{"rendered":"<div style='width: 100%; max-width: 1200px; margin: 0 auto; font-family: sans-serif; line-height: 1.6; color: inherit; background-color: transparent;'> <!-- Video Section --> <\/p>\n<div style='display: flex; flex-wrap: wrap; gap: 30px; margin-bottom: 30px;'>\n<div style='flex: 1 1 300px; min-width: 280px;'>\n<div style='position: relative; padding-bottom: 56.25%; height: 0; overflow: hidden; margin-bottom: 30px;'> <video style='position: absolute; top: 0; left: 0; width: 100%; height: 100%; border: none;' src='https:\/\/ftp3.syscom.mx\/usuarios\/axel\/Huawei\/eKit\/S380-S8P2T\/eKitEngine%20S380%20Series%20Router%20Introduction%20video.mp4' autoplay muted loop playsinline controls><\/video> <\/div>\n<\/p><\/div>\n<\/p><\/div>\n<p> <!-- Hero Section with Image and Description --> <\/p>\n<div style='display: flex; flex-wrap: wrap; gap: 30px; margin-bottom: 30px;'>\n<div style='flex: 1 1 320px; min-width: 280px;'> <img style='width: 100%; height: auto; border: 1px solid rgba(150&comma;150&comma;150&comma;0.3); border-radius: 8px;' src='http:\/\/ftp3.syscom.mx\/usuarios\/ftp\/2025\/10\/29\/1971\/Captura_de_pantalla_20251029_a_la_s__1.54.43p.m..png_froala_69027111ee4f2' alt='Switch Industrial eKit S210I-8T4SX'> <\/div>\n<div style='flex: 1 1 360px; min-width: 280px;'>\n<h3 style='font-size: 22px; border-bottom: 2px solid currentColor; padding-bottom: 5px; margin-top: 0; color: inherit; opacity: 0.8;'>Router multi-servicio todo en uno<\/h3>\n<p style='font-size: 15px; color: inherit; text-align: justify;'>El Router Huawei eKitEngine S380 es una puerta de enlace multiservicio con 8 puertos Gigabit (PoE) y puertos uplink GE. Ofrece instalaci\u00f3n sencilla&comma; despliegue r\u00e1pido y red Ethernet flexible&comma; ideal para PYMES&comma; oficinas&comma; hoteles&comma; escuelas y sistemas de seguridad en interiores.<\/p>\n<\/p><\/div>\n<\/p><\/div>\n<p> <!-- Features Grid --> <\/p>\n<div style='display: flex; flex-wrap: wrap; gap: 20px; margin-bottom: 30px;'> <!-- Main Features Card --> <\/p>\n<div style='flex: 1 1 250px; border: 1px solid rgba(150&comma; 150&comma; 150&comma; 0.4); border-radius: 8px; overflow: hidden; display: flex; flex-direction: column;'>\n<div style='padding: 15px; border-bottom: 1px solid rgba(150&comma; 150&comma; 150&comma; 0.2); font-weight: bold; font-size: 18px; color: inherit;'>Caracter\u00edsticas principales<\/div>\n<div style='padding: 15px; color: inherit;'>\n<ul style='padding-left: 20px; margin: 0; font-size: 14px; list-style-type: disc;'>\n<li style='margin-bottom: 5px;'>(7) Puertos PoE LAN 10\/100\/1000 Mbps<\/li>\n<li style='margin-bottom: 5px;'>(1) Puerto WAN\/LAN 10\/100\/1000 Mbps<\/li>\n<li style='margin-bottom: 5px;'>(2) Puertos WAN 10\/100\/1000 Mbps<\/li>\n<li style='margin-bottom: 5px;'>(1) Bot\u00f3n de reset<\/li>\n<li style='margin-bottom: 5px;'>(1) Dip-Switch<\/li>\n<li style='margin-bottom: 5px;'><strong>Gesti\u00f3n<\/strong>: Interfaz Web&comma; APP y Nube SNC<\/li>\n<li style='margin-bottom: 5px;'><strong>Modo de disipaci\u00f3n de calor:<\/strong> Disipaci\u00f3n de calor natural<\/li>\n<li style='margin-bottom: 5px;'>Controladora de hasta 64 puntos de acceso eKit<\/li>\n<li style='margin-bottom: 5px;'>Soporta hasta 250 clientes<\/li>\n<\/ul><\/div>\n<\/p><\/div>\n<p> <!-- Physical and Electrical Features Card --> <\/p>\n<div style='flex: 1 1 250px; border: 1px solid rgba(150&comma; 150&comma; 150&comma; 0.4); border-radius: 8px; overflow: hidden; display: flex; flex-direction: column;'>\n<div style='padding: 15px; border-bottom: 1px solid rgba(150&comma; 150&comma; 150&comma; 0.2); font-weight: bold; font-size: 18px; color: inherit;'>Caracter\u00edsticas f\u00edsicas y el\u00e9ctricas<\/div>\n<div style='padding: 15px; color: inherit;'>\n<ul style='padding-left: 20px; margin: 0; font-size: 14px; list-style-type: disc;'>\n<li style='margin-bottom: 5px;'><strong>Dimensiones<\/strong>: 150.0 mm x 275.0 mm x 200.0 mm<\/li>\n<li style='margin-bottom: 5px;'><strong>Peso<\/strong>: 1.8 kg<\/li>\n<li style='margin-bottom: 5px;'><strong>Consumo m\u00e1ximo<\/strong>: 145.8 W (Full PoE)<\/li>\n<li style='margin-bottom: 5px;'><strong>Alimentaci\u00f3n el\u00e9ctrica:<\/strong> 100 V AC to 240 V AC&comma; 50\/60 Hz<\/li>\n<li style='margin-bottom: 5px;'><strong>Temperatura de operaci\u00f3n<\/strong>: 0\u00b0C a +40\u00b0C<\/li>\n<li style='margin-bottom: 5px;'><strong>Humedad de operaci\u00f3n<\/strong>: 5% a 95% (No condensado)<\/li>\n<li style='margin-bottom: 5px;'><strong>Capacidad de switching<\/strong>: 16 Gbit\/s<\/li>\n<li style='margin-bottom: 5px;'><strong>Tasa de reenv\u00edo de paquetes<\/strong>:<br \/>Carga: 500 Kpps<br \/>Descarga: 420 Kpps<\/li>\n<\/ul><\/div>\n<\/p><\/div>\n<p> <!-- Advanced Features Card --> <\/p>\n<div style='flex: 1 1 250px; border: 1px solid rgba(150&comma; 150&comma; 150&comma; 0.4); border-radius: 8px; overflow: hidden; display: flex; flex-direction: column;'>\n<div style='padding: 15px; border-bottom: 1px solid rgba(150&comma; 150&comma; 150&comma; 0.2); font-weight: bold; font-size: 18px; color: inherit;'>Funciones avanzadas<\/div>\n<div style='padding: 15px; color: inherit;'>\n<ul style='padding-left: 20px; margin: 0; font-size: 14px; list-style-type: disc;'>\n<li style='margin-bottom: 5px;'>Balanceo de carga<\/li>\n<li style='margin-bottom: 5px;'>Rutas est\u00e1ticas<\/li>\n<li style='margin-bottom: 5px;'>DHCP Server<\/li>\n<li style='margin-bottom: 5px;'>PPPoE Server<\/li>\n<li style='margin-bottom: 5px;'>Diagn\u00f3stico con un solo clic<\/li>\n<li style='margin-bottom: 5px;'><strong>Funciones:<\/strong> Router&comma; switch y controladora de puntos de acceso<\/li>\n<\/ul><\/div>\n<\/p><\/div>\n<p> <!-- Package Contents Card --> <\/p>\n<div style='flex: 1 1 250px; border: 1px solid rgba(150&comma; 150&comma; 150&comma; 0.4); border-radius: 8px; overflow: hidden; display: flex; flex-direction: column;'>\n<div style='padding: 15px; border-bottom: 1px solid rgba(150&comma; 150&comma; 150&comma; 0.2); font-weight: bold; font-size: 18px; color: inherit;'>Contenido del paquete:<\/div>\n<div style='padding: 15px; color: inherit;'>\n<ul style='padding-left: 20px; margin: 0; font-size: 14px; list-style-type: disc;'>\n<li style='margin-bottom: 5px;'>(1) S380-S8P2T<\/li>\n<li style='margin-bottom: 5px;'>(1) Fuente de alimentaci\u00f3n<\/li>\n<\/ul><\/div>\n<\/p><\/div>\n<\/p><\/div>\n<p> <!-- Additional Features Sections --> <\/p>\n<div style='display: flex; flex-wrap: wrap; gap: 30px; margin-bottom: 30px;'>\n<div style='flex: 1 1 300px; min-width: 280px;'> <img style='width: 100%; height: auto; border: 1px solid rgba(150&comma;150&comma;150&comma;0.3); border-radius: 8px;' src='http:\/\/ftp3.syscom.mx\/usuarios\/ftp\/2025\/10\/29\/1971\/Captura_de_pantalla_20251029_a_la_s__1.54.43p.m..png_froala_69028f12836f5' alt='Switch Industrial eKit S210I-8T4SX'> <\/div>\n<div style='flex: 1 1 360px; min-width: 280px;'>\n<h3 style='font-size: 22px; border-bottom: 2px solid currentColor; padding-bottom: 5px; margin-top: 0; color: inherit; opacity: 0.8;'>Router todo en uno para cualquier aplicaci\u00f3n de red<\/h3>\n<p style='font-size: 15px; color: inherit; text-align: justify;'>El Huawei eKitEngine S380-S8P2T es un router todo en uno que combina funciones de router&comma; switch y controladora de puntos de acceso&comma; con gesti\u00f3n en la nube a trav\u00e9s de Huawei eKit SNC. Dispone de 8 puertos Gigabit&comma; de los cuales 7 ofrecen PoE&comma; brindando una soluci\u00f3n integral&comma; flexible y eficiente para cualquier aplicaci\u00f3n de red.<\/p>\n<\/p><\/div>\n<\/p><\/div>\n<p> <!-- Parental Control Section --> <\/p>\n<div style='display: flex; flex-wrap: wrap; gap: 30px; margin-bottom: 30px;'>\n<div style='flex: 1 1 360px; min-width: 280px; order: 2;'> <img style='width: 100%; height: auto; border: 1px solid rgba(150&comma;150&comma;150&comma;0.3); border-radius: 8px;' src='http:\/\/ftp3.syscom.mx\/usuarios\/ftp\/2025\/10\/30\/1971\/Captura_de_pantalla_20251030_a_la_s__10.30.23a.m..png_froala_6903931dc050a' alt='Switch Industrial eKit S210I-8T4SX'> <\/div>\n<div style='flex: 1 1 360px; min-width: 280px; order: 1;'>\n<h3 style='font-size: 22px; border-bottom: 2px solid currentColor; padding-bottom: 5px; margin-top: 0; color: inherit; opacity: 0.8;'>Protecci\u00f3n de los j\u00f3venes contra el acceso nocivo a Internet<\/h3>\n<p style='font-size: 15px; color: inherit; text-align: justify;'>El Huawei S380 ofrece funciones de control parental que protegen a los j\u00f3venes del acceso a contenido inapropiado en Internet&comma; ayudando a los padres a supervisar el uso de dispositivos electr\u00f3nicos y promover un entorno digital seguro para el aprendizaje.<\/p>\n<\/p><\/div>\n<\/p><\/div>\n<p> <!-- Cloud Management Section --> <\/p>\n<div style='display: flex; flex-wrap: wrap; gap: 30px; margin-bottom: 30px;'>\n<div style='flex: 1 1 300px; min-width: 280px;'> <img style='width: 100%; height: auto; border: 1px solid rgba(150&comma;150&comma;150&comma;0.3); border-radius: 8px;' src='http:\/\/ftp3.syscom.mx\/usuarios\/ftp\/2025\/10\/30\/1971\/Captura_de_pantalla_20251030_a_la_s__10.43.25a.m..png_froala_690395bd20658' alt='Switch Industrial eKit S210I-8T4SX'> <\/div>\n<div style='flex: 1 1 360px; min-width: 280px;'>\n<h3 style='font-size: 22px; border-bottom: 2px solid currentColor; padding-bottom: 5px; margin-top: 0; color: inherit; opacity: 0.8;'>Implementaci\u00f3n de toda la red en la nube al escanear QR de S380<\/h3>\n<p style='font-size: 15px; color: inherit; text-align: justify;'>Permite integrar y gestionar f\u00e1cilmente todos los dispositivos de red. Basta con escanear el c\u00f3digo QR del equipo para a\u00f1adirlos autom\u00e1ticamente al proyecto y desplegar la red de forma r\u00e1pida y centralizada&comma; desde la nube de Huawei eKit SNC.<\/p>\n<\/p><\/div>\n<\/p><\/div>\n<p> <!-- PoE Features Section --> <\/p>\n<div style='display: flex; flex-wrap: wrap; gap: 30px; margin-bottom: 30px;'>\n<div style='flex: 1 1 360px; min-width: 280px; order: 2;'> <img style='width: 100%; height: auto; border: 1px solid rgba(150&comma;150&comma;150&comma;0.3); border-radius: 8px;' src='http:\/\/ftp3.syscom.mx\/usuarios\/ftp\/2025\/10\/30\/1971\/Captura_de_pantalla_20251030_a_la_s__10.56.16a.m..png_froala_6903996f3d5fb' alt='Switch Industrial eKit S210I-8T4SX'> <\/div>\n<div style='flex: 1 1 360px; min-width: 280px; order: 1;'>\n<h3 style='font-size: 22px; border-bottom: 2px solid currentColor; padding-bottom: 5px; margin-top: 0; color: inherit; opacity: 0.8;'>8 Puertos LAN de los cuales 7 tienen PoE<\/h3>\n<p style='font-size: 15px; color: inherit; text-align: justify;'>Capaz de ajustar autom\u00e1ticamente los par\u00e1metros de red. Su algoritmo exclusivo de calibraci\u00f3n de radio realiza una sintonizaci\u00f3n precisa de potencia y frecuencia con un solo clic&comma; reduciendo interferencias y fortaleciendo la se\u00f1al para un rendimiento inal\u00e1mbrico superior.<\/p>\n<\/p><\/div>\n<\/p><\/div>\n<p> <!-- Performance Section --> <\/p>\n<div style='display: flex; flex-wrap: wrap; gap: 30px; margin-bottom: 30px;'>\n<div style='flex: 1 1 300px; min-width: 280px;'> <img style='width: 100%; height: auto; border: 1px solid rgba(150&comma;150&comma;150&comma;0.3); border-radius: 8px;' src='http:\/\/ftp3.syscom.mx\/usuarios\/ftp\/2025\/10\/30\/1971\/_.png_froala_69039d6247a99' alt='Switch Industrial eKit S210I-8T4SX'> <\/div>\n<div style='flex: 1 1 360px; min-width: 280px;'>\n<h3 style='font-size: 22px; border-bottom: 2px solid currentColor; padding-bottom: 5px; margin-top: 0; color: inherit; opacity: 0.8;'>S380 con rendimiento l\u00edder en la industria: 50 % m\u00e1s dispositivos conectados&comma; maximizando el retorno de la inversi\u00f3n<\/h3>\n<p style='font-size: 15px; color: inherit; text-align: justify;'>El Huawei S380 destaca por su rendimiento l\u00edder en la industria&comma; capaz de admitir hasta un 50 % m\u00e1s de dispositivos conectados en comparaci\u00f3n con soluciones convencionales. Su alta capacidad y eficiencia garantizan una red estable&comma; escalable y con un mayor retorno de inversi\u00f3n&comma; ideal para entornos de peque\u00f1as y medianas empresas en crecimiento.<\/p>\n<\/p><\/div>\n<\/p><\/div>\n<p> <!-- Cloud Management Section --> <\/p>\n<div style='display: flex; flex-wrap: wrap; gap: 30px; margin-bottom: 30px;'>\n<div style='flex: 1 1 360px; min-width: 280px; order: 2;'> <img style='width: 100%; height: auto; border: 1px solid rgba(150&comma;150&comma;150&comma;0.3); border-radius: 8px;' src='http:\/\/ftp3.syscom.mx\/usuarios\/ftp\/2025\/10\/22\/1971\/1761144118408.png_froala_68f8ed37afdc6' alt='Switch Industrial eKit S210I-8T4SX'> <\/div>\n<div style='flex: 1 1 360px; min-width: 280px; order: 1;'>\n<h3 style='font-size: 22px; border-bottom: 2px solid currentColor; padding-bottom: 5px; margin-top: 0; color: inherit; opacity: 0.8;'>Gesti\u00f3n flexible y remota sin costo<\/h3>\n<p style='font-size: 15px; color: inherit; text-align: justify;'>M\u00e9todos flexibles de gesti\u00f3n: desde la interfaz web&comma; APP (iOS\/Android\/Harmony OS) y desde la nube SNC de Huawei eKit.<\/p>\n<p style='font-size: 15px; color: inherit; text-align: justify;'>Comparta proyectos para clientes espec\u00edficos&comma; gestione y d\u00e9 soporte t\u00e9cnico de manera remota sin pagos extra&comma; ya que es totalmente gratuita la plataforma de eKit.<\/p>\n<\/p><\/div>\n<\/p><\/div>\n<p> <!-- Network Planning Section --> <\/p>\n<div style='display: flex; flex-wrap: wrap; gap: 30px; margin-bottom: 30px;'>\n<div style='flex: 1 1 300px; min-width: 280px;'> <img style='width: 100%; height: auto; border: 1px solid rgba(150&comma;150&comma;150&comma;0.3); border-radius: 8px;' src='http:\/\/ftp3.syscom.mx\/usuarios\/ftp\/2025\/10\/22\/1971\/1761144251539.png_froala_68f8ee16889ee' alt='Switch Industrial eKit S210I-8T4SX'> <\/div>\n<div style='flex: 1 1 360px; min-width: 280px;'>\n<h3 style='font-size: 22px; border-bottom: 2px solid currentColor; padding-bottom: 5px; margin-top: 0; color: inherit; opacity: 0.8;'>Resoluci\u00f3n de problemas con IA<\/h3>\n<p style='font-size: 15px; color: inherit; text-align: justify;'>Lo importante del soporte t\u00e9cnico o solucionar problemas&comma; es hacerlo de manera r\u00e1pida y efectiva.<\/p>\n<p style='font-size: 15px; color: inherit; text-align: justify;'>Huawei viene a revolucionar esto con la funci\u00f3n de soluci\u00f3n de problemas impulsada por la IA (Inteligencia artificial)&comma; teniendo un diagn\u00f3stico de la red en sus diferentes par\u00e1metros en cuesti\u00f3n de minutos&comma; indicando problemas y posibles soluciones de cada uno de ellos.<\/p>\n<\/p><\/div>\n<\/p><\/div>\n<p> <!-- Network Planning Tools Section --> <\/p>\n<div style='display: flex; flex-wrap: wrap; gap: 30px; margin-bottom: 30px;'>\n<div style='flex: 1 1 360px; min-width: 280px; order: 2;'> <img style='width: 100%; height: auto; border: 1px solid rgba(150&comma;150&comma;150&comma;0.3); border-radius: 8px;' src='http:\/\/ftp3.syscom.mx\/usuarios\/ftp\/2025\/10\/22\/1971\/1761144341865.jpeg_froala_68f8ee16889ee' alt='Switch Industrial eKit S210I-8T4SX'> <\/div>\n<div style='flex: 1 1 360px; min-width: 280px; order: 1;'>\n<h3 style='font-size: 22px; border-bottom: 2px solid currentColor; padding-bottom: 5px; margin-top: 0; color: inherit; opacity: 0.8;'>Planea y simula tu red Wi-Fi con precisi\u00f3n usando WLAN Planner<\/h3>\n<p style='font-size: 15px; color: inherit; text-align: justify;'>Para dimensionar una red Wi-Fi con un archivo entregable para el usuario final&comma; puedes utilizar la herramienta de planeaci\u00f3n WLAN Planner de Huawei&comma; en la cual podr\u00e1s dibujar las paredes del sitio seg\u00fan su material para simular la cobertura que se tendr\u00e1 de acuerdo a los puntos de acceso Wi-Fi que selecciones.<\/p>\n<\/p><\/div>\n<\/p><\/div>\n<p> <!-- Mobile App Section --> <\/p>\n<div style='display: flex; flex-wrap: wrap; gap: 30px; margin-bottom: 30px;'>\n<div style='flex: 1 1 300px; min-width: 280px;'> <img style='width: 100%; height: auto; border: 1px solid rgba(150&comma;150&comma;150&comma;0.3); border-radius: 8px;' src='http:\/\/ftp3.syscom.mx\/usuarios\/ftp\/2025\/10\/22\/1971\/1761144660933.png_froala_68f8ef55554a4' alt='Switch Industrial eKit S210I-8T4SX'> <\/div>\n<div style='flex: 1 1 360px; min-width: 280px;'>\n<h3 style='font-size: 22px; border-bottom: 2px solid currentColor; padding-bottom: 5px; margin-top: 0; color: inherit; opacity: 0.8;'>Configura y gestiona tu red eKit desde la app m\u00f3vil<\/h3>\n<p style='font-size: 15px; color: inherit; text-align: justify;'>Con el siguiente c\u00f3digo QR puedes descargar la aplicaci\u00f3n de Huawei eKit en donde podr\u00e1s dar de alta equipos como: Routers&comma; Switch y puntos de acceso de la l\u00ednea eKit&comma; en cuesti\u00f3n de minutos y poder desplegar redes de las comodidad de su smartphone.<\/p>\n<p style='font-size: 15px; color: inherit; text-align: justify;'>Disponible para iOS&comma; Android y Harmony OS.<\/p>\n<\/p><\/div>\n<\/p><\/div>\n<\/p><\/div>\n","protected":false},"excerpt":{"rendered":"<p>Router eKit \/ 2 Puertos WAN Gigabit \/ 1 Puerto LAN\/WAN Gigabit  \/ 7 Puertos PoE LAN Gigabit \/ Presupuesto PoE 124 W \/ Rendimiento de 2 Gbps \/ Controlador (64 APs) \/ Hasta 250 clientes \/ Libre de licenciamiento<\/p>\n","protected":false},"featured_media":80217,"comment_status":"open","ping_status":"closed","template":"","meta":[],"product_brand":[],"product_cat":[2036,2035,2034],"product_tag":[2039,2038,718,664,2037],"class_list":{"0":"post-80218","1":"product","2":"type-product","3":"status-publish","4":"has-post-thumbnail","6":"product_cat-balanceadores","7":"product_cat-firewalls","8":"product_cat-routers","9":"product_tag-balanceadores","10":"product_tag-firewalls","11":"product_tag-huawei","12":"product_tag-networking","13":"product_tag-routers","15":"first","16":"instock","17":"sale","18":"shipping-taxable","19":"purchasable","20":"product-type-simple"},"_links":{"self":[{"href":"https:\/\/soydeaqui.ddns.net\/pachuca\/index.php\/wp-json\/wp\/v2\/product\/80218","targetHints":{"allow":["GET"]}}],"collection":[{"href":"https:\/\/soydeaqui.ddns.net\/pachuca\/index.php\/wp-json\/wp\/v2\/product"}],"about":[{"href":"https:\/\/soydeaqui.ddns.net\/pachuca\/index.php\/wp-json\/wp\/v2\/types\/product"}],"replies":[{"embeddable":true,"href":"https:\/\/soydeaqui.ddns.net\/pachuca\/index.php\/wp-json\/wp\/v2\/comments?post=80218"}],"wp:featuredmedia":[{"embeddable":true,"href":"https:\/\/soydeaqui.ddns.net\/pachuca\/index.php\/wp-json\/wp\/v2\/media\/80217"}],"wp:attachment":[{"href":"https:\/\/soydeaqui.ddns.net\/pachuca\/index.php\/wp-json\/wp\/v2\/media?parent=80218"}],"wp:term":[{"taxonomy":"product_brand","embeddable":true,"href":"https:\/\/soydeaqui.ddns.net\/pachuca\/index.php\/wp-json\/wp\/v2\/product_brand?post=80218"},{"taxonomy":"product_cat","embeddable":true,"href":"https:\/\/soydeaqui.ddns.net\/pachuca\/index.php\/wp-json\/wp\/v2\/product_cat?post=80218"},{"taxonomy":"product_tag","embeddable":true,"href":"https:\/\/soydeaqui.ddns.net\/pachuca\/index.php\/wp-json\/wp\/v2\/product_tag?post=80218"}],"curies":[{"name":"wp","href":"https:\/\/api.w.org\/{rel}","templated":true}]}}