{"id":80153,"date":"2026-03-19T17:52:36","date_gmt":"2026-03-19T17:52:36","guid":{"rendered":"https:\/\/soydeaqui.ddns.net\/pachuca\/index.php\/producto\/switch-de-acceso-ekit-administrable-capa-2-24-puertos-poe-gigabit-4-puertos-sfp-sfp-puerto-de-consola-poe-perpetuo-presupuesto-poe-400-w-sin-licenciamiento\/"},"modified":"2026-03-19T17:52:47","modified_gmt":"2026-03-19T17:52:47","slug":"switch-de-acceso-ekit-administrable-capa-2-24-puertos-poe-gigabit-4-puertos-sfp-sfp-puerto-de-consola-poe-perpetuo-presupuesto-poe-400-w-sin-licenciamiento","status":"publish","type":"product","link":"https:\/\/soydeaqui.ddns.net\/pachuca\/index.php\/producto\/switch-de-acceso-ekit-administrable-capa-2-24-puertos-poe-gigabit-4-puertos-sfp-sfp-puerto-de-consola-poe-perpetuo-presupuesto-poe-400-w-sin-licenciamiento\/","title":{"rendered":"Switch de Acceso eKit Administrable \/ Capa 2 \/ 24 Puertos PoE+ Gigabit + 4 Puertos SFP+\/SFP + Puerto de Consola  \/ Poe Perpetuo \/ Presupuesto PoE 400 W \/ Sin Licenciamiento"},"content":{"rendered":"<div style='width: 100%; max-width: 1200px; margin: 0 auto; font-family: sans-serif; line-height: 1.6; color: inherit; background-color: transparent;'>\n<div style='width: 100%; margin-bottom: 30px;'> <img style='width: 100%; height: auto; border: 1px solid rgba(150&comma;150&comma;150&comma;0.3); border-radius: 8px;' src='https:\/\/ftp3.syscom.mx\/usuarios\/fotos\/AP362\/223796-captura_de_pantalla_2023-12-06_a_la(s)_15.46.50.png' alt=''> <\/div>\n<p> <!-- Secci\u00f3n de especificaciones --> <\/p>\n<div style='display: flex; flex-wrap: wrap; gap: 20px; margin-bottom: 30px;'>\n<div style='flex: 1 1 300px; border: 1px solid rgba(150&comma; 150&comma; 150&comma; 0.4); border-radius: 8px; overflow: hidden; display: flex; flex-direction: column;'>\n<div style='padding: 15px; border-bottom: 1px solid rgba(150&comma; 150&comma; 150&comma; 0.2); font-weight: bold; font-size: 18px; color: inherit;'>Especificaciones:<\/div>\n<div style='padding: 15px; color: inherit;'>\n<ul style='padding-left: 20px; margin: 0; font-size: 14px; list-style-type: disc; color: inherit;'>\n<li style='margin-bottom: 5px;'>Dimesiones: 90 mm x 550 mm x 360 mm con caja<\/li>\n<li style='margin-bottom: 5px;'>Dimesiones: 43.6 mm x 442 mm x 220 mm sin caja<\/li>\n<li style='margin-bottom: 5px;'>Estandar PoE: 802.3 af\/at<\/li>\n<li style='margin-bottom: 5px;'>24 Puertos PoE+ Gigabit<\/li>\n<li style='margin-bottom: 5px;'>4 Puertos de fibra \u00f3ptica SFP\/SFP+<\/li>\n<li style='margin-bottom: 5px;'>Material del chasis: Metal<\/li>\n<li style='margin-bottom: 5px;'>Consumo del equipo: Sin PoE: 44.35 W \/ Con PoE: 485.91 W<\/li>\n<li style='margin-bottom: 5px;'>Instalaci\u00f3n en rack&comma; escritorio o pared<\/li>\n<li style='margin-bottom: 5px;'>Capa 2<\/li>\n<li style='margin-bottom: 5px;'>Capacidad de Switching: 128 Gbps<\/li>\n<li style='margin-bottom: 5px;'>Reenv\u00edo de paquetes: 95 Mpps<\/li>\n<li style='margin-bottom: 5px;'>Fuente de alimentaci\u00f3n: 100 VCA &#8211; 240 VCA; 50 Hz &#8211; 60 Hz<\/li>\n<li style='margin-bottom: 5px;'>Temperatura de operaci\u00f3n: -5\u00b0C to 50\u00b0C<\/li>\n<li style='margin-bottom: 5px;'>Peso: 3.79 kg<\/li>\n<\/ul><\/div>\n<\/p><\/div>\n<\/p><\/div>\n<p> <!-- Secci\u00f3n de caracter\u00edsticas de interfaces --> <\/p>\n<div style='flex: 1 1 300px; border: 1px solid rgba(150&comma; 150&comma; 150&comma; 0.4); border-radius: 8px; overflow: hidden; display: flex; flex-direction: column;'>\n<div style='padding: 15px; border-bottom: 1px solid rgba(150&comma; 150&comma; 150&comma; 0.2); font-weight: bold; font-size: 18px; color: inherit;'>Caracter\u00edsticas de las interfaces:<\/div>\n<div style='padding: 15px; color: inherit;'>\n<ul style='padding-left: 20px; margin: 0; font-size: 14px; list-style-type: disc; color: inherit;'>\n<li style='margin-bottom: 5px;'>24 Puertos PoE+ (802.3 af\/at) 10\/100\/1000 Mbps (Autonegociable)<\/li>\n<li style='margin-bottom: 5px;'>4 Puertos Uplink SFP\/SFP+ 1000\/10000 Mbps<\/li>\n<li style='margin-bottom: 5px;'>1 Puerto de consola<\/li>\n<\/ul><\/div>\n<\/p><\/div>\n<p> <!-- Secci\u00f3n de funciones del equipo --> <\/p>\n<div style='flex: 1 1 300px; border: 1px solid rgba(150&comma; 150&comma; 150&comma; 0.4); border-radius: 8px; overflow: hidden; display: flex; flex-direction: column;'>\n<div style='padding: 15px; border-bottom: 1px solid rgba(150&comma; 150&comma; 150&comma; 0.2); font-weight: bold; font-size: 18px; color: inherit;'>Funciones del equipo:<\/div>\n<div style='padding: 15px; color: inherit;'>\n<ul style='padding-left: 20px; margin: 0; font-size: 14px; list-style-type: disc; color: inherit;'>\n<li style='margin-bottom: 5px;'>Refrigeraci\u00f3n por aire para disipar el calor&comma; ajuste inteligente de la velocidad del ventilador<\/li>\n<li style='margin-bottom: 5px;'>Sin licenciamiento oculto<\/li>\n<li style='margin-bottom: 5px;'>Gesti\u00f3n en la nube gratuita<\/li>\n<li style='margin-bottom: 5px;'>Modos de gesti\u00f3n: Interfaz web&comma; CLI o Nube de SNC de Huawei<\/li>\n<li style='margin-bottom: 5px;'>Soluci\u00f3n de problemas en cuesti\u00f3n de minutos desde la nube con IA<\/li>\n<li style='margin-bottom: 5px;'>Defensa contra ataques DoS&comma; ARP e ICMP<\/li>\n<li style='margin-bottom: 5px;'>Soporte DHCP Snooping<\/li>\n<li style='margin-bottom: 5px;'>Funci\u00f3n de PoE Perpetuo<\/li>\n<li style='margin-bottom: 5px;'>Funci\u00f3n STP&comma; RSTP y MSTP<\/li>\n<li style='margin-bottom: 5px;'>Funci\u00f3n de ERPS<\/li>\n<li style='margin-bottom: 5px;'>Funci\u00f3n IGMPv1\/v2\/v3 y IGMPv1\/v2\/v3 snooping<\/li>\n<\/ul><\/div>\n<\/p><\/div>\n<\/p><\/div>\n<p> <!-- Secci\u00f3n de contenido con im\u00e1genes y texto --> <\/p>\n<div style='margin-bottom: 30px;'>\n<div style='display: flex; flex-wrap: wrap; gap: 20px; align-items: center;'>\n<div style='flex: 1 1 400px; min-width: 280px;'> <img style='width: 100%; height: auto; border: 1px solid rgba(150&comma;150&comma;150&comma;0.3); border-radius: 8px;' src='https:\/\/ftp3.syscom.mx\/usuarios\/fotos\/S220S10PN4JX\/234886-s220s-10pn4jx_non-bloking.png' alt='IdeaHub Board 3 Pro overview'> <\/div>\n<div style='flex: 1 1 400px; min-width: 280px;'>\n<p style='font-size: 16px; margin: 0; color: inherit;'>Flexibilidad en conectividad Ethernet&comma; dise\u00f1ado para cualquier tipo de aplicaci\u00f3n o requerimiento&comma; ya que se puede tener conectivdad por cable ethernet o por fibra \u00f3ptica&comma; en las diferentes capacidades de datos&comma; desde 10 Mbps hasta 10 Gbps.<\/p>\n<\/p><\/div>\n<\/p><\/div>\n<\/p><\/div>\n<p> <!-- Secci\u00f3n PoE Perpetuo --> <\/p>\n<div style='margin-bottom: 30px;'>\n<div style='display: flex; flex-wrap: wrap; gap: 20px; align-items: center;'>\n<div style='flex: 1 1 400px; min-width: 280px;'>\n<p style='font-size: 16px; margin: 0; color: inherit;'>Compatible con PoE permanente. Los switches se reinician y la alimentaci\u00f3n de los dispositivos conectados no se interrumpe.<\/p>\n<p style='font-size: 16px; margin-top: 15px; color: inherit;'>Esto nos funciona en aplicaciones como Video vigilancia donde las c\u00e1maras son cruciales y no deben de apagarse por ninguna raz\u00f3n.<\/p>\n<\/p><\/div>\n<div style='flex: 1 1 400px; min-width: 280px;'> <img style='width: 100%; height: auto; border: 1px solid rgba(150&comma;150&comma;150&comma;0.3); border-radius: 8px;' src='https:\/\/ftp3.syscom.mx\/usuarios\/fotos\/S31048HP4X\/241062-pertpetual_poe_ekit.png' alt='IdeaHub Board 3 Pro overview'> <\/div>\n<\/p><\/div>\n<\/p><\/div>\n<p> <!-- Secci\u00f3n MSTP y ERPS --> <\/p>\n<div style='margin-bottom: 30px;'>\n<div style='display: flex; flex-wrap: wrap; gap: 20px; align-items: center;'>\n<div style='flex: 1 1 400px; min-width: 280px;'> <img style='width: 100%; height: auto; border: 1px solid rgba(150&comma;150&comma;150&comma;0.3); border-radius: 8px;' src='https:\/\/ftp3.syscom.mx\/usuarios\/fotos\/S2208P4S\/231873-s220-8p4s_loop_protection.png' alt='IdeaHub Board 3 Pro overview'> <\/div>\n<div style='flex: 1 1 400px; min-width: 280px;'>\n<p style='font-size: 16px; margin: 0; color: inherit;'>MSTP para protecci\u00f3n de bucle y ERPS (conmutaci\u00f3n r\u00e1pida en milisegundos)&comma; lo que garantiza la confiabilidad de la red en todo momento<\/p>\n<\/p><\/div>\n<\/p><\/div>\n<\/p><\/div>\n<p> <!-- Secci\u00f3n App Huawei eKit --> <\/p>\n<div style='margin-bottom: 30px;'>\n<div style='display: flex; flex-wrap: wrap; gap: 20px; align-items: center;'>\n<div style='flex: 1 1 400px; min-width: 280px;'>\n<p style='font-size: 16px; margin: 0; color: inherit;'>Con el siguiente c\u00f3digo QR puedes descargar la aplicaci\u00f3n de Huawei eKit en donde podr\u00e1s dar de alta equipos como: Routers&comma; Switch y puntos de acceso de la l\u00ednea eKit&comma; en cuesti\u00f3n de minutos y poder desplegar redes de la comodidad de su smartphone.<\/p>\n<p style='font-size: 16px; margin-top: 15px; color: inherit;'>Disponible para iOS&comma; Android y Harmony OS.<\/p>\n<\/p><\/div>\n<div style='flex: 1 1 400px; min-width: 280px;'> <img style='width: 100%; height: auto; border: 1px solid rgba(150&comma;150&comma;150&comma;0.3); border-radius: 8px;' src='https:\/\/ftp3.syscom.mx\/usuarios\/fotos\/AP271E\/241040-223794-ekitqr.png' alt='IdeaHub Board 3 Pro overview'> <\/div>\n<\/p><\/div>\n<\/p><\/div>\n<p> <!-- Secci\u00f3n gesti\u00f3n remota --> <\/p>\n<div style='margin-bottom: 30px;'>\n<div style='display: flex; flex-wrap: wrap; gap: 20px; align-items: center;'>\n<div style='flex: 1 1 400px; min-width: 280px;'> <img style='width: 100%; height: auto; border: 1px solid rgba(150&comma;150&comma;150&comma;0.3); border-radius: 8px;' src='https:\/\/ftp3.syscom.mx\/usuarios\/fotos\/AP271E\/241040-snc.png' alt='IdeaHub Board 3 Pro overview'> <\/div>\n<div style='flex: 1 1 400px; min-width: 280px;'>\n<p style='font-size: 16px; margin: 0; color: inherit;'>M\u00e9todos flexibles de gesti\u00f3n: desde la interfaz web&comma; APP (iOS\/Android\/Harmony OS) y desde la <a style='color: inherit; text-decoration: underline;' href='https:\/\/ekit.huawei.com\/' target='_blank'>nube SNC<\/a> de Huawei.<\/p>\n<p style='font-size: 16px; margin-top: 15px; color: inherit;'>Comparta proyectos para clientes espec\u00edficos&comma; gestione y de soporte t\u00e9cnico de manera remota sin pagos extras&comma; ya que es totalmente gratuita la plataforma de eKit<\/p>\n<\/p><\/div>\n<\/p><\/div>\n<\/p><\/div>\n<p> <!-- Secci\u00f3n soluci\u00f3n de problemas con IA --> <\/p>\n<div style='margin-bottom: 30px;'>\n<div style='display: flex; flex-wrap: wrap; gap: 20px; align-items: center;'>\n<div style='flex: 1 1 400px; min-width: 280px;'>\n<p style='font-size: 16px; margin: 0; color: inherit;'>Lo importante del soporte t\u00e9cnico o solucionar problemas&comma; es hacerlo de manera r\u00e1pida y efectiva. Huawei viene a revolucionar esto con la funci\u00f3n de soluci\u00f3n de problemas impulsado por la IA (Inteligencia artificial) teniendo un diagn\u00f3stico de la red en sus diferentes par\u00e1metros en cuesti\u00f3n de minutos&comma; indicando problemas y posibles soluciones de cada uno de ellos.<\/p>\n<\/p><\/div>\n<div style='flex: 1 1 400px; min-width: 280px;'> <img style='width: 100%; height: auto; border: 1px solid rgba(150&comma;150&comma;150&comma;0.3); border-radius: 8px;' src='https:\/\/ftp3.syscom.mx\/usuarios\/fotos\/AP271E\/241040-ia_troubleshooting.png' alt='IdeaHub Board 3 Pro overview'> <\/div>\n<\/p><\/div>\n<\/p><\/div>\n<p> <!-- Tabla de diferencias entre series --> <\/p>\n<div style='margin-bottom: 30px;'>\n<h2 style='text-align: center; font-size: 20px; margin-bottom: 20px; color: inherit;'>Diferencias entre series de Switches Huawei eKit<\/h2>\n<div style='width: 100%; max-width: 900px; margin: 0 auto;'> <img style='width: 100%; height: auto; border: 1px solid rgba(150&comma;150&comma;150&comma;0.3); border-radius: 8px;' src='https:\/\/ftp3.syscom.mx\/usuarios\/fotos\/S220S8T2J\/234868-captura_de_pantalla_2024-11-06_a_la(s)_12.19.15.png' alt='Diferencias entre series de Switches Huawei eKit'> <\/div>\n<\/p><\/div>\n<\/p><\/div>\n","protected":false},"excerpt":{"rendered":"<p>Switch de Acceso eKit Administrable \/ Capa 2 \/ 24 Puertos PoE+ Gigabit + 4 Puertos SFP+\/SFP + Puerto de Consola  \/ Poe Perpetuo \/ Presupuesto PoE 400 W \/ Sin Licenciamiento<\/p>\n","protected":false},"featured_media":80152,"comment_status":"open","ping_status":"closed","template":"","meta":[],"product_brand":[],"product_cat":[1986],"product_tag":[718,664,1987],"class_list":{"0":"post-80153","1":"product","2":"type-product","3":"status-publish","4":"has-post-thumbnail","6":"product_cat-switches-poe","7":"product_tag-huawei","8":"product_tag-networking","9":"product_tag-switches-poe","11":"first","12":"instock","13":"sale","14":"shipping-taxable","15":"purchasable","16":"product-type-simple"},"_links":{"self":[{"href":"https:\/\/soydeaqui.ddns.net\/pachuca\/index.php\/wp-json\/wp\/v2\/product\/80153","targetHints":{"allow":["GET"]}}],"collection":[{"href":"https:\/\/soydeaqui.ddns.net\/pachuca\/index.php\/wp-json\/wp\/v2\/product"}],"about":[{"href":"https:\/\/soydeaqui.ddns.net\/pachuca\/index.php\/wp-json\/wp\/v2\/types\/product"}],"replies":[{"embeddable":true,"href":"https:\/\/soydeaqui.ddns.net\/pachuca\/index.php\/wp-json\/wp\/v2\/comments?post=80153"}],"wp:featuredmedia":[{"embeddable":true,"href":"https:\/\/soydeaqui.ddns.net\/pachuca\/index.php\/wp-json\/wp\/v2\/media\/80152"}],"wp:attachment":[{"href":"https:\/\/soydeaqui.ddns.net\/pachuca\/index.php\/wp-json\/wp\/v2\/media?parent=80153"}],"wp:term":[{"taxonomy":"product_brand","embeddable":true,"href":"https:\/\/soydeaqui.ddns.net\/pachuca\/index.php\/wp-json\/wp\/v2\/product_brand?post=80153"},{"taxonomy":"product_cat","embeddable":true,"href":"https:\/\/soydeaqui.ddns.net\/pachuca\/index.php\/wp-json\/wp\/v2\/product_cat?post=80153"},{"taxonomy":"product_tag","embeddable":true,"href":"https:\/\/soydeaqui.ddns.net\/pachuca\/index.php\/wp-json\/wp\/v2\/product_tag?post=80153"}],"curies":[{"name":"wp","href":"https:\/\/api.w.org\/{rel}","templated":true}]}}