{"id":8015,"date":"2026-03-18T07:03:38","date_gmt":"2026-03-18T07:03:38","guid":{"rendered":"https:\/\/soydeaqui.ddns.net\/pachuca\/index.php\/producto\/sistema-de-alarma-con-comunicador-ip-intercontruido-en-kit-inalambrico\/"},"modified":"2026-03-18T07:03:38","modified_gmt":"2026-03-18T07:03:38","slug":"sistema-de-alarma-con-comunicador-ip-intercontruido-en-kit-inalambrico","status":"publish","type":"product","link":"https:\/\/soydeaqui.ddns.net\/pachuca\/index.php\/producto\/sistema-de-alarma-con-comunicador-ip-intercontruido-en-kit-inalambrico\/","title":{"rendered":"Sistema de Alarma con Comunicador IP Intercontruido en Kit Inalambrico"},"content":{"rendered":"<div style='width: 100%; max-width: 1200px; margin: 0 auto; font-family: sans-serif; line-height: 1.6; color: inherit; background-color: transparent;'> <!-- Banner im\u00e1genes --> <\/p>\n<div style='display: flex; flex-wrap: wrap; gap: 15px; margin-bottom: 30px;'>\n<div style='flex: 1 1 300px; min-width: 280px;'> <a href='https:\/\/drive.google.com\/file\/d\/14O-XtxLv9NWbfPq4gAVaYqBriV4eYVuZ\/view' target='_blank' rel='noopener'> <img style='width: 100%; height: auto; border: 1px solid rgba(150&comma;150&comma;150&comma;0.3); border-radius: 8px;' src='http:\/\/ftp3.syscom.mx\/usuarios\/ftp\/recursos\/honeywell-bnr.jpg' alt='Banner Honeywell'> <\/a> <\/div>\n<div style='flex: 1 1 300px; min-width: 280px;'> <a href='singlepage\/monitoreo-3g-4g' target='_blank' rel='noopener'> <img style='width: 100%; height: auto; border: 1px solid rgba(150&comma;150&comma;150&comma;0.3); border-radius: 8px;' src='http:\/\/ftp3.syscom.mx\/usuarios\/ftp\/recursos\/monitoreo.png' alt='Monitoreo'> <\/a> <\/div>\n<\/p><\/div>\n<p> <!-- Descripci\u00f3n principal --> <\/p>\n<div style='margin-bottom: 30px; font-size: 15px;'>\n<p>El panel Vista21IP se une a Total Connect para darle soluciones <strong>TOTALES<\/strong> en comunicaci\u00f3n digital. El resultado es <strong>un valor agregado incomparable<\/strong>&comma; ya sea en su hogar o negocio haciendo la gran diferencia en seguridad.<\/p>\n<p>El usuario puede recibir la informaci\u00f3n por E-Mail o Notificacion push&comma; tambi\u00e9n puede armar o desarmar el sistema&comma; hacer una petici\u00f3n de estado de sistema&comma; etc&#8230;<\/p>\n<\/p><\/div>\n<p> <!-- Secciones con caracter\u00edsticas --> <\/p>\n<div style='display: flex; flex-wrap: wrap; gap: 30px; margin-bottom: 30px;'>\n<div style='flex: 1 1 300px; min-width: 280px;'>\n<h3 style='font-size: 22px; border-bottom: 2px solid currentColor; padding-bottom: 5px; margin-top: 0; color: inherit; opacity: 0.8;'>Sistema<\/h3>\n<ul style='padding-left: 20px; font-size: 15px; color: inherit;'>\n<li style='margin-bottom: 5px;'>Programaci\u00f3n por teclado alfanum\u00e9rico o software Downloading&comma; por linea telefonica o IP con compatibilidad de AlarmNet.<\/li>\n<li style='margin-bottom: 5px;'>M\u00e1ximo 8 teclados. Soporta teclado alfanum\u00e9ricos y teclados gr\u00e1ficos.<\/li>\n<li style='margin-bottom: 5px;'>2 particiones.<\/li>\n<li style='margin-bottom: 5px;'>100 eventos de memoria se puede leer en teclados alfanum\u00e9ricos con hora y fecha o mediante el software COMPASS 2.0.<\/li>\n<li style='margin-bottom: 5px;'>Salida de sirena de 2 A.<\/li>\n<li style='margin-bottom: 5px;'>2 salidas de voltaje programables.<\/li>\n<li style='margin-bottom: 5px;'>Detecci\u00f3n de corte de l\u00ednea telef\u00f3nica.<\/li>\n<li style='margin-bottom: 5px;'>Corriente auxiliar de 600 mA.<\/li>\n<li style='margin-bottom: 5px;'>Entrada de alimentaci\u00f3n de 16 Vca.<\/li>\n<\/ul><\/div>\n<div style='flex: 1 1 300px; min-width: 280px;'>\n<h3 style='font-size: 22px; border-bottom: 2px solid currentColor; padding-bottom: 5px; margin-top: 0; color: inherit; opacity: 0.8;'>Zonas<\/h3>\n<ul style='padding-left: 20px; font-size: 15px; color: inherit;'>\n<li style='margin-bottom: 5px;'>8 zonas programables&comma; configurables con o sin resistencia de fin de l\u00ednea.<\/li>\n<li style='margin-bottom: 5px;'>La zona 1 soporta detectores de humo de 2 hilos.<\/li>\n<li style='margin-bottom: 5px;'>Capacidad de duplicaci\u00f3n de zonas.<\/li>\n<li style='margin-bottom: 5px;'>Soporta 40 zonas inal\u00e1mbricas agregando un receptor de la serie 5800 de HONEYWELL.<\/li>\n<li style='margin-bottom: 5px;'>24 tipos de zonas configurables.<\/li>\n<li style='margin-bottom: 5px;'>16 zonas inal\u00e1mbricas adicionales para controles.<\/li>\n<li style='margin-bottom: 5px;'>Supervisi\u00f3n 100 % del sistema.<\/li>\n<\/ul><\/div>\n<div style='flex: 1 1 300px; min-width: 280px;'>\n<h3 style='font-size: 22px; border-bottom: 2px solid currentColor; padding-bottom: 5px; margin-top: 0; color: inherit; opacity: 0.8;'>Usuarios<\/h3>\n<ul style='padding-left: 20px; font-size: 15px; color: inherit;'>\n<li style='margin-bottom: 5px;'>48 c\u00f3digos de usuario.<\/li>\n<li style='margin-bottom: 5px;'>6 niveles de autoridad.<\/li>\n<li style='margin-bottom: 5px;'>Sistema de armado r\u00e1pido.<\/li>\n<li style='margin-bottom: 5px;'>5 niveles de armado Total&comma; Parcial&comma; Parcial Noche&comma; Instant\u00e1neo y Mixto.<\/li>\n<\/ul><\/div>\n<div style='flex: 1 1 300px; min-width: 280px;'>\n<h3 style='font-size: 22px; border-bottom: 2px solid currentColor; padding-bottom: 5px; margin-top: 0; color: inherit; opacity: 0.8;'>Comunicaci\u00f3n<\/h3>\n<ul style='padding-left: 20px; font-size: 15px; color: inherit;'>\n<li style='margin-bottom: 5px;'>Doble comunicador interconstruido para comunicaci\u00f3n con la central de monitoreo.<\/li>\n<li style='margin-bottom: 5px;'>Compatible con centrales de monitoreo telef\u00f3nicas.<\/li>\n<li style='margin-bottom: 5px;'>Compatible con la central IP AlarmNet (pregunte a su ejecutivo de ventas para monitoreo IP).<\/li>\n<li style='margin-bottom: 5px;'>Soporta los formatos de comunicaci\u00f3n 4+2 y Contac ID.<\/li>\n<\/ul><\/div>\n<div style='flex: 1 1 300px; min-width: 280px;'>\n<h3 style='font-size: 22px; border-bottom: 2px solid currentColor; padding-bottom: 5px; margin-top: 0; color: inherit; opacity: 0.8;'>Panel de Alarma TCP\/IP Total Connect<\/h3>\n<ul style='padding-left: 20px; font-size: 15px; color: inherit;'>\n<li style='margin-bottom: 5px;'>Programaci\u00f3n por teclado alfanum\u00e9rico o software Downloading por tel\u00e9fono o IP con compatibilidad de AlarmNet.<\/li>\n<li style='margin-bottom: 5px;'>2 particiones.<\/li>\n<li style='margin-bottom: 5px;'>100 eventos en memoria se puede leer en teclados alfanum\u00e9ricos con hora y fecha o mediante el software COMPASS 2.0.<\/li>\n<li style='margin-bottom: 5px;'>8 zonas programables&comma; configurables con o sin resistencia de fin de l\u00ednea.<\/li>\n<li style='margin-bottom: 5px;'>Soporta 40 zonas inal\u00e1mbricas agregando un receptor 5800 de HONEYWELL.<\/li>\n<li style='margin-bottom: 5px;'>48 C\u00f3digos de usuario.<\/li>\n<li style='margin-bottom: 5px;'>Compatible con centrales de monitoreo telef\u00f3nicas.<\/li>\n<\/ul><\/div>\n<\/p><\/div>\n<p> <!-- Secci\u00f3n de compatibilidad --> <\/p>\n<div style='margin-bottom: 30px; font-size: 15px;'>\n<h3 style='font-size: 22px; border-bottom: 2px solid currentColor; padding-bottom: 5px; margin-top: 0; color: inherit; opacity: 0.8;'>Compatible con:<\/h3>\n<p>Central Receptora de alarmas IP HONEYWELL 7810IR-ENT.<\/p>\n<\/p><\/div>\n<p> <!-- Secci\u00f3n de descripci\u00f3n adicional --> <\/p>\n<div style='margin-bottom: 30px; font-size: 15px;'>\n<p>La central 7810iRENT de HONEYWELL es una soluci\u00f3n perfecta para las aplicaciones de monitoreo IP.<\/p>\n<p>Al adquirir el servicio de AlarmNet360 ALRNTCPIP anual o ALRNIP mensual&comma; en automatico recibe gratis la aplicacion de Total Connect Basico para armar&comma; desarmar&comma; recibir notificaciones&comma; checar el estatus de la alarma y poder anular zonas en cada armado si es necesario. La central de monitoreo tambien tendra la ventaja de poder configurar remotamente el panel de alarma por medio del Software Compass de una forma muy segura y minimizando gastos de operacion&comma; el Software Compass tambien tiene la posibilidad de cancelar el servicio de monitoreo de forma remota para clientes morosos.<\/p>\n<\/p><\/div>\n<p> <!-- Secci\u00f3n de kit incluye --> <\/p>\n<div style='margin-bottom: 30px; font-size: 15px;'>\n<h3 style='font-size: 22px; border-bottom: 2px solid currentColor; padding-bottom: 5px; margin-top: 0; color: inherit; opacity: 0.8;'>Kit incluye<\/h3>\n<ul style='padding-left: 20px; color: inherit;'>\n<li style='margin-bottom: 5px;'>Panel de alarma VISTA21IP de 48 zonas con comunicador IP integrado con teclado alfanum\u00e9rico con receptor inalambrico 6162RF y gabinete VISTA48\/6162RF<\/li>\n<li style='margin-bottom: 5px;'>Transformador de 16.5 VCA \/ 40VA<\/li>\n<li style='margin-bottom: 5px;'>Sensor Inalambrico de movimiento 5800PIR<\/li>\n<li style='margin-bottom: 5px;'>3 Contactos Magneticos Inalambrico 5816<\/li>\n<li style='margin-bottom: 5px;'>3 Imanes 5899\/1<\/li>\n<li style='margin-bottom: 5px;'>1 Llavero Inalambrico 58344<\/li>\n<li style='margin-bottom: 5px;'>1 Bateria de respaldo 12 V 4Ah PL4.512<\/li>\n<\/ul><\/div>\n<p> <!-- Nota --> <\/p>\n<div style='margin-bottom: 30px; font-size: 15px;'>\n<p><strong>*.<\/strong><\/p>\n<\/p><\/div>\n<\/p><\/div>\n","protected":false},"excerpt":{"rendered":"<p>Sistema de Alarma con Comunicador IP Intercontruido en Kit Inalambrico<\/p>\n","protected":false},"featured_media":8014,"comment_status":"open","ping_status":"closed","template":"","meta":[],"product_brand":[],"product_cat":[206],"product_tag":[207,45,180],"class_list":{"0":"post-8015","1":"product","2":"type-product","3":"status-publish","4":"has-post-thumbnail","6":"product_cat-comunicadores","7":"product_tag-comunicadores","8":"product_tag-honeywell-home-resideo","9":"product_tag-total-connect-honeywell","11":"first","12":"outofstock","13":"sale","14":"shipping-taxable","15":"purchasable","16":"product-type-simple"},"_links":{"self":[{"href":"https:\/\/soydeaqui.ddns.net\/pachuca\/index.php\/wp-json\/wp\/v2\/product\/8015","targetHints":{"allow":["GET"]}}],"collection":[{"href":"https:\/\/soydeaqui.ddns.net\/pachuca\/index.php\/wp-json\/wp\/v2\/product"}],"about":[{"href":"https:\/\/soydeaqui.ddns.net\/pachuca\/index.php\/wp-json\/wp\/v2\/types\/product"}],"replies":[{"embeddable":true,"href":"https:\/\/soydeaqui.ddns.net\/pachuca\/index.php\/wp-json\/wp\/v2\/comments?post=8015"}],"wp:featuredmedia":[{"embeddable":true,"href":"https:\/\/soydeaqui.ddns.net\/pachuca\/index.php\/wp-json\/wp\/v2\/media\/8014"}],"wp:attachment":[{"href":"https:\/\/soydeaqui.ddns.net\/pachuca\/index.php\/wp-json\/wp\/v2\/media?parent=8015"}],"wp:term":[{"taxonomy":"product_brand","embeddable":true,"href":"https:\/\/soydeaqui.ddns.net\/pachuca\/index.php\/wp-json\/wp\/v2\/product_brand?post=8015"},{"taxonomy":"product_cat","embeddable":true,"href":"https:\/\/soydeaqui.ddns.net\/pachuca\/index.php\/wp-json\/wp\/v2\/product_cat?post=8015"},{"taxonomy":"product_tag","embeddable":true,"href":"https:\/\/soydeaqui.ddns.net\/pachuca\/index.php\/wp-json\/wp\/v2\/product_tag?post=8015"}],"curies":[{"name":"wp","href":"https:\/\/api.w.org\/{rel}","templated":true}]}}