{"id":80112,"date":"2026-03-19T17:50:56","date_gmt":"2026-03-19T17:50:56","guid":{"rendered":"https:\/\/soydeaqui.ddns.net\/pachuca\/index.php\/producto\/punto-de-acceso-wi-fi-6-2-975-gbps-mu-mimo-2x22-2-4ghz-y-5ghz-smart-antenna-20-mas-cobertura-instalacion-en-techo-y-pared-seguridad-wp3-con-administracion-gratuita-desde-la-nube\/"},"modified":"2026-03-19T17:51:07","modified_gmt":"2026-03-19T17:51:07","slug":"punto-de-acceso-wi-fi-6-2-975-gbps-mu-mimo-2x22-2-4ghz-y-5ghz-smart-antenna-20-mas-cobertura-instalacion-en-techo-y-pared-seguridad-wp3-con-administracion-gratuita-desde-la-nube","status":"publish","type":"product","link":"https:\/\/soydeaqui.ddns.net\/pachuca\/index.php\/producto\/punto-de-acceso-wi-fi-6-2-975-gbps-mu-mimo-2x22-2-4ghz-y-5ghz-smart-antenna-20-mas-cobertura-instalacion-en-techo-y-pared-seguridad-wp3-con-administracion-gratuita-desde-la-nube\/","title":{"rendered":"Punto de Acceso Wi-Fi 6 \/  2.975 Gbps \/ MU-MIMO 2&#215;2:2 (2.4GHz y 5GHz) \/ Smart Antenna 20% m\u00e1s cobertura \/ Instalaci\u00f3n en techo y pared \/ Seguridad WP3 \/ Con Administraci\u00f3n Gratuita desde la Nube"},"content":{"rendered":"<div style='width: 100%; max-width: 1200px; margin: 0 auto; font-family: sans-serif; line-height: 1.6; color: inherit; background-color: transparent;'> <!-- Imagen principal --> <\/p>\n<div style='width: 100%; margin-bottom: 30px;'> <img style='width: 100%; height: auto; border: 1px solid rgba(150&comma;150&comma;150&comma;0.3); border-radius: 8px;' src='https:\/\/ftp3.syscom.mx\/usuarios\/fotos\/AP362\/223796-captura_de_pantalla_2023-12-06_a_la(s)_15.46.50.png' alt='Huawei eKitEngine AP362'> <\/div>\n<p> <!-- Descripci\u00f3n principal --> <\/p>\n<div style='margin-bottom: 30px; font-size: 15px;'> <span style='color: #ed0000; font-size: 14pt;'>Huawei eKitEngine AP362<\/span> es un punto de acceso (AP) de techo <span style='color: #ed0000; font-size: 14pt;'>Wi-Fi 6<\/span> (802.11ax). Puede proporcionar servicios simult\u00e1neamente en bandas de frecuencia de 2&comma;4 GHz (2&#215;2 MIMO) y 5 GHz (2&#215;2 MIMO)&comma; logrando una velocidad de dispositivo de hasta 2&comma;975 Gbps. <\/div>\n<p> <!-- Secci\u00f3n de cards --> <\/p>\n<div style='display: flex; flex-wrap: wrap; gap: 20px; margin-bottom: 30px;'> <!-- Caracter\u00edsticas Generales --> <\/p>\n<div style='flex: 1 1 300px; min-width: 280px;'>\n<div style='width: 100%; border: 1px solid rgba(150&comma;150&comma;150&comma;0.4); border-radius: 8px; overflow: hidden; display: flex; flex-direction: column;'> <img style='width: 100%; height: auto; border: 1px solid rgba(150&comma;150&comma;150&comma;0.3); border-radius: 0;' src='https:\/\/ftp3.syscom.mx\/usuarios\/fotos\/AP362\/223796-captura_de_pantalla_2023-12-06_a_la(s)_16.09.01.png' alt='Caracter\u00edsticas Generales'> <\/p>\n<div style='padding: 15px; border-bottom: 1px solid rgba(150&comma;150&comma;150&comma;0.2); font-weight: bold; font-size: 18px; color: inherit;'>Caracter\u00edsticas Generales<\/div>\n<div style='padding: 15px; color: inherit;'>\n<ul style='padding-left: 20px; margin: 0; font-size: 14px; list-style-type: disc;'>\n<li style='margin-bottom: 5px;'>Administraci\u00f3n v\u00eda Navegador web (Stand Alone)&comma; App eKit o Nube eKit<\/li>\n<li style='margin-bottom: 5px;'>Soporta hasta 12 APs en modo controlador<\/li>\n<li style='margin-bottom: 5px;'>Velocidad: 2.975Gbps<\/li>\n<li style='margin-bottom: 5px;'>Doble banda 2.4Ghz (2&#215;2) y 5GHz (2&#215;2)<\/li>\n<li style='margin-bottom: 5px;'>1 Puerto Gigabit PoE In<\/li>\n<li style='margin-bottom: 5px;'>Ganancia de antenas: 2.4 GHz: 4 dBi 5 GHz: 4 dBi<\/li>\n<li style='margin-bottom: 5px;'>Instalaci\u00f3n en techo<\/li>\n<li style='margin-bottom: 5px;'>Para APP m\u00f3vil:<\/li>\n<li style='margin-bottom: 5px; text-align: center;'> <img style='width: auto; max-width: 250px; height: auto; border: 1px solid rgba(150&comma;150&comma;150&comma;0.3); border-radius: 8px;' src='https:\/\/ftp3.syscom.mx\/usuarios\/fotos\/AP361\/223794-ekitqr.png' alt='APP M\u00f3vil'> <\/li>\n<\/ul><\/div>\n<\/p><\/div>\n<\/p><\/div>\n<p> <!-- Especificaciones Inal\u00e1mbricas --> <\/p>\n<div style='flex: 1 1 300px; min-width: 280px;'>\n<div style='width: 100%; border: 1px solid rgba(150&comma;150&comma;150&comma;0.4); border-radius: 8px; overflow: hidden; display: flex; flex-direction: column;'> <img style='width: 100%; height: auto; border: 1px solid rgba(150&comma;150&comma;150&comma;0.3); border-radius: 0;' src='https:\/\/ftp3.syscom.mx\/usuarios\/fotos\/AP362\/223796-captura_de_pantalla_2023-12-06_a_la(s)_16.12.09.png' alt='Especificaciones Inal\u00e1mbricas'> <\/p>\n<div style='padding: 15px; border-bottom: 1px solid rgba(150&comma;150&comma;150&comma;0.2); font-weight: bold; font-size: 18px; color: inherit;'>Especificaciones Inal\u00e1mbricas<\/div>\n<div style='padding: 15px; color: inherit;'>\n<ul style='padding-left: 20px; margin: 0; font-size: 14px; list-style-type: disc;'>\n<li style='margin-bottom: 5px;'>Soporta hasta 256 clientes<\/li>\n<li style='margin-bottom: 5px;'>Clientes recomendados 80<\/li>\n<li style='margin-bottom: 5px;'>Soporta hasta 32 SSIDs<\/li>\n<li style='margin-bottom: 5px;'>Velocidad: 2.975Gbps<\/li>\n<li style='margin-bottom: 5px;'>Doble banda 2.4Ghz (575Mbps) y 5GHz (2.4Gbps)<\/li>\n<li style='margin-bottom: 5px;'>Soporta hasta 12 APs en modo Fit (Controlador)<\/li>\n<li style='margin-bottom: 5px;'>Funcionalidad de antena inteligente&comma; aumenta el rango en un 20%<\/li>\n<li style='margin-bottom: 5px;'>Ganancia de antenas: 2.4 GHz: 4 dBi 5 GHz: 4 dBi<\/li>\n<\/ul><\/div>\n<\/p><\/div>\n<\/p><\/div>\n<p> <!-- Especificaciones Electricas y Fisicas --> <\/p>\n<div style='flex: 1 1 300px; min-width: 280px;'>\n<div style='width: 100%; border: 1px solid rgba(150&comma;150&comma;150&comma;0.4); border-radius: 8px; overflow: hidden; display: flex; flex-direction: column;'>\n<div style='position: relative; padding-bottom: 56.25%; height: 0; overflow: hidden; margin-bottom: 15px;'>   <\/div>\n<div style='padding: 15px; border-bottom: 1px solid rgba(150&comma;150&comma;150&comma;0.2); font-weight: bold; font-size: 18px; color: inherit;'>Especificaciones Electricas y Fisicas<\/div>\n<div style='padding: 15px; color: inherit;'>\n<ul style='padding-left: 20px; margin: 0; font-size: 14px; list-style-type: disc;'>\n<li style='margin-bottom: 5px;'>Dimensiones (Diametro y altura) \u03a6180 mm x 35 mm<\/li>\n<li style='margin-bottom: 5px;'>Peso: 0.51 kg<\/li>\n<li style='margin-bottom: 5px;'>Alimentaci\u00f3n el\u00e9ctrica: 12Vcd y PoE af<\/li>\n<li style='margin-bottom: 5px;'>M\u00e1ximo consumo el\u00e9ctrico 11.2W<\/li>\n<li style='margin-bottom: 5px;'>Temperatura de operaci\u00f3n: -10\u00b0C a +50\u00b0C<\/li>\n<li style='margin-bottom: 5px; font-weight: bold;'>Contenido del Paquete<\/li>\n<li style='margin-bottom: 5px;'>1 AP362<\/li>\n<li style='margin-bottom: 5px;'>Montaje y Tornilleria<\/li>\n<li style='margin-bottom: 5px;'>Manual de Instalaci\u00f3n<\/li>\n<li style='margin-bottom: 5px;'>No incluye inyector PoE&comma; agregar por separado modelo: <a href='https:\/\/www.syscom.mx\/products\/228206' style='color: inherit; text-decoration: underline;'>AD-560062T0E<\/a><\/li>\n<\/ul><\/div>\n<\/p><\/div>\n<\/p><\/div>\n<\/p><\/div>\n<p> <!-- Smart Antenna --> <\/p>\n<div style='margin-bottom: 30px; font-size: 15px;'>\n<h2 style='font-size: 22px; border-bottom: 2px solid currentColor; padding-bottom: 5px; margin-top: 0; color: inherit; opacity: 0.8;'>Smart Antenna que garantizan la experiencia de conexi\u00f3n a la red de cada cliente<\/h2>\n<p style='text-align: justify;'>Antenas inteligentes basadas en la tecnolog\u00eda phased array&comma; que garantizan una cobertura &#8216;tipo reflector&#8217; en 100.000 direcciones. El algoritmo de antena inteligente puede determinar la ubicaci\u00f3n de un STA(cliente) bas\u00e1ndose en las se\u00f1ales recibidas&comma; y controlar la CPU para enviar se\u00f1ales de control al STA (cliente) en un patr\u00f3n de radiaci\u00f3n con la direcci\u00f3n de m\u00e1xima radiaci\u00f3n. Esto permite un alcance de cobertura un 20% mayor y una pared m\u00e1s penetrada&comma; proporcionando siempre se\u00f1ales \u00f3ptimas para los usuarios en cualquier momento y lugar.<\/p>\n<\/p><\/div>\n<p> <!-- Videos de Smart Antenna --> <\/p>\n<div style='display: flex; flex-wrap: wrap; gap: 20px; margin-bottom: 30px;'>\n<div style='flex: 1 1 45%; min-width: 300px;'>\n<div style='position: relative; padding-bottom: 56.25%; height: 0; overflow: hidden;'>   <\/div>\n<\/p><\/div>\n<div style='flex: 1 1 45%; min-width: 300px;'>\n<div style='position: relative; padding-bottom: 56.25%; height: 0; overflow: hidden;'>   <\/div>\n<\/p><\/div>\n<\/p><\/div>\n<p> <!-- Gama completa de productos Wi-Fi --> <\/p>\n<div style='margin-bottom: 30px;'>\n<h2 style='font-size: 22px; border-bottom: 2px solid currentColor; padding-bottom: 5px; margin-top: 0; color: inherit; opacity: 0.8;'>Gama completa de productos Wi-Fi: Tecnolog\u00edas l\u00edderes para mejorar la experiencia de los usuarios<\/h2>\n<p> <img style='width: 100%; height: auto; border: 1px solid rgba(150&comma;150&comma;150&comma;0.3); border-radius: 8px;' src='https:\/\/ftp3.syscom.mx\/usuarios\/fotos\/AP361\/223794-captura_de_pantalla_2024-11-11_a_la(s)_21.35.59.png' alt='Gama completa de productos Wi-Fi'> <\/div>\n<p> <!-- Secci\u00f3n de beneficios --> <\/p>\n<div style='margin-bottom: 30px;'>\n<h2 style='font-size: 22px; border-bottom: 2px solid currentColor; padding-bottom: 5px; margin-top: 0; color: inherit; opacity: 0.8;'>Conozca a fondo los beneficios de los Puntos de Acceso Huawei<\/h2>\n<p> <!-- Beneficio 1 --> <\/p>\n<div style='margin-bottom: 20px;'>\n<h3 style='font-size: 18px; margin-top: 15px; margin-bottom: 10px; color: inherit;'>1.- Smart Antenna de doble banda l\u00edder en el sector&comma; con un alcance de cobertura de un 20% m\u00e1s<\/h3>\n<p> <img style='width: 100%; height: auto; border: 1px solid rgba(150&comma;150&comma;150&comma;0.3); border-radius: 8px;' src='https:\/\/ftp3.syscom.mx\/usuarios\/fotos\/AP361\/223794-captura_de_pantalla_2024-11-09_a_la(s)_14.13.31.png' alt='Smart Antenna'> <\/div>\n<p> <!-- Beneficio 2 --> <\/p>\n<div style='margin-bottom: 20px;'>\n<h3 style='font-size: 18px; margin-top: 15px; margin-bottom: 10px; color: inherit;'>2.- Smart Roaming&comma; Permite a los STA conectarse siempre al AP con la se\u00f1al m\u00e1s \u00f3ptima<\/h3>\n<p> <img style='width: 100%; height: auto; border: 1px solid rgba(150&comma;150&comma;150&comma;0.3); border-radius: 8px;' src='https:\/\/ftp3.syscom.mx\/usuarios\/fotos\/AP361\/223794-captura_de_pantalla_2024-11-11_a_la(s)_21.44.33.png' alt='Smart Roaming'> <\/div>\n<p> <!-- Beneficio 3 --> <\/p>\n<div style='margin-bottom: 20px;'>\n<h3 style='font-size: 18px; margin-top: 15px; margin-bottom: 10px; color: inherit;'>3.- Cifrado de seguridad inal\u00e1mbrica mejorada para los usuarios: Todos los APs soporta WPA3<\/h3>\n<p> <img style='width: 100%; height: auto; border: 1px solid rgba(150&comma;150&comma;150&comma;0.3); border-radius: 8px;' src='https:\/\/ftp3.syscom.mx\/usuarios\/fotos\/AP361\/223794-captura_de_pantalla_2024-11-11_a_la(s)_21.51.05.png' alt='Cifrado de seguridad'> <\/div>\n<p> <!-- Beneficio 4 --> <\/p>\n<div style='margin-bottom: 20px;'>\n<h3 style='font-size: 18px; margin-top: 15px; margin-bottom: 10px; color: inherit;'>4.- WLAN PLANNER: Dise\u00f1o de red Wi-Fi en solo 5 pasos<\/h3>\n<p> <img style='width: 100%; height: auto; border: 1px solid rgba(150&comma;150&comma;150&comma;0.3); border-radius: 8px;' src='https:\/\/ftp3.syscom.mx\/usuarios\/fotos\/AP361\/223794-captura_de_pantalla_2024-11-11_a_la(s)_21.55.01.png' alt='WLAN PLANNER'> <\/p>\n<p style='margin-top: 15px; margin-bottom: 0;'> <a href='https:\/\/sg.o3.huawei.com\/stmo3\/en\/tool\/tool-details-extranet-o3-sxz?id=GT202404020001&#038;orgin=shixizhi&#038;isIframe=true&#038;lang=en_US&#038;sxz-lang=en_US&#038;isLogin=1&#038;isNewO3=1&#038;schoolId=1671458793513144321' target='_blank' rel='noopener' style='color: inherit; text-decoration: underline;'> <strong>Clic para entrar a la plataforma de dise\u00f1o WLAN PLANNER&comma; totalmente gratuita.<\/strong> <\/a> <\/p>\n<\/p><\/div>\n<p> <!-- Beneficio 5 --> <\/p>\n<div style='margin-bottom: 20px;'>\n<h3 style='font-size: 18px; margin-top: 15px; margin-bottom: 10px; color: inherit;'>5.- Montaje &#8216;Universal&#8217;: Instalaci\u00f3n Inteligente&comma; r\u00e1pida y estable<\/h3>\n<p> <img style='width: 100%; height: auto; border: 1px solid rgba(150&comma;150&comma;150&comma;0.3); border-radius: 8px;' src='https:\/\/ftp3.syscom.mx\/usuarios\/fotos\/AP361\/223794-captura_de_pantalla_2024-11-11_a_la(s)_22.04.39.png' alt='Montaje Universal'> <\/div>\n<p> <!-- Beneficio 6 --> <\/p>\n<div style='margin-bottom: 20px;'>\n<h3 style='font-size: 18px; margin-top: 15px; margin-bottom: 10px; color: inherit;'>6.- Plataforma de Administraci\u00f3n en nube totalmente gratuita Huawei eKit<\/h3>\n<p> <img style='width: 100%; height: auto; border: 1px solid rgba(150&comma;150&comma;150&comma;0.3); border-radius: 8px;' src='https:\/\/ftp3.syscom.mx\/usuarios\/fotos\/AP361\/223794-captura_de_pantalla_2024-11-11_a_la(s)_22.07.56.png' alt='Administraci\u00f3n en nube Huawei eKit'> <\/p>\n<p style='margin-top: 15px; margin-bottom: 0;'> <a href='https:\/\/ekit.huawei.com\/#\/serve\/projectMaintainance?countryCode=MX&#038;lang=en' target='_blank' rel='noopener' style='color: inherit; text-decoration: underline;'> <strong>Clic para ingresar y hacer su cuenta y administraci\u00f3n gr\u00e1tis.<\/strong> <\/a> <\/p>\n<\/p><\/div>\n<p> <!-- Comparativo --> <\/p>\n<div style='margin-bottom: 20px;'>\n<h3 style='font-size: 18px; margin-top: 15px; margin-bottom: 10px; color: inherit;'>7.- Comparativo entre Puntos de Acceso Huawei eKit<\/h3>\n<p> <img style='width: 100%; height: auto; border: 1px solid rgba(150&comma;150&comma;150&comma;0.3); border-radius: 8px;' src='https:\/\/ftp3.syscom.mx\/usuarios\/fotos\/AP361\/223794-captura_de_pantalla_2024-11-11_a_la(s)_22.20.28.png' alt='Comparativo Puntos de Acceso'> <\/p>\n<p style='margin-top: 15px; margin-bottom: 10px; font-weight: bold;'>Puntos de Acceso:<\/p>\n<ul style='padding-left: 20px; margin: 0; font-size: 14px; list-style-type: disc;'>\n<li style='margin-bottom: 5px;'> <a href='https:\/\/www.syscom.mx\/principal\/searchcont?route=AP362-HUAWEI-eKIT-223796&#038;autodetect=ekit' style='color: #ed0000; text-decoration: none;'>AP362<\/a> <\/li>\n<li style='margin-bottom: 5px;'> <a href='https:\/\/www.syscom.mx\/principal\/searchcont?route=AP263-HUAWEI-eKIT-223858&#038;autodetect=ekit' style='color: #ed0000; text-decoration: none;'>AP263<\/a> <\/li>\n<li style='margin-bottom: 5px;'> <a href='https:\/\/www.syscom.mx\/producto\/AP661-HUAWEI-229173.html' target='_blank' rel='noopener' style='color: #ed0000; text-decoration: none;'>AP661<\/a> <\/li>\n<li style='margin-bottom: 5px;'> <a href='https:\/\/www.syscom.mx\/producto\/AP761-HUAWEI-229174.html' target='_blank' rel='noopener' style='color: #ed0000; text-decoration: none;'>AP761<\/a> <\/li>\n<li style='margin-bottom: 5px;'> <a href='https:\/\/www.syscom.mx\/producto\/AP371-HUAWEI-231653.html' target='_blank' rel='noopener' style='color: #ed0000; text-decoration: none;'>AP371<\/a> <\/li>\n<\/ul><\/div>\n<\/p><\/div>\n<\/p><\/div>\n","protected":false},"excerpt":{"rendered":"<p>Punto de Acceso Wi-Fi 6 \/  2.975 Gbps \/ MU-MIMO 2&#215;2:2 (2.4GHz y 5GHz) \/ Smart Antenna 20% m\u00e1s cobertura \/ Instalaci\u00f3n en techo y pared \/ Seguridad WP3 \/ Con Administraci\u00f3n Gratuita desde la Nube<\/p>\n","protected":false},"featured_media":80111,"comment_status":"open","ping_status":"closed","template":"","meta":[],"product_brand":[],"product_cat":[1794],"product_tag":[718,1795,1479],"class_list":{"0":"post-80112","1":"product","2":"type-product","3":"status-publish","4":"has-post-thumbnail","6":"product_cat-puntos-de-acceso","7":"product_tag-huawei","8":"product_tag-puntos-de-acceso","9":"product_tag-redes-wifi","11":"first","12":"instock","13":"sale","14":"shipping-taxable","15":"purchasable","16":"product-type-simple"},"_links":{"self":[{"href":"https:\/\/soydeaqui.ddns.net\/pachuca\/index.php\/wp-json\/wp\/v2\/product\/80112","targetHints":{"allow":["GET"]}}],"collection":[{"href":"https:\/\/soydeaqui.ddns.net\/pachuca\/index.php\/wp-json\/wp\/v2\/product"}],"about":[{"href":"https:\/\/soydeaqui.ddns.net\/pachuca\/index.php\/wp-json\/wp\/v2\/types\/product"}],"replies":[{"embeddable":true,"href":"https:\/\/soydeaqui.ddns.net\/pachuca\/index.php\/wp-json\/wp\/v2\/comments?post=80112"}],"wp:featuredmedia":[{"embeddable":true,"href":"https:\/\/soydeaqui.ddns.net\/pachuca\/index.php\/wp-json\/wp\/v2\/media\/80111"}],"wp:attachment":[{"href":"https:\/\/soydeaqui.ddns.net\/pachuca\/index.php\/wp-json\/wp\/v2\/media?parent=80112"}],"wp:term":[{"taxonomy":"product_brand","embeddable":true,"href":"https:\/\/soydeaqui.ddns.net\/pachuca\/index.php\/wp-json\/wp\/v2\/product_brand?post=80112"},{"taxonomy":"product_cat","embeddable":true,"href":"https:\/\/soydeaqui.ddns.net\/pachuca\/index.php\/wp-json\/wp\/v2\/product_cat?post=80112"},{"taxonomy":"product_tag","embeddable":true,"href":"https:\/\/soydeaqui.ddns.net\/pachuca\/index.php\/wp-json\/wp\/v2\/product_tag?post=80112"}],"curies":[{"name":"wp","href":"https:\/\/api.w.org\/{rel}","templated":true}]}}